{"id":18139,"date":"2020-10-26T21:04:06","date_gmt":"2022-04-28T16:43:31","guid":{"rendered":"https:\/\/yvesfouquet.com\/commode-mandala-cm125\/"},"modified":"2022-04-28T19:43:31","modified_gmt":"2022-04-28T16:43:31","slug":"komod-mandala-cm125-2","status":"publish","type":"product","link":"https:\/\/yvesfouquet.com\/fr\/produit\/komod-mandala-cm125-2\/","title":{"rendered":"Commode Mandala CM125"},"content":{"rendered":"<p>Des looks lumineux et insolites \u00e0 l\u2019int\u00e9rieur de la commode en bois Mandala &#8211; r\u00e9alis\u00e9 dans le style ancien \u0153uvre exclusive de l\u2019auteur des ma\u00eetres de l\u2019usine de meubles Yves Fouquet. Le mod\u00e8le original ressemble vraiment \u00e0 des figures bouddhistes traditionnelles, mais dans l\u2019ex\u00e9cution, il repr\u00e9sente leur version europ\u00e9enne.<\/p>\n<p>La commode en bois naturel est \u00e9quip\u00e9e de quatre tiroirs. Ils ont une forme carr\u00e9e et divisent la fa\u00e7ade en quatre parties. Le point culminant principal du produit est appliqu\u00e9 aux tiroirs avec de magnifiques sculptures faites \u00e0 la main. Comme un vrai mandala, le motif converge au centre, combinant des bo\u00eetes ferm\u00e9es en un motif sym\u00e9trique luxueux.<\/p>\n<p>Mont\u00e9e sur des pieds ronds de couleur argent\u00e9e, la commode a fi\u00e8re allure. En le regardant, vous ne r\u00e9alisez pas imm\u00e9diatement que devant vous n\u2019est pas un panneau rare sculpt\u00e9 dans le bois, mais un meuble unique dans le style ancien.<\/p>\n<p>Commode design exclusive Mandala est un excellent choix pour ceux qui cherchent \u00e0 cr\u00e9er un int\u00e9rieur atmosph\u00e9rique avec sa propre saveur sp\u00e9ciale. Sculpture sur bois en filigrane, design exclusif, technologies d\u2019assemblage traditionnelles et effets de vieillissement habilement appliqu\u00e9s &#8211; nos ma\u00eetres transforment les meubles de maison habituels en une \u0153uvre d\u2019art unique.<\/p>\n","protected":false},"excerpt":{"rendered":"<p><strong>Dimensions:<\/strong> L1400 x H1550 x P500<\/p>\n<p><strong> 4 tiroirs r\u00e9tractables<\/strong><\/p>\n","protected":false},"featured_media":16308,"template":"","meta":[],"product_cat":[158],"product_tag":[],"yoast_head":"<!-- This site is optimized with the Yoast SEO Premium plugin v20.7 (Yoast SEO v20.8) - https:\/\/yoast.com\/wordpress\/plugins\/seo\/ -->\n<title>Commode int\u00e9rieure en bois naturel sur commande - Yves Fouquet<\/title>\n<meta name=\"description\" content=\"Meubles en bois exclusifs faits \u00e0 la main pour la maison. Commode \u00e0 quatre tiroirs avec un magnifique d\u00e9cor sculpt\u00e9 en forme de Mandala. Production en Ukraine - usine de meubles Yves Fouquet\" \/>\n<meta name=\"robots\" content=\"index, follow, max-snippet:-1, max-image-preview:large, max-video-preview:-1\" \/>\n<link rel=\"canonical\" href=\"https:\/\/yvesfouquet.com\/fr\/produit\/komod-mandala-cm125-2\/\" \/>\n<meta property=\"og:locale\" content=\"fr_FR\" \/>\n<meta property=\"og:type\" content=\"article\" \/>\n<meta property=\"og:title\" content=\"Commode Mandala CM125\" \/>\n<meta property=\"og:description\" content=\"Meubles en bois exclusifs faits \u00e0 la main pour la maison. Commode \u00e0 quatre tiroirs avec un magnifique d\u00e9cor sculpt\u00e9 en forme de Mandala. Production en Ukraine - usine de meubles Yves Fouquet\" \/>\n<meta property=\"og:url\" content=\"https:\/\/yvesfouquet.com\/fr\/produit\/komod-mandala-cm125-2\/\" \/>\n<meta property=\"og:site_name\" content=\"Yves Fouquet\" \/>\n<meta property=\"article:publisher\" content=\"https:\/\/www.facebook.com\/boutiueyvesfouquet\" \/>\n<meta property=\"og:image\" content=\"https:\/\/yvesfouquet.com\/wp-content\/uploads\/2020\/10\/15-1.png\" \/>\n\t<meta property=\"og:image:width\" content=\"1080\" \/>\n\t<meta property=\"og:image:height\" content=\"1080\" \/>\n\t<meta property=\"og:image:type\" content=\"image\/png\" \/>\n<meta name=\"twitter:card\" content=\"summary_large_image\" \/>\n<meta name=\"twitter:label1\" content=\"Prix\" \/>\n\t<meta name=\"twitter:data1\" content=\"\" \/>\n\t<meta name=\"twitter:label2\" content=\"Disponibilit\u00e9\" \/>\n\t<meta name=\"twitter:data2\" content=\"En stock\" \/>\n<script type=\"application\/ld+json\" class=\"yoast-schema-graph\">{\"@context\":\"https:\/\/schema.org\",\"@graph\":[{\"@type\":[\"WebPage\",\"ItemPage\"],\"@id\":\"https:\/\/yvesfouquet.com\/fr\/produit\/komod-mandala-cm125-2\/\",\"url\":\"https:\/\/yvesfouquet.com\/fr\/produit\/komod-mandala-cm125-2\/\",\"name\":\"Commode int\u00e9rieure en bois naturel sur commande - Yves Fouquet\",\"isPartOf\":{\"@id\":\"https:\/\/yvesfouquet.com\/#website\"},\"datePublished\":\"2022-04-28T16:43:31+00:00\",\"dateModified\":\"2022-04-28T16:43:31+00:00\",\"description\":\"Meubles en bois exclusifs faits \u00e0 la main pour la maison. Commode \u00e0 quatre tiroirs avec un magnifique d\u00e9cor sculpt\u00e9 en forme de Mandala. Production en Ukraine - usine de meubles Yves Fouquet\",\"breadcrumb\":{\"@id\":\"https:\/\/yvesfouquet.com\/fr\/produit\/komod-mandala-cm125-2\/#breadcrumb\"},\"inLanguage\":\"fr-FR\",\"potentialAction\":[{\"@type\":\"ReadAction\",\"target\":[\"https:\/\/yvesfouquet.com\/fr\/produit\/komod-mandala-cm125-2\/\"]}]},{\"@type\":\"BreadcrumbList\",\"@id\":\"https:\/\/yvesfouquet.com\/fr\/produit\/komod-mandala-cm125-2\/#breadcrumb\",\"itemListElement\":[{\"@type\":\"ListItem\",\"position\":1,\"name\":\"\u0413\u043b\u0430\u0432\u043d\u0430\u044f\",\"item\":\"https:\/\/yvesfouquet.com\/fr\/\"},{\"@type\":\"ListItem\",\"position\":2,\"name\":\"Collections\",\"item\":\"https:\/\/yvesfouquet.com\/fr\/collections\/\"},{\"@type\":\"ListItem\",\"position\":3,\"name\":\"Commode Mandala CM125\"}]},{\"@type\":\"WebSite\",\"@id\":\"https:\/\/yvesfouquet.com\/#website\",\"url\":\"https:\/\/yvesfouquet.com\/\",\"name\":\"Yves Fouquet\",\"description\":\"\u0424\u0440\u0430\u043d\u0446\u0443\u0437\u0441\u043a\u0430\u044f \u043c\u0435\u0431\u0435\u043b\u044c\",\"potentialAction\":[{\"@type\":\"SearchAction\",\"target\":{\"@type\":\"EntryPoint\",\"urlTemplate\":\"https:\/\/yvesfouquet.com\/?s={search_term_string}\"},\"query-input\":\"required name=search_term_string\"}],\"inLanguage\":\"fr-FR\"}]}<\/script>\n<meta property=\"product:price:amount\" content=\"0\" \/>\n<meta property=\"product:price:currency\" content=\"EUR\" \/>\n<meta property=\"og:availability\" content=\"instock\" \/>\n<meta property=\"product:availability\" content=\"instock\" \/>\n<meta property=\"product:retailer_item_id\" content=\"CM125\" \/>\n<meta property=\"product:condition\" content=\"new\" \/>\n<!-- \/ Yoast SEO Premium plugin. -->","yoast_head_json":{"title":"Commode int\u00e9rieure en bois naturel sur commande - Yves Fouquet","description":"Meubles en bois exclusifs faits \u00e0 la main pour la maison. Commode \u00e0 quatre tiroirs avec un magnifique d\u00e9cor sculpt\u00e9 en forme de Mandala. Production en Ukraine - usine de meubles Yves Fouquet","robots":{"index":"index","follow":"follow","max-snippet":"max-snippet:-1","max-image-preview":"max-image-preview:large","max-video-preview":"max-video-preview:-1"},"canonical":"https:\/\/yvesfouquet.com\/fr\/produit\/komod-mandala-cm125-2\/","og_locale":"fr_FR","og_type":"article","og_title":"Commode Mandala CM125","og_description":"Meubles en bois exclusifs faits \u00e0 la main pour la maison. Commode \u00e0 quatre tiroirs avec un magnifique d\u00e9cor sculpt\u00e9 en forme de Mandala. Production en Ukraine - usine de meubles Yves Fouquet","og_url":"https:\/\/yvesfouquet.com\/fr\/produit\/komod-mandala-cm125-2\/","og_site_name":"Yves Fouquet","article_publisher":"https:\/\/www.facebook.com\/boutiueyvesfouquet","og_image":[{"width":1080,"height":1080,"url":"https:\/\/yvesfouquet.com\/wp-content\/uploads\/2020\/10\/15-1.png","type":"image\/png"}],"twitter_card":"summary_large_image","twitter_misc":{"Prix":"","Disponibilit\u00e9":"En stock"},"schema":{"@context":"https:\/\/schema.org","@graph":[{"@type":["WebPage","ItemPage"],"@id":"https:\/\/yvesfouquet.com\/fr\/produit\/komod-mandala-cm125-2\/","url":"https:\/\/yvesfouquet.com\/fr\/produit\/komod-mandala-cm125-2\/","name":"Commode int\u00e9rieure en bois naturel sur commande - Yves Fouquet","isPartOf":{"@id":"https:\/\/yvesfouquet.com\/#website"},"datePublished":"2022-04-28T16:43:31+00:00","dateModified":"2022-04-28T16:43:31+00:00","description":"Meubles en bois exclusifs faits \u00e0 la main pour la maison. Commode \u00e0 quatre tiroirs avec un magnifique d\u00e9cor sculpt\u00e9 en forme de Mandala. Production en Ukraine - usine de meubles Yves Fouquet","breadcrumb":{"@id":"https:\/\/yvesfouquet.com\/fr\/produit\/komod-mandala-cm125-2\/#breadcrumb"},"inLanguage":"fr-FR","potentialAction":[{"@type":"ReadAction","target":["https:\/\/yvesfouquet.com\/fr\/produit\/komod-mandala-cm125-2\/"]}]},{"@type":"BreadcrumbList","@id":"https:\/\/yvesfouquet.com\/fr\/produit\/komod-mandala-cm125-2\/#breadcrumb","itemListElement":[{"@type":"ListItem","position":1,"name":"\u0413\u043b\u0430\u0432\u043d\u0430\u044f","item":"https:\/\/yvesfouquet.com\/fr\/"},{"@type":"ListItem","position":2,"name":"Collections","item":"https:\/\/yvesfouquet.com\/fr\/collections\/"},{"@type":"ListItem","position":3,"name":"Commode Mandala CM125"}]},{"@type":"WebSite","@id":"https:\/\/yvesfouquet.com\/#website","url":"https:\/\/yvesfouquet.com\/","name":"Yves Fouquet","description":"\u0424\u0440\u0430\u043d\u0446\u0443\u0437\u0441\u043a\u0430\u044f \u043c\u0435\u0431\u0435\u043b\u044c","potentialAction":[{"@type":"SearchAction","target":{"@type":"EntryPoint","urlTemplate":"https:\/\/yvesfouquet.com\/?s={search_term_string}"},"query-input":"required name=search_term_string"}],"inLanguage":"fr-FR"}]},"product_price_currency":"EUR","og_availability":"instock","product_availability":"instock","product_retailer_item_id":"CM125","product_condition":"new"},"_links":{"self":[{"href":"https:\/\/yvesfouquet.com\/fr\/wp-json\/wp\/v2\/product\/18139"}],"collection":[{"href":"https:\/\/yvesfouquet.com\/fr\/wp-json\/wp\/v2\/product"}],"about":[{"href":"https:\/\/yvesfouquet.com\/fr\/wp-json\/wp\/v2\/types\/product"}],"version-history":[{"count":0,"href":"https:\/\/yvesfouquet.com\/fr\/wp-json\/wp\/v2\/product\/18139\/revisions"}],"wp:featuredmedia":[{"embeddable":true,"href":"https:\/\/yvesfouquet.com\/fr\/wp-json\/wp\/v2\/media\/16308"}],"wp:attachment":[{"href":"https:\/\/yvesfouquet.com\/fr\/wp-json\/wp\/v2\/media?parent=18139"}],"wp:term":[{"taxonomy":"product_cat","embeddable":true,"href":"https:\/\/yvesfouquet.com\/fr\/wp-json\/wp\/v2\/product_cat?post=18139"},{"taxonomy":"product_tag","embeddable":true,"href":"https:\/\/yvesfouquet.com\/fr\/wp-json\/wp\/v2\/product_tag?post=18139"}],"curies":[{"name":"wp","href":"https:\/\/api.w.org\/{rel}","templated":true}]}}