{"id":18144,"date":"2020-10-26T21:04:06","date_gmt":"2022-04-28T16:43:32","guid":{"rendered":"https:\/\/yvesfouquet.com\/commode-mirroir-cm121\/"},"modified":"2022-04-28T19:43:32","modified_gmt":"2022-04-28T16:43:32","slug":"komod-mirroir-cm121-2","status":"publish","type":"product","link":"https:\/\/yvesfouquet.com\/fr\/produit\/komod-mirroir-cm121-2\/","title":{"rendered":"Commode Mirroir CM121"},"content":{"rendered":"<p>Lumineux et extravagant look commode en bois Mirroir avec deux portes battantes. Un mod\u00e8le de design unique du travail des ma\u00eetres de l\u2019usine de meubles ukrainienne Yves Fouquet est fabriqu\u00e9 dans le style Fran\u00e7ais ancien. Sa particularit\u00e9 est une mosa\u00efque de miroirs \u00e0 facettes, recouvrant compl\u00e8tement la fa\u00e7ade de la commode.<\/p>\n<p>Refl\u00e9tant l\u2019environnement dans sa surface en miroir, les portes de la commode brillent litt\u00e9ralement et jouent avec diff\u00e9rentes couleurs. Dans le m\u00eame temps, un mod\u00e8le \u00e9l\u00e9gant et lumineux est non seulement beau, mais universel et pratique. Une commode avec miroirs aura fi\u00e8re allure dans le salon et dans la chambre \u00e0 coucher. Il peut \u00eatre utilis\u00e9 comme un petit bar, un endroit pour stocker des cosm\u00e9tiques, des souvenirs ou une collection de parfums.<\/p>\n<p>Le style ancien de la commode en bois est soulign\u00e9 par de petites jambes torsad\u00e9es, dont les courbes se transforment en lignes lisses du fond sculpt\u00e9. Un comptoir laqu\u00e9 a l\u2019air chaleureux et \u00e9l\u00e9gant &#8211; un endroit id\u00e9al pour un lampadaire, un cand\u00e9labre ou un d\u00e9cor int\u00e9rieur.<\/p>\n<p>Les meubles en bois anciens exclusifs sont parfaits pour les meubles vintage et modernes. Fabriqu\u00e9 sur commande selon les technologies anciennes et avec l\u2019utilisation d\u2019effets de vieillissement originaux, il ajoutera du style et du chic aristocratique \u00e0 votre atmosph\u00e8re.<\/p>\n","protected":false},"excerpt":{"rendered":"<p><strong>Dimensions:<\/strong> L840 x H850 x P500<\/p>\n<p><strong>Description:<\/strong> 2 portes miroir et 1 \u00e9tag\u00e8re<\/p>\n","protected":false},"featured_media":16262,"template":"","meta":[],"product_cat":[158],"product_tag":[],"yoast_head":"<!-- This site is optimized with the Yoast SEO Premium plugin v20.7 (Yoast SEO v20.8) - https:\/\/yoast.com\/wordpress\/plugins\/seo\/ -->\n<title>Commode int\u00e9rieure avec portes en miroir de - Yves Fouquet<\/title>\n<meta name=\"description\" content=\"Commode design originale avec portes battantes avec mosa\u00efque de miroirs. Meubles d\u2019\u00e9lite en bois. Assemblage manuel, mat\u00e9riaux de haute qualit\u00e9. Sous la commande en Ukraine - usine de meubles de production Yves Fouquet\" \/>\n<meta name=\"robots\" content=\"index, follow, max-snippet:-1, max-image-preview:large, max-video-preview:-1\" \/>\n<link rel=\"canonical\" href=\"https:\/\/yvesfouquet.com\/fr\/produit\/komod-mirroir-cm121-2\/\" \/>\n<meta property=\"og:locale\" content=\"fr_FR\" \/>\n<meta property=\"og:type\" content=\"article\" \/>\n<meta property=\"og:title\" content=\"Commode Mirroir CM121\" \/>\n<meta property=\"og:description\" content=\"Commode design originale avec portes battantes avec mosa\u00efque de miroirs. Meubles d\u2019\u00e9lite en bois. Assemblage manuel, mat\u00e9riaux de haute qualit\u00e9. Sous la commande en Ukraine - usine de meubles de production Yves Fouquet\" \/>\n<meta property=\"og:url\" content=\"https:\/\/yvesfouquet.com\/fr\/produit\/komod-mirroir-cm121-2\/\" \/>\n<meta property=\"og:site_name\" content=\"Yves Fouquet\" \/>\n<meta property=\"article:publisher\" content=\"https:\/\/www.facebook.com\/boutiueyvesfouquet\" \/>\n<meta property=\"og:image\" content=\"https:\/\/yvesfouquet.com\/wp-content\/uploads\/2020\/10\/1-2.png\" \/>\n\t<meta property=\"og:image:width\" content=\"1080\" \/>\n\t<meta property=\"og:image:height\" content=\"1080\" \/>\n\t<meta property=\"og:image:type\" content=\"image\/png\" \/>\n<meta name=\"twitter:card\" content=\"summary_large_image\" \/>\n<meta name=\"twitter:label1\" content=\"Prix\" \/>\n\t<meta name=\"twitter:data1\" content=\"\" \/>\n\t<meta name=\"twitter:label2\" content=\"Disponibilit\u00e9\" \/>\n\t<meta name=\"twitter:data2\" content=\"En stock\" \/>\n<script type=\"application\/ld+json\" class=\"yoast-schema-graph\">{\"@context\":\"https:\/\/schema.org\",\"@graph\":[{\"@type\":[\"WebPage\",\"ItemPage\"],\"@id\":\"https:\/\/yvesfouquet.com\/fr\/produit\/komod-mirroir-cm121-2\/\",\"url\":\"https:\/\/yvesfouquet.com\/fr\/produit\/komod-mirroir-cm121-2\/\",\"name\":\"Commode int\u00e9rieure avec portes en miroir de - Yves Fouquet\",\"isPartOf\":{\"@id\":\"https:\/\/yvesfouquet.com\/#website\"},\"datePublished\":\"2022-04-28T16:43:32+00:00\",\"dateModified\":\"2022-04-28T16:43:32+00:00\",\"description\":\"Commode design originale avec portes battantes avec mosa\u00efque de miroirs. Meubles d\u2019\u00e9lite en bois. Assemblage manuel, mat\u00e9riaux de haute qualit\u00e9. Sous la commande en Ukraine - usine de meubles de production Yves Fouquet\",\"breadcrumb\":{\"@id\":\"https:\/\/yvesfouquet.com\/fr\/produit\/komod-mirroir-cm121-2\/#breadcrumb\"},\"inLanguage\":\"fr-FR\",\"potentialAction\":[{\"@type\":\"ReadAction\",\"target\":[\"https:\/\/yvesfouquet.com\/fr\/produit\/komod-mirroir-cm121-2\/\"]}]},{\"@type\":\"BreadcrumbList\",\"@id\":\"https:\/\/yvesfouquet.com\/fr\/produit\/komod-mirroir-cm121-2\/#breadcrumb\",\"itemListElement\":[{\"@type\":\"ListItem\",\"position\":1,\"name\":\"\u0413\u043b\u0430\u0432\u043d\u0430\u044f\",\"item\":\"https:\/\/yvesfouquet.com\/fr\/\"},{\"@type\":\"ListItem\",\"position\":2,\"name\":\"Collections\",\"item\":\"https:\/\/yvesfouquet.com\/fr\/collections\/\"},{\"@type\":\"ListItem\",\"position\":3,\"name\":\"Commode Mirroir CM121\"}]},{\"@type\":\"WebSite\",\"@id\":\"https:\/\/yvesfouquet.com\/#website\",\"url\":\"https:\/\/yvesfouquet.com\/\",\"name\":\"Yves Fouquet\",\"description\":\"\u0424\u0440\u0430\u043d\u0446\u0443\u0437\u0441\u043a\u0430\u044f \u043c\u0435\u0431\u0435\u043b\u044c\",\"potentialAction\":[{\"@type\":\"SearchAction\",\"target\":{\"@type\":\"EntryPoint\",\"urlTemplate\":\"https:\/\/yvesfouquet.com\/?s={search_term_string}\"},\"query-input\":\"required name=search_term_string\"}],\"inLanguage\":\"fr-FR\"}]}<\/script>\n<meta property=\"product:price:amount\" content=\"0\" \/>\n<meta property=\"product:price:currency\" content=\"EUR\" \/>\n<meta property=\"og:availability\" content=\"instock\" \/>\n<meta property=\"product:availability\" content=\"instock\" \/>\n<meta property=\"product:retailer_item_id\" content=\"CM121\" \/>\n<meta property=\"product:condition\" content=\"new\" \/>\n<!-- \/ Yoast SEO Premium plugin. -->","yoast_head_json":{"title":"Commode int\u00e9rieure avec portes en miroir de - Yves Fouquet","description":"Commode design originale avec portes battantes avec mosa\u00efque de miroirs. Meubles d\u2019\u00e9lite en bois. Assemblage manuel, mat\u00e9riaux de haute qualit\u00e9. Sous la commande en Ukraine - usine de meubles de production Yves Fouquet","robots":{"index":"index","follow":"follow","max-snippet":"max-snippet:-1","max-image-preview":"max-image-preview:large","max-video-preview":"max-video-preview:-1"},"canonical":"https:\/\/yvesfouquet.com\/fr\/produit\/komod-mirroir-cm121-2\/","og_locale":"fr_FR","og_type":"article","og_title":"Commode Mirroir CM121","og_description":"Commode design originale avec portes battantes avec mosa\u00efque de miroirs. Meubles d\u2019\u00e9lite en bois. Assemblage manuel, mat\u00e9riaux de haute qualit\u00e9. Sous la commande en Ukraine - usine de meubles de production Yves Fouquet","og_url":"https:\/\/yvesfouquet.com\/fr\/produit\/komod-mirroir-cm121-2\/","og_site_name":"Yves Fouquet","article_publisher":"https:\/\/www.facebook.com\/boutiueyvesfouquet","og_image":[{"width":1080,"height":1080,"url":"https:\/\/yvesfouquet.com\/wp-content\/uploads\/2020\/10\/1-2.png","type":"image\/png"}],"twitter_card":"summary_large_image","twitter_misc":{"Prix":"","Disponibilit\u00e9":"En stock"},"schema":{"@context":"https:\/\/schema.org","@graph":[{"@type":["WebPage","ItemPage"],"@id":"https:\/\/yvesfouquet.com\/fr\/produit\/komod-mirroir-cm121-2\/","url":"https:\/\/yvesfouquet.com\/fr\/produit\/komod-mirroir-cm121-2\/","name":"Commode int\u00e9rieure avec portes en miroir de - Yves Fouquet","isPartOf":{"@id":"https:\/\/yvesfouquet.com\/#website"},"datePublished":"2022-04-28T16:43:32+00:00","dateModified":"2022-04-28T16:43:32+00:00","description":"Commode design originale avec portes battantes avec mosa\u00efque de miroirs. Meubles d\u2019\u00e9lite en bois. Assemblage manuel, mat\u00e9riaux de haute qualit\u00e9. Sous la commande en Ukraine - usine de meubles de production Yves Fouquet","breadcrumb":{"@id":"https:\/\/yvesfouquet.com\/fr\/produit\/komod-mirroir-cm121-2\/#breadcrumb"},"inLanguage":"fr-FR","potentialAction":[{"@type":"ReadAction","target":["https:\/\/yvesfouquet.com\/fr\/produit\/komod-mirroir-cm121-2\/"]}]},{"@type":"BreadcrumbList","@id":"https:\/\/yvesfouquet.com\/fr\/produit\/komod-mirroir-cm121-2\/#breadcrumb","itemListElement":[{"@type":"ListItem","position":1,"name":"\u0413\u043b\u0430\u0432\u043d\u0430\u044f","item":"https:\/\/yvesfouquet.com\/fr\/"},{"@type":"ListItem","position":2,"name":"Collections","item":"https:\/\/yvesfouquet.com\/fr\/collections\/"},{"@type":"ListItem","position":3,"name":"Commode Mirroir CM121"}]},{"@type":"WebSite","@id":"https:\/\/yvesfouquet.com\/#website","url":"https:\/\/yvesfouquet.com\/","name":"Yves Fouquet","description":"\u0424\u0440\u0430\u043d\u0446\u0443\u0437\u0441\u043a\u0430\u044f \u043c\u0435\u0431\u0435\u043b\u044c","potentialAction":[{"@type":"SearchAction","target":{"@type":"EntryPoint","urlTemplate":"https:\/\/yvesfouquet.com\/?s={search_term_string}"},"query-input":"required name=search_term_string"}],"inLanguage":"fr-FR"}]},"product_price_currency":"EUR","og_availability":"instock","product_availability":"instock","product_retailer_item_id":"CM121","product_condition":"new"},"_links":{"self":[{"href":"https:\/\/yvesfouquet.com\/fr\/wp-json\/wp\/v2\/product\/18144"}],"collection":[{"href":"https:\/\/yvesfouquet.com\/fr\/wp-json\/wp\/v2\/product"}],"about":[{"href":"https:\/\/yvesfouquet.com\/fr\/wp-json\/wp\/v2\/types\/product"}],"version-history":[{"count":0,"href":"https:\/\/yvesfouquet.com\/fr\/wp-json\/wp\/v2\/product\/18144\/revisions"}],"wp:featuredmedia":[{"embeddable":true,"href":"https:\/\/yvesfouquet.com\/fr\/wp-json\/wp\/v2\/media\/16262"}],"wp:attachment":[{"href":"https:\/\/yvesfouquet.com\/fr\/wp-json\/wp\/v2\/media?parent=18144"}],"wp:term":[{"taxonomy":"product_cat","embeddable":true,"href":"https:\/\/yvesfouquet.com\/fr\/wp-json\/wp\/v2\/product_cat?post=18144"},{"taxonomy":"product_tag","embeddable":true,"href":"https:\/\/yvesfouquet.com\/fr\/wp-json\/wp\/v2\/product_tag?post=18144"}],"curies":[{"name":"wp","href":"https:\/\/api.w.org\/{rel}","templated":true}]}}