{"id":18145,"date":"2020-10-26T21:04:27","date_gmt":"2022-04-28T16:43:32","guid":{"rendered":"https:\/\/yvesfouquet.com\/commode-louis-xvi-cm131\/"},"modified":"2022-04-28T19:43:32","modified_gmt":"2022-04-28T16:43:32","slug":"komod-louis-xvi-cm131-2","status":"publish","type":"product","link":"https:\/\/yvesfouquet.com\/fr\/produit\/komod-louis-xvi-cm131-2\/","title":{"rendered":"Commode Louis XVi CM131"},"content":{"rendered":"<p>La perle de l\u2019int\u00e9rieur vintage sera une commode en bois dans le style louis XVI. En cr\u00e9ant ce mod\u00e8le historique, les sp\u00e9cialistes de l\u2019usine de meubles ukrainienne Yves Fouquet ont fait de leur mieux. Un magnifique \u00e9chantillon de meubles d\u2019auteur faits \u00e0 la main s\u2019int\u00e9grera parfaitement dans la situation de conception dans le style ancien.<\/p>\n<p>D\u00e9cor\u00e9e de sculptures \u00e0 la main, la commode en bois massif est une v\u00e9ritable \u0153uvre d\u2019art du mobilier. Ses formes se distinguent par la clart\u00e9 des lignes droites, et le style est domin\u00e9 par les motifs de l\u2019antiquit\u00e9 caract\u00e9ristiques des tendances de cette \u00e9poque.<\/p>\n<p>La commode est \u00e9quip\u00e9e de deux tiroirs s\u00e9par\u00e9s l\u2019un par l\u2019autre avec des accessoires exclusifs Fran\u00e7ais. Des poign\u00e9es \u00e9l\u00e9gantes de th\u00e8mes marins encadrent sym\u00e9triquement les brindilles sculpt\u00e9es de laurier. Les coussinets sur les trous de serrure sont fabriqu\u00e9s sous la forme de couronnes de fleurs. Les pieds de la commode sont fabriqu\u00e9s dans le style des colonnes antiques, et la barre inf\u00e9rieure les reliant est d\u00e9cor\u00e9e d\u2019une vigne avec un bol au milieu.<\/p>\n<p>Le charme aristocratique du produit trahit la dorure appliqu\u00e9e \u00e0 la sculpture. L\u2019atmosph\u00e8re de l\u2019antiquit\u00e9 est r\u00e9alis\u00e9e en utilisant les technologies de mobilier traditionnelles et les effets du vieillissement.<\/p>\n<p>La commode en bois est fabriqu\u00e9e dans une taille, une couleur et un d\u00e9cor individuels. Les meubles \u00e9l\u00e9gants assembl\u00e9s sur commande prendront une place digne dans le salon, ils auront fi\u00e8re allure dans la chambre \u00e0 coucher.<\/p>\n","protected":false},"excerpt":{"rendered":"<p><strong>Dimensions:<\/strong> W1200\u0445H850\u0445D510<\/p>\n<p><strong> 2 tiroirs r\u00e9tractables<\/strong><\/p>\n","protected":false},"featured_media":16366,"template":"","meta":[],"product_cat":[158],"product_tag":[],"yoast_head":"<!-- This site is optimized with the Yoast SEO Premium plugin v20.7 (Yoast SEO v20.8) - https:\/\/yoast.com\/wordpress\/plugins\/seo\/ -->\n<title>Commode en bois naturel dans le style louis XVI - Yves Fouquet<\/title>\n<meta name=\"description\" content=\"Meubles en bois pour la maison dans un style classique. Assemblage manuel exclusif, sculpture sur bois, design de l\u2019auteur, Fran\u00e7ais accessoires en bronze. Acheter une commode vintage dans le salon en Ukraine - usine de meubles de production Yves Fouquet\" \/>\n<meta name=\"robots\" content=\"index, follow, max-snippet:-1, max-image-preview:large, max-video-preview:-1\" \/>\n<link rel=\"canonical\" href=\"https:\/\/yvesfouquet.com\/fr\/produit\/komod-louis-xvi-cm131-2\/\" \/>\n<meta property=\"og:locale\" content=\"fr_FR\" \/>\n<meta property=\"og:type\" content=\"article\" \/>\n<meta property=\"og:title\" content=\"Commode Louis XVi CM131\" \/>\n<meta property=\"og:description\" content=\"Meubles en bois pour la maison dans un style classique. Assemblage manuel exclusif, sculpture sur bois, design de l\u2019auteur, Fran\u00e7ais accessoires en bronze. Acheter une commode vintage dans le salon en Ukraine - usine de meubles de production Yves Fouquet\" \/>\n<meta property=\"og:url\" content=\"https:\/\/yvesfouquet.com\/fr\/produit\/komod-louis-xvi-cm131-2\/\" \/>\n<meta property=\"og:site_name\" content=\"Yves Fouquet\" \/>\n<meta property=\"article:publisher\" content=\"https:\/\/www.facebook.com\/boutiueyvesfouquet\" \/>\n<meta property=\"og:image\" content=\"https:\/\/yvesfouquet.com\/wp-content\/uploads\/2020\/10\/42-1.png\" \/>\n\t<meta property=\"og:image:width\" content=\"1080\" \/>\n\t<meta property=\"og:image:height\" content=\"1080\" \/>\n\t<meta property=\"og:image:type\" content=\"image\/png\" \/>\n<meta name=\"twitter:card\" content=\"summary_large_image\" \/>\n<meta name=\"twitter:label1\" content=\"Prix\" \/>\n\t<meta name=\"twitter:data1\" content=\"\" \/>\n\t<meta name=\"twitter:label2\" content=\"Disponibilit\u00e9\" \/>\n\t<meta name=\"twitter:data2\" content=\"En stock\" \/>\n<script type=\"application\/ld+json\" class=\"yoast-schema-graph\">{\"@context\":\"https:\/\/schema.org\",\"@graph\":[{\"@type\":[\"WebPage\",\"ItemPage\"],\"@id\":\"https:\/\/yvesfouquet.com\/fr\/produit\/komod-louis-xvi-cm131-2\/\",\"url\":\"https:\/\/yvesfouquet.com\/fr\/produit\/komod-louis-xvi-cm131-2\/\",\"name\":\"Commode en bois naturel dans le style louis XVI - Yves Fouquet\",\"isPartOf\":{\"@id\":\"https:\/\/yvesfouquet.com\/#website\"},\"datePublished\":\"2022-04-28T16:43:32+00:00\",\"dateModified\":\"2022-04-28T16:43:32+00:00\",\"description\":\"Meubles en bois pour la maison dans un style classique. Assemblage manuel exclusif, sculpture sur bois, design de l\u2019auteur, Fran\u00e7ais accessoires en bronze. Acheter une commode vintage dans le salon en Ukraine - usine de meubles de production Yves Fouquet\",\"breadcrumb\":{\"@id\":\"https:\/\/yvesfouquet.com\/fr\/produit\/komod-louis-xvi-cm131-2\/#breadcrumb\"},\"inLanguage\":\"fr-FR\",\"potentialAction\":[{\"@type\":\"ReadAction\",\"target\":[\"https:\/\/yvesfouquet.com\/fr\/produit\/komod-louis-xvi-cm131-2\/\"]}]},{\"@type\":\"BreadcrumbList\",\"@id\":\"https:\/\/yvesfouquet.com\/fr\/produit\/komod-louis-xvi-cm131-2\/#breadcrumb\",\"itemListElement\":[{\"@type\":\"ListItem\",\"position\":1,\"name\":\"\u0413\u043b\u0430\u0432\u043d\u0430\u044f\",\"item\":\"https:\/\/yvesfouquet.com\/fr\/\"},{\"@type\":\"ListItem\",\"position\":2,\"name\":\"Collections\",\"item\":\"https:\/\/yvesfouquet.com\/fr\/collections\/\"},{\"@type\":\"ListItem\",\"position\":3,\"name\":\"Commode Louis XVi CM131\"}]},{\"@type\":\"WebSite\",\"@id\":\"https:\/\/yvesfouquet.com\/#website\",\"url\":\"https:\/\/yvesfouquet.com\/\",\"name\":\"Yves Fouquet\",\"description\":\"\u0424\u0440\u0430\u043d\u0446\u0443\u0437\u0441\u043a\u0430\u044f \u043c\u0435\u0431\u0435\u043b\u044c\",\"potentialAction\":[{\"@type\":\"SearchAction\",\"target\":{\"@type\":\"EntryPoint\",\"urlTemplate\":\"https:\/\/yvesfouquet.com\/?s={search_term_string}\"},\"query-input\":\"required name=search_term_string\"}],\"inLanguage\":\"fr-FR\"}]}<\/script>\n<meta property=\"product:price:amount\" content=\"0\" \/>\n<meta property=\"product:price:currency\" content=\"EUR\" \/>\n<meta property=\"og:availability\" content=\"instock\" \/>\n<meta property=\"product:availability\" content=\"instock\" \/>\n<meta property=\"product:retailer_item_id\" content=\"CM131\" \/>\n<meta property=\"product:condition\" content=\"new\" \/>\n<!-- \/ Yoast SEO Premium plugin. -->","yoast_head_json":{"title":"Commode en bois naturel dans le style louis XVI - Yves Fouquet","description":"Meubles en bois pour la maison dans un style classique. Assemblage manuel exclusif, sculpture sur bois, design de l\u2019auteur, Fran\u00e7ais accessoires en bronze. Acheter une commode vintage dans le salon en Ukraine - usine de meubles de production Yves Fouquet","robots":{"index":"index","follow":"follow","max-snippet":"max-snippet:-1","max-image-preview":"max-image-preview:large","max-video-preview":"max-video-preview:-1"},"canonical":"https:\/\/yvesfouquet.com\/fr\/produit\/komod-louis-xvi-cm131-2\/","og_locale":"fr_FR","og_type":"article","og_title":"Commode Louis XVi CM131","og_description":"Meubles en bois pour la maison dans un style classique. Assemblage manuel exclusif, sculpture sur bois, design de l\u2019auteur, Fran\u00e7ais accessoires en bronze. Acheter une commode vintage dans le salon en Ukraine - usine de meubles de production Yves Fouquet","og_url":"https:\/\/yvesfouquet.com\/fr\/produit\/komod-louis-xvi-cm131-2\/","og_site_name":"Yves Fouquet","article_publisher":"https:\/\/www.facebook.com\/boutiueyvesfouquet","og_image":[{"width":1080,"height":1080,"url":"https:\/\/yvesfouquet.com\/wp-content\/uploads\/2020\/10\/42-1.png","type":"image\/png"}],"twitter_card":"summary_large_image","twitter_misc":{"Prix":"","Disponibilit\u00e9":"En stock"},"schema":{"@context":"https:\/\/schema.org","@graph":[{"@type":["WebPage","ItemPage"],"@id":"https:\/\/yvesfouquet.com\/fr\/produit\/komod-louis-xvi-cm131-2\/","url":"https:\/\/yvesfouquet.com\/fr\/produit\/komod-louis-xvi-cm131-2\/","name":"Commode en bois naturel dans le style louis XVI - Yves Fouquet","isPartOf":{"@id":"https:\/\/yvesfouquet.com\/#website"},"datePublished":"2022-04-28T16:43:32+00:00","dateModified":"2022-04-28T16:43:32+00:00","description":"Meubles en bois pour la maison dans un style classique. Assemblage manuel exclusif, sculpture sur bois, design de l\u2019auteur, Fran\u00e7ais accessoires en bronze. Acheter une commode vintage dans le salon en Ukraine - usine de meubles de production Yves Fouquet","breadcrumb":{"@id":"https:\/\/yvesfouquet.com\/fr\/produit\/komod-louis-xvi-cm131-2\/#breadcrumb"},"inLanguage":"fr-FR","potentialAction":[{"@type":"ReadAction","target":["https:\/\/yvesfouquet.com\/fr\/produit\/komod-louis-xvi-cm131-2\/"]}]},{"@type":"BreadcrumbList","@id":"https:\/\/yvesfouquet.com\/fr\/produit\/komod-louis-xvi-cm131-2\/#breadcrumb","itemListElement":[{"@type":"ListItem","position":1,"name":"\u0413\u043b\u0430\u0432\u043d\u0430\u044f","item":"https:\/\/yvesfouquet.com\/fr\/"},{"@type":"ListItem","position":2,"name":"Collections","item":"https:\/\/yvesfouquet.com\/fr\/collections\/"},{"@type":"ListItem","position":3,"name":"Commode Louis XVi CM131"}]},{"@type":"WebSite","@id":"https:\/\/yvesfouquet.com\/#website","url":"https:\/\/yvesfouquet.com\/","name":"Yves Fouquet","description":"\u0424\u0440\u0430\u043d\u0446\u0443\u0437\u0441\u043a\u0430\u044f \u043c\u0435\u0431\u0435\u043b\u044c","potentialAction":[{"@type":"SearchAction","target":{"@type":"EntryPoint","urlTemplate":"https:\/\/yvesfouquet.com\/?s={search_term_string}"},"query-input":"required name=search_term_string"}],"inLanguage":"fr-FR"}]},"product_price_currency":"EUR","og_availability":"instock","product_availability":"instock","product_retailer_item_id":"CM131","product_condition":"new"},"_links":{"self":[{"href":"https:\/\/yvesfouquet.com\/fr\/wp-json\/wp\/v2\/product\/18145"}],"collection":[{"href":"https:\/\/yvesfouquet.com\/fr\/wp-json\/wp\/v2\/product"}],"about":[{"href":"https:\/\/yvesfouquet.com\/fr\/wp-json\/wp\/v2\/types\/product"}],"version-history":[{"count":0,"href":"https:\/\/yvesfouquet.com\/fr\/wp-json\/wp\/v2\/product\/18145\/revisions"}],"wp:featuredmedia":[{"embeddable":true,"href":"https:\/\/yvesfouquet.com\/fr\/wp-json\/wp\/v2\/media\/16366"}],"wp:attachment":[{"href":"https:\/\/yvesfouquet.com\/fr\/wp-json\/wp\/v2\/media?parent=18145"}],"wp:term":[{"taxonomy":"product_cat","embeddable":true,"href":"https:\/\/yvesfouquet.com\/fr\/wp-json\/wp\/v2\/product_cat?post=18145"},{"taxonomy":"product_tag","embeddable":true,"href":"https:\/\/yvesfouquet.com\/fr\/wp-json\/wp\/v2\/product_tag?post=18145"}],"curies":[{"name":"wp","href":"https:\/\/api.w.org\/{rel}","templated":true}]}}