{"id":18150,"date":"2020-10-26T21:04:05","date_gmt":"2022-04-28T16:43:35","guid":{"rendered":"https:\/\/yvesfouquet.com\/commode-louis-xv-constance-cm110\/"},"modified":"2022-04-28T19:43:35","modified_gmt":"2022-04-28T16:43:35","slug":"komod-louis-xv-constance-cm110-2","status":"publish","type":"product","link":"https:\/\/yvesfouquet.com\/fr\/produit\/komod-louis-xv-constance-cm110-2\/","title":{"rendered":"Commode Louis XV Constance CM110"},"content":{"rendered":"<p>Les si\u00e8cles passent et les technologies traditionnelles pour la production de meubles en bois naturel restent toujours d\u2019actualit\u00e9. Ils sont utilis\u00e9s par les ma\u00eetres de l\u2019usine Yves Fouquet, cr\u00e9ant leurs chefs-d\u2019\u0153uvre de l\u2019art du meuble. Des mod\u00e8les aussi magnifiques que cette commode dans le style Louis XV, bien s\u00fbr, deviennent une d\u00e9coration d\u2019int\u00e9rieurs luxueux dans le style ancien.<\/p>\n<p>La commode vintage est \u00e9quip\u00e9e de deux tiroirs spacieux. Il a un corps pli\u00e9 horizontalement et verticalement et est g\u00e9n\u00e9reusement d\u00e9cor\u00e9 avec des raccords exclusifs en bronze Fran\u00e7ais. Des courbes \u00e9l\u00e9gantes des pieds, une vague lisse de fa\u00e7ade sculpt\u00e9e, un plateau de table laqu\u00e9 &#8211; une belle commode en bois pour antiquit\u00e9s correspond pleinement aux caract\u00e9ristiques de l\u2019\u00e9poque Louis.<\/p>\n<p>Fabriqu\u00e9 en rouge, le mod\u00e8le classique a l\u2019air aristocratique et deviendra le point culminant de l\u2019ancien int\u00e9rieur. De mani\u00e8re \u00e9clatante et inattendue, la m\u00eame commode appara\u00eet dans une palette de couleurs panach\u00e9e. Cette option originale est id\u00e9ale pour un cadre \u00e9clectique et peut prendre sa place dans la p\u00e9pini\u00e8re.<\/p>\n<p>Des meubles exclusifs faits \u00e0 la main sont fabriqu\u00e9s sur commande et r\u00e9pondent pleinement aux souhaits du client. Gr\u00e2ce \u00e0 des tailles individuelles, adapt\u00e9es \u00e0 la couleur int\u00e9rieure et aux caract\u00e9ristiques de conception, il s\u2019adaptera parfaitement \u00e0 toutes les situations.<\/p>\n","protected":false},"excerpt":{"rendered":"<p><strong>Dimensions:<\/strong> L1340 x H850 x P640<\/p>\n<p><strong> 2 tiroirs r\u00e9tractables<\/strong><\/p>\n","protected":false},"featured_media":16140,"template":"","meta":[],"product_cat":[158],"product_tag":[],"yoast_head":"<!-- This site is optimized with the Yoast SEO Premium plugin v20.7 (Yoast SEO v20.8) - https:\/\/yoast.com\/wordpress\/plugins\/seo\/ -->\n<title>Commode int\u00e9rieure en bois dans l\u2019ancien style - Yves Fouquet<\/title>\n<meta name=\"description\" content=\"Meubles d\u2019\u00e9lite faits \u00e0 la main pour antiquit\u00e9s. Magnifique commode en bois de haute qualit\u00e9 dans le style Louis XV \u00e0 commander. Fran\u00e7ais raccords, technologies anciennes. Production en Ukraine usine Yves Fouquet\" \/>\n<meta name=\"robots\" content=\"index, follow, max-snippet:-1, max-image-preview:large, max-video-preview:-1\" \/>\n<link rel=\"canonical\" href=\"https:\/\/yvesfouquet.com\/fr\/produit\/komod-louis-xv-constance-cm110-2\/\" \/>\n<meta property=\"og:locale\" content=\"fr_FR\" \/>\n<meta property=\"og:type\" content=\"article\" \/>\n<meta property=\"og:title\" content=\"Commode Louis XV Constance CM110\" \/>\n<meta property=\"og:description\" content=\"Meubles d\u2019\u00e9lite faits \u00e0 la main pour antiquit\u00e9s. Magnifique commode en bois de haute qualit\u00e9 dans le style Louis XV \u00e0 commander. Fran\u00e7ais raccords, technologies anciennes. Production en Ukraine usine Yves Fouquet\" \/>\n<meta property=\"og:url\" content=\"https:\/\/yvesfouquet.com\/fr\/produit\/komod-louis-xv-constance-cm110-2\/\" \/>\n<meta property=\"og:site_name\" content=\"Yves Fouquet\" \/>\n<meta property=\"article:publisher\" content=\"https:\/\/www.facebook.com\/boutiueyvesfouquet\" \/>\n<meta property=\"og:image\" content=\"https:\/\/yvesfouquet.com\/wp-content\/uploads\/2020\/10\/66.png\" \/>\n\t<meta property=\"og:image:width\" content=\"1080\" \/>\n\t<meta property=\"og:image:height\" content=\"1080\" \/>\n\t<meta property=\"og:image:type\" content=\"image\/png\" \/>\n<meta name=\"twitter:card\" content=\"summary_large_image\" \/>\n<meta name=\"twitter:label1\" content=\"Prix\" \/>\n\t<meta name=\"twitter:data1\" content=\"\" \/>\n\t<meta name=\"twitter:label2\" content=\"Disponibilit\u00e9\" \/>\n\t<meta name=\"twitter:data2\" content=\"En stock\" \/>\n<script type=\"application\/ld+json\" class=\"yoast-schema-graph\">{\"@context\":\"https:\/\/schema.org\",\"@graph\":[{\"@type\":[\"WebPage\",\"ItemPage\"],\"@id\":\"https:\/\/yvesfouquet.com\/fr\/produit\/komod-louis-xv-constance-cm110-2\/\",\"url\":\"https:\/\/yvesfouquet.com\/fr\/produit\/komod-louis-xv-constance-cm110-2\/\",\"name\":\"Commode int\u00e9rieure en bois dans l\u2019ancien style - Yves Fouquet\",\"isPartOf\":{\"@id\":\"https:\/\/yvesfouquet.com\/#website\"},\"datePublished\":\"2022-04-28T16:43:35+00:00\",\"dateModified\":\"2022-04-28T16:43:35+00:00\",\"description\":\"Meubles d\u2019\u00e9lite faits \u00e0 la main pour antiquit\u00e9s. Magnifique commode en bois de haute qualit\u00e9 dans le style Louis XV \u00e0 commander. Fran\u00e7ais raccords, technologies anciennes. Production en Ukraine usine Yves Fouquet\",\"breadcrumb\":{\"@id\":\"https:\/\/yvesfouquet.com\/fr\/produit\/komod-louis-xv-constance-cm110-2\/#breadcrumb\"},\"inLanguage\":\"fr-FR\",\"potentialAction\":[{\"@type\":\"ReadAction\",\"target\":[\"https:\/\/yvesfouquet.com\/fr\/produit\/komod-louis-xv-constance-cm110-2\/\"]}]},{\"@type\":\"BreadcrumbList\",\"@id\":\"https:\/\/yvesfouquet.com\/fr\/produit\/komod-louis-xv-constance-cm110-2\/#breadcrumb\",\"itemListElement\":[{\"@type\":\"ListItem\",\"position\":1,\"name\":\"\u0413\u043b\u0430\u0432\u043d\u0430\u044f\",\"item\":\"https:\/\/yvesfouquet.com\/fr\/\"},{\"@type\":\"ListItem\",\"position\":2,\"name\":\"Collections\",\"item\":\"https:\/\/yvesfouquet.com\/fr\/collections\/\"},{\"@type\":\"ListItem\",\"position\":3,\"name\":\"Commode Louis XV Constance CM110\"}]},{\"@type\":\"WebSite\",\"@id\":\"https:\/\/yvesfouquet.com\/#website\",\"url\":\"https:\/\/yvesfouquet.com\/\",\"name\":\"Yves Fouquet\",\"description\":\"\u0424\u0440\u0430\u043d\u0446\u0443\u0437\u0441\u043a\u0430\u044f \u043c\u0435\u0431\u0435\u043b\u044c\",\"potentialAction\":[{\"@type\":\"SearchAction\",\"target\":{\"@type\":\"EntryPoint\",\"urlTemplate\":\"https:\/\/yvesfouquet.com\/?s={search_term_string}\"},\"query-input\":\"required name=search_term_string\"}],\"inLanguage\":\"fr-FR\"}]}<\/script>\n<meta property=\"product:price:amount\" content=\"0\" \/>\n<meta property=\"product:price:currency\" content=\"EUR\" \/>\n<meta property=\"og:availability\" content=\"instock\" \/>\n<meta property=\"product:availability\" content=\"instock\" \/>\n<meta property=\"product:retailer_item_id\" content=\"CM110\" \/>\n<meta property=\"product:condition\" content=\"new\" \/>\n<!-- \/ Yoast SEO Premium plugin. -->","yoast_head_json":{"title":"Commode int\u00e9rieure en bois dans l\u2019ancien style - Yves Fouquet","description":"Meubles d\u2019\u00e9lite faits \u00e0 la main pour antiquit\u00e9s. Magnifique commode en bois de haute qualit\u00e9 dans le style Louis XV \u00e0 commander. Fran\u00e7ais raccords, technologies anciennes. Production en Ukraine usine Yves Fouquet","robots":{"index":"index","follow":"follow","max-snippet":"max-snippet:-1","max-image-preview":"max-image-preview:large","max-video-preview":"max-video-preview:-1"},"canonical":"https:\/\/yvesfouquet.com\/fr\/produit\/komod-louis-xv-constance-cm110-2\/","og_locale":"fr_FR","og_type":"article","og_title":"Commode Louis XV Constance CM110","og_description":"Meubles d\u2019\u00e9lite faits \u00e0 la main pour antiquit\u00e9s. Magnifique commode en bois de haute qualit\u00e9 dans le style Louis XV \u00e0 commander. Fran\u00e7ais raccords, technologies anciennes. Production en Ukraine usine Yves Fouquet","og_url":"https:\/\/yvesfouquet.com\/fr\/produit\/komod-louis-xv-constance-cm110-2\/","og_site_name":"Yves Fouquet","article_publisher":"https:\/\/www.facebook.com\/boutiueyvesfouquet","og_image":[{"width":1080,"height":1080,"url":"https:\/\/yvesfouquet.com\/wp-content\/uploads\/2020\/10\/66.png","type":"image\/png"}],"twitter_card":"summary_large_image","twitter_misc":{"Prix":"","Disponibilit\u00e9":"En stock"},"schema":{"@context":"https:\/\/schema.org","@graph":[{"@type":["WebPage","ItemPage"],"@id":"https:\/\/yvesfouquet.com\/fr\/produit\/komod-louis-xv-constance-cm110-2\/","url":"https:\/\/yvesfouquet.com\/fr\/produit\/komod-louis-xv-constance-cm110-2\/","name":"Commode int\u00e9rieure en bois dans l\u2019ancien style - Yves Fouquet","isPartOf":{"@id":"https:\/\/yvesfouquet.com\/#website"},"datePublished":"2022-04-28T16:43:35+00:00","dateModified":"2022-04-28T16:43:35+00:00","description":"Meubles d\u2019\u00e9lite faits \u00e0 la main pour antiquit\u00e9s. Magnifique commode en bois de haute qualit\u00e9 dans le style Louis XV \u00e0 commander. Fran\u00e7ais raccords, technologies anciennes. Production en Ukraine usine Yves Fouquet","breadcrumb":{"@id":"https:\/\/yvesfouquet.com\/fr\/produit\/komod-louis-xv-constance-cm110-2\/#breadcrumb"},"inLanguage":"fr-FR","potentialAction":[{"@type":"ReadAction","target":["https:\/\/yvesfouquet.com\/fr\/produit\/komod-louis-xv-constance-cm110-2\/"]}]},{"@type":"BreadcrumbList","@id":"https:\/\/yvesfouquet.com\/fr\/produit\/komod-louis-xv-constance-cm110-2\/#breadcrumb","itemListElement":[{"@type":"ListItem","position":1,"name":"\u0413\u043b\u0430\u0432\u043d\u0430\u044f","item":"https:\/\/yvesfouquet.com\/fr\/"},{"@type":"ListItem","position":2,"name":"Collections","item":"https:\/\/yvesfouquet.com\/fr\/collections\/"},{"@type":"ListItem","position":3,"name":"Commode Louis XV Constance CM110"}]},{"@type":"WebSite","@id":"https:\/\/yvesfouquet.com\/#website","url":"https:\/\/yvesfouquet.com\/","name":"Yves Fouquet","description":"\u0424\u0440\u0430\u043d\u0446\u0443\u0437\u0441\u043a\u0430\u044f \u043c\u0435\u0431\u0435\u043b\u044c","potentialAction":[{"@type":"SearchAction","target":{"@type":"EntryPoint","urlTemplate":"https:\/\/yvesfouquet.com\/?s={search_term_string}"},"query-input":"required name=search_term_string"}],"inLanguage":"fr-FR"}]},"product_price_currency":"EUR","og_availability":"instock","product_availability":"instock","product_retailer_item_id":"CM110","product_condition":"new"},"_links":{"self":[{"href":"https:\/\/yvesfouquet.com\/fr\/wp-json\/wp\/v2\/product\/18150"}],"collection":[{"href":"https:\/\/yvesfouquet.com\/fr\/wp-json\/wp\/v2\/product"}],"about":[{"href":"https:\/\/yvesfouquet.com\/fr\/wp-json\/wp\/v2\/types\/product"}],"version-history":[{"count":0,"href":"https:\/\/yvesfouquet.com\/fr\/wp-json\/wp\/v2\/product\/18150\/revisions"}],"wp:featuredmedia":[{"embeddable":true,"href":"https:\/\/yvesfouquet.com\/fr\/wp-json\/wp\/v2\/media\/16140"}],"wp:attachment":[{"href":"https:\/\/yvesfouquet.com\/fr\/wp-json\/wp\/v2\/media?parent=18150"}],"wp:term":[{"taxonomy":"product_cat","embeddable":true,"href":"https:\/\/yvesfouquet.com\/fr\/wp-json\/wp\/v2\/product_cat?post=18150"},{"taxonomy":"product_tag","embeddable":true,"href":"https:\/\/yvesfouquet.com\/fr\/wp-json\/wp\/v2\/product_tag?post=18150"}],"curies":[{"name":"wp","href":"https:\/\/api.w.org\/{rel}","templated":true}]}}