{"id":18155,"date":"2020-10-26T21:04:53","date_gmt":"2022-04-28T16:43:37","guid":{"rendered":"https:\/\/yvesfouquet.com\/commode-cm144\/"},"modified":"2022-04-28T19:43:37","modified_gmt":"2022-04-28T16:43:37","slug":"komod-cm144-2","status":"publish","type":"product","link":"https:\/\/yvesfouquet.com\/fr\/produit\/komod-cm144-2\/","title":{"rendered":"Commode CM144"},"content":{"rendered":"<p>Un d\u00e9tail lumineux de votre int\u00e9rieur sera la commode en bois originale faite \u00e0 la main de l\u2019usine de meubles Yves Fouquet. Fabriqu\u00e9 antique, il a un look superbe et une fonctionnalit\u00e9 bien pens\u00e9e. C\u2019est exactement le mobilier design de haute qualit\u00e9, qui est non seulement admir\u00e9 et fier, mais aussi appr\u00e9ci\u00e9 tous les jours.<\/p>\n<p>La commode vintage \u00e0 trois tiroirs a l\u2019air chic. La patine et le rev\u00eatement laqu\u00e9 soulignent la beaut\u00e9 naturelle du bois, donnant au produit une chaleur et un charisme particuliers. Les technologies d\u2019assemblage traditionnelles et les effets de vieillissement le rendent pratiquement impossible \u00e0 distinguer des meubles Fran\u00e7ais anciens de l\u2019\u00e9poque royale.<\/p>\n<p>Le caract\u00e8re unique de la commode en bois est ajout\u00e9 par un motif \u00e9l\u00e9gant sur la fa\u00e7ade, dont une partie harmonieuse \u00e9tait les raccords en bronze fabriqu\u00e9s en France. Un large ensemble de comptoirs a \u00e9galement fi\u00e8re allure, sur lequel vous pouvez installer une grande horloge, des cand\u00e9labres, des cadres photo et d\u2019autres d\u00e9corations int\u00e9rieures.<\/p>\n<p>Les ma\u00eetres de notre usine de meubles essaient de satisfaire autant que possible tous les souhaits du client. La commode aura les dimensions dont vous avez besoin, des raccords et des couleurs appropri\u00e9s. Les meubles anciens sur mesure en bois naturel s\u2019int\u00e9greront parfaitement dans l\u2019atmosph\u00e8re et vous raviront pendant de nombreuses ann\u00e9es.<\/p>\n","protected":false},"excerpt":{"rendered":"<p><strong>Dimensions:<\/strong> L1070 x H925 x P500<\/p>\n<p><strong> 3 tiroirs r\u00e9tractables<\/strong><\/p>\n","protected":false},"featured_media":20734,"template":"","meta":[],"product_cat":[158],"product_tag":[],"yoast_head":"<!-- This site is optimized with the Yoast SEO Premium plugin v20.7 (Yoast SEO v20.8) - https:\/\/yoast.com\/wordpress\/plugins\/seo\/ -->\n<title>Luxueuse commode en bois sep - Yves Fouquet<\/title>\n<meta name=\"description\" content=\"Meubles faits \u00e0 la main sur commande dans un style antique. Commode avec trois tiroirs en bois massif de qualit\u00e9. Design unique, techniques de vieillissement, assemblage traditionnel. Production en Ukraine usine de meubles Yves Fouquet\" \/>\n<meta name=\"robots\" content=\"index, follow, max-snippet:-1, max-image-preview:large, max-video-preview:-1\" \/>\n<link rel=\"canonical\" href=\"https:\/\/yvesfouquet.com\/fr\/produit\/komod-cm144-2\/\" \/>\n<meta property=\"og:locale\" content=\"fr_FR\" \/>\n<meta property=\"og:type\" content=\"article\" \/>\n<meta property=\"og:title\" content=\"Commode CM144\" \/>\n<meta property=\"og:description\" content=\"Meubles faits \u00e0 la main sur commande dans un style antique. Commode avec trois tiroirs en bois massif de qualit\u00e9. Design unique, techniques de vieillissement, assemblage traditionnel. Production en Ukraine usine de meubles Yves Fouquet\" \/>\n<meta property=\"og:url\" content=\"https:\/\/yvesfouquet.com\/fr\/produit\/komod-cm144-2\/\" \/>\n<meta property=\"og:site_name\" content=\"Yves Fouquet\" \/>\n<meta property=\"article:publisher\" content=\"https:\/\/www.facebook.com\/boutiueyvesfouquet\" \/>\n<meta property=\"og:image\" content=\"https:\/\/yvesfouquet.com\/wp-content\/uploads\/2020\/10\/cm133.jpg\" \/>\n\t<meta property=\"og:image:width\" content=\"1280\" \/>\n\t<meta property=\"og:image:height\" content=\"1280\" \/>\n\t<meta property=\"og:image:type\" content=\"image\/jpeg\" \/>\n<meta name=\"twitter:card\" content=\"summary_large_image\" \/>\n<meta name=\"twitter:label1\" content=\"Prix\" \/>\n\t<meta name=\"twitter:data1\" content=\"\" \/>\n\t<meta name=\"twitter:label2\" content=\"Disponibilit\u00e9\" \/>\n\t<meta name=\"twitter:data2\" content=\"En stock\" \/>\n<script type=\"application\/ld+json\" class=\"yoast-schema-graph\">{\"@context\":\"https:\/\/schema.org\",\"@graph\":[{\"@type\":[\"WebPage\",\"ItemPage\"],\"@id\":\"https:\/\/yvesfouquet.com\/fr\/produit\/komod-cm144-2\/\",\"url\":\"https:\/\/yvesfouquet.com\/fr\/produit\/komod-cm144-2\/\",\"name\":\"Luxueuse commode en bois sep - Yves Fouquet\",\"isPartOf\":{\"@id\":\"https:\/\/yvesfouquet.com\/#website\"},\"datePublished\":\"2022-04-28T16:43:37+00:00\",\"dateModified\":\"2022-04-28T16:43:37+00:00\",\"description\":\"Meubles faits \u00e0 la main sur commande dans un style antique. Commode avec trois tiroirs en bois massif de qualit\u00e9. Design unique, techniques de vieillissement, assemblage traditionnel. Production en Ukraine usine de meubles Yves Fouquet\",\"breadcrumb\":{\"@id\":\"https:\/\/yvesfouquet.com\/fr\/produit\/komod-cm144-2\/#breadcrumb\"},\"inLanguage\":\"fr-FR\",\"potentialAction\":[{\"@type\":\"ReadAction\",\"target\":[\"https:\/\/yvesfouquet.com\/fr\/produit\/komod-cm144-2\/\"]}]},{\"@type\":\"BreadcrumbList\",\"@id\":\"https:\/\/yvesfouquet.com\/fr\/produit\/komod-cm144-2\/#breadcrumb\",\"itemListElement\":[{\"@type\":\"ListItem\",\"position\":1,\"name\":\"\u0413\u043b\u0430\u0432\u043d\u0430\u044f\",\"item\":\"https:\/\/yvesfouquet.com\/fr\/\"},{\"@type\":\"ListItem\",\"position\":2,\"name\":\"Collections\",\"item\":\"https:\/\/yvesfouquet.com\/fr\/collections\/\"},{\"@type\":\"ListItem\",\"position\":3,\"name\":\"Commode CM144\"}]},{\"@type\":\"WebSite\",\"@id\":\"https:\/\/yvesfouquet.com\/#website\",\"url\":\"https:\/\/yvesfouquet.com\/\",\"name\":\"Yves Fouquet\",\"description\":\"\u0424\u0440\u0430\u043d\u0446\u0443\u0437\u0441\u043a\u0430\u044f \u043c\u0435\u0431\u0435\u043b\u044c\",\"potentialAction\":[{\"@type\":\"SearchAction\",\"target\":{\"@type\":\"EntryPoint\",\"urlTemplate\":\"https:\/\/yvesfouquet.com\/?s={search_term_string}\"},\"query-input\":\"required name=search_term_string\"}],\"inLanguage\":\"fr-FR\"}]}<\/script>\n<meta property=\"product:price:amount\" content=\"0\" \/>\n<meta property=\"product:price:currency\" content=\"EUR\" \/>\n<meta property=\"og:availability\" content=\"instock\" \/>\n<meta property=\"product:availability\" content=\"instock\" \/>\n<meta property=\"product:retailer_item_id\" content=\"CM144\" \/>\n<meta property=\"product:condition\" content=\"new\" \/>\n<!-- \/ Yoast SEO Premium plugin. -->","yoast_head_json":{"title":"Luxueuse commode en bois sep - Yves Fouquet","description":"Meubles faits \u00e0 la main sur commande dans un style antique. Commode avec trois tiroirs en bois massif de qualit\u00e9. Design unique, techniques de vieillissement, assemblage traditionnel. Production en Ukraine usine de meubles Yves Fouquet","robots":{"index":"index","follow":"follow","max-snippet":"max-snippet:-1","max-image-preview":"max-image-preview:large","max-video-preview":"max-video-preview:-1"},"canonical":"https:\/\/yvesfouquet.com\/fr\/produit\/komod-cm144-2\/","og_locale":"fr_FR","og_type":"article","og_title":"Commode CM144","og_description":"Meubles faits \u00e0 la main sur commande dans un style antique. Commode avec trois tiroirs en bois massif de qualit\u00e9. Design unique, techniques de vieillissement, assemblage traditionnel. Production en Ukraine usine de meubles Yves Fouquet","og_url":"https:\/\/yvesfouquet.com\/fr\/produit\/komod-cm144-2\/","og_site_name":"Yves Fouquet","article_publisher":"https:\/\/www.facebook.com\/boutiueyvesfouquet","og_image":[{"width":1280,"height":1280,"url":"https:\/\/yvesfouquet.com\/wp-content\/uploads\/2020\/10\/cm133.jpg","type":"image\/jpeg"}],"twitter_card":"summary_large_image","twitter_misc":{"Prix":"","Disponibilit\u00e9":"En stock"},"schema":{"@context":"https:\/\/schema.org","@graph":[{"@type":["WebPage","ItemPage"],"@id":"https:\/\/yvesfouquet.com\/fr\/produit\/komod-cm144-2\/","url":"https:\/\/yvesfouquet.com\/fr\/produit\/komod-cm144-2\/","name":"Luxueuse commode en bois sep - Yves Fouquet","isPartOf":{"@id":"https:\/\/yvesfouquet.com\/#website"},"datePublished":"2022-04-28T16:43:37+00:00","dateModified":"2022-04-28T16:43:37+00:00","description":"Meubles faits \u00e0 la main sur commande dans un style antique. Commode avec trois tiroirs en bois massif de qualit\u00e9. Design unique, techniques de vieillissement, assemblage traditionnel. Production en Ukraine usine de meubles Yves Fouquet","breadcrumb":{"@id":"https:\/\/yvesfouquet.com\/fr\/produit\/komod-cm144-2\/#breadcrumb"},"inLanguage":"fr-FR","potentialAction":[{"@type":"ReadAction","target":["https:\/\/yvesfouquet.com\/fr\/produit\/komod-cm144-2\/"]}]},{"@type":"BreadcrumbList","@id":"https:\/\/yvesfouquet.com\/fr\/produit\/komod-cm144-2\/#breadcrumb","itemListElement":[{"@type":"ListItem","position":1,"name":"\u0413\u043b\u0430\u0432\u043d\u0430\u044f","item":"https:\/\/yvesfouquet.com\/fr\/"},{"@type":"ListItem","position":2,"name":"Collections","item":"https:\/\/yvesfouquet.com\/fr\/collections\/"},{"@type":"ListItem","position":3,"name":"Commode CM144"}]},{"@type":"WebSite","@id":"https:\/\/yvesfouquet.com\/#website","url":"https:\/\/yvesfouquet.com\/","name":"Yves Fouquet","description":"\u0424\u0440\u0430\u043d\u0446\u0443\u0437\u0441\u043a\u0430\u044f \u043c\u0435\u0431\u0435\u043b\u044c","potentialAction":[{"@type":"SearchAction","target":{"@type":"EntryPoint","urlTemplate":"https:\/\/yvesfouquet.com\/?s={search_term_string}"},"query-input":"required name=search_term_string"}],"inLanguage":"fr-FR"}]},"product_price_currency":"EUR","og_availability":"instock","product_availability":"instock","product_retailer_item_id":"CM144","product_condition":"new"},"_links":{"self":[{"href":"https:\/\/yvesfouquet.com\/fr\/wp-json\/wp\/v2\/product\/18155"}],"collection":[{"href":"https:\/\/yvesfouquet.com\/fr\/wp-json\/wp\/v2\/product"}],"about":[{"href":"https:\/\/yvesfouquet.com\/fr\/wp-json\/wp\/v2\/types\/product"}],"version-history":[{"count":0,"href":"https:\/\/yvesfouquet.com\/fr\/wp-json\/wp\/v2\/product\/18155\/revisions"}],"wp:featuredmedia":[{"embeddable":true,"href":"https:\/\/yvesfouquet.com\/fr\/wp-json\/wp\/v2\/media\/20734"}],"wp:attachment":[{"href":"https:\/\/yvesfouquet.com\/fr\/wp-json\/wp\/v2\/media?parent=18155"}],"wp:term":[{"taxonomy":"product_cat","embeddable":true,"href":"https:\/\/yvesfouquet.com\/fr\/wp-json\/wp\/v2\/product_cat?post=18155"},{"taxonomy":"product_tag","embeddable":true,"href":"https:\/\/yvesfouquet.com\/fr\/wp-json\/wp\/v2\/product_tag?post=18155"}],"curies":[{"name":"wp","href":"https:\/\/api.w.org\/{rel}","templated":true}]}}