{"id":18164,"date":"2020-10-26T21:04:05","date_gmt":"2022-04-28T16:43:59","guid":{"rendered":"https:\/\/yvesfouquet.com\/commode-louis-xiv-cm120\/"},"modified":"2022-04-28T19:43:59","modified_gmt":"2022-04-28T16:43:59","slug":"komodlouis-xiv-cm120-2","status":"publish","type":"product","link":"https:\/\/yvesfouquet.com\/fr\/produit\/komodlouis-xiv-cm120-2\/","title":{"rendered":"Commode Louis XIV CM120"},"content":{"rendered":"<p>Les classiques sont toujours \u00e0 la mode. Et comme pour les meubles dans le style de Louis XIV, pour de nombreux connaisseurs, ils sont devenus un objet d\u2019amour et d\u2019admiration particuliers. Cr\u00e9\u00e9e par des artisans talentueux Yves Fouquet, une magnifique commode en bois pour antiquit\u00e9s est un parfait exemple de mobilier de l\u2019\u00e9poque Ludovico. Les meubles exclusifs faits \u00e0 la main deviendront une d\u00e9coration originale de l\u2019int\u00e9rieur dans le style ancien.<\/p>\n<p>La commode en bois naturel avec trois tiroirs a une fa\u00e7ade courb\u00e9e et sculpt\u00e9e en relief. Fabriqu\u00e9 en noir avec une \u00e9l\u00e9gante bordure dor\u00e9e, il a l\u2019air \u00e9l\u00e9gant, \u00e9l\u00e9gant et aristocratique. De tels meubles design repr\u00e9sentatifs auront l\u2019air parfait dans un salon classique, s\u2019int\u00e8grent parfaitement dans l\u2019atmosph\u00e8re de la biblioth\u00e8que ou du bureau.<\/p>\n<p>En plus des sculptures, la fa\u00e7ade est d\u00e9cor\u00e9e d\u2019accessoires en bronze d\u2019\u00e9lite de Fran\u00e7ais production. Au centre des bo\u00eetes, il y a de petits trous de serrure, le long des bords &#8211; poign\u00e9es classiques, aux extr\u00e9mit\u00e9s avec des panneaux &#8211; coussinets avec des anneaux.<\/p>\n<p>Les meubles Elite dans le style Fran\u00e7ais ancien sont fabriqu\u00e9s sur commande selon les tailles individuelles et en tenant compte de tous les souhaits du client. Les technologies d\u2019assemblage traditionnelles et les techniques de vieillissement artificiel originales rendront le produit unique et lumineux saveur historique.<\/p>\n","protected":false},"excerpt":{"rendered":"<p><strong>Dimensions:<\/strong> L1200 x H900 x P550<\/p>\n<p><strong> 3 tiroirs r\u00e9tractables<\/strong><\/p>\n","protected":false},"featured_media":16254,"template":"","meta":[],"product_cat":[158],"product_tag":[],"yoast_head":"<!-- This site is optimized with the Yoast SEO Premium plugin v20.7 (Yoast SEO v20.8) - https:\/\/yoast.com\/wordpress\/plugins\/seo\/ -->\n<title>Commode en bois Yves Fouquet sculpt\u00e9e pli\u00e9e -<\/title>\n<meta name=\"description\" content=\"Meubles anciens en bois. Commode int\u00e9rieure luxueuse dans le style de Louis XIV. Technologies d\u2019assemblage manuel vintage, raccords Fran\u00e7ais d\u2019\u00e9lite, design unique. Production en Ukraine - usine de meubles Yves Fouquet\" \/>\n<meta name=\"robots\" content=\"index, follow, max-snippet:-1, max-image-preview:large, max-video-preview:-1\" \/>\n<link rel=\"canonical\" href=\"https:\/\/yvesfouquet.com\/fr\/produit\/komodlouis-xiv-cm120-2\/\" \/>\n<meta property=\"og:locale\" content=\"fr_FR\" \/>\n<meta property=\"og:type\" content=\"article\" \/>\n<meta property=\"og:title\" content=\"Commode Louis XIV CM120\" \/>\n<meta property=\"og:description\" content=\"Meubles anciens en bois. Commode int\u00e9rieure luxueuse dans le style de Louis XIV. Technologies d\u2019assemblage manuel vintage, raccords Fran\u00e7ais d\u2019\u00e9lite, design unique. Production en Ukraine - usine de meubles Yves Fouquet\" \/>\n<meta property=\"og:url\" content=\"https:\/\/yvesfouquet.com\/fr\/produit\/komodlouis-xiv-cm120-2\/\" \/>\n<meta property=\"og:site_name\" content=\"Yves Fouquet\" \/>\n<meta property=\"article:publisher\" content=\"https:\/\/www.facebook.com\/boutiueyvesfouquet\" \/>\n<meta property=\"og:image\" content=\"https:\/\/yvesfouquet.com\/wp-content\/uploads\/2020\/10\/100.png\" \/>\n\t<meta property=\"og:image:width\" content=\"1080\" \/>\n\t<meta property=\"og:image:height\" content=\"1080\" \/>\n\t<meta property=\"og:image:type\" content=\"image\/png\" \/>\n<meta name=\"twitter:card\" content=\"summary_large_image\" \/>\n<meta name=\"twitter:label1\" content=\"Prix\" \/>\n\t<meta name=\"twitter:data1\" content=\"\" \/>\n\t<meta name=\"twitter:label2\" content=\"Disponibilit\u00e9\" \/>\n\t<meta name=\"twitter:data2\" content=\"En stock\" \/>\n<script type=\"application\/ld+json\" class=\"yoast-schema-graph\">{\"@context\":\"https:\/\/schema.org\",\"@graph\":[{\"@type\":[\"WebPage\",\"ItemPage\"],\"@id\":\"https:\/\/yvesfouquet.com\/fr\/produit\/komodlouis-xiv-cm120-2\/\",\"url\":\"https:\/\/yvesfouquet.com\/fr\/produit\/komodlouis-xiv-cm120-2\/\",\"name\":\"Commode en bois Yves Fouquet sculpt\u00e9e pli\u00e9e -\",\"isPartOf\":{\"@id\":\"https:\/\/yvesfouquet.com\/#website\"},\"datePublished\":\"2022-04-28T16:43:59+00:00\",\"dateModified\":\"2022-04-28T16:43:59+00:00\",\"description\":\"Meubles anciens en bois. Commode int\u00e9rieure luxueuse dans le style de Louis XIV. Technologies d\u2019assemblage manuel vintage, raccords Fran\u00e7ais d\u2019\u00e9lite, design unique. Production en Ukraine - usine de meubles Yves Fouquet\",\"breadcrumb\":{\"@id\":\"https:\/\/yvesfouquet.com\/fr\/produit\/komodlouis-xiv-cm120-2\/#breadcrumb\"},\"inLanguage\":\"fr-FR\",\"potentialAction\":[{\"@type\":\"ReadAction\",\"target\":[\"https:\/\/yvesfouquet.com\/fr\/produit\/komodlouis-xiv-cm120-2\/\"]}]},{\"@type\":\"BreadcrumbList\",\"@id\":\"https:\/\/yvesfouquet.com\/fr\/produit\/komodlouis-xiv-cm120-2\/#breadcrumb\",\"itemListElement\":[{\"@type\":\"ListItem\",\"position\":1,\"name\":\"\u0413\u043b\u0430\u0432\u043d\u0430\u044f\",\"item\":\"https:\/\/yvesfouquet.com\/fr\/\"},{\"@type\":\"ListItem\",\"position\":2,\"name\":\"Collections\",\"item\":\"https:\/\/yvesfouquet.com\/fr\/collections\/\"},{\"@type\":\"ListItem\",\"position\":3,\"name\":\"Commode Louis XIV CM120\"}]},{\"@type\":\"WebSite\",\"@id\":\"https:\/\/yvesfouquet.com\/#website\",\"url\":\"https:\/\/yvesfouquet.com\/\",\"name\":\"Yves Fouquet\",\"description\":\"\u0424\u0440\u0430\u043d\u0446\u0443\u0437\u0441\u043a\u0430\u044f \u043c\u0435\u0431\u0435\u043b\u044c\",\"potentialAction\":[{\"@type\":\"SearchAction\",\"target\":{\"@type\":\"EntryPoint\",\"urlTemplate\":\"https:\/\/yvesfouquet.com\/?s={search_term_string}\"},\"query-input\":\"required name=search_term_string\"}],\"inLanguage\":\"fr-FR\"}]}<\/script>\n<meta property=\"product:price:amount\" content=\"0\" \/>\n<meta property=\"product:price:currency\" content=\"EUR\" \/>\n<meta property=\"og:availability\" content=\"instock\" \/>\n<meta property=\"product:availability\" content=\"instock\" \/>\n<meta property=\"product:retailer_item_id\" content=\"CM120\" \/>\n<meta property=\"product:condition\" content=\"new\" \/>\n<!-- \/ Yoast SEO Premium plugin. -->","yoast_head_json":{"title":"Commode en bois Yves Fouquet sculpt\u00e9e pli\u00e9e -","description":"Meubles anciens en bois. Commode int\u00e9rieure luxueuse dans le style de Louis XIV. Technologies d\u2019assemblage manuel vintage, raccords Fran\u00e7ais d\u2019\u00e9lite, design unique. Production en Ukraine - usine de meubles Yves Fouquet","robots":{"index":"index","follow":"follow","max-snippet":"max-snippet:-1","max-image-preview":"max-image-preview:large","max-video-preview":"max-video-preview:-1"},"canonical":"https:\/\/yvesfouquet.com\/fr\/produit\/komodlouis-xiv-cm120-2\/","og_locale":"fr_FR","og_type":"article","og_title":"Commode Louis XIV CM120","og_description":"Meubles anciens en bois. Commode int\u00e9rieure luxueuse dans le style de Louis XIV. Technologies d\u2019assemblage manuel vintage, raccords Fran\u00e7ais d\u2019\u00e9lite, design unique. Production en Ukraine - usine de meubles Yves Fouquet","og_url":"https:\/\/yvesfouquet.com\/fr\/produit\/komodlouis-xiv-cm120-2\/","og_site_name":"Yves Fouquet","article_publisher":"https:\/\/www.facebook.com\/boutiueyvesfouquet","og_image":[{"width":1080,"height":1080,"url":"https:\/\/yvesfouquet.com\/wp-content\/uploads\/2020\/10\/100.png","type":"image\/png"}],"twitter_card":"summary_large_image","twitter_misc":{"Prix":"","Disponibilit\u00e9":"En stock"},"schema":{"@context":"https:\/\/schema.org","@graph":[{"@type":["WebPage","ItemPage"],"@id":"https:\/\/yvesfouquet.com\/fr\/produit\/komodlouis-xiv-cm120-2\/","url":"https:\/\/yvesfouquet.com\/fr\/produit\/komodlouis-xiv-cm120-2\/","name":"Commode en bois Yves Fouquet sculpt\u00e9e pli\u00e9e -","isPartOf":{"@id":"https:\/\/yvesfouquet.com\/#website"},"datePublished":"2022-04-28T16:43:59+00:00","dateModified":"2022-04-28T16:43:59+00:00","description":"Meubles anciens en bois. Commode int\u00e9rieure luxueuse dans le style de Louis XIV. Technologies d\u2019assemblage manuel vintage, raccords Fran\u00e7ais d\u2019\u00e9lite, design unique. Production en Ukraine - usine de meubles Yves Fouquet","breadcrumb":{"@id":"https:\/\/yvesfouquet.com\/fr\/produit\/komodlouis-xiv-cm120-2\/#breadcrumb"},"inLanguage":"fr-FR","potentialAction":[{"@type":"ReadAction","target":["https:\/\/yvesfouquet.com\/fr\/produit\/komodlouis-xiv-cm120-2\/"]}]},{"@type":"BreadcrumbList","@id":"https:\/\/yvesfouquet.com\/fr\/produit\/komodlouis-xiv-cm120-2\/#breadcrumb","itemListElement":[{"@type":"ListItem","position":1,"name":"\u0413\u043b\u0430\u0432\u043d\u0430\u044f","item":"https:\/\/yvesfouquet.com\/fr\/"},{"@type":"ListItem","position":2,"name":"Collections","item":"https:\/\/yvesfouquet.com\/fr\/collections\/"},{"@type":"ListItem","position":3,"name":"Commode Louis XIV CM120"}]},{"@type":"WebSite","@id":"https:\/\/yvesfouquet.com\/#website","url":"https:\/\/yvesfouquet.com\/","name":"Yves Fouquet","description":"\u0424\u0440\u0430\u043d\u0446\u0443\u0437\u0441\u043a\u0430\u044f \u043c\u0435\u0431\u0435\u043b\u044c","potentialAction":[{"@type":"SearchAction","target":{"@type":"EntryPoint","urlTemplate":"https:\/\/yvesfouquet.com\/?s={search_term_string}"},"query-input":"required name=search_term_string"}],"inLanguage":"fr-FR"}]},"product_price_currency":"EUR","og_availability":"instock","product_availability":"instock","product_retailer_item_id":"CM120","product_condition":"new"},"_links":{"self":[{"href":"https:\/\/yvesfouquet.com\/fr\/wp-json\/wp\/v2\/product\/18164"}],"collection":[{"href":"https:\/\/yvesfouquet.com\/fr\/wp-json\/wp\/v2\/product"}],"about":[{"href":"https:\/\/yvesfouquet.com\/fr\/wp-json\/wp\/v2\/types\/product"}],"version-history":[{"count":0,"href":"https:\/\/yvesfouquet.com\/fr\/wp-json\/wp\/v2\/product\/18164\/revisions"}],"wp:featuredmedia":[{"embeddable":true,"href":"https:\/\/yvesfouquet.com\/fr\/wp-json\/wp\/v2\/media\/16254"}],"wp:attachment":[{"href":"https:\/\/yvesfouquet.com\/fr\/wp-json\/wp\/v2\/media?parent=18164"}],"wp:term":[{"taxonomy":"product_cat","embeddable":true,"href":"https:\/\/yvesfouquet.com\/fr\/wp-json\/wp\/v2\/product_cat?post=18164"},{"taxonomy":"product_tag","embeddable":true,"href":"https:\/\/yvesfouquet.com\/fr\/wp-json\/wp\/v2\/product_tag?post=18164"}],"curies":[{"name":"wp","href":"https:\/\/api.w.org\/{rel}","templated":true}]}}