{"id":18165,"date":"2020-10-26T18:13:15","date_gmt":"2022-04-28T16:43:59","guid":{"rendered":"https:\/\/yvesfouquet.com\/commode-louis-xv-cm104\/"},"modified":"2022-04-28T19:43:59","modified_gmt":"2022-04-28T16:43:59","slug":"komod-louis-xv-cm104-2","status":"publish","type":"product","link":"https:\/\/yvesfouquet.com\/fr\/produit\/komod-louis-xv-cm104-2\/","title":{"rendered":"Commode Louis XV CM104"},"content":{"rendered":"<p>Les commodes design en bois naturel dans le style Louis XV sauront conqu\u00e9rir les connaisseurs de meubles vintage au design \u00e9l\u00e9gant, aux am\u00e9nagements \u00e9l\u00e9gants et aux couleurs inhabituelles. Pratique et pratique, il s\u2019adaptera parfaitement \u00e0 la situation, o\u00f9 il deviendra non seulement une d\u00e9coration lumineuse de l\u2019int\u00e9rieur, mais aussi une chose utile dans le m\u00e9nage.<\/p>\n<p>La commode antique en bois a deux tiroirs spacieux. Ils sont d\u00e9cor\u00e9s avec des accessoires \u00e9l\u00e9gants Fran\u00e7ais &#8211; des poign\u00e9es minces en forme de feuilles et des coussinets orn\u00e9s sur les trous de serrure.<\/p>\n<p>La fa\u00e7ade et les c\u00f4t\u00e9s de la commode sont pli\u00e9s, ce qui donne \u00e0 ses formes une belle rondeur. Il est soulign\u00e9 par les courbes gracieuses des jambes minces, les lignes sculpt\u00e9es des flancs et du tiroir inf\u00e9rieur.<\/p>\n<p>La commode de style vintage est faite \u00e0 la main. Lors de l\u2019assemblage, des technologies anciennes sont utilis\u00e9es &#8211; connexions \u00e0 pointes-rainures, queue d\u2019aronde, clous en bois. Les effets originaux du vieillissement artificiel conf\u00e8rent au mobilier une aristocratie et une saveur particuli\u00e8re.<\/p>\n<p>Encore plus unique est la commode qui fait la coloration. Selon les souhaits du client, il peut \u00eatre monophonique ou sous la forme d\u2019un motif lumineux. Gr\u00e2ce \u00e0 l\u2019\u00e9tude minutieuse de tous les d\u00e9tails, la commode vintage exclusive cr\u00e9\u00e9e par les ma\u00eetres de l\u2019usine de meubles Yves Fouquet s\u2019int\u00e9grera parfaitement dans vos int\u00e9rieurs.<\/p>\n","protected":false},"excerpt":{"rendered":"<p><strong>Dimensions:<\/strong> L1590 x H890 x P620<\/p>\n<p><strong>Description:<\/strong>Pli\u00e9, 2 tiroirs r\u00e9tractables<\/p>\n","protected":false},"featured_media":16096,"template":"","meta":[],"product_cat":[158],"product_tag":[],"yoast_head":"<!-- This site is optimized with the Yoast SEO Premium plugin v20.7 (Yoast SEO v20.8) - https:\/\/yoast.com\/wordpress\/plugins\/seo\/ -->\n<title>Commode en bois dans le style ancien de Louis XV - Yves Fouquet<\/title>\n<meta name=\"description\" content=\"Meubles Elite de style vintage sur commande. Assemblage manuel, raccords en bronze France, les meilleures vari\u00e9t\u00e9s de bois, technologies de vieillissement artificiel. Commode design en bois achet\u00e9e en Ukraine \u00e0 l\u2019usine Yves Fouquet\" \/>\n<meta name=\"robots\" content=\"index, follow, max-snippet:-1, max-image-preview:large, max-video-preview:-1\" \/>\n<link rel=\"canonical\" href=\"https:\/\/yvesfouquet.com\/fr\/produit\/komod-louis-xv-cm104-2\/\" \/>\n<meta property=\"og:locale\" content=\"fr_FR\" \/>\n<meta property=\"og:type\" content=\"article\" \/>\n<meta property=\"og:title\" content=\"Commode Louis XV CM104\" \/>\n<meta property=\"og:description\" content=\"Meubles Elite de style vintage sur commande. Assemblage manuel, raccords en bronze France, les meilleures vari\u00e9t\u00e9s de bois, technologies de vieillissement artificiel. Commode design en bois achet\u00e9e en Ukraine \u00e0 l\u2019usine Yves Fouquet\" \/>\n<meta property=\"og:url\" content=\"https:\/\/yvesfouquet.com\/fr\/produit\/komod-louis-xv-cm104-2\/\" \/>\n<meta property=\"og:site_name\" content=\"Yves Fouquet\" \/>\n<meta property=\"article:publisher\" content=\"https:\/\/www.facebook.com\/boutiueyvesfouquet\" \/>\n<meta property=\"og:image\" content=\"https:\/\/yvesfouquet.com\/wp-content\/uploads\/2020\/10\/57-1.png\" \/>\n\t<meta property=\"og:image:width\" content=\"1080\" \/>\n\t<meta property=\"og:image:height\" content=\"1080\" \/>\n\t<meta property=\"og:image:type\" content=\"image\/png\" \/>\n<meta name=\"twitter:card\" content=\"summary_large_image\" \/>\n<meta name=\"twitter:label1\" content=\"Prix\" \/>\n\t<meta name=\"twitter:data1\" content=\"\" \/>\n\t<meta name=\"twitter:label2\" content=\"Disponibilit\u00e9\" \/>\n\t<meta name=\"twitter:data2\" content=\"En stock\" \/>\n<script type=\"application\/ld+json\" class=\"yoast-schema-graph\">{\"@context\":\"https:\/\/schema.org\",\"@graph\":[{\"@type\":[\"WebPage\",\"ItemPage\"],\"@id\":\"https:\/\/yvesfouquet.com\/fr\/produit\/komod-louis-xv-cm104-2\/\",\"url\":\"https:\/\/yvesfouquet.com\/fr\/produit\/komod-louis-xv-cm104-2\/\",\"name\":\"Commode en bois dans le style ancien de Louis XV - Yves Fouquet\",\"isPartOf\":{\"@id\":\"https:\/\/yvesfouquet.com\/#website\"},\"datePublished\":\"2022-04-28T16:43:59+00:00\",\"dateModified\":\"2022-04-28T16:43:59+00:00\",\"description\":\"Meubles Elite de style vintage sur commande. Assemblage manuel, raccords en bronze France, les meilleures vari\u00e9t\u00e9s de bois, technologies de vieillissement artificiel. Commode design en bois achet\u00e9e en Ukraine \u00e0 l\u2019usine Yves Fouquet\",\"breadcrumb\":{\"@id\":\"https:\/\/yvesfouquet.com\/fr\/produit\/komod-louis-xv-cm104-2\/#breadcrumb\"},\"inLanguage\":\"fr-FR\",\"potentialAction\":[{\"@type\":\"ReadAction\",\"target\":[\"https:\/\/yvesfouquet.com\/fr\/produit\/komod-louis-xv-cm104-2\/\"]}]},{\"@type\":\"BreadcrumbList\",\"@id\":\"https:\/\/yvesfouquet.com\/fr\/produit\/komod-louis-xv-cm104-2\/#breadcrumb\",\"itemListElement\":[{\"@type\":\"ListItem\",\"position\":1,\"name\":\"\u0413\u043b\u0430\u0432\u043d\u0430\u044f\",\"item\":\"https:\/\/yvesfouquet.com\/fr\/\"},{\"@type\":\"ListItem\",\"position\":2,\"name\":\"Collections\",\"item\":\"https:\/\/yvesfouquet.com\/fr\/collections\/\"},{\"@type\":\"ListItem\",\"position\":3,\"name\":\"Commode Louis XV CM104\"}]},{\"@type\":\"WebSite\",\"@id\":\"https:\/\/yvesfouquet.com\/#website\",\"url\":\"https:\/\/yvesfouquet.com\/\",\"name\":\"Yves Fouquet\",\"description\":\"\u0424\u0440\u0430\u043d\u0446\u0443\u0437\u0441\u043a\u0430\u044f \u043c\u0435\u0431\u0435\u043b\u044c\",\"potentialAction\":[{\"@type\":\"SearchAction\",\"target\":{\"@type\":\"EntryPoint\",\"urlTemplate\":\"https:\/\/yvesfouquet.com\/?s={search_term_string}\"},\"query-input\":\"required name=search_term_string\"}],\"inLanguage\":\"fr-FR\"}]}<\/script>\n<meta property=\"product:price:amount\" content=\"0\" \/>\n<meta property=\"product:price:currency\" content=\"EUR\" \/>\n<meta property=\"og:availability\" content=\"instock\" \/>\n<meta property=\"product:availability\" content=\"instock\" \/>\n<meta property=\"product:retailer_item_id\" content=\"CM104\" \/>\n<meta property=\"product:condition\" content=\"new\" \/>\n<!-- \/ Yoast SEO Premium plugin. -->","yoast_head_json":{"title":"Commode en bois dans le style ancien de Louis XV - Yves Fouquet","description":"Meubles Elite de style vintage sur commande. Assemblage manuel, raccords en bronze France, les meilleures vari\u00e9t\u00e9s de bois, technologies de vieillissement artificiel. Commode design en bois achet\u00e9e en Ukraine \u00e0 l\u2019usine Yves Fouquet","robots":{"index":"index","follow":"follow","max-snippet":"max-snippet:-1","max-image-preview":"max-image-preview:large","max-video-preview":"max-video-preview:-1"},"canonical":"https:\/\/yvesfouquet.com\/fr\/produit\/komod-louis-xv-cm104-2\/","og_locale":"fr_FR","og_type":"article","og_title":"Commode Louis XV CM104","og_description":"Meubles Elite de style vintage sur commande. Assemblage manuel, raccords en bronze France, les meilleures vari\u00e9t\u00e9s de bois, technologies de vieillissement artificiel. Commode design en bois achet\u00e9e en Ukraine \u00e0 l\u2019usine Yves Fouquet","og_url":"https:\/\/yvesfouquet.com\/fr\/produit\/komod-louis-xv-cm104-2\/","og_site_name":"Yves Fouquet","article_publisher":"https:\/\/www.facebook.com\/boutiueyvesfouquet","og_image":[{"width":1080,"height":1080,"url":"https:\/\/yvesfouquet.com\/wp-content\/uploads\/2020\/10\/57-1.png","type":"image\/png"}],"twitter_card":"summary_large_image","twitter_misc":{"Prix":"","Disponibilit\u00e9":"En stock"},"schema":{"@context":"https:\/\/schema.org","@graph":[{"@type":["WebPage","ItemPage"],"@id":"https:\/\/yvesfouquet.com\/fr\/produit\/komod-louis-xv-cm104-2\/","url":"https:\/\/yvesfouquet.com\/fr\/produit\/komod-louis-xv-cm104-2\/","name":"Commode en bois dans le style ancien de Louis XV - Yves Fouquet","isPartOf":{"@id":"https:\/\/yvesfouquet.com\/#website"},"datePublished":"2022-04-28T16:43:59+00:00","dateModified":"2022-04-28T16:43:59+00:00","description":"Meubles Elite de style vintage sur commande. Assemblage manuel, raccords en bronze France, les meilleures vari\u00e9t\u00e9s de bois, technologies de vieillissement artificiel. Commode design en bois achet\u00e9e en Ukraine \u00e0 l\u2019usine Yves Fouquet","breadcrumb":{"@id":"https:\/\/yvesfouquet.com\/fr\/produit\/komod-louis-xv-cm104-2\/#breadcrumb"},"inLanguage":"fr-FR","potentialAction":[{"@type":"ReadAction","target":["https:\/\/yvesfouquet.com\/fr\/produit\/komod-louis-xv-cm104-2\/"]}]},{"@type":"BreadcrumbList","@id":"https:\/\/yvesfouquet.com\/fr\/produit\/komod-louis-xv-cm104-2\/#breadcrumb","itemListElement":[{"@type":"ListItem","position":1,"name":"\u0413\u043b\u0430\u0432\u043d\u0430\u044f","item":"https:\/\/yvesfouquet.com\/fr\/"},{"@type":"ListItem","position":2,"name":"Collections","item":"https:\/\/yvesfouquet.com\/fr\/collections\/"},{"@type":"ListItem","position":3,"name":"Commode Louis XV CM104"}]},{"@type":"WebSite","@id":"https:\/\/yvesfouquet.com\/#website","url":"https:\/\/yvesfouquet.com\/","name":"Yves Fouquet","description":"\u0424\u0440\u0430\u043d\u0446\u0443\u0437\u0441\u043a\u0430\u044f \u043c\u0435\u0431\u0435\u043b\u044c","potentialAction":[{"@type":"SearchAction","target":{"@type":"EntryPoint","urlTemplate":"https:\/\/yvesfouquet.com\/?s={search_term_string}"},"query-input":"required name=search_term_string"}],"inLanguage":"fr-FR"}]},"product_price_currency":"EUR","og_availability":"instock","product_availability":"instock","product_retailer_item_id":"CM104","product_condition":"new"},"_links":{"self":[{"href":"https:\/\/yvesfouquet.com\/fr\/wp-json\/wp\/v2\/product\/18165"}],"collection":[{"href":"https:\/\/yvesfouquet.com\/fr\/wp-json\/wp\/v2\/product"}],"about":[{"href":"https:\/\/yvesfouquet.com\/fr\/wp-json\/wp\/v2\/types\/product"}],"version-history":[{"count":0,"href":"https:\/\/yvesfouquet.com\/fr\/wp-json\/wp\/v2\/product\/18165\/revisions"}],"wp:featuredmedia":[{"embeddable":true,"href":"https:\/\/yvesfouquet.com\/fr\/wp-json\/wp\/v2\/media\/16096"}],"wp:attachment":[{"href":"https:\/\/yvesfouquet.com\/fr\/wp-json\/wp\/v2\/media?parent=18165"}],"wp:term":[{"taxonomy":"product_cat","embeddable":true,"href":"https:\/\/yvesfouquet.com\/fr\/wp-json\/wp\/v2\/product_cat?post=18165"},{"taxonomy":"product_tag","embeddable":true,"href":"https:\/\/yvesfouquet.com\/fr\/wp-json\/wp\/v2\/product_tag?post=18165"}],"curies":[{"name":"wp","href":"https:\/\/api.w.org\/{rel}","templated":true}]}}