{"id":18166,"date":"2020-10-26T21:04:05","date_gmt":"2022-04-28T16:44:00","guid":{"rendered":"https:\/\/yvesfouquet.com\/commode-cm117\/"},"modified":"2022-04-28T19:44:00","modified_gmt":"2022-04-28T16:44:00","slug":"komod-cm117-2","status":"publish","type":"product","link":"https:\/\/yvesfouquet.com\/fr\/produit\/komod-cm117-2\/","title":{"rendered":"Commode CM117"},"content":{"rendered":"<p>Nous portons \u00e0 votre attention un autre mod\u00e8le exclusif int\u00e9ressant des ma\u00eetres de l\u2019usine de meubles ukrainienne Yves Fouquet. Fabriqu\u00e9e dans le style ancien, une commode en bois faite \u00e0 la main compl\u00e8te parfaitement le mobilier vintage et, sans aucun doute, deviendra sa d\u00e9coration sp\u00e9ciale.<\/p>\n<p>La commode en bois naturel combine harmonieusement dans son design l\u2019\u00e9l\u00e9gance des courbes l\u00e9g\u00e8res et la s\u00e9v\u00e9rit\u00e9 des lignes droites. Ses trois tiroirs sont s\u00e9par\u00e9s et comme soulign\u00e9s par les lattes strictes du cadre. Les pieds ont une l\u00e9g\u00e8re courbure et une l\u00e9g\u00e8re extension vers le haut, ce qui rend la commode visuellement plus large. La partie centrale de la fa\u00e7ade est l\u00e9g\u00e8rement incurv\u00e9e, et ces contours sont r\u00e9p\u00e9t\u00e9s par un comptoir laqu\u00e9 fixe.<\/p>\n<p>Une commode spacieuse faite de tableau avec trois tiroirs est bonne non seulement pour son design \u00e9l\u00e9gant pour les antiquit\u00e9s, mais aussi pour sa praticit\u00e9. Il accueillera confortablement beaucoup de choses, il est donc parfait pour la chambre \u00e0 coucher, la chambre \u00e0 coucher, la chambre d\u2019enfant et le salon.<\/p>\n<p>Les meubles vintage ont l\u2019air inhabituel et cr\u00e9ent toujours leur propre atmosph\u00e8re particuli\u00e8re \u00e0 l\u2019int\u00e9rieur. La saveur subtile des \u00e9poques pass\u00e9es surgit gr\u00e2ce aux anciennes techniques d\u2019assemblage et aux effets de vieillissement. Fabriqu\u00e9e sur commande individuellement, la commode en bois aura la couleur, la taille et les accessoires dont vous avez besoin, de sorte qu\u2019elle s\u2019adaptera parfaitement \u00e0 la situation.<\/p>\n","protected":false},"excerpt":{"rendered":"<p><strong>Dimensions:<\/strong> L1116 x H860 x P540<\/p>\n<p><strong> 3 tiroirs r\u00e9tractables<\/strong><\/p>\n","protected":false},"featured_media":16228,"template":"","meta":[],"product_cat":[158],"product_tag":[],"yoast_head":"<!-- This site is optimized with the Yoast SEO Premium plugin v20.7 (Yoast SEO v20.8) - https:\/\/yoast.com\/wordpress\/plugins\/seo\/ -->\n<title>Commode en bois vintage construite \u00e0 la main sur mesure - Yves Fouquet<\/title>\n<meta name=\"description\" content=\"Commode int\u00e9rieure pour antiquit\u00e9s avec trois tiroirs. Meubles en bois Elite dans le salon, la chambre, le couloir, la cuisine. Technologie vintage construite \u00e0 la main. Production en Ukraine usine Yves Fouquet\" \/>\n<meta name=\"robots\" content=\"index, follow, max-snippet:-1, max-image-preview:large, max-video-preview:-1\" \/>\n<link rel=\"canonical\" href=\"https:\/\/yvesfouquet.com\/fr\/produit\/komod-cm117-2\/\" \/>\n<meta property=\"og:locale\" content=\"fr_FR\" \/>\n<meta property=\"og:type\" content=\"article\" \/>\n<meta property=\"og:title\" content=\"Commode CM117\" \/>\n<meta property=\"og:description\" content=\"Commode int\u00e9rieure pour antiquit\u00e9s avec trois tiroirs. Meubles en bois Elite dans le salon, la chambre, le couloir, la cuisine. Technologie vintage construite \u00e0 la main. Production en Ukraine usine Yves Fouquet\" \/>\n<meta property=\"og:url\" content=\"https:\/\/yvesfouquet.com\/fr\/produit\/komod-cm117-2\/\" \/>\n<meta property=\"og:site_name\" content=\"Yves Fouquet\" \/>\n<meta property=\"article:publisher\" content=\"https:\/\/www.facebook.com\/boutiueyvesfouquet\" \/>\n<meta property=\"og:image\" content=\"https:\/\/yvesfouquet.com\/wp-content\/uploads\/2020\/10\/90.png\" \/>\n\t<meta property=\"og:image:width\" content=\"1080\" \/>\n\t<meta property=\"og:image:height\" content=\"1080\" \/>\n\t<meta property=\"og:image:type\" content=\"image\/png\" \/>\n<meta name=\"twitter:card\" content=\"summary_large_image\" \/>\n<meta name=\"twitter:label1\" content=\"Prix\" \/>\n\t<meta name=\"twitter:data1\" content=\"\" \/>\n\t<meta name=\"twitter:label2\" content=\"Disponibilit\u00e9\" \/>\n\t<meta name=\"twitter:data2\" content=\"En stock\" \/>\n<script type=\"application\/ld+json\" class=\"yoast-schema-graph\">{\"@context\":\"https:\/\/schema.org\",\"@graph\":[{\"@type\":[\"WebPage\",\"ItemPage\"],\"@id\":\"https:\/\/yvesfouquet.com\/fr\/produit\/komod-cm117-2\/\",\"url\":\"https:\/\/yvesfouquet.com\/fr\/produit\/komod-cm117-2\/\",\"name\":\"Commode en bois vintage construite \u00e0 la main sur mesure - Yves Fouquet\",\"isPartOf\":{\"@id\":\"https:\/\/yvesfouquet.com\/#website\"},\"datePublished\":\"2022-04-28T16:44:00+00:00\",\"dateModified\":\"2022-04-28T16:44:00+00:00\",\"description\":\"Commode int\u00e9rieure pour antiquit\u00e9s avec trois tiroirs. Meubles en bois Elite dans le salon, la chambre, le couloir, la cuisine. Technologie vintage construite \u00e0 la main. Production en Ukraine usine Yves Fouquet\",\"breadcrumb\":{\"@id\":\"https:\/\/yvesfouquet.com\/fr\/produit\/komod-cm117-2\/#breadcrumb\"},\"inLanguage\":\"fr-FR\",\"potentialAction\":[{\"@type\":\"ReadAction\",\"target\":[\"https:\/\/yvesfouquet.com\/fr\/produit\/komod-cm117-2\/\"]}]},{\"@type\":\"BreadcrumbList\",\"@id\":\"https:\/\/yvesfouquet.com\/fr\/produit\/komod-cm117-2\/#breadcrumb\",\"itemListElement\":[{\"@type\":\"ListItem\",\"position\":1,\"name\":\"\u0413\u043b\u0430\u0432\u043d\u0430\u044f\",\"item\":\"https:\/\/yvesfouquet.com\/fr\/\"},{\"@type\":\"ListItem\",\"position\":2,\"name\":\"Collections\",\"item\":\"https:\/\/yvesfouquet.com\/fr\/collections\/\"},{\"@type\":\"ListItem\",\"position\":3,\"name\":\"Commode CM117\"}]},{\"@type\":\"WebSite\",\"@id\":\"https:\/\/yvesfouquet.com\/#website\",\"url\":\"https:\/\/yvesfouquet.com\/\",\"name\":\"Yves Fouquet\",\"description\":\"\u0424\u0440\u0430\u043d\u0446\u0443\u0437\u0441\u043a\u0430\u044f \u043c\u0435\u0431\u0435\u043b\u044c\",\"potentialAction\":[{\"@type\":\"SearchAction\",\"target\":{\"@type\":\"EntryPoint\",\"urlTemplate\":\"https:\/\/yvesfouquet.com\/?s={search_term_string}\"},\"query-input\":\"required name=search_term_string\"}],\"inLanguage\":\"fr-FR\"}]}<\/script>\n<meta property=\"product:price:amount\" content=\"0\" \/>\n<meta property=\"product:price:currency\" content=\"EUR\" \/>\n<meta property=\"og:availability\" content=\"instock\" \/>\n<meta property=\"product:availability\" content=\"instock\" \/>\n<meta property=\"product:retailer_item_id\" content=\"CM117\" \/>\n<meta property=\"product:condition\" content=\"new\" \/>\n<!-- \/ Yoast SEO Premium plugin. -->","yoast_head_json":{"title":"Commode en bois vintage construite \u00e0 la main sur mesure - Yves Fouquet","description":"Commode int\u00e9rieure pour antiquit\u00e9s avec trois tiroirs. Meubles en bois Elite dans le salon, la chambre, le couloir, la cuisine. Technologie vintage construite \u00e0 la main. Production en Ukraine usine Yves Fouquet","robots":{"index":"index","follow":"follow","max-snippet":"max-snippet:-1","max-image-preview":"max-image-preview:large","max-video-preview":"max-video-preview:-1"},"canonical":"https:\/\/yvesfouquet.com\/fr\/produit\/komod-cm117-2\/","og_locale":"fr_FR","og_type":"article","og_title":"Commode CM117","og_description":"Commode int\u00e9rieure pour antiquit\u00e9s avec trois tiroirs. Meubles en bois Elite dans le salon, la chambre, le couloir, la cuisine. Technologie vintage construite \u00e0 la main. Production en Ukraine usine Yves Fouquet","og_url":"https:\/\/yvesfouquet.com\/fr\/produit\/komod-cm117-2\/","og_site_name":"Yves Fouquet","article_publisher":"https:\/\/www.facebook.com\/boutiueyvesfouquet","og_image":[{"width":1080,"height":1080,"url":"https:\/\/yvesfouquet.com\/wp-content\/uploads\/2020\/10\/90.png","type":"image\/png"}],"twitter_card":"summary_large_image","twitter_misc":{"Prix":"","Disponibilit\u00e9":"En stock"},"schema":{"@context":"https:\/\/schema.org","@graph":[{"@type":["WebPage","ItemPage"],"@id":"https:\/\/yvesfouquet.com\/fr\/produit\/komod-cm117-2\/","url":"https:\/\/yvesfouquet.com\/fr\/produit\/komod-cm117-2\/","name":"Commode en bois vintage construite \u00e0 la main sur mesure - Yves Fouquet","isPartOf":{"@id":"https:\/\/yvesfouquet.com\/#website"},"datePublished":"2022-04-28T16:44:00+00:00","dateModified":"2022-04-28T16:44:00+00:00","description":"Commode int\u00e9rieure pour antiquit\u00e9s avec trois tiroirs. Meubles en bois Elite dans le salon, la chambre, le couloir, la cuisine. Technologie vintage construite \u00e0 la main. Production en Ukraine usine Yves Fouquet","breadcrumb":{"@id":"https:\/\/yvesfouquet.com\/fr\/produit\/komod-cm117-2\/#breadcrumb"},"inLanguage":"fr-FR","potentialAction":[{"@type":"ReadAction","target":["https:\/\/yvesfouquet.com\/fr\/produit\/komod-cm117-2\/"]}]},{"@type":"BreadcrumbList","@id":"https:\/\/yvesfouquet.com\/fr\/produit\/komod-cm117-2\/#breadcrumb","itemListElement":[{"@type":"ListItem","position":1,"name":"\u0413\u043b\u0430\u0432\u043d\u0430\u044f","item":"https:\/\/yvesfouquet.com\/fr\/"},{"@type":"ListItem","position":2,"name":"Collections","item":"https:\/\/yvesfouquet.com\/fr\/collections\/"},{"@type":"ListItem","position":3,"name":"Commode CM117"}]},{"@type":"WebSite","@id":"https:\/\/yvesfouquet.com\/#website","url":"https:\/\/yvesfouquet.com\/","name":"Yves Fouquet","description":"\u0424\u0440\u0430\u043d\u0446\u0443\u0437\u0441\u043a\u0430\u044f \u043c\u0435\u0431\u0435\u043b\u044c","potentialAction":[{"@type":"SearchAction","target":{"@type":"EntryPoint","urlTemplate":"https:\/\/yvesfouquet.com\/?s={search_term_string}"},"query-input":"required name=search_term_string"}],"inLanguage":"fr-FR"}]},"product_price_currency":"EUR","og_availability":"instock","product_availability":"instock","product_retailer_item_id":"CM117","product_condition":"new"},"_links":{"self":[{"href":"https:\/\/yvesfouquet.com\/fr\/wp-json\/wp\/v2\/product\/18166"}],"collection":[{"href":"https:\/\/yvesfouquet.com\/fr\/wp-json\/wp\/v2\/product"}],"about":[{"href":"https:\/\/yvesfouquet.com\/fr\/wp-json\/wp\/v2\/types\/product"}],"version-history":[{"count":0,"href":"https:\/\/yvesfouquet.com\/fr\/wp-json\/wp\/v2\/product\/18166\/revisions"}],"wp:featuredmedia":[{"embeddable":true,"href":"https:\/\/yvesfouquet.com\/fr\/wp-json\/wp\/v2\/media\/16228"}],"wp:attachment":[{"href":"https:\/\/yvesfouquet.com\/fr\/wp-json\/wp\/v2\/media?parent=18166"}],"wp:term":[{"taxonomy":"product_cat","embeddable":true,"href":"https:\/\/yvesfouquet.com\/fr\/wp-json\/wp\/v2\/product_cat?post=18166"},{"taxonomy":"product_tag","embeddable":true,"href":"https:\/\/yvesfouquet.com\/fr\/wp-json\/wp\/v2\/product_tag?post=18166"}],"curies":[{"name":"wp","href":"https:\/\/api.w.org\/{rel}","templated":true}]}}