{"id":18167,"date":"2020-10-26T18:13:48","date_gmt":"2022-04-28T16:44:01","guid":{"rendered":"https:\/\/yvesfouquet.com\/commode-louis-xv-cm105s\/"},"modified":"2022-04-28T19:44:01","modified_gmt":"2022-04-28T16:44:01","slug":"komod-louis-xv-cm105s-2","status":"publish","type":"product","link":"https:\/\/yvesfouquet.com\/fr\/produit\/komod-louis-xv-cm105s-2\/","title":{"rendered":"Commode Louis XV CM105s"},"content":{"rendered":"<p>Fabriqu\u00e9e dans le style Louis XV, une petite commode \u00e9l\u00e9gante en bois naturel s\u2019int\u00e9grera parfaitement dans les int\u00e9rieurs de votre maison. Fabriqu\u00e9 en pleine conformit\u00e9 avec l\u2019\u00e9poque historique, il deviendra sans aucun doute une merveilleuse d\u00e9coration de l\u2019environnement de conception.<\/p>\n<p>La commode laqu\u00e9e en bois massif a une forme l\u00e9g\u00e8rement arrondie. Petit et confortable, il aura fi\u00e8re allure dans le salon et dans la chambre \u00e0 coucher. Ses deux tiroirs sont assez spacieux, ils sont parfaits pour ranger diff\u00e9rentes choses. Un comptoir est un bon endroit pour un lampadaire, un d\u00e9cor int\u00e9rieur ou des articles de toilette.<\/p>\n<p>La fa\u00e7ade de la commode en bois est d\u00e9cor\u00e9e de sculptures luxuriantes faites \u00e0 la main. Avec ses formes, il ressemble \u00e0 d\u2019anciens monogrammes aristocratiques. La sculpture originale d\u00e9core \u00e9galement les pieds et tisse le fond de la commode. Soulignez la sophistication des poign\u00e9es rondes \u00e9l\u00e9gantes, des coussinets sur les trous de serrure et les pieds &#8211; de magnifiques accessoires de Fran\u00e7ais production.<\/p>\n<p>Des meubles design exclusifs sont assembl\u00e9s \u00e0 l\u2019usine Yves Fouquet sous la commande individuelle. Toutes les op\u00e9rations sont effectu\u00e9es manuellement, en utilisant des technologies anciennes et en observant les caract\u00e9ristiques de l\u2019assemblage manuel. L\u2019utilisation comp\u00e9tente des techniques de vieillissement conf\u00e8re au mobilier une touche subtile de vintage et lui conf\u00e8re un charme historique unique.<\/p>\n","protected":false},"excerpt":{"rendered":"<p><strong>Dimensions:<\/strong> L835 x H890 x P500<\/p>\n<p><strong>Description:<\/strong> pli\u00e9 avec filetage, 2 tiroirs r\u00e9tractables<\/p>\n","protected":false},"featured_media":16120,"template":"","meta":[],"product_cat":[158],"product_tag":[],"yoast_head":"<!-- This site is optimized with the Yoast SEO Premium plugin v20.7 (Yoast SEO v20.8) - https:\/\/yoast.com\/wordpress\/plugins\/seo\/ -->\n<title>Luxueuse commode en bois dans le style de Louis - Yves Fouquet<\/title>\n<meta name=\"description\" content=\"Meubles design d\u2019\u00e9lite \u00e0 commander en Ukraine. Commode sculpt\u00e9e en bois naturel dans le style ancien. Accessoires France, sculpture d\u00e9corative, montage manuel. Usine de meubles de production Yves Fouquet\" \/>\n<meta name=\"robots\" content=\"index, follow, max-snippet:-1, max-image-preview:large, max-video-preview:-1\" \/>\n<link rel=\"canonical\" href=\"https:\/\/yvesfouquet.com\/fr\/produit\/komod-louis-xv-cm105s-2\/\" \/>\n<meta property=\"og:locale\" content=\"fr_FR\" \/>\n<meta property=\"og:type\" content=\"article\" \/>\n<meta property=\"og:title\" content=\"Commode Louis XV CM105s\" \/>\n<meta property=\"og:description\" content=\"Meubles design d\u2019\u00e9lite \u00e0 commander en Ukraine. Commode sculpt\u00e9e en bois naturel dans le style ancien. Accessoires France, sculpture d\u00e9corative, montage manuel. Usine de meubles de production Yves Fouquet\" \/>\n<meta property=\"og:url\" content=\"https:\/\/yvesfouquet.com\/fr\/produit\/komod-louis-xv-cm105s-2\/\" \/>\n<meta property=\"og:site_name\" content=\"Yves Fouquet\" \/>\n<meta property=\"article:publisher\" content=\"https:\/\/www.facebook.com\/boutiueyvesfouquet\" \/>\n<meta property=\"og:image\" content=\"https:\/\/yvesfouquet.com\/wp-content\/uploads\/2020\/10\/60.png\" \/>\n\t<meta property=\"og:image:width\" content=\"1080\" \/>\n\t<meta property=\"og:image:height\" content=\"1080\" \/>\n\t<meta property=\"og:image:type\" content=\"image\/png\" \/>\n<meta name=\"twitter:card\" content=\"summary_large_image\" \/>\n<meta name=\"twitter:label1\" content=\"Prix\" \/>\n\t<meta name=\"twitter:data1\" content=\"\" \/>\n\t<meta name=\"twitter:label2\" content=\"Disponibilit\u00e9\" \/>\n\t<meta name=\"twitter:data2\" content=\"En stock\" \/>\n<script type=\"application\/ld+json\" class=\"yoast-schema-graph\">{\"@context\":\"https:\/\/schema.org\",\"@graph\":[{\"@type\":[\"WebPage\",\"ItemPage\"],\"@id\":\"https:\/\/yvesfouquet.com\/fr\/produit\/komod-louis-xv-cm105s-2\/\",\"url\":\"https:\/\/yvesfouquet.com\/fr\/produit\/komod-louis-xv-cm105s-2\/\",\"name\":\"Luxueuse commode en bois dans le style de Louis - Yves Fouquet\",\"isPartOf\":{\"@id\":\"https:\/\/yvesfouquet.com\/#website\"},\"datePublished\":\"2022-04-28T16:44:01+00:00\",\"dateModified\":\"2022-04-28T16:44:01+00:00\",\"description\":\"Meubles design d\u2019\u00e9lite \u00e0 commander en Ukraine. Commode sculpt\u00e9e en bois naturel dans le style ancien. Accessoires France, sculpture d\u00e9corative, montage manuel. Usine de meubles de production Yves Fouquet\",\"breadcrumb\":{\"@id\":\"https:\/\/yvesfouquet.com\/fr\/produit\/komod-louis-xv-cm105s-2\/#breadcrumb\"},\"inLanguage\":\"fr-FR\",\"potentialAction\":[{\"@type\":\"ReadAction\",\"target\":[\"https:\/\/yvesfouquet.com\/fr\/produit\/komod-louis-xv-cm105s-2\/\"]}]},{\"@type\":\"BreadcrumbList\",\"@id\":\"https:\/\/yvesfouquet.com\/fr\/produit\/komod-louis-xv-cm105s-2\/#breadcrumb\",\"itemListElement\":[{\"@type\":\"ListItem\",\"position\":1,\"name\":\"\u0413\u043b\u0430\u0432\u043d\u0430\u044f\",\"item\":\"https:\/\/yvesfouquet.com\/fr\/\"},{\"@type\":\"ListItem\",\"position\":2,\"name\":\"Collections\",\"item\":\"https:\/\/yvesfouquet.com\/fr\/collections\/\"},{\"@type\":\"ListItem\",\"position\":3,\"name\":\"Commode Louis XV CM105s\"}]},{\"@type\":\"WebSite\",\"@id\":\"https:\/\/yvesfouquet.com\/#website\",\"url\":\"https:\/\/yvesfouquet.com\/\",\"name\":\"Yves Fouquet\",\"description\":\"\u0424\u0440\u0430\u043d\u0446\u0443\u0437\u0441\u043a\u0430\u044f \u043c\u0435\u0431\u0435\u043b\u044c\",\"potentialAction\":[{\"@type\":\"SearchAction\",\"target\":{\"@type\":\"EntryPoint\",\"urlTemplate\":\"https:\/\/yvesfouquet.com\/?s={search_term_string}\"},\"query-input\":\"required name=search_term_string\"}],\"inLanguage\":\"fr-FR\"}]}<\/script>\n<meta property=\"product:price:amount\" content=\"0\" \/>\n<meta property=\"product:price:currency\" content=\"EUR\" \/>\n<meta property=\"og:availability\" content=\"instock\" \/>\n<meta property=\"product:availability\" content=\"instock\" \/>\n<meta property=\"product:retailer_item_id\" content=\"CM105S\" \/>\n<meta property=\"product:condition\" content=\"new\" \/>\n<!-- \/ Yoast SEO Premium plugin. -->","yoast_head_json":{"title":"Luxueuse commode en bois dans le style de Louis - Yves Fouquet","description":"Meubles design d\u2019\u00e9lite \u00e0 commander en Ukraine. Commode sculpt\u00e9e en bois naturel dans le style ancien. Accessoires France, sculpture d\u00e9corative, montage manuel. Usine de meubles de production Yves Fouquet","robots":{"index":"index","follow":"follow","max-snippet":"max-snippet:-1","max-image-preview":"max-image-preview:large","max-video-preview":"max-video-preview:-1"},"canonical":"https:\/\/yvesfouquet.com\/fr\/produit\/komod-louis-xv-cm105s-2\/","og_locale":"fr_FR","og_type":"article","og_title":"Commode Louis XV CM105s","og_description":"Meubles design d\u2019\u00e9lite \u00e0 commander en Ukraine. Commode sculpt\u00e9e en bois naturel dans le style ancien. Accessoires France, sculpture d\u00e9corative, montage manuel. Usine de meubles de production Yves Fouquet","og_url":"https:\/\/yvesfouquet.com\/fr\/produit\/komod-louis-xv-cm105s-2\/","og_site_name":"Yves Fouquet","article_publisher":"https:\/\/www.facebook.com\/boutiueyvesfouquet","og_image":[{"width":1080,"height":1080,"url":"https:\/\/yvesfouquet.com\/wp-content\/uploads\/2020\/10\/60.png","type":"image\/png"}],"twitter_card":"summary_large_image","twitter_misc":{"Prix":"","Disponibilit\u00e9":"En stock"},"schema":{"@context":"https:\/\/schema.org","@graph":[{"@type":["WebPage","ItemPage"],"@id":"https:\/\/yvesfouquet.com\/fr\/produit\/komod-louis-xv-cm105s-2\/","url":"https:\/\/yvesfouquet.com\/fr\/produit\/komod-louis-xv-cm105s-2\/","name":"Luxueuse commode en bois dans le style de Louis - Yves Fouquet","isPartOf":{"@id":"https:\/\/yvesfouquet.com\/#website"},"datePublished":"2022-04-28T16:44:01+00:00","dateModified":"2022-04-28T16:44:01+00:00","description":"Meubles design d\u2019\u00e9lite \u00e0 commander en Ukraine. Commode sculpt\u00e9e en bois naturel dans le style ancien. Accessoires France, sculpture d\u00e9corative, montage manuel. Usine de meubles de production Yves Fouquet","breadcrumb":{"@id":"https:\/\/yvesfouquet.com\/fr\/produit\/komod-louis-xv-cm105s-2\/#breadcrumb"},"inLanguage":"fr-FR","potentialAction":[{"@type":"ReadAction","target":["https:\/\/yvesfouquet.com\/fr\/produit\/komod-louis-xv-cm105s-2\/"]}]},{"@type":"BreadcrumbList","@id":"https:\/\/yvesfouquet.com\/fr\/produit\/komod-louis-xv-cm105s-2\/#breadcrumb","itemListElement":[{"@type":"ListItem","position":1,"name":"\u0413\u043b\u0430\u0432\u043d\u0430\u044f","item":"https:\/\/yvesfouquet.com\/fr\/"},{"@type":"ListItem","position":2,"name":"Collections","item":"https:\/\/yvesfouquet.com\/fr\/collections\/"},{"@type":"ListItem","position":3,"name":"Commode Louis XV CM105s"}]},{"@type":"WebSite","@id":"https:\/\/yvesfouquet.com\/#website","url":"https:\/\/yvesfouquet.com\/","name":"Yves Fouquet","description":"\u0424\u0440\u0430\u043d\u0446\u0443\u0437\u0441\u043a\u0430\u044f \u043c\u0435\u0431\u0435\u043b\u044c","potentialAction":[{"@type":"SearchAction","target":{"@type":"EntryPoint","urlTemplate":"https:\/\/yvesfouquet.com\/?s={search_term_string}"},"query-input":"required name=search_term_string"}],"inLanguage":"fr-FR"}]},"product_price_currency":"EUR","og_availability":"instock","product_availability":"instock","product_retailer_item_id":"CM105S","product_condition":"new"},"_links":{"self":[{"href":"https:\/\/yvesfouquet.com\/fr\/wp-json\/wp\/v2\/product\/18167"}],"collection":[{"href":"https:\/\/yvesfouquet.com\/fr\/wp-json\/wp\/v2\/product"}],"about":[{"href":"https:\/\/yvesfouquet.com\/fr\/wp-json\/wp\/v2\/types\/product"}],"version-history":[{"count":0,"href":"https:\/\/yvesfouquet.com\/fr\/wp-json\/wp\/v2\/product\/18167\/revisions"}],"wp:featuredmedia":[{"embeddable":true,"href":"https:\/\/yvesfouquet.com\/fr\/wp-json\/wp\/v2\/media\/16120"}],"wp:attachment":[{"href":"https:\/\/yvesfouquet.com\/fr\/wp-json\/wp\/v2\/media?parent=18167"}],"wp:term":[{"taxonomy":"product_cat","embeddable":true,"href":"https:\/\/yvesfouquet.com\/fr\/wp-json\/wp\/v2\/product_cat?post=18167"},{"taxonomy":"product_tag","embeddable":true,"href":"https:\/\/yvesfouquet.com\/fr\/wp-json\/wp\/v2\/product_tag?post=18167"}],"curies":[{"name":"wp","href":"https:\/\/api.w.org\/{rel}","templated":true}]}}