{"id":18170,"date":"2020-10-26T18:12:52","date_gmt":"2022-04-28T16:44:01","guid":{"rendered":"https:\/\/yvesfouquet.com\/commode-directoire-cm101\/"},"modified":"2022-04-28T19:44:01","modified_gmt":"2022-04-28T16:44:01","slug":"komod-directoire-cm101-2","status":"publish","type":"product","link":"https:\/\/yvesfouquet.com\/fr\/produit\/komod-directoire-cm101-2\/","title":{"rendered":"Commode Directoire CM101"},"content":{"rendered":"<p>Voulez-vous d\u00e9corer la maison avec des meubles originaux dans le style ancien? Choisissez une commode en bois vintage inspir\u00e9e du r\u00e9pertoire Fran\u00e7ais. La noblesse des lignes claires, la s\u00e9v\u00e9rit\u00e9 des formes et la fonctionnalit\u00e9 sont les caract\u00e9ristiques distinctives de ce mod\u00e8le. Cr\u00e9\u00e9 par les ma\u00eetres de l\u2019usine Yves Fouquet mobilier d\u2019int\u00e9rieur en bois massif, sera sans aucun doute le clou de votre ameublement.<\/p>\n<p>La commode antique est \u00e9quip\u00e9e de deux spacieux, divis\u00e9s par un tiroir de bar avec bordure contrastante. Le comptoir de l\u2019ensemble a un motif de parquet traditionnel pour les meubles anciens. Son espace utile peut \u00eatre facilement agrandi \u00e0 l\u2019aide d\u2019une \u00e9tag\u00e8re r\u00e9tractable.<\/p>\n<p>Le bas de la fa\u00e7ade est d\u00e9cor\u00e9 de petites sculptures faites \u00e0 la main. Les poign\u00e9es et les coussinets en bronze sur les trous de serrure ont l\u2019air sobres et \u00e9l\u00e9gants &#8211; accessoires exclusifs de Fran\u00e7ais production. Le chic historique du produit est ajout\u00e9 par les effets du vieillissement artificiel et des technologies traditionnelles assembl\u00e9es \u00e0 la main.<\/p>\n<p>Pratiques et \u00e9l\u00e9gantes, les commodes en bois naturel ont longtemps conquis le c\u0153ur des vrais connaisseurs du design d\u2019int\u00e9rieur. Un mobilier unique sur mesure pour les antiquit\u00e9s fait l\u2019objet d\u2019une demande particuli\u00e8re. Tous nos produits sont assembl\u00e9s en tenant compte des souhaits individuels du client, de sorte qu\u2019ils s\u2019int\u00e8grent toujours parfaitement dans l\u2019int\u00e9rieur de l\u2019auteur.<\/p>\n","protected":false},"excerpt":{"rendered":"<p><strong>Dimensions:<\/strong> L1180 x H850 x P510<\/p>\n<p><strong> 2 tiroirs r\u00e9tractables et 1 planche r\u00e9tractable<\/strong><\/p>\n","protected":false},"featured_media":16052,"template":"","meta":[],"product_cat":[158],"product_tag":[],"yoast_head":"<!-- This site is optimized with the Yoast SEO Premium plugin v20.7 (Yoast SEO v20.8) - https:\/\/yoast.com\/wordpress\/plugins\/seo\/ -->\n<title>Commode en bois antique avec set top - Yves Fouquet<\/title>\n<meta name=\"description\" content=\"Meubles de haute qualit\u00e9 en bois naturel sous la commande de l\u2019usine Yves Fouquet Ukraine. Assemblage manuel, raccords Fran\u00e7ais d\u2019\u00e9lite, technologies anciennes.\" \/>\n<meta name=\"robots\" content=\"index, follow, max-snippet:-1, max-image-preview:large, max-video-preview:-1\" \/>\n<link rel=\"canonical\" href=\"https:\/\/yvesfouquet.com\/fr\/produit\/komod-directoire-cm101-2\/\" \/>\n<meta property=\"og:locale\" content=\"fr_FR\" \/>\n<meta property=\"og:type\" content=\"article\" \/>\n<meta property=\"og:title\" content=\"Commode Directoire CM101\" \/>\n<meta property=\"og:description\" content=\"Meubles de haute qualit\u00e9 en bois naturel sous la commande de l\u2019usine Yves Fouquet Ukraine. Assemblage manuel, raccords Fran\u00e7ais d\u2019\u00e9lite, technologies anciennes.\" \/>\n<meta property=\"og:url\" content=\"https:\/\/yvesfouquet.com\/fr\/produit\/komod-directoire-cm101-2\/\" \/>\n<meta property=\"og:site_name\" content=\"Yves Fouquet\" \/>\n<meta property=\"article:publisher\" content=\"https:\/\/www.facebook.com\/boutiueyvesfouquet\" \/>\n<meta property=\"og:image\" content=\"https:\/\/yvesfouquet.com\/wp-content\/uploads\/2020\/10\/42.png\" \/>\n\t<meta property=\"og:image:width\" content=\"1080\" \/>\n\t<meta property=\"og:image:height\" content=\"1080\" \/>\n\t<meta property=\"og:image:type\" content=\"image\/png\" \/>\n<meta name=\"twitter:card\" content=\"summary_large_image\" \/>\n<meta name=\"twitter:label1\" content=\"Prix\" \/>\n\t<meta name=\"twitter:data1\" content=\"\" \/>\n\t<meta name=\"twitter:label2\" content=\"Disponibilit\u00e9\" \/>\n\t<meta name=\"twitter:data2\" content=\"En stock\" \/>\n<script type=\"application\/ld+json\" class=\"yoast-schema-graph\">{\"@context\":\"https:\/\/schema.org\",\"@graph\":[{\"@type\":[\"WebPage\",\"ItemPage\"],\"@id\":\"https:\/\/yvesfouquet.com\/fr\/produit\/komod-directoire-cm101-2\/\",\"url\":\"https:\/\/yvesfouquet.com\/fr\/produit\/komod-directoire-cm101-2\/\",\"name\":\"Commode en bois antique avec set top - Yves Fouquet\",\"isPartOf\":{\"@id\":\"https:\/\/yvesfouquet.com\/#website\"},\"datePublished\":\"2022-04-28T16:44:01+00:00\",\"dateModified\":\"2022-04-28T16:44:01+00:00\",\"description\":\"Meubles de haute qualit\u00e9 en bois naturel sous la commande de l\u2019usine Yves Fouquet Ukraine. Assemblage manuel, raccords Fran\u00e7ais d\u2019\u00e9lite, technologies anciennes.\",\"breadcrumb\":{\"@id\":\"https:\/\/yvesfouquet.com\/fr\/produit\/komod-directoire-cm101-2\/#breadcrumb\"},\"inLanguage\":\"fr-FR\",\"potentialAction\":[{\"@type\":\"ReadAction\",\"target\":[\"https:\/\/yvesfouquet.com\/fr\/produit\/komod-directoire-cm101-2\/\"]}]},{\"@type\":\"BreadcrumbList\",\"@id\":\"https:\/\/yvesfouquet.com\/fr\/produit\/komod-directoire-cm101-2\/#breadcrumb\",\"itemListElement\":[{\"@type\":\"ListItem\",\"position\":1,\"name\":\"\u0413\u043b\u0430\u0432\u043d\u0430\u044f\",\"item\":\"https:\/\/yvesfouquet.com\/fr\/\"},{\"@type\":\"ListItem\",\"position\":2,\"name\":\"Collections\",\"item\":\"https:\/\/yvesfouquet.com\/fr\/collections\/\"},{\"@type\":\"ListItem\",\"position\":3,\"name\":\"Commode Directoire CM101\"}]},{\"@type\":\"WebSite\",\"@id\":\"https:\/\/yvesfouquet.com\/#website\",\"url\":\"https:\/\/yvesfouquet.com\/\",\"name\":\"Yves Fouquet\",\"description\":\"\u0424\u0440\u0430\u043d\u0446\u0443\u0437\u0441\u043a\u0430\u044f \u043c\u0435\u0431\u0435\u043b\u044c\",\"potentialAction\":[{\"@type\":\"SearchAction\",\"target\":{\"@type\":\"EntryPoint\",\"urlTemplate\":\"https:\/\/yvesfouquet.com\/?s={search_term_string}\"},\"query-input\":\"required name=search_term_string\"}],\"inLanguage\":\"fr-FR\"}]}<\/script>\n<meta property=\"product:price:amount\" content=\"0\" \/>\n<meta property=\"product:price:currency\" content=\"EUR\" \/>\n<meta property=\"og:availability\" content=\"instock\" \/>\n<meta property=\"product:availability\" content=\"instock\" \/>\n<meta property=\"product:retailer_item_id\" content=\"CM101\" \/>\n<meta property=\"product:condition\" content=\"new\" \/>\n<!-- \/ Yoast SEO Premium plugin. -->","yoast_head_json":{"title":"Commode en bois antique avec set top - Yves Fouquet","description":"Meubles de haute qualit\u00e9 en bois naturel sous la commande de l\u2019usine Yves Fouquet Ukraine. Assemblage manuel, raccords Fran\u00e7ais d\u2019\u00e9lite, technologies anciennes.","robots":{"index":"index","follow":"follow","max-snippet":"max-snippet:-1","max-image-preview":"max-image-preview:large","max-video-preview":"max-video-preview:-1"},"canonical":"https:\/\/yvesfouquet.com\/fr\/produit\/komod-directoire-cm101-2\/","og_locale":"fr_FR","og_type":"article","og_title":"Commode Directoire CM101","og_description":"Meubles de haute qualit\u00e9 en bois naturel sous la commande de l\u2019usine Yves Fouquet Ukraine. Assemblage manuel, raccords Fran\u00e7ais d\u2019\u00e9lite, technologies anciennes.","og_url":"https:\/\/yvesfouquet.com\/fr\/produit\/komod-directoire-cm101-2\/","og_site_name":"Yves Fouquet","article_publisher":"https:\/\/www.facebook.com\/boutiueyvesfouquet","og_image":[{"width":1080,"height":1080,"url":"https:\/\/yvesfouquet.com\/wp-content\/uploads\/2020\/10\/42.png","type":"image\/png"}],"twitter_card":"summary_large_image","twitter_misc":{"Prix":"","Disponibilit\u00e9":"En stock"},"schema":{"@context":"https:\/\/schema.org","@graph":[{"@type":["WebPage","ItemPage"],"@id":"https:\/\/yvesfouquet.com\/fr\/produit\/komod-directoire-cm101-2\/","url":"https:\/\/yvesfouquet.com\/fr\/produit\/komod-directoire-cm101-2\/","name":"Commode en bois antique avec set top - Yves Fouquet","isPartOf":{"@id":"https:\/\/yvesfouquet.com\/#website"},"datePublished":"2022-04-28T16:44:01+00:00","dateModified":"2022-04-28T16:44:01+00:00","description":"Meubles de haute qualit\u00e9 en bois naturel sous la commande de l\u2019usine Yves Fouquet Ukraine. Assemblage manuel, raccords Fran\u00e7ais d\u2019\u00e9lite, technologies anciennes.","breadcrumb":{"@id":"https:\/\/yvesfouquet.com\/fr\/produit\/komod-directoire-cm101-2\/#breadcrumb"},"inLanguage":"fr-FR","potentialAction":[{"@type":"ReadAction","target":["https:\/\/yvesfouquet.com\/fr\/produit\/komod-directoire-cm101-2\/"]}]},{"@type":"BreadcrumbList","@id":"https:\/\/yvesfouquet.com\/fr\/produit\/komod-directoire-cm101-2\/#breadcrumb","itemListElement":[{"@type":"ListItem","position":1,"name":"\u0413\u043b\u0430\u0432\u043d\u0430\u044f","item":"https:\/\/yvesfouquet.com\/fr\/"},{"@type":"ListItem","position":2,"name":"Collections","item":"https:\/\/yvesfouquet.com\/fr\/collections\/"},{"@type":"ListItem","position":3,"name":"Commode Directoire CM101"}]},{"@type":"WebSite","@id":"https:\/\/yvesfouquet.com\/#website","url":"https:\/\/yvesfouquet.com\/","name":"Yves Fouquet","description":"\u0424\u0440\u0430\u043d\u0446\u0443\u0437\u0441\u043a\u0430\u044f \u043c\u0435\u0431\u0435\u043b\u044c","potentialAction":[{"@type":"SearchAction","target":{"@type":"EntryPoint","urlTemplate":"https:\/\/yvesfouquet.com\/?s={search_term_string}"},"query-input":"required name=search_term_string"}],"inLanguage":"fr-FR"}]},"product_price_currency":"EUR","og_availability":"instock","product_availability":"instock","product_retailer_item_id":"CM101","product_condition":"new"},"_links":{"self":[{"href":"https:\/\/yvesfouquet.com\/fr\/wp-json\/wp\/v2\/product\/18170"}],"collection":[{"href":"https:\/\/yvesfouquet.com\/fr\/wp-json\/wp\/v2\/product"}],"about":[{"href":"https:\/\/yvesfouquet.com\/fr\/wp-json\/wp\/v2\/types\/product"}],"version-history":[{"count":0,"href":"https:\/\/yvesfouquet.com\/fr\/wp-json\/wp\/v2\/product\/18170\/revisions"}],"wp:featuredmedia":[{"embeddable":true,"href":"https:\/\/yvesfouquet.com\/fr\/wp-json\/wp\/v2\/media\/16052"}],"wp:attachment":[{"href":"https:\/\/yvesfouquet.com\/fr\/wp-json\/wp\/v2\/media?parent=18170"}],"wp:term":[{"taxonomy":"product_cat","embeddable":true,"href":"https:\/\/yvesfouquet.com\/fr\/wp-json\/wp\/v2\/product_cat?post=18170"},{"taxonomy":"product_tag","embeddable":true,"href":"https:\/\/yvesfouquet.com\/fr\/wp-json\/wp\/v2\/product_tag?post=18170"}],"curies":[{"name":"wp","href":"https:\/\/api.w.org\/{rel}","templated":true}]}}