{"id":18173,"date":"2020-10-26T21:04:05","date_gmt":"2022-04-28T16:44:02","guid":{"rendered":"https:\/\/yvesfouquet.com\/commode-louis-xv-cm111\/"},"modified":"2022-04-28T19:44:02","modified_gmt":"2022-04-28T16:44:02","slug":"komod-louis-xv-cm111-2","status":"publish","type":"product","link":"https:\/\/yvesfouquet.com\/fr\/produit\/komod-louis-xv-cm111-2\/","title":{"rendered":"Commode Louis XV CM111"},"content":{"rendered":"<p>Cette \u00e9l\u00e9gante commode en bois avec deux tiroirs est un autre merveilleux exemple d\u2019art du mobilier dans le style de Louis XV. Comme tous les meubles design fabriqu\u00e9s par Yves Fouquet, le mod\u00e8le est assembl\u00e9 \u00e0 la main selon les commandes individuelles. Lors de son assemblage, les technologies traditionnelles utilis\u00e9es par les meilleurs ma\u00eetres du meuble depuis de nombreux si\u00e8cles sont habilement appliqu\u00e9es.<\/p>\n<p>La commode int\u00e9rieure exclusive a des formes pli\u00e9es soign\u00e9es. La fa\u00e7ade arrondie et les flancs sont jolis, dont les courbes soulignent les lignes de fil et l\u2019\u00e9l\u00e9gance fine des pieds. Une place particuli\u00e8re dans la conception est occup\u00e9e par de magnifiques raccords en bronze. Un entrelacement exquis de motifs floraux est pr\u00e9sent \u00e0 la fois sur les poign\u00e9es et sur les doublures d\u00e9corant les trous de serrure et les pieds.<\/p>\n<p>Une touche raffin\u00e9e d\u2019antiquit\u00e9s est donn\u00e9e au produit par la technique du vieillissement artificiel. Les fissures l\u00e9g\u00e8res, les \u00e9raflures et les \u00e9clats habilement appliqu\u00e9s cr\u00e9ent une atmosph\u00e8re unique des si\u00e8cles pass\u00e9s.<\/p>\n<p>\u00c0 la demande du client, une commode en bois dans le style ancien Fran\u00e7ais peut \u00eatre peinte dans une couleur adapt\u00e9e \u00e0 l\u2019int\u00e9rieur. Il est \u00e9galement possible d\u2019appliquer un motif original, ce qui rendra le produit encore plus lumineux et unique. En passant une commande pour la fabrication d\u2019une commode, vous pouvez choisir la taille et les accessoires que vous aimez.<\/p>\n","protected":false},"excerpt":{"rendered":"<p><strong>Dimensions:<\/strong> L1600 x H950 x P570<\/p>\n<p><strong>Pli\u00e9<\/strong> , 2 tiroirs r\u00e9tractables<\/p>\n","protected":false},"featured_media":16150,"template":"","meta":[],"product_cat":[158],"product_tag":[],"yoast_head":"<!-- This site is optimized with the Yoast SEO Premium plugin v20.7 (Yoast SEO v20.8) - https:\/\/yoast.com\/wordpress\/plugins\/seo\/ -->\n<title>Commode en bois avec des accessoires d\u00e9coratifs d\u2019\u00e9lite - Yves Fouquet<\/title>\n<meta name=\"description\" content=\"Commode en bois faite \u00e0 la main de l\u2019auteur pour les antiquit\u00e9s. Design exclusif, accessoires France, techniques d\u2019assemblage vintage. Meubles Elite sur commande en Ukraine production de l\u2019usine Yves Fouquet\" \/>\n<meta name=\"robots\" content=\"index, follow, max-snippet:-1, max-image-preview:large, max-video-preview:-1\" \/>\n<link rel=\"canonical\" href=\"https:\/\/yvesfouquet.com\/fr\/produit\/komod-louis-xv-cm111-2\/\" \/>\n<meta property=\"og:locale\" content=\"fr_FR\" \/>\n<meta property=\"og:type\" content=\"article\" \/>\n<meta property=\"og:title\" content=\"Commode Louis XV CM111\" \/>\n<meta property=\"og:description\" content=\"Commode en bois faite \u00e0 la main de l\u2019auteur pour les antiquit\u00e9s. Design exclusif, accessoires France, techniques d\u2019assemblage vintage. Meubles Elite sur commande en Ukraine production de l\u2019usine Yves Fouquet\" \/>\n<meta property=\"og:url\" content=\"https:\/\/yvesfouquet.com\/fr\/produit\/komod-louis-xv-cm111-2\/\" \/>\n<meta property=\"og:site_name\" content=\"Yves Fouquet\" \/>\n<meta property=\"article:publisher\" content=\"https:\/\/www.facebook.com\/boutiueyvesfouquet\" \/>\n<meta property=\"og:image\" content=\"https:\/\/yvesfouquet.com\/wp-content\/uploads\/2020\/10\/71.png\" \/>\n\t<meta property=\"og:image:width\" content=\"1080\" \/>\n\t<meta property=\"og:image:height\" content=\"1080\" \/>\n\t<meta property=\"og:image:type\" content=\"image\/png\" \/>\n<meta name=\"twitter:card\" content=\"summary_large_image\" \/>\n<meta name=\"twitter:label1\" content=\"Prix\" \/>\n\t<meta name=\"twitter:data1\" content=\"\" \/>\n\t<meta name=\"twitter:label2\" content=\"Disponibilit\u00e9\" \/>\n\t<meta name=\"twitter:data2\" content=\"En stock\" \/>\n<script type=\"application\/ld+json\" class=\"yoast-schema-graph\">{\"@context\":\"https:\/\/schema.org\",\"@graph\":[{\"@type\":[\"WebPage\",\"ItemPage\"],\"@id\":\"https:\/\/yvesfouquet.com\/fr\/produit\/komod-louis-xv-cm111-2\/\",\"url\":\"https:\/\/yvesfouquet.com\/fr\/produit\/komod-louis-xv-cm111-2\/\",\"name\":\"Commode en bois avec des accessoires d\u00e9coratifs d\u2019\u00e9lite - Yves Fouquet\",\"isPartOf\":{\"@id\":\"https:\/\/yvesfouquet.com\/#website\"},\"datePublished\":\"2022-04-28T16:44:02+00:00\",\"dateModified\":\"2022-04-28T16:44:02+00:00\",\"description\":\"Commode en bois faite \u00e0 la main de l\u2019auteur pour les antiquit\u00e9s. Design exclusif, accessoires France, techniques d\u2019assemblage vintage. Meubles Elite sur commande en Ukraine production de l\u2019usine Yves Fouquet\",\"breadcrumb\":{\"@id\":\"https:\/\/yvesfouquet.com\/fr\/produit\/komod-louis-xv-cm111-2\/#breadcrumb\"},\"inLanguage\":\"fr-FR\",\"potentialAction\":[{\"@type\":\"ReadAction\",\"target\":[\"https:\/\/yvesfouquet.com\/fr\/produit\/komod-louis-xv-cm111-2\/\"]}]},{\"@type\":\"BreadcrumbList\",\"@id\":\"https:\/\/yvesfouquet.com\/fr\/produit\/komod-louis-xv-cm111-2\/#breadcrumb\",\"itemListElement\":[{\"@type\":\"ListItem\",\"position\":1,\"name\":\"\u0413\u043b\u0430\u0432\u043d\u0430\u044f\",\"item\":\"https:\/\/yvesfouquet.com\/fr\/\"},{\"@type\":\"ListItem\",\"position\":2,\"name\":\"Collections\",\"item\":\"https:\/\/yvesfouquet.com\/fr\/collections\/\"},{\"@type\":\"ListItem\",\"position\":3,\"name\":\"Commode Louis XV CM111\"}]},{\"@type\":\"WebSite\",\"@id\":\"https:\/\/yvesfouquet.com\/#website\",\"url\":\"https:\/\/yvesfouquet.com\/\",\"name\":\"Yves Fouquet\",\"description\":\"\u0424\u0440\u0430\u043d\u0446\u0443\u0437\u0441\u043a\u0430\u044f \u043c\u0435\u0431\u0435\u043b\u044c\",\"potentialAction\":[{\"@type\":\"SearchAction\",\"target\":{\"@type\":\"EntryPoint\",\"urlTemplate\":\"https:\/\/yvesfouquet.com\/?s={search_term_string}\"},\"query-input\":\"required name=search_term_string\"}],\"inLanguage\":\"fr-FR\"}]}<\/script>\n<meta property=\"product:price:amount\" content=\"0\" \/>\n<meta property=\"product:price:currency\" content=\"EUR\" \/>\n<meta property=\"og:availability\" content=\"instock\" \/>\n<meta property=\"product:availability\" content=\"instock\" \/>\n<meta property=\"product:retailer_item_id\" content=\"CM111\" \/>\n<meta property=\"product:condition\" content=\"new\" \/>\n<!-- \/ Yoast SEO Premium plugin. -->","yoast_head_json":{"title":"Commode en bois avec des accessoires d\u00e9coratifs d\u2019\u00e9lite - Yves Fouquet","description":"Commode en bois faite \u00e0 la main de l\u2019auteur pour les antiquit\u00e9s. Design exclusif, accessoires France, techniques d\u2019assemblage vintage. Meubles Elite sur commande en Ukraine production de l\u2019usine Yves Fouquet","robots":{"index":"index","follow":"follow","max-snippet":"max-snippet:-1","max-image-preview":"max-image-preview:large","max-video-preview":"max-video-preview:-1"},"canonical":"https:\/\/yvesfouquet.com\/fr\/produit\/komod-louis-xv-cm111-2\/","og_locale":"fr_FR","og_type":"article","og_title":"Commode Louis XV CM111","og_description":"Commode en bois faite \u00e0 la main de l\u2019auteur pour les antiquit\u00e9s. Design exclusif, accessoires France, techniques d\u2019assemblage vintage. Meubles Elite sur commande en Ukraine production de l\u2019usine Yves Fouquet","og_url":"https:\/\/yvesfouquet.com\/fr\/produit\/komod-louis-xv-cm111-2\/","og_site_name":"Yves Fouquet","article_publisher":"https:\/\/www.facebook.com\/boutiueyvesfouquet","og_image":[{"width":1080,"height":1080,"url":"https:\/\/yvesfouquet.com\/wp-content\/uploads\/2020\/10\/71.png","type":"image\/png"}],"twitter_card":"summary_large_image","twitter_misc":{"Prix":"","Disponibilit\u00e9":"En stock"},"schema":{"@context":"https:\/\/schema.org","@graph":[{"@type":["WebPage","ItemPage"],"@id":"https:\/\/yvesfouquet.com\/fr\/produit\/komod-louis-xv-cm111-2\/","url":"https:\/\/yvesfouquet.com\/fr\/produit\/komod-louis-xv-cm111-2\/","name":"Commode en bois avec des accessoires d\u00e9coratifs d\u2019\u00e9lite - Yves Fouquet","isPartOf":{"@id":"https:\/\/yvesfouquet.com\/#website"},"datePublished":"2022-04-28T16:44:02+00:00","dateModified":"2022-04-28T16:44:02+00:00","description":"Commode en bois faite \u00e0 la main de l\u2019auteur pour les antiquit\u00e9s. Design exclusif, accessoires France, techniques d\u2019assemblage vintage. Meubles Elite sur commande en Ukraine production de l\u2019usine Yves Fouquet","breadcrumb":{"@id":"https:\/\/yvesfouquet.com\/fr\/produit\/komod-louis-xv-cm111-2\/#breadcrumb"},"inLanguage":"fr-FR","potentialAction":[{"@type":"ReadAction","target":["https:\/\/yvesfouquet.com\/fr\/produit\/komod-louis-xv-cm111-2\/"]}]},{"@type":"BreadcrumbList","@id":"https:\/\/yvesfouquet.com\/fr\/produit\/komod-louis-xv-cm111-2\/#breadcrumb","itemListElement":[{"@type":"ListItem","position":1,"name":"\u0413\u043b\u0430\u0432\u043d\u0430\u044f","item":"https:\/\/yvesfouquet.com\/fr\/"},{"@type":"ListItem","position":2,"name":"Collections","item":"https:\/\/yvesfouquet.com\/fr\/collections\/"},{"@type":"ListItem","position":3,"name":"Commode Louis XV CM111"}]},{"@type":"WebSite","@id":"https:\/\/yvesfouquet.com\/#website","url":"https:\/\/yvesfouquet.com\/","name":"Yves Fouquet","description":"\u0424\u0440\u0430\u043d\u0446\u0443\u0437\u0441\u043a\u0430\u044f \u043c\u0435\u0431\u0435\u043b\u044c","potentialAction":[{"@type":"SearchAction","target":{"@type":"EntryPoint","urlTemplate":"https:\/\/yvesfouquet.com\/?s={search_term_string}"},"query-input":"required name=search_term_string"}],"inLanguage":"fr-FR"}]},"product_price_currency":"EUR","og_availability":"instock","product_availability":"instock","product_retailer_item_id":"CM111","product_condition":"new"},"_links":{"self":[{"href":"https:\/\/yvesfouquet.com\/fr\/wp-json\/wp\/v2\/product\/18173"}],"collection":[{"href":"https:\/\/yvesfouquet.com\/fr\/wp-json\/wp\/v2\/product"}],"about":[{"href":"https:\/\/yvesfouquet.com\/fr\/wp-json\/wp\/v2\/types\/product"}],"version-history":[{"count":0,"href":"https:\/\/yvesfouquet.com\/fr\/wp-json\/wp\/v2\/product\/18173\/revisions"}],"wp:featuredmedia":[{"embeddable":true,"href":"https:\/\/yvesfouquet.com\/fr\/wp-json\/wp\/v2\/media\/16150"}],"wp:attachment":[{"href":"https:\/\/yvesfouquet.com\/fr\/wp-json\/wp\/v2\/media?parent=18173"}],"wp:term":[{"taxonomy":"product_cat","embeddable":true,"href":"https:\/\/yvesfouquet.com\/fr\/wp-json\/wp\/v2\/product_cat?post=18173"},{"taxonomy":"product_tag","embeddable":true,"href":"https:\/\/yvesfouquet.com\/fr\/wp-json\/wp\/v2\/product_tag?post=18173"}],"curies":[{"name":"wp","href":"https:\/\/api.w.org\/{rel}","templated":true}]}}