{"id":18175,"date":"2020-10-26T18:13:47","date_gmt":"2022-04-28T16:44:04","guid":{"rendered":"https:\/\/yvesfouquet.com\/commode-louis-xv-cm105l\/"},"modified":"2022-04-28T19:44:04","modified_gmt":"2022-04-28T16:44:04","slug":"komod-louis-xv-cm105l-2","status":"publish","type":"product","link":"https:\/\/yvesfouquet.com\/fr\/produit\/komod-louis-xv-cm105l-2\/","title":{"rendered":"Commode Louis XV CM105l"},"content":{"rendered":"<p>Soucieux des traditions, les ma\u00eetres de l\u2019usine de meubles Yves Fouquet tentent de transmettre le plus fid\u00e8lement possible toutes les caract\u00e9ristiques de l\u2019atmosph\u00e8re des \u00e9poques pass\u00e9es. Commode en bois \u00e9l\u00e9gante et sophistiqu\u00e9e dans l\u2019esprit de Louis XV avec sa magnificence gagnera facilement le c\u0153ur des connaisseurs de meubles vintage. Un travail manuel fin transmet soigneusement toutes les nuances et enveloppe le produit d\u2019un charme unique de l\u2019antiquit\u00e9.<\/p>\n<p>La commode est \u00e9quip\u00e9e de deux tiroirs spacieux. Il a des formes arrondies et semble visuellement un peu plus grand. D\u00e9corant la fa\u00e7ade et les pieds, de magnifiques sculptures faites \u00e0 la main sont le point culminant de la commode design. Compl\u00e9tez harmonieusement ses motifs avec des poign\u00e9es \u00e9l\u00e9gantes et des coussinets sur les trous de serrure &#8211; des accessoires en bronze d\u2019\u00e9lite de Fran\u00e7ais production.<\/p>\n<p>Le style unique de l\u2019\u00e9poque Louis souligne l\u2019atmosph\u00e8re des temps anciens enveloppant le mobilier. Il est habilement recr\u00e9\u00e9 par les techniques de vieillissement artificiel &#8211; rayures inflig\u00e9es \u00e0 la main, \u00e9clats, \u00e9raflures, traces l\u00e9g\u00e8res de shashel. Et maintenant, il ne fait aucun doute que cette luxueuse commode a \u00e9t\u00e9 h\u00e9rit\u00e9e par vous d\u2019une tante de la France lointaine.<\/p>\n<p>Des meubles exclusifs de style antique sont assembl\u00e9s sur commande selon les technologies des si\u00e8cles pass\u00e9s. Pour qu\u2019un mod\u00e8le vintage s\u2019int\u00e8gre parfaitement dans le d\u00e9cor, vous pouvez changer la taille, la couleur et les \u00e9l\u00e9ments de d\u00e9coration.<\/p>\n","protected":false},"excerpt":{"rendered":"<p><strong>Dimensions:<\/strong> L1500 x H890 x P500<\/p>\n<p><strong>Description:<\/strong> pli\u00e9 avec filetage, 2 tiroirs r\u00e9tractables<\/p>\n","protected":false},"featured_media":16112,"template":"","meta":[],"product_cat":[158],"product_tag":[],"yoast_head":"<!-- This site is optimized with the Yoast SEO Premium plugin v20.7 (Yoast SEO v20.8) - https:\/\/yoast.com\/wordpress\/plugins\/seo\/ -->\n<title>Commode sculpt\u00e9e en bois naturel sur commande - Yves Fouquet<\/title>\n<meta name=\"description\" content=\"Mobilier d\u2019\u00e9lite dans le style de Louis 15. Design exclusif, fait \u00e0 la main, accessoires en bronze Fran\u00e7ais, d\u00e9cor dans le style ancien. Acheter des meubles en bois pour la maison dans le style de la production vintage d\u2019Yves Fouquet en Ukraine\" \/>\n<meta name=\"robots\" content=\"index, follow, max-snippet:-1, max-image-preview:large, max-video-preview:-1\" \/>\n<link rel=\"canonical\" href=\"https:\/\/yvesfouquet.com\/fr\/produit\/komod-louis-xv-cm105l-2\/\" \/>\n<meta property=\"og:locale\" content=\"fr_FR\" \/>\n<meta property=\"og:type\" content=\"article\" \/>\n<meta property=\"og:title\" content=\"Commode Louis XV CM105l\" \/>\n<meta property=\"og:description\" content=\"Mobilier d\u2019\u00e9lite dans le style de Louis 15. Design exclusif, fait \u00e0 la main, accessoires en bronze Fran\u00e7ais, d\u00e9cor dans le style ancien. Acheter des meubles en bois pour la maison dans le style de la production vintage d\u2019Yves Fouquet en Ukraine\" \/>\n<meta property=\"og:url\" content=\"https:\/\/yvesfouquet.com\/fr\/produit\/komod-louis-xv-cm105l-2\/\" \/>\n<meta property=\"og:site_name\" content=\"Yves Fouquet\" \/>\n<meta property=\"article:publisher\" content=\"https:\/\/www.facebook.com\/boutiueyvesfouquet\" \/>\n<meta property=\"og:image\" content=\"https:\/\/yvesfouquet.com\/wp-content\/uploads\/2020\/10\/61.png\" \/>\n\t<meta property=\"og:image:width\" content=\"1080\" \/>\n\t<meta property=\"og:image:height\" content=\"1080\" \/>\n\t<meta property=\"og:image:type\" content=\"image\/png\" \/>\n<meta name=\"twitter:card\" content=\"summary_large_image\" \/>\n<meta name=\"twitter:label1\" content=\"Prix\" \/>\n\t<meta name=\"twitter:data1\" content=\"\" \/>\n\t<meta name=\"twitter:label2\" content=\"Disponibilit\u00e9\" \/>\n\t<meta name=\"twitter:data2\" content=\"En stock\" \/>\n<script type=\"application\/ld+json\" class=\"yoast-schema-graph\">{\"@context\":\"https:\/\/schema.org\",\"@graph\":[{\"@type\":[\"WebPage\",\"ItemPage\"],\"@id\":\"https:\/\/yvesfouquet.com\/fr\/produit\/komod-louis-xv-cm105l-2\/\",\"url\":\"https:\/\/yvesfouquet.com\/fr\/produit\/komod-louis-xv-cm105l-2\/\",\"name\":\"Commode sculpt\u00e9e en bois naturel sur commande - Yves Fouquet\",\"isPartOf\":{\"@id\":\"https:\/\/yvesfouquet.com\/#website\"},\"datePublished\":\"2022-04-28T16:44:04+00:00\",\"dateModified\":\"2022-04-28T16:44:04+00:00\",\"description\":\"Mobilier d\u2019\u00e9lite dans le style de Louis 15. Design exclusif, fait \u00e0 la main, accessoires en bronze Fran\u00e7ais, d\u00e9cor dans le style ancien. Acheter des meubles en bois pour la maison dans le style de la production vintage d\u2019Yves Fouquet en Ukraine\",\"breadcrumb\":{\"@id\":\"https:\/\/yvesfouquet.com\/fr\/produit\/komod-louis-xv-cm105l-2\/#breadcrumb\"},\"inLanguage\":\"fr-FR\",\"potentialAction\":[{\"@type\":\"ReadAction\",\"target\":[\"https:\/\/yvesfouquet.com\/fr\/produit\/komod-louis-xv-cm105l-2\/\"]}]},{\"@type\":\"BreadcrumbList\",\"@id\":\"https:\/\/yvesfouquet.com\/fr\/produit\/komod-louis-xv-cm105l-2\/#breadcrumb\",\"itemListElement\":[{\"@type\":\"ListItem\",\"position\":1,\"name\":\"\u0413\u043b\u0430\u0432\u043d\u0430\u044f\",\"item\":\"https:\/\/yvesfouquet.com\/fr\/\"},{\"@type\":\"ListItem\",\"position\":2,\"name\":\"Collections\",\"item\":\"https:\/\/yvesfouquet.com\/fr\/collections\/\"},{\"@type\":\"ListItem\",\"position\":3,\"name\":\"Commode Louis XV CM105l\"}]},{\"@type\":\"WebSite\",\"@id\":\"https:\/\/yvesfouquet.com\/#website\",\"url\":\"https:\/\/yvesfouquet.com\/\",\"name\":\"Yves Fouquet\",\"description\":\"\u0424\u0440\u0430\u043d\u0446\u0443\u0437\u0441\u043a\u0430\u044f \u043c\u0435\u0431\u0435\u043b\u044c\",\"potentialAction\":[{\"@type\":\"SearchAction\",\"target\":{\"@type\":\"EntryPoint\",\"urlTemplate\":\"https:\/\/yvesfouquet.com\/?s={search_term_string}\"},\"query-input\":\"required name=search_term_string\"}],\"inLanguage\":\"fr-FR\"}]}<\/script>\n<meta property=\"product:price:amount\" content=\"0\" \/>\n<meta property=\"product:price:currency\" content=\"EUR\" \/>\n<meta property=\"og:availability\" content=\"instock\" \/>\n<meta property=\"product:availability\" content=\"instock\" \/>\n<meta property=\"product:retailer_item_id\" content=\"CM105L\" \/>\n<meta property=\"product:condition\" content=\"new\" \/>\n<!-- \/ Yoast SEO Premium plugin. -->","yoast_head_json":{"title":"Commode sculpt\u00e9e en bois naturel sur commande - Yves Fouquet","description":"Mobilier d\u2019\u00e9lite dans le style de Louis 15. Design exclusif, fait \u00e0 la main, accessoires en bronze Fran\u00e7ais, d\u00e9cor dans le style ancien. Acheter des meubles en bois pour la maison dans le style de la production vintage d\u2019Yves Fouquet en Ukraine","robots":{"index":"index","follow":"follow","max-snippet":"max-snippet:-1","max-image-preview":"max-image-preview:large","max-video-preview":"max-video-preview:-1"},"canonical":"https:\/\/yvesfouquet.com\/fr\/produit\/komod-louis-xv-cm105l-2\/","og_locale":"fr_FR","og_type":"article","og_title":"Commode Louis XV CM105l","og_description":"Mobilier d\u2019\u00e9lite dans le style de Louis 15. Design exclusif, fait \u00e0 la main, accessoires en bronze Fran\u00e7ais, d\u00e9cor dans le style ancien. Acheter des meubles en bois pour la maison dans le style de la production vintage d\u2019Yves Fouquet en Ukraine","og_url":"https:\/\/yvesfouquet.com\/fr\/produit\/komod-louis-xv-cm105l-2\/","og_site_name":"Yves Fouquet","article_publisher":"https:\/\/www.facebook.com\/boutiueyvesfouquet","og_image":[{"width":1080,"height":1080,"url":"https:\/\/yvesfouquet.com\/wp-content\/uploads\/2020\/10\/61.png","type":"image\/png"}],"twitter_card":"summary_large_image","twitter_misc":{"Prix":"","Disponibilit\u00e9":"En stock"},"schema":{"@context":"https:\/\/schema.org","@graph":[{"@type":["WebPage","ItemPage"],"@id":"https:\/\/yvesfouquet.com\/fr\/produit\/komod-louis-xv-cm105l-2\/","url":"https:\/\/yvesfouquet.com\/fr\/produit\/komod-louis-xv-cm105l-2\/","name":"Commode sculpt\u00e9e en bois naturel sur commande - Yves Fouquet","isPartOf":{"@id":"https:\/\/yvesfouquet.com\/#website"},"datePublished":"2022-04-28T16:44:04+00:00","dateModified":"2022-04-28T16:44:04+00:00","description":"Mobilier d\u2019\u00e9lite dans le style de Louis 15. Design exclusif, fait \u00e0 la main, accessoires en bronze Fran\u00e7ais, d\u00e9cor dans le style ancien. Acheter des meubles en bois pour la maison dans le style de la production vintage d\u2019Yves Fouquet en Ukraine","breadcrumb":{"@id":"https:\/\/yvesfouquet.com\/fr\/produit\/komod-louis-xv-cm105l-2\/#breadcrumb"},"inLanguage":"fr-FR","potentialAction":[{"@type":"ReadAction","target":["https:\/\/yvesfouquet.com\/fr\/produit\/komod-louis-xv-cm105l-2\/"]}]},{"@type":"BreadcrumbList","@id":"https:\/\/yvesfouquet.com\/fr\/produit\/komod-louis-xv-cm105l-2\/#breadcrumb","itemListElement":[{"@type":"ListItem","position":1,"name":"\u0413\u043b\u0430\u0432\u043d\u0430\u044f","item":"https:\/\/yvesfouquet.com\/fr\/"},{"@type":"ListItem","position":2,"name":"Collections","item":"https:\/\/yvesfouquet.com\/fr\/collections\/"},{"@type":"ListItem","position":3,"name":"Commode Louis XV CM105l"}]},{"@type":"WebSite","@id":"https:\/\/yvesfouquet.com\/#website","url":"https:\/\/yvesfouquet.com\/","name":"Yves Fouquet","description":"\u0424\u0440\u0430\u043d\u0446\u0443\u0437\u0441\u043a\u0430\u044f \u043c\u0435\u0431\u0435\u043b\u044c","potentialAction":[{"@type":"SearchAction","target":{"@type":"EntryPoint","urlTemplate":"https:\/\/yvesfouquet.com\/?s={search_term_string}"},"query-input":"required name=search_term_string"}],"inLanguage":"fr-FR"}]},"product_price_currency":"EUR","og_availability":"instock","product_availability":"instock","product_retailer_item_id":"CM105L","product_condition":"new"},"_links":{"self":[{"href":"https:\/\/yvesfouquet.com\/fr\/wp-json\/wp\/v2\/product\/18175"}],"collection":[{"href":"https:\/\/yvesfouquet.com\/fr\/wp-json\/wp\/v2\/product"}],"about":[{"href":"https:\/\/yvesfouquet.com\/fr\/wp-json\/wp\/v2\/types\/product"}],"version-history":[{"count":0,"href":"https:\/\/yvesfouquet.com\/fr\/wp-json\/wp\/v2\/product\/18175\/revisions"}],"wp:featuredmedia":[{"embeddable":true,"href":"https:\/\/yvesfouquet.com\/fr\/wp-json\/wp\/v2\/media\/16112"}],"wp:attachment":[{"href":"https:\/\/yvesfouquet.com\/fr\/wp-json\/wp\/v2\/media?parent=18175"}],"wp:term":[{"taxonomy":"product_cat","embeddable":true,"href":"https:\/\/yvesfouquet.com\/fr\/wp-json\/wp\/v2\/product_cat?post=18175"},{"taxonomy":"product_tag","embeddable":true,"href":"https:\/\/yvesfouquet.com\/fr\/wp-json\/wp\/v2\/product_tag?post=18175"}],"curies":[{"name":"wp","href":"https:\/\/api.w.org\/{rel}","templated":true}]}}