{"id":18178,"date":"2020-10-26T21:04:05","date_gmt":"2022-04-28T16:44:04","guid":{"rendered":"https:\/\/yvesfouquet.com\/commode-regence-cm119\/"},"modified":"2022-04-28T19:44:04","modified_gmt":"2022-04-28T16:44:04","slug":"komod-regence-cm119-2","status":"publish","type":"product","link":"https:\/\/yvesfouquet.com\/fr\/produit\/komod-regence-cm119-2\/","title":{"rendered":"Commode Regence CM119"},"content":{"rendered":"<p>Des meubles anciens en bois exclusifs d\u00e9coreront votre maison et apporteront un caract\u00e8re unique \u00e0 l\u2019atmosph\u00e8re. Une petite commode vintage avec deux tiroirs a l\u2019air lumineuse et originale. Un mod\u00e8le color\u00e9 fait \u00e0 la main des ma\u00eetres de l\u2019usine de meubles Yves Fouquet a son propre caract\u00e8re et, bien s\u00fbr, deviendra le point culminant de l\u2019int\u00e9rieur.<\/p>\n<p>La commode en bois naturel est l\u00e9g\u00e8rement cintr\u00e9e sur la fa\u00e7ade. Ses tiroirs sont \u00e9quip\u00e9s de quatre poign\u00e9es rondes en bronze &#8211; accessoires d\u2019\u00e9lite de Fran\u00e7ais production. Les jambes minces sont gracieusement arqu\u00e9es et se transforment en douceur en un fond sculpt\u00e9. \u00c9l\u00e9gant et aristocratique look laqu\u00e9 ensemble comptoir.<\/p>\n<p>Une saveur particuli\u00e8re du mod\u00e8le est donn\u00e9e par un dessin de lignes verticales. Sur les meubles en bois au design classique, il a l\u2019air particuli\u00e8rement int\u00e9ressant. Un tel design d\u2019auteur fait de la commode int\u00e9rieure une option id\u00e9ale pour le vintage ou l\u2019\u00e9clectisme.<\/p>\n<p>L\u2019atmosph\u00e8re du pass\u00e9 historique est habilement cr\u00e9\u00e9e par les effets du vieillissement artificiel. L\u2019utilisation de techniques d\u2019assemblage traditionnelles ajoute de l\u2019authenticit\u00e9 au produit.<\/p>\n<p>Des meubles uniques pour la maison dans le style ancien sont assembl\u00e9s sur commande. Tous les travaux sont effectu\u00e9s exclusivement manuellement. Pour que la commode s\u2019int\u00e8gre parfaitement \u00e0 l\u2019int\u00e9rieur, vous pouvez choisir vous-m\u00eame la taille, la couleur, le d\u00e9cor et les accessoires du produit.<\/p>\n","protected":false},"excerpt":{"rendered":"<p><strong>Dimensions:<\/strong> L905 x H850 x P505<\/p>\n<p><strong>Description:<\/strong> pli\u00e9 avec filetage, 2 tiroirs r\u00e9tractables<\/p>\n","protected":false},"featured_media":16246,"template":"","meta":[],"product_cat":[158],"product_tag":[],"yoast_head":"<!-- This site is optimized with the Yoast SEO Premium plugin v20.7 (Yoast SEO v20.8) - https:\/\/yoast.com\/wordpress\/plugins\/seo\/ -->\n<title>Commode antique en bois massif - Yves Fouquet<\/title>\n<meta name=\"description\" content=\"Meubles en bois Elite sur commande. Commode \u00e0 deux portes. Design de l\u2019auteur, les meilleures vari\u00e9t\u00e9s de bois, accessoires Fran\u00e7ais, d\u00e9cor sculpt\u00e9. Assemblage manuel \u00e0 l\u2019aide de technologies anciennes. Production en Ukraine - usine Yves Fouquet\" \/>\n<meta name=\"robots\" content=\"index, follow, max-snippet:-1, max-image-preview:large, max-video-preview:-1\" \/>\n<link rel=\"canonical\" href=\"https:\/\/yvesfouquet.com\/fr\/produit\/komod-regence-cm119-2\/\" \/>\n<meta property=\"og:locale\" content=\"fr_FR\" \/>\n<meta property=\"og:type\" content=\"article\" \/>\n<meta property=\"og:title\" content=\"Commode Regence CM119\" \/>\n<meta property=\"og:description\" content=\"Meubles en bois Elite sur commande. Commode \u00e0 deux portes. Design de l\u2019auteur, les meilleures vari\u00e9t\u00e9s de bois, accessoires Fran\u00e7ais, d\u00e9cor sculpt\u00e9. Assemblage manuel \u00e0 l\u2019aide de technologies anciennes. Production en Ukraine - usine Yves Fouquet\" \/>\n<meta property=\"og:url\" content=\"https:\/\/yvesfouquet.com\/fr\/produit\/komod-regence-cm119-2\/\" \/>\n<meta property=\"og:site_name\" content=\"Yves Fouquet\" \/>\n<meta property=\"article:publisher\" content=\"https:\/\/www.facebook.com\/boutiueyvesfouquet\" \/>\n<meta property=\"og:image\" content=\"https:\/\/yvesfouquet.com\/wp-content\/uploads\/2020\/10\/98.png\" \/>\n\t<meta property=\"og:image:width\" content=\"1080\" \/>\n\t<meta property=\"og:image:height\" content=\"1080\" \/>\n\t<meta property=\"og:image:type\" content=\"image\/png\" \/>\n<meta name=\"twitter:card\" content=\"summary_large_image\" \/>\n<meta name=\"twitter:label1\" content=\"Prix\" \/>\n\t<meta name=\"twitter:data1\" content=\"\" \/>\n\t<meta name=\"twitter:label2\" content=\"Disponibilit\u00e9\" \/>\n\t<meta name=\"twitter:data2\" content=\"En stock\" \/>\n<script type=\"application\/ld+json\" class=\"yoast-schema-graph\">{\"@context\":\"https:\/\/schema.org\",\"@graph\":[{\"@type\":[\"WebPage\",\"ItemPage\"],\"@id\":\"https:\/\/yvesfouquet.com\/fr\/produit\/komod-regence-cm119-2\/\",\"url\":\"https:\/\/yvesfouquet.com\/fr\/produit\/komod-regence-cm119-2\/\",\"name\":\"Commode antique en bois massif - Yves Fouquet\",\"isPartOf\":{\"@id\":\"https:\/\/yvesfouquet.com\/#website\"},\"datePublished\":\"2022-04-28T16:44:04+00:00\",\"dateModified\":\"2022-04-28T16:44:04+00:00\",\"description\":\"Meubles en bois Elite sur commande. Commode \u00e0 deux portes. Design de l\u2019auteur, les meilleures vari\u00e9t\u00e9s de bois, accessoires Fran\u00e7ais, d\u00e9cor sculpt\u00e9. Assemblage manuel \u00e0 l\u2019aide de technologies anciennes. Production en Ukraine - usine Yves Fouquet\",\"breadcrumb\":{\"@id\":\"https:\/\/yvesfouquet.com\/fr\/produit\/komod-regence-cm119-2\/#breadcrumb\"},\"inLanguage\":\"fr-FR\",\"potentialAction\":[{\"@type\":\"ReadAction\",\"target\":[\"https:\/\/yvesfouquet.com\/fr\/produit\/komod-regence-cm119-2\/\"]}]},{\"@type\":\"BreadcrumbList\",\"@id\":\"https:\/\/yvesfouquet.com\/fr\/produit\/komod-regence-cm119-2\/#breadcrumb\",\"itemListElement\":[{\"@type\":\"ListItem\",\"position\":1,\"name\":\"\u0413\u043b\u0430\u0432\u043d\u0430\u044f\",\"item\":\"https:\/\/yvesfouquet.com\/fr\/\"},{\"@type\":\"ListItem\",\"position\":2,\"name\":\"Collections\",\"item\":\"https:\/\/yvesfouquet.com\/fr\/collections\/\"},{\"@type\":\"ListItem\",\"position\":3,\"name\":\"Commode Regence CM119\"}]},{\"@type\":\"WebSite\",\"@id\":\"https:\/\/yvesfouquet.com\/#website\",\"url\":\"https:\/\/yvesfouquet.com\/\",\"name\":\"Yves Fouquet\",\"description\":\"\u0424\u0440\u0430\u043d\u0446\u0443\u0437\u0441\u043a\u0430\u044f \u043c\u0435\u0431\u0435\u043b\u044c\",\"potentialAction\":[{\"@type\":\"SearchAction\",\"target\":{\"@type\":\"EntryPoint\",\"urlTemplate\":\"https:\/\/yvesfouquet.com\/?s={search_term_string}\"},\"query-input\":\"required name=search_term_string\"}],\"inLanguage\":\"fr-FR\"}]}<\/script>\n<meta property=\"product:price:amount\" content=\"0\" \/>\n<meta property=\"product:price:currency\" content=\"EUR\" \/>\n<meta property=\"og:availability\" content=\"instock\" \/>\n<meta property=\"product:availability\" content=\"instock\" \/>\n<meta property=\"product:retailer_item_id\" content=\"CM119\" \/>\n<meta property=\"product:condition\" content=\"new\" \/>\n<!-- \/ Yoast SEO Premium plugin. -->","yoast_head_json":{"title":"Commode antique en bois massif - Yves Fouquet","description":"Meubles en bois Elite sur commande. Commode \u00e0 deux portes. Design de l\u2019auteur, les meilleures vari\u00e9t\u00e9s de bois, accessoires Fran\u00e7ais, d\u00e9cor sculpt\u00e9. Assemblage manuel \u00e0 l\u2019aide de technologies anciennes. Production en Ukraine - usine Yves Fouquet","robots":{"index":"index","follow":"follow","max-snippet":"max-snippet:-1","max-image-preview":"max-image-preview:large","max-video-preview":"max-video-preview:-1"},"canonical":"https:\/\/yvesfouquet.com\/fr\/produit\/komod-regence-cm119-2\/","og_locale":"fr_FR","og_type":"article","og_title":"Commode Regence CM119","og_description":"Meubles en bois Elite sur commande. Commode \u00e0 deux portes. Design de l\u2019auteur, les meilleures vari\u00e9t\u00e9s de bois, accessoires Fran\u00e7ais, d\u00e9cor sculpt\u00e9. Assemblage manuel \u00e0 l\u2019aide de technologies anciennes. Production en Ukraine - usine Yves Fouquet","og_url":"https:\/\/yvesfouquet.com\/fr\/produit\/komod-regence-cm119-2\/","og_site_name":"Yves Fouquet","article_publisher":"https:\/\/www.facebook.com\/boutiueyvesfouquet","og_image":[{"width":1080,"height":1080,"url":"https:\/\/yvesfouquet.com\/wp-content\/uploads\/2020\/10\/98.png","type":"image\/png"}],"twitter_card":"summary_large_image","twitter_misc":{"Prix":"","Disponibilit\u00e9":"En stock"},"schema":{"@context":"https:\/\/schema.org","@graph":[{"@type":["WebPage","ItemPage"],"@id":"https:\/\/yvesfouquet.com\/fr\/produit\/komod-regence-cm119-2\/","url":"https:\/\/yvesfouquet.com\/fr\/produit\/komod-regence-cm119-2\/","name":"Commode antique en bois massif - Yves Fouquet","isPartOf":{"@id":"https:\/\/yvesfouquet.com\/#website"},"datePublished":"2022-04-28T16:44:04+00:00","dateModified":"2022-04-28T16:44:04+00:00","description":"Meubles en bois Elite sur commande. Commode \u00e0 deux portes. Design de l\u2019auteur, les meilleures vari\u00e9t\u00e9s de bois, accessoires Fran\u00e7ais, d\u00e9cor sculpt\u00e9. Assemblage manuel \u00e0 l\u2019aide de technologies anciennes. Production en Ukraine - usine Yves Fouquet","breadcrumb":{"@id":"https:\/\/yvesfouquet.com\/fr\/produit\/komod-regence-cm119-2\/#breadcrumb"},"inLanguage":"fr-FR","potentialAction":[{"@type":"ReadAction","target":["https:\/\/yvesfouquet.com\/fr\/produit\/komod-regence-cm119-2\/"]}]},{"@type":"BreadcrumbList","@id":"https:\/\/yvesfouquet.com\/fr\/produit\/komod-regence-cm119-2\/#breadcrumb","itemListElement":[{"@type":"ListItem","position":1,"name":"\u0413\u043b\u0430\u0432\u043d\u0430\u044f","item":"https:\/\/yvesfouquet.com\/fr\/"},{"@type":"ListItem","position":2,"name":"Collections","item":"https:\/\/yvesfouquet.com\/fr\/collections\/"},{"@type":"ListItem","position":3,"name":"Commode Regence CM119"}]},{"@type":"WebSite","@id":"https:\/\/yvesfouquet.com\/#website","url":"https:\/\/yvesfouquet.com\/","name":"Yves Fouquet","description":"\u0424\u0440\u0430\u043d\u0446\u0443\u0437\u0441\u043a\u0430\u044f \u043c\u0435\u0431\u0435\u043b\u044c","potentialAction":[{"@type":"SearchAction","target":{"@type":"EntryPoint","urlTemplate":"https:\/\/yvesfouquet.com\/?s={search_term_string}"},"query-input":"required name=search_term_string"}],"inLanguage":"fr-FR"}]},"product_price_currency":"EUR","og_availability":"instock","product_availability":"instock","product_retailer_item_id":"CM119","product_condition":"new"},"_links":{"self":[{"href":"https:\/\/yvesfouquet.com\/fr\/wp-json\/wp\/v2\/product\/18178"}],"collection":[{"href":"https:\/\/yvesfouquet.com\/fr\/wp-json\/wp\/v2\/product"}],"about":[{"href":"https:\/\/yvesfouquet.com\/fr\/wp-json\/wp\/v2\/types\/product"}],"version-history":[{"count":0,"href":"https:\/\/yvesfouquet.com\/fr\/wp-json\/wp\/v2\/product\/18178\/revisions"}],"wp:featuredmedia":[{"embeddable":true,"href":"https:\/\/yvesfouquet.com\/fr\/wp-json\/wp\/v2\/media\/16246"}],"wp:attachment":[{"href":"https:\/\/yvesfouquet.com\/fr\/wp-json\/wp\/v2\/media?parent=18178"}],"wp:term":[{"taxonomy":"product_cat","embeddable":true,"href":"https:\/\/yvesfouquet.com\/fr\/wp-json\/wp\/v2\/product_cat?post=18178"},{"taxonomy":"product_tag","embeddable":true,"href":"https:\/\/yvesfouquet.com\/fr\/wp-json\/wp\/v2\/product_tag?post=18178"}],"curies":[{"name":"wp","href":"https:\/\/api.w.org\/{rel}","templated":true}]}}