{"id":18186,"date":"2020-10-26T21:04:05","date_gmt":"2022-04-28T16:44:08","guid":{"rendered":"https:\/\/yvesfouquet.com\/commode-empire-cm113\/"},"modified":"2022-04-28T19:44:08","modified_gmt":"2022-04-28T16:44:08","slug":"komod-empire-cm113-2","status":"publish","type":"product","link":"https:\/\/yvesfouquet.com\/fr\/produit\/komod-empire-cm113-2\/","title":{"rendered":"Commode Empire CM113"},"content":{"rendered":"<p>Probablement, il n\u2019y a pas de meubles plus utiles et multifonctionnels dans la maison qu\u2019une commode. Et cet \u00e9l\u00e9gant mod\u00e8le vintage en bois naturel cr\u00e9\u00e9 par les ma\u00eetres de la manufacture Yves Fouquet en est une autre confirmation.<\/p>\n<p>Une petite commode Empire antique avec deux tiroirs compl\u00e9tera l\u2019int\u00e9rieur de presque toutes les pi\u00e8ces. Il peut \u00eatre install\u00e9 dans le couloir, dans le salon, dans la chambre \u00e0 coucher et m\u00eame dans la salle de bain. Partout, il aura non seulement fi\u00e8re allure, mais effectuera \u00e9galement r\u00e9guli\u00e8rement ses fonctionnalit\u00e9s utiles.<\/p>\n<p>La commode repose sur de longues jambes minces, ce qui lui donne beaucoup de gr\u00e2ce. Sur son comptoir, un vase, une lampe, un ensemble de cadres photo et d\u2019autres objets d\u00e9coratifs adapt\u00e9s \u00e0 la situation auront fi\u00e8re allure.<\/p>\n<p>Assembl\u00e9s selon l\u2019ancienne technologie \u00ab&nbsp;dovetail&nbsp;\u00bb, les tiroirs ont un motif original et sont d\u00e9cor\u00e9s avec des raccords en bronze d\u2019\u00e9lite de Fran\u00e7ais production. Aux extr\u00e9mit\u00e9s sous le comptoir, il y a des doublures d\u00e9coratives \u00e9l\u00e9gantes. Le tiroir du bas a une d\u00e9coupe boucl\u00e9e. De l\u00e9g\u00e8res \u00e9raflures, des \u00e9gratignures et des \u00e9clats cr\u00e9ent une sensation de nombreuses ann\u00e9es d\u2019utilisation.<\/p>\n<p>La commode que vous choisirez sera faite sur commande. Assurez-vous de coordonner avec notre designer la couleur, la taille et le design adapt\u00e9s \u00e0 vos int\u00e9rieurs.<\/p>\n","protected":false},"excerpt":{"rendered":"<p><strong>Dimensions:<\/strong> L660 x H900 x P490<\/p>\n<p><strong> 2 tiroirs r\u00e9tractables<\/strong><\/p>\n","protected":false},"featured_media":16214,"template":"","meta":[],"product_cat":[158],"product_tag":[],"yoast_head":"<!-- This site is optimized with the Yoast SEO Premium plugin v20.7 (Yoast SEO v20.8) - https:\/\/yoast.com\/wordpress\/plugins\/seo\/ -->\n<title>Commode en bois naturel dans le style - Yves Fouquet<\/title>\n<meta name=\"description\" content=\"Mobilier design pour l\u2019int\u00e9rieur dans le style ancien. Commode antique faite \u00e0 la main \u00e0 commander en Ukraine \u00e0 l\u2019usine de meubles Yves Fouquet. Assemblage de haute qualit\u00e9 utilisant des technologies anciennes\" \/>\n<meta name=\"robots\" content=\"index, follow, max-snippet:-1, max-image-preview:large, max-video-preview:-1\" \/>\n<link rel=\"canonical\" href=\"https:\/\/yvesfouquet.com\/fr\/produit\/komod-empire-cm113-2\/\" \/>\n<meta property=\"og:locale\" content=\"fr_FR\" \/>\n<meta property=\"og:type\" content=\"article\" \/>\n<meta property=\"og:title\" content=\"Commode Empire CM113\" \/>\n<meta property=\"og:description\" content=\"Mobilier design pour l\u2019int\u00e9rieur dans le style ancien. Commode antique faite \u00e0 la main \u00e0 commander en Ukraine \u00e0 l\u2019usine de meubles Yves Fouquet. Assemblage de haute qualit\u00e9 utilisant des technologies anciennes\" \/>\n<meta property=\"og:url\" content=\"https:\/\/yvesfouquet.com\/fr\/produit\/komod-empire-cm113-2\/\" \/>\n<meta property=\"og:site_name\" content=\"Yves Fouquet\" \/>\n<meta property=\"article:publisher\" content=\"https:\/\/www.facebook.com\/boutiueyvesfouquet\" \/>\n<meta property=\"og:image\" content=\"https:\/\/yvesfouquet.com\/wp-content\/uploads\/2020\/10\/85.png\" \/>\n\t<meta property=\"og:image:width\" content=\"1080\" \/>\n\t<meta property=\"og:image:height\" content=\"1080\" \/>\n\t<meta property=\"og:image:type\" content=\"image\/png\" \/>\n<meta name=\"twitter:card\" content=\"summary_large_image\" \/>\n<meta name=\"twitter:label1\" content=\"Prix\" \/>\n\t<meta name=\"twitter:data1\" content=\"\" \/>\n\t<meta name=\"twitter:label2\" content=\"Disponibilit\u00e9\" \/>\n\t<meta name=\"twitter:data2\" content=\"En r\u00e9assort\" \/>\n<script type=\"application\/ld+json\" class=\"yoast-schema-graph\">{\"@context\":\"https:\/\/schema.org\",\"@graph\":[{\"@type\":[\"WebPage\",\"ItemPage\"],\"@id\":\"https:\/\/yvesfouquet.com\/fr\/produit\/komod-empire-cm113-2\/\",\"url\":\"https:\/\/yvesfouquet.com\/fr\/produit\/komod-empire-cm113-2\/\",\"name\":\"Commode en bois naturel dans le style - Yves Fouquet\",\"isPartOf\":{\"@id\":\"https:\/\/yvesfouquet.com\/#website\"},\"datePublished\":\"2022-04-28T16:44:08+00:00\",\"dateModified\":\"2022-04-28T16:44:08+00:00\",\"description\":\"Mobilier design pour l\u2019int\u00e9rieur dans le style ancien. Commode antique faite \u00e0 la main \u00e0 commander en Ukraine \u00e0 l\u2019usine de meubles Yves Fouquet. Assemblage de haute qualit\u00e9 utilisant des technologies anciennes\",\"breadcrumb\":{\"@id\":\"https:\/\/yvesfouquet.com\/fr\/produit\/komod-empire-cm113-2\/#breadcrumb\"},\"inLanguage\":\"fr-FR\",\"potentialAction\":[{\"@type\":\"ReadAction\",\"target\":[\"https:\/\/yvesfouquet.com\/fr\/produit\/komod-empire-cm113-2\/\"]}]},{\"@type\":\"BreadcrumbList\",\"@id\":\"https:\/\/yvesfouquet.com\/fr\/produit\/komod-empire-cm113-2\/#breadcrumb\",\"itemListElement\":[{\"@type\":\"ListItem\",\"position\":1,\"name\":\"\u0413\u043b\u0430\u0432\u043d\u0430\u044f\",\"item\":\"https:\/\/yvesfouquet.com\/fr\/\"},{\"@type\":\"ListItem\",\"position\":2,\"name\":\"Collections\",\"item\":\"https:\/\/yvesfouquet.com\/fr\/collections\/\"},{\"@type\":\"ListItem\",\"position\":3,\"name\":\"Commode Empire CM113\"}]},{\"@type\":\"WebSite\",\"@id\":\"https:\/\/yvesfouquet.com\/#website\",\"url\":\"https:\/\/yvesfouquet.com\/\",\"name\":\"Yves Fouquet\",\"description\":\"\u0424\u0440\u0430\u043d\u0446\u0443\u0437\u0441\u043a\u0430\u044f \u043c\u0435\u0431\u0435\u043b\u044c\",\"potentialAction\":[{\"@type\":\"SearchAction\",\"target\":{\"@type\":\"EntryPoint\",\"urlTemplate\":\"https:\/\/yvesfouquet.com\/?s={search_term_string}\"},\"query-input\":\"required name=search_term_string\"}],\"inLanguage\":\"fr-FR\"}]}<\/script>\n<meta property=\"product:price:amount\" content=\"0\" \/>\n<meta property=\"product:price:currency\" content=\"EUR\" \/>\n<meta property=\"og:availability\" content=\"backorder\" \/>\n<meta property=\"product:availability\" content=\"available for order\" \/>\n<meta property=\"product:retailer_item_id\" content=\"CM113\" \/>\n<meta property=\"product:condition\" content=\"new\" \/>\n<!-- \/ Yoast SEO Premium plugin. -->","yoast_head_json":{"title":"Commode en bois naturel dans le style - Yves Fouquet","description":"Mobilier design pour l\u2019int\u00e9rieur dans le style ancien. Commode antique faite \u00e0 la main \u00e0 commander en Ukraine \u00e0 l\u2019usine de meubles Yves Fouquet. Assemblage de haute qualit\u00e9 utilisant des technologies anciennes","robots":{"index":"index","follow":"follow","max-snippet":"max-snippet:-1","max-image-preview":"max-image-preview:large","max-video-preview":"max-video-preview:-1"},"canonical":"https:\/\/yvesfouquet.com\/fr\/produit\/komod-empire-cm113-2\/","og_locale":"fr_FR","og_type":"article","og_title":"Commode Empire CM113","og_description":"Mobilier design pour l\u2019int\u00e9rieur dans le style ancien. Commode antique faite \u00e0 la main \u00e0 commander en Ukraine \u00e0 l\u2019usine de meubles Yves Fouquet. Assemblage de haute qualit\u00e9 utilisant des technologies anciennes","og_url":"https:\/\/yvesfouquet.com\/fr\/produit\/komod-empire-cm113-2\/","og_site_name":"Yves Fouquet","article_publisher":"https:\/\/www.facebook.com\/boutiueyvesfouquet","og_image":[{"width":1080,"height":1080,"url":"https:\/\/yvesfouquet.com\/wp-content\/uploads\/2020\/10\/85.png","type":"image\/png"}],"twitter_card":"summary_large_image","twitter_misc":{"Prix":"","Disponibilit\u00e9":"En r\u00e9assort"},"schema":{"@context":"https:\/\/schema.org","@graph":[{"@type":["WebPage","ItemPage"],"@id":"https:\/\/yvesfouquet.com\/fr\/produit\/komod-empire-cm113-2\/","url":"https:\/\/yvesfouquet.com\/fr\/produit\/komod-empire-cm113-2\/","name":"Commode en bois naturel dans le style - Yves Fouquet","isPartOf":{"@id":"https:\/\/yvesfouquet.com\/#website"},"datePublished":"2022-04-28T16:44:08+00:00","dateModified":"2022-04-28T16:44:08+00:00","description":"Mobilier design pour l\u2019int\u00e9rieur dans le style ancien. Commode antique faite \u00e0 la main \u00e0 commander en Ukraine \u00e0 l\u2019usine de meubles Yves Fouquet. Assemblage de haute qualit\u00e9 utilisant des technologies anciennes","breadcrumb":{"@id":"https:\/\/yvesfouquet.com\/fr\/produit\/komod-empire-cm113-2\/#breadcrumb"},"inLanguage":"fr-FR","potentialAction":[{"@type":"ReadAction","target":["https:\/\/yvesfouquet.com\/fr\/produit\/komod-empire-cm113-2\/"]}]},{"@type":"BreadcrumbList","@id":"https:\/\/yvesfouquet.com\/fr\/produit\/komod-empire-cm113-2\/#breadcrumb","itemListElement":[{"@type":"ListItem","position":1,"name":"\u0413\u043b\u0430\u0432\u043d\u0430\u044f","item":"https:\/\/yvesfouquet.com\/fr\/"},{"@type":"ListItem","position":2,"name":"Collections","item":"https:\/\/yvesfouquet.com\/fr\/collections\/"},{"@type":"ListItem","position":3,"name":"Commode Empire CM113"}]},{"@type":"WebSite","@id":"https:\/\/yvesfouquet.com\/#website","url":"https:\/\/yvesfouquet.com\/","name":"Yves Fouquet","description":"\u0424\u0440\u0430\u043d\u0446\u0443\u0437\u0441\u043a\u0430\u044f \u043c\u0435\u0431\u0435\u043b\u044c","potentialAction":[{"@type":"SearchAction","target":{"@type":"EntryPoint","urlTemplate":"https:\/\/yvesfouquet.com\/?s={search_term_string}"},"query-input":"required name=search_term_string"}],"inLanguage":"fr-FR"}]},"product_price_currency":"EUR","og_availability":"backorder","product_availability":"available for order","product_retailer_item_id":"CM113","product_condition":"new"},"_links":{"self":[{"href":"https:\/\/yvesfouquet.com\/fr\/wp-json\/wp\/v2\/product\/18186"}],"collection":[{"href":"https:\/\/yvesfouquet.com\/fr\/wp-json\/wp\/v2\/product"}],"about":[{"href":"https:\/\/yvesfouquet.com\/fr\/wp-json\/wp\/v2\/types\/product"}],"version-history":[{"count":0,"href":"https:\/\/yvesfouquet.com\/fr\/wp-json\/wp\/v2\/product\/18186\/revisions"}],"wp:featuredmedia":[{"embeddable":true,"href":"https:\/\/yvesfouquet.com\/fr\/wp-json\/wp\/v2\/media\/16214"}],"wp:attachment":[{"href":"https:\/\/yvesfouquet.com\/fr\/wp-json\/wp\/v2\/media?parent=18186"}],"wp:term":[{"taxonomy":"product_cat","embeddable":true,"href":"https:\/\/yvesfouquet.com\/fr\/wp-json\/wp\/v2\/product_cat?post=18186"},{"taxonomy":"product_tag","embeddable":true,"href":"https:\/\/yvesfouquet.com\/fr\/wp-json\/wp\/v2\/product_tag?post=18186"}],"curies":[{"name":"wp","href":"https:\/\/api.w.org\/{rel}","templated":true}]}}