{"id":18187,"date":"2020-10-26T18:13:48","date_gmt":"2022-04-28T16:44:09","guid":{"rendered":"https:\/\/yvesfouquet.com\/commode-louis-xv-cm105m\/"},"modified":"2022-04-28T19:44:09","modified_gmt":"2022-04-28T16:44:09","slug":"komod-louis-xv-cm105m-2","status":"publish","type":"product","link":"https:\/\/yvesfouquet.com\/fr\/produit\/komod-louis-xv-cm105m-2\/","title":{"rendered":"Commode Louis XV CM105m"},"content":{"rendered":"<p>Les ma\u00eetres de l\u2019usine de meubles Yves Fouquet recr\u00e9ent \u00e9tonnamment avec pr\u00e9cision le style luxueux de la France royale. Et la commode design exclusive assembl\u00e9e \u00e0 la main de l\u2019\u00e8re Louis en est un autre parfait exemple. Ce magnifique mod\u00e8le s\u2019int\u00e9grera parfaitement dans les int\u00e9rieurs vintage, o\u00f9 sans aucun doute il deviendra la star de la situation.<\/p>\n<p>Les meubles anciens en bois naturel ont l\u2019air \u00e9l\u00e9gant, lumineux et atmosph\u00e9rique. Une commode exclusive avec deux tiroirs est d\u00e9cor\u00e9e de luxueuses sculptures artisanales en monogramme de style familial. L\u2019ornement floral est pr\u00e9sent dans d\u2019\u00e9l\u00e9gantes poign\u00e9es en bronze et des superpositions \u00e9l\u00e9gantes. Chaque \u00e9l\u00e9ment du d\u00e9cor luxuriant souligne le chic aristocratique du mod\u00e8le.<\/p>\n<p>Les meubles d\u2019auteur en bois massif sont fabriqu\u00e9s sur commande selon les technologies de mobilier traditionnelles des si\u00e8cles pass\u00e9s. De vrais clous en bois, des raccords \u00e0 rainures \u00e0 pointes et \u00e0 queue d\u2019aronde sont utilis\u00e9s dans l\u2019assemblage. En combinaison avec la sculpture \u00e0 la main et les techniques de vieillissement artificiel, tout cela donne au produit une personnalit\u00e9 brillante et une saveur historique unique.<\/p>\n<p>Une commode en bois sera assembl\u00e9e en fonction de votre taille, vous pourrez choisir la couleur et les accessoires qui vous conviennent. R\u00e9pondant exactement \u00e0 toutes les exigences individuelles, le mobilier design compl\u00e8te parfaitement vos int\u00e9rieurs dans le style ancien.<\/p>\n","protected":false},"excerpt":{"rendered":"<p><strong>Dimensions:<\/strong> L1250 x H890 x P500<\/p>\n<p><strong>Description:<\/strong> pli\u00e9 avec filetage, 2 tiroirs r\u00e9tractables<\/p>\n","protected":false},"featured_media":16118,"template":"","meta":[],"product_cat":[158],"product_tag":[],"yoast_head":"<!-- This site is optimized with the Yoast SEO Premium plugin v20.7 (Yoast SEO v20.8) - https:\/\/yoast.com\/wordpress\/plugins\/seo\/ -->\n<title>Luxueuse commode en bois dans le style de Louis - Yves Fouquet<\/title>\n<meta name=\"description\" content=\"Meubles design d\u2019\u00e9lite \u00e0 commander en Ukraine. Commode sculpt\u00e9e en bois naturel dans le style ancien. Accessoires France, sculpture d\u00e9corative, montage manuel. Usine de meubles de production Yves Fouquet\" \/>\n<meta name=\"robots\" content=\"index, follow, max-snippet:-1, max-image-preview:large, max-video-preview:-1\" \/>\n<link rel=\"canonical\" href=\"https:\/\/yvesfouquet.com\/fr\/produit\/komod-louis-xv-cm105m-2\/\" \/>\n<meta property=\"og:locale\" content=\"fr_FR\" \/>\n<meta property=\"og:type\" content=\"article\" \/>\n<meta property=\"og:title\" content=\"Commode Louis XV CM105m\" \/>\n<meta property=\"og:description\" content=\"Meubles design d\u2019\u00e9lite \u00e0 commander en Ukraine. Commode sculpt\u00e9e en bois naturel dans le style ancien. Accessoires France, sculpture d\u00e9corative, montage manuel. Usine de meubles de production Yves Fouquet\" \/>\n<meta property=\"og:url\" content=\"https:\/\/yvesfouquet.com\/fr\/produit\/komod-louis-xv-cm105m-2\/\" \/>\n<meta property=\"og:site_name\" content=\"Yves Fouquet\" \/>\n<meta property=\"article:publisher\" content=\"https:\/\/www.facebook.com\/boutiueyvesfouquet\" \/>\n<meta property=\"og:image\" content=\"https:\/\/yvesfouquet.com\/wp-content\/uploads\/2020\/10\/62.png\" \/>\n\t<meta property=\"og:image:width\" content=\"1080\" \/>\n\t<meta property=\"og:image:height\" content=\"1080\" \/>\n\t<meta property=\"og:image:type\" content=\"image\/png\" \/>\n<meta name=\"twitter:card\" content=\"summary_large_image\" \/>\n<meta name=\"twitter:label1\" content=\"Prix\" \/>\n\t<meta name=\"twitter:data1\" content=\"\" \/>\n\t<meta name=\"twitter:label2\" content=\"Disponibilit\u00e9\" \/>\n\t<meta name=\"twitter:data2\" content=\"En stock\" \/>\n<script type=\"application\/ld+json\" class=\"yoast-schema-graph\">{\"@context\":\"https:\/\/schema.org\",\"@graph\":[{\"@type\":[\"WebPage\",\"ItemPage\"],\"@id\":\"https:\/\/yvesfouquet.com\/fr\/produit\/komod-louis-xv-cm105m-2\/\",\"url\":\"https:\/\/yvesfouquet.com\/fr\/produit\/komod-louis-xv-cm105m-2\/\",\"name\":\"Luxueuse commode en bois dans le style de Louis - Yves Fouquet\",\"isPartOf\":{\"@id\":\"https:\/\/yvesfouquet.com\/#website\"},\"datePublished\":\"2022-04-28T16:44:09+00:00\",\"dateModified\":\"2022-04-28T16:44:09+00:00\",\"description\":\"Meubles design d\u2019\u00e9lite \u00e0 commander en Ukraine. Commode sculpt\u00e9e en bois naturel dans le style ancien. Accessoires France, sculpture d\u00e9corative, montage manuel. Usine de meubles de production Yves Fouquet\",\"breadcrumb\":{\"@id\":\"https:\/\/yvesfouquet.com\/fr\/produit\/komod-louis-xv-cm105m-2\/#breadcrumb\"},\"inLanguage\":\"fr-FR\",\"potentialAction\":[{\"@type\":\"ReadAction\",\"target\":[\"https:\/\/yvesfouquet.com\/fr\/produit\/komod-louis-xv-cm105m-2\/\"]}]},{\"@type\":\"BreadcrumbList\",\"@id\":\"https:\/\/yvesfouquet.com\/fr\/produit\/komod-louis-xv-cm105m-2\/#breadcrumb\",\"itemListElement\":[{\"@type\":\"ListItem\",\"position\":1,\"name\":\"\u0413\u043b\u0430\u0432\u043d\u0430\u044f\",\"item\":\"https:\/\/yvesfouquet.com\/fr\/\"},{\"@type\":\"ListItem\",\"position\":2,\"name\":\"Collections\",\"item\":\"https:\/\/yvesfouquet.com\/fr\/collections\/\"},{\"@type\":\"ListItem\",\"position\":3,\"name\":\"Commode Louis XV CM105m\"}]},{\"@type\":\"WebSite\",\"@id\":\"https:\/\/yvesfouquet.com\/#website\",\"url\":\"https:\/\/yvesfouquet.com\/\",\"name\":\"Yves Fouquet\",\"description\":\"\u0424\u0440\u0430\u043d\u0446\u0443\u0437\u0441\u043a\u0430\u044f \u043c\u0435\u0431\u0435\u043b\u044c\",\"potentialAction\":[{\"@type\":\"SearchAction\",\"target\":{\"@type\":\"EntryPoint\",\"urlTemplate\":\"https:\/\/yvesfouquet.com\/?s={search_term_string}\"},\"query-input\":\"required name=search_term_string\"}],\"inLanguage\":\"fr-FR\"}]}<\/script>\n<meta property=\"product:price:amount\" content=\"0\" \/>\n<meta property=\"product:price:currency\" content=\"EUR\" \/>\n<meta property=\"og:availability\" content=\"instock\" \/>\n<meta property=\"product:availability\" content=\"instock\" \/>\n<meta property=\"product:retailer_item_id\" content=\"CM105M\" \/>\n<meta property=\"product:condition\" content=\"new\" \/>\n<!-- \/ Yoast SEO Premium plugin. -->","yoast_head_json":{"title":"Luxueuse commode en bois dans le style de Louis - Yves Fouquet","description":"Meubles design d\u2019\u00e9lite \u00e0 commander en Ukraine. Commode sculpt\u00e9e en bois naturel dans le style ancien. Accessoires France, sculpture d\u00e9corative, montage manuel. Usine de meubles de production Yves Fouquet","robots":{"index":"index","follow":"follow","max-snippet":"max-snippet:-1","max-image-preview":"max-image-preview:large","max-video-preview":"max-video-preview:-1"},"canonical":"https:\/\/yvesfouquet.com\/fr\/produit\/komod-louis-xv-cm105m-2\/","og_locale":"fr_FR","og_type":"article","og_title":"Commode Louis XV CM105m","og_description":"Meubles design d\u2019\u00e9lite \u00e0 commander en Ukraine. Commode sculpt\u00e9e en bois naturel dans le style ancien. Accessoires France, sculpture d\u00e9corative, montage manuel. Usine de meubles de production Yves Fouquet","og_url":"https:\/\/yvesfouquet.com\/fr\/produit\/komod-louis-xv-cm105m-2\/","og_site_name":"Yves Fouquet","article_publisher":"https:\/\/www.facebook.com\/boutiueyvesfouquet","og_image":[{"width":1080,"height":1080,"url":"https:\/\/yvesfouquet.com\/wp-content\/uploads\/2020\/10\/62.png","type":"image\/png"}],"twitter_card":"summary_large_image","twitter_misc":{"Prix":"","Disponibilit\u00e9":"En stock"},"schema":{"@context":"https:\/\/schema.org","@graph":[{"@type":["WebPage","ItemPage"],"@id":"https:\/\/yvesfouquet.com\/fr\/produit\/komod-louis-xv-cm105m-2\/","url":"https:\/\/yvesfouquet.com\/fr\/produit\/komod-louis-xv-cm105m-2\/","name":"Luxueuse commode en bois dans le style de Louis - Yves Fouquet","isPartOf":{"@id":"https:\/\/yvesfouquet.com\/#website"},"datePublished":"2022-04-28T16:44:09+00:00","dateModified":"2022-04-28T16:44:09+00:00","description":"Meubles design d\u2019\u00e9lite \u00e0 commander en Ukraine. Commode sculpt\u00e9e en bois naturel dans le style ancien. Accessoires France, sculpture d\u00e9corative, montage manuel. Usine de meubles de production Yves Fouquet","breadcrumb":{"@id":"https:\/\/yvesfouquet.com\/fr\/produit\/komod-louis-xv-cm105m-2\/#breadcrumb"},"inLanguage":"fr-FR","potentialAction":[{"@type":"ReadAction","target":["https:\/\/yvesfouquet.com\/fr\/produit\/komod-louis-xv-cm105m-2\/"]}]},{"@type":"BreadcrumbList","@id":"https:\/\/yvesfouquet.com\/fr\/produit\/komod-louis-xv-cm105m-2\/#breadcrumb","itemListElement":[{"@type":"ListItem","position":1,"name":"\u0413\u043b\u0430\u0432\u043d\u0430\u044f","item":"https:\/\/yvesfouquet.com\/fr\/"},{"@type":"ListItem","position":2,"name":"Collections","item":"https:\/\/yvesfouquet.com\/fr\/collections\/"},{"@type":"ListItem","position":3,"name":"Commode Louis XV CM105m"}]},{"@type":"WebSite","@id":"https:\/\/yvesfouquet.com\/#website","url":"https:\/\/yvesfouquet.com\/","name":"Yves Fouquet","description":"\u0424\u0440\u0430\u043d\u0446\u0443\u0437\u0441\u043a\u0430\u044f \u043c\u0435\u0431\u0435\u043b\u044c","potentialAction":[{"@type":"SearchAction","target":{"@type":"EntryPoint","urlTemplate":"https:\/\/yvesfouquet.com\/?s={search_term_string}"},"query-input":"required name=search_term_string"}],"inLanguage":"fr-FR"}]},"product_price_currency":"EUR","og_availability":"instock","product_availability":"instock","product_retailer_item_id":"CM105M","product_condition":"new"},"_links":{"self":[{"href":"https:\/\/yvesfouquet.com\/fr\/wp-json\/wp\/v2\/product\/18187"}],"collection":[{"href":"https:\/\/yvesfouquet.com\/fr\/wp-json\/wp\/v2\/product"}],"about":[{"href":"https:\/\/yvesfouquet.com\/fr\/wp-json\/wp\/v2\/types\/product"}],"version-history":[{"count":0,"href":"https:\/\/yvesfouquet.com\/fr\/wp-json\/wp\/v2\/product\/18187\/revisions"}],"wp:featuredmedia":[{"embeddable":true,"href":"https:\/\/yvesfouquet.com\/fr\/wp-json\/wp\/v2\/media\/16118"}],"wp:attachment":[{"href":"https:\/\/yvesfouquet.com\/fr\/wp-json\/wp\/v2\/media?parent=18187"}],"wp:term":[{"taxonomy":"product_cat","embeddable":true,"href":"https:\/\/yvesfouquet.com\/fr\/wp-json\/wp\/v2\/product_cat?post=18187"},{"taxonomy":"product_tag","embeddable":true,"href":"https:\/\/yvesfouquet.com\/fr\/wp-json\/wp\/v2\/product_tag?post=18187"}],"curies":[{"name":"wp","href":"https:\/\/api.w.org\/{rel}","templated":true}]}}