{"id":18189,"date":"2020-10-26T18:13:15","date_gmt":"2022-04-28T16:44:09","guid":{"rendered":"https:\/\/yvesfouquet.com\/commode-louis-xv-cm104s\/"},"modified":"2022-04-28T19:44:09","modified_gmt":"2022-04-28T16:44:09","slug":"komod-louis-xv-cm104s-2","status":"publish","type":"product","link":"https:\/\/yvesfouquet.com\/fr\/produit\/komod-louis-xv-cm104s-2\/","title":{"rendered":"Commode Louis XV CM104s"},"content":{"rendered":"<p>Une magnifique commode courb\u00e9e en bois naturel deviendra sans aucun doute un \u00e9l\u00e9ment harmonieux de votre mobilier. Assembl\u00e9 \u00e0 la main selon les technologies anciennes et dans les meilleures traditions de l\u2019\u00e9poque de Louis XV, il d\u00e9corera votre maison avec son design antique exclusif.<\/p>\n<p>La commode en bois avec deux tiroirs a des formes arrondies. Ils sont soulign\u00e9s par les courbes de pieds minces, se transformant en lignes sculpt\u00e9es lisses des parois lat\u00e9rales et de la fa\u00e7ade. La d\u00e9coration originale de la commode \u00e9tait d\u2019\u00e9l\u00e9gantes poign\u00e9es de Fran\u00e7ais raccords et sculptures \u00e0 la main sous la forme de boucles se connectant au centre de la fa\u00e7ade.<\/p>\n<p>Gr\u00e2ce \u00e0 un design bien pens\u00e9, la commode vintage vintage est non seulement belle, mais spacieuse et fonctionnelle. Il peut \u00eatre facilement install\u00e9 dans le salon, la chambre, le bureau ou le couloir. Un grand ensemble de comptoirs vous permet d\u2019y placer des \u00e9l\u00e9ments de d\u00e9coration \u00e9l\u00e9gants. Un lampadaire, un bol de fruits ou une confiserie, des figurines et plusieurs cadres avec des photos de famille auront fi\u00e8re allure ici.<\/p>\n<p>Assembl\u00e9s sur commande par les ma\u00eetres d\u2019Yves Fouquet, les meubles anciens s\u2019int\u00e8grent parfaitement dans les int\u00e9rieurs, devenant partie int\u00e9grante du mobilier. L\u2019utilisation habile des techniques de vieillissement lui donne une saveur unique et une atmosph\u00e8re de luxe exquis d\u2019une \u00e9poque royale r\u00e9volue.<\/p>\n","protected":false},"excerpt":{"rendered":"<p><strong>Dimensions:<\/strong> L1590 x H890 x P620<\/p>\n<p><strong>Description:<\/strong> pli\u00e9 avec filetage, 2 tiroirs r\u00e9tractables<\/p>\n","protected":false},"featured_media":16104,"template":"","meta":[],"product_cat":[158],"product_tag":[],"yoast_head":"<!-- This site is optimized with the Yoast SEO Premium plugin v20.7 (Yoast SEO v20.8) - https:\/\/yoast.com\/wordpress\/plugins\/seo\/ -->\n<title>Commode en bois naturel avec une - Yves Fouquet<\/title>\n<meta name=\"description\" content=\"Commode en bois dans le style louis 15 \u00e0 commander. Les meilleures vari\u00e9t\u00e9s de bois, assembl\u00e9es \u00e0 la main, accessoires France, d\u00e9coration antique. Meubles exclusifs de style antique acheter en Ukraine production d\u2019Yves Fouquet\" \/>\n<meta name=\"robots\" content=\"index, follow, max-snippet:-1, max-image-preview:large, max-video-preview:-1\" \/>\n<link rel=\"canonical\" href=\"https:\/\/yvesfouquet.com\/fr\/produit\/komod-louis-xv-cm104s-2\/\" \/>\n<meta property=\"og:locale\" content=\"fr_FR\" \/>\n<meta property=\"og:type\" content=\"article\" \/>\n<meta property=\"og:title\" content=\"Commode Louis XV CM104s\" \/>\n<meta property=\"og:description\" content=\"Commode en bois dans le style louis 15 \u00e0 commander. Les meilleures vari\u00e9t\u00e9s de bois, assembl\u00e9es \u00e0 la main, accessoires France, d\u00e9coration antique. Meubles exclusifs de style antique acheter en Ukraine production d\u2019Yves Fouquet\" \/>\n<meta property=\"og:url\" content=\"https:\/\/yvesfouquet.com\/fr\/produit\/komod-louis-xv-cm104s-2\/\" \/>\n<meta property=\"og:site_name\" content=\"Yves Fouquet\" \/>\n<meta property=\"article:publisher\" content=\"https:\/\/www.facebook.com\/boutiueyvesfouquet\" \/>\n<meta property=\"og:image\" content=\"https:\/\/yvesfouquet.com\/wp-content\/uploads\/2020\/10\/58.png\" \/>\n\t<meta property=\"og:image:width\" content=\"1080\" \/>\n\t<meta property=\"og:image:height\" content=\"1080\" \/>\n\t<meta property=\"og:image:type\" content=\"image\/png\" \/>\n<meta name=\"twitter:card\" content=\"summary_large_image\" \/>\n<meta name=\"twitter:label1\" content=\"Prix\" \/>\n\t<meta name=\"twitter:data1\" content=\"\" \/>\n\t<meta name=\"twitter:label2\" content=\"Disponibilit\u00e9\" \/>\n\t<meta name=\"twitter:data2\" content=\"En stock\" \/>\n<script type=\"application\/ld+json\" class=\"yoast-schema-graph\">{\"@context\":\"https:\/\/schema.org\",\"@graph\":[{\"@type\":[\"WebPage\",\"ItemPage\"],\"@id\":\"https:\/\/yvesfouquet.com\/fr\/produit\/komod-louis-xv-cm104s-2\/\",\"url\":\"https:\/\/yvesfouquet.com\/fr\/produit\/komod-louis-xv-cm104s-2\/\",\"name\":\"Commode en bois naturel avec une - Yves Fouquet\",\"isPartOf\":{\"@id\":\"https:\/\/yvesfouquet.com\/#website\"},\"datePublished\":\"2022-04-28T16:44:09+00:00\",\"dateModified\":\"2022-04-28T16:44:09+00:00\",\"description\":\"Commode en bois dans le style louis 15 \u00e0 commander. Les meilleures vari\u00e9t\u00e9s de bois, assembl\u00e9es \u00e0 la main, accessoires France, d\u00e9coration antique. Meubles exclusifs de style antique acheter en Ukraine production d\u2019Yves Fouquet\",\"breadcrumb\":{\"@id\":\"https:\/\/yvesfouquet.com\/fr\/produit\/komod-louis-xv-cm104s-2\/#breadcrumb\"},\"inLanguage\":\"fr-FR\",\"potentialAction\":[{\"@type\":\"ReadAction\",\"target\":[\"https:\/\/yvesfouquet.com\/fr\/produit\/komod-louis-xv-cm104s-2\/\"]}]},{\"@type\":\"BreadcrumbList\",\"@id\":\"https:\/\/yvesfouquet.com\/fr\/produit\/komod-louis-xv-cm104s-2\/#breadcrumb\",\"itemListElement\":[{\"@type\":\"ListItem\",\"position\":1,\"name\":\"\u0413\u043b\u0430\u0432\u043d\u0430\u044f\",\"item\":\"https:\/\/yvesfouquet.com\/fr\/\"},{\"@type\":\"ListItem\",\"position\":2,\"name\":\"Collections\",\"item\":\"https:\/\/yvesfouquet.com\/fr\/collections\/\"},{\"@type\":\"ListItem\",\"position\":3,\"name\":\"Commode Louis XV CM104s\"}]},{\"@type\":\"WebSite\",\"@id\":\"https:\/\/yvesfouquet.com\/#website\",\"url\":\"https:\/\/yvesfouquet.com\/\",\"name\":\"Yves Fouquet\",\"description\":\"\u0424\u0440\u0430\u043d\u0446\u0443\u0437\u0441\u043a\u0430\u044f \u043c\u0435\u0431\u0435\u043b\u044c\",\"potentialAction\":[{\"@type\":\"SearchAction\",\"target\":{\"@type\":\"EntryPoint\",\"urlTemplate\":\"https:\/\/yvesfouquet.com\/?s={search_term_string}\"},\"query-input\":\"required name=search_term_string\"}],\"inLanguage\":\"fr-FR\"}]}<\/script>\n<meta property=\"product:price:amount\" content=\"0\" \/>\n<meta property=\"product:price:currency\" content=\"EUR\" \/>\n<meta property=\"og:availability\" content=\"instock\" \/>\n<meta property=\"product:availability\" content=\"instock\" \/>\n<meta property=\"product:retailer_item_id\" content=\"CM104S\" \/>\n<meta property=\"product:condition\" content=\"new\" \/>\n<!-- \/ Yoast SEO Premium plugin. -->","yoast_head_json":{"title":"Commode en bois naturel avec une - Yves Fouquet","description":"Commode en bois dans le style louis 15 \u00e0 commander. Les meilleures vari\u00e9t\u00e9s de bois, assembl\u00e9es \u00e0 la main, accessoires France, d\u00e9coration antique. Meubles exclusifs de style antique acheter en Ukraine production d\u2019Yves Fouquet","robots":{"index":"index","follow":"follow","max-snippet":"max-snippet:-1","max-image-preview":"max-image-preview:large","max-video-preview":"max-video-preview:-1"},"canonical":"https:\/\/yvesfouquet.com\/fr\/produit\/komod-louis-xv-cm104s-2\/","og_locale":"fr_FR","og_type":"article","og_title":"Commode Louis XV CM104s","og_description":"Commode en bois dans le style louis 15 \u00e0 commander. Les meilleures vari\u00e9t\u00e9s de bois, assembl\u00e9es \u00e0 la main, accessoires France, d\u00e9coration antique. Meubles exclusifs de style antique acheter en Ukraine production d\u2019Yves Fouquet","og_url":"https:\/\/yvesfouquet.com\/fr\/produit\/komod-louis-xv-cm104s-2\/","og_site_name":"Yves Fouquet","article_publisher":"https:\/\/www.facebook.com\/boutiueyvesfouquet","og_image":[{"width":1080,"height":1080,"url":"https:\/\/yvesfouquet.com\/wp-content\/uploads\/2020\/10\/58.png","type":"image\/png"}],"twitter_card":"summary_large_image","twitter_misc":{"Prix":"","Disponibilit\u00e9":"En stock"},"schema":{"@context":"https:\/\/schema.org","@graph":[{"@type":["WebPage","ItemPage"],"@id":"https:\/\/yvesfouquet.com\/fr\/produit\/komod-louis-xv-cm104s-2\/","url":"https:\/\/yvesfouquet.com\/fr\/produit\/komod-louis-xv-cm104s-2\/","name":"Commode en bois naturel avec une - Yves Fouquet","isPartOf":{"@id":"https:\/\/yvesfouquet.com\/#website"},"datePublished":"2022-04-28T16:44:09+00:00","dateModified":"2022-04-28T16:44:09+00:00","description":"Commode en bois dans le style louis 15 \u00e0 commander. Les meilleures vari\u00e9t\u00e9s de bois, assembl\u00e9es \u00e0 la main, accessoires France, d\u00e9coration antique. Meubles exclusifs de style antique acheter en Ukraine production d\u2019Yves Fouquet","breadcrumb":{"@id":"https:\/\/yvesfouquet.com\/fr\/produit\/komod-louis-xv-cm104s-2\/#breadcrumb"},"inLanguage":"fr-FR","potentialAction":[{"@type":"ReadAction","target":["https:\/\/yvesfouquet.com\/fr\/produit\/komod-louis-xv-cm104s-2\/"]}]},{"@type":"BreadcrumbList","@id":"https:\/\/yvesfouquet.com\/fr\/produit\/komod-louis-xv-cm104s-2\/#breadcrumb","itemListElement":[{"@type":"ListItem","position":1,"name":"\u0413\u043b\u0430\u0432\u043d\u0430\u044f","item":"https:\/\/yvesfouquet.com\/fr\/"},{"@type":"ListItem","position":2,"name":"Collections","item":"https:\/\/yvesfouquet.com\/fr\/collections\/"},{"@type":"ListItem","position":3,"name":"Commode Louis XV CM104s"}]},{"@type":"WebSite","@id":"https:\/\/yvesfouquet.com\/#website","url":"https:\/\/yvesfouquet.com\/","name":"Yves Fouquet","description":"\u0424\u0440\u0430\u043d\u0446\u0443\u0437\u0441\u043a\u0430\u044f \u043c\u0435\u0431\u0435\u043b\u044c","potentialAction":[{"@type":"SearchAction","target":{"@type":"EntryPoint","urlTemplate":"https:\/\/yvesfouquet.com\/?s={search_term_string}"},"query-input":"required name=search_term_string"}],"inLanguage":"fr-FR"}]},"product_price_currency":"EUR","og_availability":"instock","product_availability":"instock","product_retailer_item_id":"CM104S","product_condition":"new"},"_links":{"self":[{"href":"https:\/\/yvesfouquet.com\/fr\/wp-json\/wp\/v2\/product\/18189"}],"collection":[{"href":"https:\/\/yvesfouquet.com\/fr\/wp-json\/wp\/v2\/product"}],"about":[{"href":"https:\/\/yvesfouquet.com\/fr\/wp-json\/wp\/v2\/types\/product"}],"version-history":[{"count":0,"href":"https:\/\/yvesfouquet.com\/fr\/wp-json\/wp\/v2\/product\/18189\/revisions"}],"wp:featuredmedia":[{"embeddable":true,"href":"https:\/\/yvesfouquet.com\/fr\/wp-json\/wp\/v2\/media\/16104"}],"wp:attachment":[{"href":"https:\/\/yvesfouquet.com\/fr\/wp-json\/wp\/v2\/media?parent=18189"}],"wp:term":[{"taxonomy":"product_cat","embeddable":true,"href":"https:\/\/yvesfouquet.com\/fr\/wp-json\/wp\/v2\/product_cat?post=18189"},{"taxonomy":"product_tag","embeddable":true,"href":"https:\/\/yvesfouquet.com\/fr\/wp-json\/wp\/v2\/product_tag?post=18189"}],"curies":[{"name":"wp","href":"https:\/\/api.w.org\/{rel}","templated":true}]}}