{"id":18192,"date":"2020-10-26T18:13:48","date_gmt":"2022-04-28T16:44:11","guid":{"rendered":"https:\/\/yvesfouquet.com\/commode-dentelle-cm109\/"},"modified":"2022-04-28T19:44:11","modified_gmt":"2022-04-28T16:44:11","slug":"komod-dentelle-cm109-2","status":"publish","type":"product","link":"https:\/\/yvesfouquet.com\/fr\/produit\/komod-dentelle-cm109-2\/","title":{"rendered":"Commode Dentelle CM109"},"content":{"rendered":"<p>Les meubles en bois de style vintage ont fi\u00e8re allure \u00e0 l\u2019int\u00e9rieur. Ainsi, ce magnifique mod\u00e8le design d\u2019une petite commode \u00e0 deux tiroirs est pr\u00eat \u00e0 devenir une d\u00e9coration unique de votre mobilier.<\/p>\n<p>Commode en bois \u00e9l\u00e9gante Dentelle aura fi\u00e8re allure dans une chambre confortable, o\u00f9 elle deviendra une table de chevet confortable. Il prendra sa place dans le salon ou le couloir &#8211; sur son ensemble, le comptoir laqu\u00e9 accueillera parfaitement un lampadaire, une horloge, un miroir ou un d\u00e9cor int\u00e9rieur.<\/p>\n<p>Les meubles d\u2019auteur produits par l\u2019usine Yves Fouquet sont fabriqu\u00e9s sur commande et r\u00e9pondent toujours \u00e0 tous les souhaits du client. De mani\u00e8re inattendue et provocante ressemble au design du corset en rose. De mani\u00e8re exquise et \u00e9l\u00e9gante, la m\u00eame commode a l\u2019air dans la version classique avec des poign\u00e9es \u00e9l\u00e9gantes. Si vous le souhaitez, vous pouvez toujours apporter vos propres modifications \u00e0 la couleur, \u00e0 la taille du produit et au style des raccords.<\/p>\n<p>Les meubles d\u2019int\u00e9rieur sous l\u2019antiquit\u00e9 sont cr\u00e9\u00e9s selon les technologies traditionnelles. Dans son assemblage, des connexions \u00e0 rainure \u00e0 pointe et \u00e0 queue d\u2019aronde sont utilis\u00e9es, les parties du corps sont fix\u00e9es avec des clous en bois. La saveur du pass\u00e9 est cr\u00e9\u00e9e par des effets de vieillissement r\u00e9alistes et des raccords de Fran\u00e7ais d\u2019\u00e9lite. Un design unique et le travail habile des artisans rendent nos meubles vraiment exclusifs.<\/p>\n","protected":false},"excerpt":{"rendered":"<p><strong>Dimensions:<\/strong> L780 x H842 x P520<\/p>\n<p><strong> 2 tiroirs r\u00e9tractables<\/strong><\/p>\n","protected":false},"featured_media":16130,"template":"","meta":[],"product_cat":[158],"product_tag":[],"yoast_head":"<!-- This site is optimized with the Yoast SEO Premium plugin v20.7 (Yoast SEO v20.8) - https:\/\/yoast.com\/wordpress\/plugins\/seo\/ -->\n<title>Commode en bois antique avec deux - Yves Fouquet<\/title>\n<meta name=\"description\" content=\"Meubles anciens faits \u00e0 la main produits par l\u2019usine d\u2019Yves Fouquet en Ukraine. Design individuel, d\u00e9cor sculpt\u00e9, technologies d\u2019assemblage traditionnelles, raccords en bronze d\u2019\u00e9lite France.\" \/>\n<meta name=\"robots\" content=\"index, follow, max-snippet:-1, max-image-preview:large, max-video-preview:-1\" \/>\n<link rel=\"canonical\" href=\"https:\/\/yvesfouquet.com\/fr\/produit\/komod-dentelle-cm109-2\/\" \/>\n<meta property=\"og:locale\" content=\"fr_FR\" \/>\n<meta property=\"og:type\" content=\"article\" \/>\n<meta property=\"og:title\" content=\"Commode Dentelle CM109\" \/>\n<meta property=\"og:description\" content=\"Meubles anciens faits \u00e0 la main produits par l\u2019usine d\u2019Yves Fouquet en Ukraine. Design individuel, d\u00e9cor sculpt\u00e9, technologies d\u2019assemblage traditionnelles, raccords en bronze d\u2019\u00e9lite France.\" \/>\n<meta property=\"og:url\" content=\"https:\/\/yvesfouquet.com\/fr\/produit\/komod-dentelle-cm109-2\/\" \/>\n<meta property=\"og:site_name\" content=\"Yves Fouquet\" \/>\n<meta property=\"article:publisher\" content=\"https:\/\/www.facebook.com\/boutiueyvesfouquet\" \/>\n<meta property=\"og:image\" content=\"https:\/\/yvesfouquet.com\/wp-content\/uploads\/2020\/10\/64.png\" \/>\n\t<meta property=\"og:image:width\" content=\"1080\" \/>\n\t<meta property=\"og:image:height\" content=\"1080\" \/>\n\t<meta property=\"og:image:type\" content=\"image\/png\" \/>\n<meta name=\"twitter:card\" content=\"summary_large_image\" \/>\n<meta name=\"twitter:label1\" content=\"Prix\" \/>\n\t<meta name=\"twitter:data1\" content=\"\" \/>\n\t<meta name=\"twitter:label2\" content=\"Disponibilit\u00e9\" \/>\n\t<meta name=\"twitter:data2\" content=\"En stock\" \/>\n<script type=\"application\/ld+json\" class=\"yoast-schema-graph\">{\"@context\":\"https:\/\/schema.org\",\"@graph\":[{\"@type\":[\"WebPage\",\"ItemPage\"],\"@id\":\"https:\/\/yvesfouquet.com\/fr\/produit\/komod-dentelle-cm109-2\/\",\"url\":\"https:\/\/yvesfouquet.com\/fr\/produit\/komod-dentelle-cm109-2\/\",\"name\":\"Commode en bois antique avec deux - Yves Fouquet\",\"isPartOf\":{\"@id\":\"https:\/\/yvesfouquet.com\/#website\"},\"datePublished\":\"2022-04-28T16:44:11+00:00\",\"dateModified\":\"2022-04-28T16:44:11+00:00\",\"description\":\"Meubles anciens faits \u00e0 la main produits par l\u2019usine d\u2019Yves Fouquet en Ukraine. Design individuel, d\u00e9cor sculpt\u00e9, technologies d\u2019assemblage traditionnelles, raccords en bronze d\u2019\u00e9lite France.\",\"breadcrumb\":{\"@id\":\"https:\/\/yvesfouquet.com\/fr\/produit\/komod-dentelle-cm109-2\/#breadcrumb\"},\"inLanguage\":\"fr-FR\",\"potentialAction\":[{\"@type\":\"ReadAction\",\"target\":[\"https:\/\/yvesfouquet.com\/fr\/produit\/komod-dentelle-cm109-2\/\"]}]},{\"@type\":\"BreadcrumbList\",\"@id\":\"https:\/\/yvesfouquet.com\/fr\/produit\/komod-dentelle-cm109-2\/#breadcrumb\",\"itemListElement\":[{\"@type\":\"ListItem\",\"position\":1,\"name\":\"\u0413\u043b\u0430\u0432\u043d\u0430\u044f\",\"item\":\"https:\/\/yvesfouquet.com\/fr\/\"},{\"@type\":\"ListItem\",\"position\":2,\"name\":\"Collections\",\"item\":\"https:\/\/yvesfouquet.com\/fr\/collections\/\"},{\"@type\":\"ListItem\",\"position\":3,\"name\":\"Commode Dentelle CM109\"}]},{\"@type\":\"WebSite\",\"@id\":\"https:\/\/yvesfouquet.com\/#website\",\"url\":\"https:\/\/yvesfouquet.com\/\",\"name\":\"Yves Fouquet\",\"description\":\"\u0424\u0440\u0430\u043d\u0446\u0443\u0437\u0441\u043a\u0430\u044f \u043c\u0435\u0431\u0435\u043b\u044c\",\"potentialAction\":[{\"@type\":\"SearchAction\",\"target\":{\"@type\":\"EntryPoint\",\"urlTemplate\":\"https:\/\/yvesfouquet.com\/?s={search_term_string}\"},\"query-input\":\"required name=search_term_string\"}],\"inLanguage\":\"fr-FR\"}]}<\/script>\n<meta property=\"product:price:amount\" content=\"0\" \/>\n<meta property=\"product:price:currency\" content=\"EUR\" \/>\n<meta property=\"og:availability\" content=\"instock\" \/>\n<meta property=\"product:availability\" content=\"instock\" \/>\n<meta property=\"product:retailer_item_id\" content=\"CM109\" \/>\n<meta property=\"product:condition\" content=\"new\" \/>\n<!-- \/ Yoast SEO Premium plugin. -->","yoast_head_json":{"title":"Commode en bois antique avec deux - Yves Fouquet","description":"Meubles anciens faits \u00e0 la main produits par l\u2019usine d\u2019Yves Fouquet en Ukraine. Design individuel, d\u00e9cor sculpt\u00e9, technologies d\u2019assemblage traditionnelles, raccords en bronze d\u2019\u00e9lite France.","robots":{"index":"index","follow":"follow","max-snippet":"max-snippet:-1","max-image-preview":"max-image-preview:large","max-video-preview":"max-video-preview:-1"},"canonical":"https:\/\/yvesfouquet.com\/fr\/produit\/komod-dentelle-cm109-2\/","og_locale":"fr_FR","og_type":"article","og_title":"Commode Dentelle CM109","og_description":"Meubles anciens faits \u00e0 la main produits par l\u2019usine d\u2019Yves Fouquet en Ukraine. Design individuel, d\u00e9cor sculpt\u00e9, technologies d\u2019assemblage traditionnelles, raccords en bronze d\u2019\u00e9lite France.","og_url":"https:\/\/yvesfouquet.com\/fr\/produit\/komod-dentelle-cm109-2\/","og_site_name":"Yves Fouquet","article_publisher":"https:\/\/www.facebook.com\/boutiueyvesfouquet","og_image":[{"width":1080,"height":1080,"url":"https:\/\/yvesfouquet.com\/wp-content\/uploads\/2020\/10\/64.png","type":"image\/png"}],"twitter_card":"summary_large_image","twitter_misc":{"Prix":"","Disponibilit\u00e9":"En stock"},"schema":{"@context":"https:\/\/schema.org","@graph":[{"@type":["WebPage","ItemPage"],"@id":"https:\/\/yvesfouquet.com\/fr\/produit\/komod-dentelle-cm109-2\/","url":"https:\/\/yvesfouquet.com\/fr\/produit\/komod-dentelle-cm109-2\/","name":"Commode en bois antique avec deux - Yves Fouquet","isPartOf":{"@id":"https:\/\/yvesfouquet.com\/#website"},"datePublished":"2022-04-28T16:44:11+00:00","dateModified":"2022-04-28T16:44:11+00:00","description":"Meubles anciens faits \u00e0 la main produits par l\u2019usine d\u2019Yves Fouquet en Ukraine. Design individuel, d\u00e9cor sculpt\u00e9, technologies d\u2019assemblage traditionnelles, raccords en bronze d\u2019\u00e9lite France.","breadcrumb":{"@id":"https:\/\/yvesfouquet.com\/fr\/produit\/komod-dentelle-cm109-2\/#breadcrumb"},"inLanguage":"fr-FR","potentialAction":[{"@type":"ReadAction","target":["https:\/\/yvesfouquet.com\/fr\/produit\/komod-dentelle-cm109-2\/"]}]},{"@type":"BreadcrumbList","@id":"https:\/\/yvesfouquet.com\/fr\/produit\/komod-dentelle-cm109-2\/#breadcrumb","itemListElement":[{"@type":"ListItem","position":1,"name":"\u0413\u043b\u0430\u0432\u043d\u0430\u044f","item":"https:\/\/yvesfouquet.com\/fr\/"},{"@type":"ListItem","position":2,"name":"Collections","item":"https:\/\/yvesfouquet.com\/fr\/collections\/"},{"@type":"ListItem","position":3,"name":"Commode Dentelle CM109"}]},{"@type":"WebSite","@id":"https:\/\/yvesfouquet.com\/#website","url":"https:\/\/yvesfouquet.com\/","name":"Yves Fouquet","description":"\u0424\u0440\u0430\u043d\u0446\u0443\u0437\u0441\u043a\u0430\u044f \u043c\u0435\u0431\u0435\u043b\u044c","potentialAction":[{"@type":"SearchAction","target":{"@type":"EntryPoint","urlTemplate":"https:\/\/yvesfouquet.com\/?s={search_term_string}"},"query-input":"required name=search_term_string"}],"inLanguage":"fr-FR"}]},"product_price_currency":"EUR","og_availability":"instock","product_availability":"instock","product_retailer_item_id":"CM109","product_condition":"new"},"_links":{"self":[{"href":"https:\/\/yvesfouquet.com\/fr\/wp-json\/wp\/v2\/product\/18192"}],"collection":[{"href":"https:\/\/yvesfouquet.com\/fr\/wp-json\/wp\/v2\/product"}],"about":[{"href":"https:\/\/yvesfouquet.com\/fr\/wp-json\/wp\/v2\/types\/product"}],"version-history":[{"count":0,"href":"https:\/\/yvesfouquet.com\/fr\/wp-json\/wp\/v2\/product\/18192\/revisions"}],"wp:featuredmedia":[{"embeddable":true,"href":"https:\/\/yvesfouquet.com\/fr\/wp-json\/wp\/v2\/media\/16130"}],"wp:attachment":[{"href":"https:\/\/yvesfouquet.com\/fr\/wp-json\/wp\/v2\/media?parent=18192"}],"wp:term":[{"taxonomy":"product_cat","embeddable":true,"href":"https:\/\/yvesfouquet.com\/fr\/wp-json\/wp\/v2\/product_cat?post=18192"},{"taxonomy":"product_tag","embeddable":true,"href":"https:\/\/yvesfouquet.com\/fr\/wp-json\/wp\/v2\/product_tag?post=18192"}],"curies":[{"name":"wp","href":"https:\/\/api.w.org\/{rel}","templated":true}]}}