{"id":18193,"date":"2020-10-26T21:04:05","date_gmt":"2022-04-28T16:44:11","guid":{"rendered":"https:\/\/yvesfouquet.com\/commode-chiffonnier-cm118\/"},"modified":"2022-04-28T19:44:11","modified_gmt":"2022-04-28T16:44:11","slug":"komod-shifoner-cm118-2","status":"publish","type":"product","link":"https:\/\/yvesfouquet.com\/fr\/produit\/komod-shifoner-cm118-2\/","title":{"rendered":"Commode Chiffonnier CM118"},"content":{"rendered":"<p>Voulez-vous ajouter des meubles spectaculaires de style vintage \u00e0 votre mobilier? Faites attention \u00e0 la commode-chiffonni\u00e8re de cr\u00e9ateur en bois naturel avec six tiroirs. Des meubles faits \u00e0 la main, \u00e9l\u00e9gants et pratiques, sur mesure, compl\u00e9teront harmonieusement l\u2019int\u00e9rieur design de votre maison.<\/p>\n<p>Et voici un autre mod\u00e8le d\u2019auteur original cr\u00e9\u00e9 par des ma\u00eetres talentueux de l\u2019usine de meubles Yves Fouquet. La commode sous les antiquit\u00e9s a l\u2019air \u00e9l\u00e9gante et a une fonctionnalit\u00e9 bien pens\u00e9e. Confortable et spacieux, il s\u2019int\u00e9grera parfaitement dans le salon, dans la chambre \u00e0 coucher, dans la chambre \u00e0 coucher et m\u00eame dans le couloir.<\/p>\n<p>Les bo\u00eetes sculpt\u00e9es incurv\u00e9es sont \u00e9quip\u00e9es de raccords Fran\u00e7ais \u00e9l\u00e9gants. Les jambes solides et stables se plient en une large ligne, ressemblant aux revers d\u2019une veste. Un ensemble de comptoir laqu\u00e9 vous permet de placer un d\u00e9cor int\u00e9rieur, plusieurs cadres photo, une horloge ou un vase dessus.<\/p>\n<p>La commode en bois de style antique est assembl\u00e9e selon les technologies du mobilier ancien. \u00c0 cette fin, des connexions \u00e0 rainures \u00e0 pointes et \u00e0 queue d\u2019aronde, des clous en bois sont utilis\u00e9s. Les effets du vieillissement artificiel donnent au produit une apparence presque indiscernable des antiquit\u00e9s r\u00e9elles. Les meubles exclusifs en bois massif sont personnalis\u00e9s, de sorte qu\u2019ils s\u2019int\u00e8grent toujours parfaitement dans n\u2019importe quel int\u00e9rieur.<\/p>\n","protected":false},"excerpt":{"rendered":"<p><strong>Dimensions:<\/strong> L600 x H1000 x P430<\/p>\n<p><strong> 5 tiroirs r\u00e9tractables<\/strong><\/p>\n","protected":false},"featured_media":16236,"template":"","meta":[],"product_cat":[158],"product_tag":[],"yoast_head":"<!-- This site is optimized with the Yoast SEO Premium plugin v20.7 (Yoast SEO v20.8) - https:\/\/yoast.com\/wordpress\/plugins\/seo\/ -->\n<title>Commode en bois dans le style - Yves Fouquet<\/title>\n<meta name=\"description\" content=\"Mobilier design exclusif pour la maison \u00e0 commander en Ukraine. Commode en bois dans la chambre, couloir, chambre d\u2019enfants, couloir. Mod\u00e8le haut de gamme fait \u00e0 la main. Usine de meubles Yves Fouquet\" \/>\n<meta name=\"robots\" content=\"index, follow, max-snippet:-1, max-image-preview:large, max-video-preview:-1\" \/>\n<link rel=\"canonical\" href=\"https:\/\/yvesfouquet.com\/fr\/produit\/komod-shifoner-cm118-2\/\" \/>\n<meta property=\"og:locale\" content=\"fr_FR\" \/>\n<meta property=\"og:type\" content=\"article\" \/>\n<meta property=\"og:title\" content=\"Commode Chiffonnier CM118\" \/>\n<meta property=\"og:description\" content=\"Mobilier design exclusif pour la maison \u00e0 commander en Ukraine. Commode en bois dans la chambre, couloir, chambre d\u2019enfants, couloir. Mod\u00e8le haut de gamme fait \u00e0 la main. Usine de meubles Yves Fouquet\" \/>\n<meta property=\"og:url\" content=\"https:\/\/yvesfouquet.com\/fr\/produit\/komod-shifoner-cm118-2\/\" \/>\n<meta property=\"og:site_name\" content=\"Yves Fouquet\" \/>\n<meta property=\"article:publisher\" content=\"https:\/\/www.facebook.com\/boutiueyvesfouquet\" \/>\n<meta property=\"og:image\" content=\"https:\/\/yvesfouquet.com\/wp-content\/uploads\/2020\/10\/94.png\" \/>\n\t<meta property=\"og:image:width\" content=\"1080\" \/>\n\t<meta property=\"og:image:height\" content=\"1080\" \/>\n\t<meta property=\"og:image:type\" content=\"image\/png\" \/>\n<meta name=\"twitter:card\" content=\"summary_large_image\" \/>\n<meta name=\"twitter:label1\" content=\"Prix\" \/>\n\t<meta name=\"twitter:data1\" content=\"\" \/>\n\t<meta name=\"twitter:label2\" content=\"Disponibilit\u00e9\" \/>\n\t<meta name=\"twitter:data2\" content=\"En stock\" \/>\n<script type=\"application\/ld+json\" class=\"yoast-schema-graph\">{\"@context\":\"https:\/\/schema.org\",\"@graph\":[{\"@type\":[\"WebPage\",\"ItemPage\"],\"@id\":\"https:\/\/yvesfouquet.com\/fr\/produit\/komod-shifoner-cm118-2\/\",\"url\":\"https:\/\/yvesfouquet.com\/fr\/produit\/komod-shifoner-cm118-2\/\",\"name\":\"Commode en bois dans le style - Yves Fouquet\",\"isPartOf\":{\"@id\":\"https:\/\/yvesfouquet.com\/#website\"},\"datePublished\":\"2022-04-28T16:44:11+00:00\",\"dateModified\":\"2022-04-28T16:44:11+00:00\",\"description\":\"Mobilier design exclusif pour la maison \u00e0 commander en Ukraine. Commode en bois dans la chambre, couloir, chambre d\u2019enfants, couloir. Mod\u00e8le haut de gamme fait \u00e0 la main. Usine de meubles Yves Fouquet\",\"breadcrumb\":{\"@id\":\"https:\/\/yvesfouquet.com\/fr\/produit\/komod-shifoner-cm118-2\/#breadcrumb\"},\"inLanguage\":\"fr-FR\",\"potentialAction\":[{\"@type\":\"ReadAction\",\"target\":[\"https:\/\/yvesfouquet.com\/fr\/produit\/komod-shifoner-cm118-2\/\"]}]},{\"@type\":\"BreadcrumbList\",\"@id\":\"https:\/\/yvesfouquet.com\/fr\/produit\/komod-shifoner-cm118-2\/#breadcrumb\",\"itemListElement\":[{\"@type\":\"ListItem\",\"position\":1,\"name\":\"\u0413\u043b\u0430\u0432\u043d\u0430\u044f\",\"item\":\"https:\/\/yvesfouquet.com\/fr\/\"},{\"@type\":\"ListItem\",\"position\":2,\"name\":\"Collections\",\"item\":\"https:\/\/yvesfouquet.com\/fr\/collections\/\"},{\"@type\":\"ListItem\",\"position\":3,\"name\":\"Commode Chiffonnier CM118\"}]},{\"@type\":\"WebSite\",\"@id\":\"https:\/\/yvesfouquet.com\/#website\",\"url\":\"https:\/\/yvesfouquet.com\/\",\"name\":\"Yves Fouquet\",\"description\":\"\u0424\u0440\u0430\u043d\u0446\u0443\u0437\u0441\u043a\u0430\u044f \u043c\u0435\u0431\u0435\u043b\u044c\",\"potentialAction\":[{\"@type\":\"SearchAction\",\"target\":{\"@type\":\"EntryPoint\",\"urlTemplate\":\"https:\/\/yvesfouquet.com\/?s={search_term_string}\"},\"query-input\":\"required name=search_term_string\"}],\"inLanguage\":\"fr-FR\"}]}<\/script>\n<meta property=\"product:price:amount\" content=\"0\" \/>\n<meta property=\"product:price:currency\" content=\"EUR\" \/>\n<meta property=\"og:availability\" content=\"instock\" \/>\n<meta property=\"product:availability\" content=\"instock\" \/>\n<meta property=\"product:retailer_item_id\" content=\"CM118\" \/>\n<meta property=\"product:condition\" content=\"new\" \/>\n<!-- \/ Yoast SEO Premium plugin. -->","yoast_head_json":{"title":"Commode en bois dans le style - Yves Fouquet","description":"Mobilier design exclusif pour la maison \u00e0 commander en Ukraine. Commode en bois dans la chambre, couloir, chambre d\u2019enfants, couloir. Mod\u00e8le haut de gamme fait \u00e0 la main. Usine de meubles Yves Fouquet","robots":{"index":"index","follow":"follow","max-snippet":"max-snippet:-1","max-image-preview":"max-image-preview:large","max-video-preview":"max-video-preview:-1"},"canonical":"https:\/\/yvesfouquet.com\/fr\/produit\/komod-shifoner-cm118-2\/","og_locale":"fr_FR","og_type":"article","og_title":"Commode Chiffonnier CM118","og_description":"Mobilier design exclusif pour la maison \u00e0 commander en Ukraine. Commode en bois dans la chambre, couloir, chambre d\u2019enfants, couloir. Mod\u00e8le haut de gamme fait \u00e0 la main. Usine de meubles Yves Fouquet","og_url":"https:\/\/yvesfouquet.com\/fr\/produit\/komod-shifoner-cm118-2\/","og_site_name":"Yves Fouquet","article_publisher":"https:\/\/www.facebook.com\/boutiueyvesfouquet","og_image":[{"width":1080,"height":1080,"url":"https:\/\/yvesfouquet.com\/wp-content\/uploads\/2020\/10\/94.png","type":"image\/png"}],"twitter_card":"summary_large_image","twitter_misc":{"Prix":"","Disponibilit\u00e9":"En stock"},"schema":{"@context":"https:\/\/schema.org","@graph":[{"@type":["WebPage","ItemPage"],"@id":"https:\/\/yvesfouquet.com\/fr\/produit\/komod-shifoner-cm118-2\/","url":"https:\/\/yvesfouquet.com\/fr\/produit\/komod-shifoner-cm118-2\/","name":"Commode en bois dans le style - Yves Fouquet","isPartOf":{"@id":"https:\/\/yvesfouquet.com\/#website"},"datePublished":"2022-04-28T16:44:11+00:00","dateModified":"2022-04-28T16:44:11+00:00","description":"Mobilier design exclusif pour la maison \u00e0 commander en Ukraine. Commode en bois dans la chambre, couloir, chambre d\u2019enfants, couloir. Mod\u00e8le haut de gamme fait \u00e0 la main. Usine de meubles Yves Fouquet","breadcrumb":{"@id":"https:\/\/yvesfouquet.com\/fr\/produit\/komod-shifoner-cm118-2\/#breadcrumb"},"inLanguage":"fr-FR","potentialAction":[{"@type":"ReadAction","target":["https:\/\/yvesfouquet.com\/fr\/produit\/komod-shifoner-cm118-2\/"]}]},{"@type":"BreadcrumbList","@id":"https:\/\/yvesfouquet.com\/fr\/produit\/komod-shifoner-cm118-2\/#breadcrumb","itemListElement":[{"@type":"ListItem","position":1,"name":"\u0413\u043b\u0430\u0432\u043d\u0430\u044f","item":"https:\/\/yvesfouquet.com\/fr\/"},{"@type":"ListItem","position":2,"name":"Collections","item":"https:\/\/yvesfouquet.com\/fr\/collections\/"},{"@type":"ListItem","position":3,"name":"Commode Chiffonnier CM118"}]},{"@type":"WebSite","@id":"https:\/\/yvesfouquet.com\/#website","url":"https:\/\/yvesfouquet.com\/","name":"Yves Fouquet","description":"\u0424\u0440\u0430\u043d\u0446\u0443\u0437\u0441\u043a\u0430\u044f \u043c\u0435\u0431\u0435\u043b\u044c","potentialAction":[{"@type":"SearchAction","target":{"@type":"EntryPoint","urlTemplate":"https:\/\/yvesfouquet.com\/?s={search_term_string}"},"query-input":"required name=search_term_string"}],"inLanguage":"fr-FR"}]},"product_price_currency":"EUR","og_availability":"instock","product_availability":"instock","product_retailer_item_id":"CM118","product_condition":"new"},"_links":{"self":[{"href":"https:\/\/yvesfouquet.com\/fr\/wp-json\/wp\/v2\/product\/18193"}],"collection":[{"href":"https:\/\/yvesfouquet.com\/fr\/wp-json\/wp\/v2\/product"}],"about":[{"href":"https:\/\/yvesfouquet.com\/fr\/wp-json\/wp\/v2\/types\/product"}],"version-history":[{"count":0,"href":"https:\/\/yvesfouquet.com\/fr\/wp-json\/wp\/v2\/product\/18193\/revisions"}],"wp:featuredmedia":[{"embeddable":true,"href":"https:\/\/yvesfouquet.com\/fr\/wp-json\/wp\/v2\/media\/16236"}],"wp:attachment":[{"href":"https:\/\/yvesfouquet.com\/fr\/wp-json\/wp\/v2\/media?parent=18193"}],"wp:term":[{"taxonomy":"product_cat","embeddable":true,"href":"https:\/\/yvesfouquet.com\/fr\/wp-json\/wp\/v2\/product_cat?post=18193"},{"taxonomy":"product_tag","embeddable":true,"href":"https:\/\/yvesfouquet.com\/fr\/wp-json\/wp\/v2\/product_tag?post=18193"}],"curies":[{"name":"wp","href":"https:\/\/api.w.org\/{rel}","templated":true}]}}