{"id":18199,"date":"2020-10-26T18:12:52","date_gmt":"2022-04-28T16:44:14","guid":{"rendered":"https:\/\/yvesfouquet.com\/commode-directoire-cm101p\/"},"modified":"2022-04-28T19:44:14","modified_gmt":"2022-04-28T16:44:14","slug":"komod-directoire-cm101p-2","status":"publish","type":"product","link":"https:\/\/yvesfouquet.com\/fr\/produit\/komod-directoire-cm101p-2\/","title":{"rendered":"Commode Directoire CM101p"},"content":{"rendered":"<p>Le d\u00e9tail original de votre cuisine dans un style r\u00e9tro sera une commode design en bois fait main par les ma\u00eetres de l\u2019usine Yves Fouquet. Le mod\u00e8le exclusif est fabriqu\u00e9 dans les meilleures traditions du pass\u00e9 et son style correspond aux tendances du mobilier de l\u2019\u00e9poque du Fran\u00e7ais Directory.<\/p>\n<p>Une commode confortable et pratique avec deux portes battantes d\u00e9corera votre mobilier de cuisine. Il est assez spacieux, \u00e0 l\u2019int\u00e9rieur il y a deux \u00e9tag\u00e8res r\u00e9glables en hauteur sur lesquelles vous pouvez placer de la vaisselle, des couverts et des textiles.<\/p>\n<p>Un comptoir laqu\u00e9 avec un motif de parquet a l\u2019air chaleureux et confortable \u00e0 la maison. Il aura fi\u00e8re allure avec des fruits, un fabricant de bonbons ou un petit appareil de cuisine dans un style vintage.<\/p>\n<p>La s\u00e9v\u00e9rit\u00e9 des lignes claires de la commode est dilu\u00e9e par de petites poign\u00e9es \u00e9l\u00e9gantes install\u00e9es au centre de chaque porte &#8211; des accessoires \u00e9l\u00e9gants en bronze fabriqu\u00e9s en France. La partie inf\u00e9rieure est d\u00e9cor\u00e9e d\u2019une petite sculpture faite \u00e0 la main sous la forme de deux brindilles crois\u00e9es. Les jambes droites et minces ont des talons. La saveur historique unique de la commode est dot\u00e9e d\u2019effets magistralement ex\u00e9cut\u00e9s du vieillissement artificiel.<\/p>\n<p>Les meubles d\u2019int\u00e9rieur dans le style ancien sont assembl\u00e9s sur commande et correspondront pleinement \u00e0 vos go\u00fbts et caract\u00e9ristiques de la situation.<\/p>\n","protected":false},"excerpt":{"rendered":"<p><strong>Dimensions:<\/strong> L1180 x H850 x P510<br \/>\n<strong>Description:<\/strong> 2 portes et 2 \u00e9tag\u00e8res r\u00e9glables en hauteur<\/p>\n","protected":false},"featured_media":16064,"template":"","meta":[],"product_cat":[158],"product_tag":[],"yoast_head":"<!-- This site is optimized with the Yoast SEO Premium plugin v20.7 (Yoast SEO v20.8) - https:\/\/yoast.com\/wordpress\/plugins\/seo\/ -->\n<title>Commode en bois dans la cuisine \u00e0 l\u2019ancienne - Yves Fouquet<\/title>\n<meta name=\"description\" content=\"Meubles de haute qualit\u00e9 construits \u00e0 la main sur commande dans un style r\u00e9tro. Production de l\u2019usine de meubles Yves Fouquet en Ukraine. Technologies anciennes, raccords Fran\u00e7ais, techniques d\u2019assemblage traditionnelles.\" \/>\n<meta name=\"robots\" content=\"index, follow, max-snippet:-1, max-image-preview:large, max-video-preview:-1\" \/>\n<link rel=\"canonical\" href=\"https:\/\/yvesfouquet.com\/fr\/produit\/komod-directoire-cm101p-2\/\" \/>\n<meta property=\"og:locale\" content=\"fr_FR\" \/>\n<meta property=\"og:type\" content=\"article\" \/>\n<meta property=\"og:title\" content=\"Commode Directoire CM101p\" \/>\n<meta property=\"og:description\" content=\"Meubles de haute qualit\u00e9 construits \u00e0 la main sur commande dans un style r\u00e9tro. Production de l\u2019usine de meubles Yves Fouquet en Ukraine. Technologies anciennes, raccords Fran\u00e7ais, techniques d\u2019assemblage traditionnelles.\" \/>\n<meta property=\"og:url\" content=\"https:\/\/yvesfouquet.com\/fr\/produit\/komod-directoire-cm101p-2\/\" \/>\n<meta property=\"og:site_name\" content=\"Yves Fouquet\" \/>\n<meta property=\"article:publisher\" content=\"https:\/\/www.facebook.com\/boutiueyvesfouquet\" \/>\n<meta property=\"og:image\" content=\"https:\/\/yvesfouquet.com\/wp-content\/uploads\/2020\/10\/c572db_e3c3dcd3c24349e787a0e9ca3c6b39df-scaled-3.jpg\" \/>\n\t<meta property=\"og:image:width\" content=\"1600\" \/>\n\t<meta property=\"og:image:height\" content=\"1253\" \/>\n\t<meta property=\"og:image:type\" content=\"image\/jpeg\" \/>\n<meta name=\"twitter:card\" content=\"summary_large_image\" \/>\n<meta name=\"twitter:label1\" content=\"Prix\" \/>\n\t<meta name=\"twitter:data1\" content=\"\" \/>\n\t<meta name=\"twitter:label2\" content=\"Disponibilit\u00e9\" \/>\n\t<meta name=\"twitter:data2\" content=\"En stock\" \/>\n<script type=\"application\/ld+json\" class=\"yoast-schema-graph\">{\"@context\":\"https:\/\/schema.org\",\"@graph\":[{\"@type\":[\"WebPage\",\"ItemPage\"],\"@id\":\"https:\/\/yvesfouquet.com\/fr\/produit\/komod-directoire-cm101p-2\/\",\"url\":\"https:\/\/yvesfouquet.com\/fr\/produit\/komod-directoire-cm101p-2\/\",\"name\":\"Commode en bois dans la cuisine \u00e0 l\u2019ancienne - Yves Fouquet\",\"isPartOf\":{\"@id\":\"https:\/\/yvesfouquet.com\/#website\"},\"datePublished\":\"2022-04-28T16:44:14+00:00\",\"dateModified\":\"2022-04-28T16:44:14+00:00\",\"description\":\"Meubles de haute qualit\u00e9 construits \u00e0 la main sur commande dans un style r\u00e9tro. Production de l\u2019usine de meubles Yves Fouquet en Ukraine. Technologies anciennes, raccords Fran\u00e7ais, techniques d\u2019assemblage traditionnelles.\",\"breadcrumb\":{\"@id\":\"https:\/\/yvesfouquet.com\/fr\/produit\/komod-directoire-cm101p-2\/#breadcrumb\"},\"inLanguage\":\"fr-FR\",\"potentialAction\":[{\"@type\":\"ReadAction\",\"target\":[\"https:\/\/yvesfouquet.com\/fr\/produit\/komod-directoire-cm101p-2\/\"]}]},{\"@type\":\"BreadcrumbList\",\"@id\":\"https:\/\/yvesfouquet.com\/fr\/produit\/komod-directoire-cm101p-2\/#breadcrumb\",\"itemListElement\":[{\"@type\":\"ListItem\",\"position\":1,\"name\":\"\u0413\u043b\u0430\u0432\u043d\u0430\u044f\",\"item\":\"https:\/\/yvesfouquet.com\/fr\/\"},{\"@type\":\"ListItem\",\"position\":2,\"name\":\"Collections\",\"item\":\"https:\/\/yvesfouquet.com\/fr\/collections\/\"},{\"@type\":\"ListItem\",\"position\":3,\"name\":\"Commode Directoire CM101p\"}]},{\"@type\":\"WebSite\",\"@id\":\"https:\/\/yvesfouquet.com\/#website\",\"url\":\"https:\/\/yvesfouquet.com\/\",\"name\":\"Yves Fouquet\",\"description\":\"\u0424\u0440\u0430\u043d\u0446\u0443\u0437\u0441\u043a\u0430\u044f \u043c\u0435\u0431\u0435\u043b\u044c\",\"potentialAction\":[{\"@type\":\"SearchAction\",\"target\":{\"@type\":\"EntryPoint\",\"urlTemplate\":\"https:\/\/yvesfouquet.com\/?s={search_term_string}\"},\"query-input\":\"required name=search_term_string\"}],\"inLanguage\":\"fr-FR\"}]}<\/script>\n<meta property=\"product:price:amount\" content=\"0\" \/>\n<meta property=\"product:price:currency\" content=\"EUR\" \/>\n<meta property=\"og:availability\" content=\"instock\" \/>\n<meta property=\"product:availability\" content=\"instock\" \/>\n<meta property=\"product:retailer_item_id\" content=\"CM101P\" \/>\n<meta property=\"product:condition\" content=\"new\" \/>\n<!-- \/ Yoast SEO Premium plugin. -->","yoast_head_json":{"title":"Commode en bois dans la cuisine \u00e0 l\u2019ancienne - Yves Fouquet","description":"Meubles de haute qualit\u00e9 construits \u00e0 la main sur commande dans un style r\u00e9tro. Production de l\u2019usine de meubles Yves Fouquet en Ukraine. Technologies anciennes, raccords Fran\u00e7ais, techniques d\u2019assemblage traditionnelles.","robots":{"index":"index","follow":"follow","max-snippet":"max-snippet:-1","max-image-preview":"max-image-preview:large","max-video-preview":"max-video-preview:-1"},"canonical":"https:\/\/yvesfouquet.com\/fr\/produit\/komod-directoire-cm101p-2\/","og_locale":"fr_FR","og_type":"article","og_title":"Commode Directoire CM101p","og_description":"Meubles de haute qualit\u00e9 construits \u00e0 la main sur commande dans un style r\u00e9tro. Production de l\u2019usine de meubles Yves Fouquet en Ukraine. Technologies anciennes, raccords Fran\u00e7ais, techniques d\u2019assemblage traditionnelles.","og_url":"https:\/\/yvesfouquet.com\/fr\/produit\/komod-directoire-cm101p-2\/","og_site_name":"Yves Fouquet","article_publisher":"https:\/\/www.facebook.com\/boutiueyvesfouquet","og_image":[{"width":1600,"height":1253,"url":"https:\/\/yvesfouquet.com\/wp-content\/uploads\/2020\/10\/c572db_e3c3dcd3c24349e787a0e9ca3c6b39df-scaled-3.jpg","type":"image\/jpeg"}],"twitter_card":"summary_large_image","twitter_misc":{"Prix":"","Disponibilit\u00e9":"En stock"},"schema":{"@context":"https:\/\/schema.org","@graph":[{"@type":["WebPage","ItemPage"],"@id":"https:\/\/yvesfouquet.com\/fr\/produit\/komod-directoire-cm101p-2\/","url":"https:\/\/yvesfouquet.com\/fr\/produit\/komod-directoire-cm101p-2\/","name":"Commode en bois dans la cuisine \u00e0 l\u2019ancienne - Yves Fouquet","isPartOf":{"@id":"https:\/\/yvesfouquet.com\/#website"},"datePublished":"2022-04-28T16:44:14+00:00","dateModified":"2022-04-28T16:44:14+00:00","description":"Meubles de haute qualit\u00e9 construits \u00e0 la main sur commande dans un style r\u00e9tro. Production de l\u2019usine de meubles Yves Fouquet en Ukraine. Technologies anciennes, raccords Fran\u00e7ais, techniques d\u2019assemblage traditionnelles.","breadcrumb":{"@id":"https:\/\/yvesfouquet.com\/fr\/produit\/komod-directoire-cm101p-2\/#breadcrumb"},"inLanguage":"fr-FR","potentialAction":[{"@type":"ReadAction","target":["https:\/\/yvesfouquet.com\/fr\/produit\/komod-directoire-cm101p-2\/"]}]},{"@type":"BreadcrumbList","@id":"https:\/\/yvesfouquet.com\/fr\/produit\/komod-directoire-cm101p-2\/#breadcrumb","itemListElement":[{"@type":"ListItem","position":1,"name":"\u0413\u043b\u0430\u0432\u043d\u0430\u044f","item":"https:\/\/yvesfouquet.com\/fr\/"},{"@type":"ListItem","position":2,"name":"Collections","item":"https:\/\/yvesfouquet.com\/fr\/collections\/"},{"@type":"ListItem","position":3,"name":"Commode Directoire CM101p"}]},{"@type":"WebSite","@id":"https:\/\/yvesfouquet.com\/#website","url":"https:\/\/yvesfouquet.com\/","name":"Yves Fouquet","description":"\u0424\u0440\u0430\u043d\u0446\u0443\u0437\u0441\u043a\u0430\u044f \u043c\u0435\u0431\u0435\u043b\u044c","potentialAction":[{"@type":"SearchAction","target":{"@type":"EntryPoint","urlTemplate":"https:\/\/yvesfouquet.com\/?s={search_term_string}"},"query-input":"required name=search_term_string"}],"inLanguage":"fr-FR"}]},"product_price_currency":"EUR","og_availability":"instock","product_availability":"instock","product_retailer_item_id":"CM101P","product_condition":"new"},"_links":{"self":[{"href":"https:\/\/yvesfouquet.com\/fr\/wp-json\/wp\/v2\/product\/18199"}],"collection":[{"href":"https:\/\/yvesfouquet.com\/fr\/wp-json\/wp\/v2\/product"}],"about":[{"href":"https:\/\/yvesfouquet.com\/fr\/wp-json\/wp\/v2\/types\/product"}],"version-history":[{"count":0,"href":"https:\/\/yvesfouquet.com\/fr\/wp-json\/wp\/v2\/product\/18199\/revisions"}],"wp:featuredmedia":[{"embeddable":true,"href":"https:\/\/yvesfouquet.com\/fr\/wp-json\/wp\/v2\/media\/16064"}],"wp:attachment":[{"href":"https:\/\/yvesfouquet.com\/fr\/wp-json\/wp\/v2\/media?parent=18199"}],"wp:term":[{"taxonomy":"product_cat","embeddable":true,"href":"https:\/\/yvesfouquet.com\/fr\/wp-json\/wp\/v2\/product_cat?post=18199"},{"taxonomy":"product_tag","embeddable":true,"href":"https:\/\/yvesfouquet.com\/fr\/wp-json\/wp\/v2\/product_tag?post=18199"}],"curies":[{"name":"wp","href":"https:\/\/api.w.org\/{rel}","templated":true}]}}