{"id":18201,"date":"2020-10-26T21:04:05","date_gmt":"2022-04-28T16:44:21","guid":{"rendered":"https:\/\/yvesfouquet.com\/commode-louis-xv-cm112\/"},"modified":"2022-04-28T19:44:21","modified_gmt":"2022-04-28T16:44:21","slug":"komod-louis-xv-cm112-2","status":"publish","type":"product","link":"https:\/\/yvesfouquet.com\/fr\/produit\/komod-louis-xv-cm112-2\/","title":{"rendered":"Commode Louis XV CM112"},"content":{"rendered":"<p>Avez-vous d\u00e9cid\u00e9 de compl\u00e9ter votre int\u00e9rieur avec des meubles vintage \u00e9l\u00e9gants? Faites attention \u00e0 cette merveilleuse commode en bois naturel. Fabriqu\u00e9 sur commande dans les meilleures traditions de l\u2019\u00e9poque de Louis XV, il s\u2019int\u00e9grera harmonieusement dans votre environnement. Le travail exclusif fait \u00e0 la main de nos ma\u00eetres est toujours parfait dans les int\u00e9rieurs de designers.<\/p>\n<p>La commode en bois courb\u00e9 sous l\u2019antique a des formes l\u00e9g\u00e8rement arrondies. De minces pieds incurv\u00e9s et des courbes sculpt\u00e9es de la partie inf\u00e9rieure conf\u00e8rent au mod\u00e8le une \u00e9l\u00e9gance. Les raccords en bronze de Fran\u00e7ais production ajoutent de l\u2019aristocratie et soulignent le style antique.<\/p>\n<p>La commode est assembl\u00e9e \u00e0 partir de bois de haute qualit\u00e9 en utilisant des technologies anciennes traditionnelles. Le cadre est reli\u00e9 par la fixation d\u2019une rainure \u00e0 pointes, le comptoir laqu\u00e9 est fix\u00e9 avec des clous en bois, la connexion Dovetail est utilis\u00e9e pour les tiroirs. L\u2019application habile des effets du vieillissement d\u00e9coratif donne \u00e0 la commode un aspect historique unique.<\/p>\n<p>En choisissant des meubles dans le style ancien de l\u2019usine Yves Fouquet, vous d\u00e9terminez vous-m\u00eame sa taille, choisissez la couleur et les caract\u00e9ristiques du d\u00e9cor. Gr\u00e2ce au design exclusif et \u00e0 l\u2019approche individuelle attentive, chaque produit de notre manufacture s\u2019av\u00e8re unique.<\/p>\n","protected":false},"excerpt":{"rendered":"<p><strong>Dimensions:<\/strong> L840 x H850 x P530<\/p>\n<p><strong>Pli\u00e9<\/strong> , 2 tiroirs r\u00e9tractables<\/p>\n","protected":false},"featured_media":16168,"template":"","meta":[],"product_cat":[158],"product_tag":[],"yoast_head":"<!-- This site is optimized with the Yoast SEO Premium plugin v20.7 (Yoast SEO v20.8) - https:\/\/yoast.com\/wordpress\/plugins\/seo\/ -->\n<title>Petite commode en bois de style vintage - Yves Fouquet<\/title>\n<meta name=\"description\" content=\"Achetez des commodes en bois naturel pour l\u2019antiquit\u00e9 en Ukraine. Design exclusif, montage manuel, raccords en bronze d\u2019\u00e9lite France. Mobilier de style vintage produit par Yves Fouquet\" \/>\n<meta name=\"robots\" content=\"index, follow, max-snippet:-1, max-image-preview:large, max-video-preview:-1\" \/>\n<link rel=\"canonical\" href=\"https:\/\/yvesfouquet.com\/fr\/produit\/komod-louis-xv-cm112-2\/\" \/>\n<meta property=\"og:locale\" content=\"fr_FR\" \/>\n<meta property=\"og:type\" content=\"article\" \/>\n<meta property=\"og:title\" content=\"Commode Louis XV CM112\" \/>\n<meta property=\"og:description\" content=\"Achetez des commodes en bois naturel pour l\u2019antiquit\u00e9 en Ukraine. Design exclusif, montage manuel, raccords en bronze d\u2019\u00e9lite France. Mobilier de style vintage produit par Yves Fouquet\" \/>\n<meta property=\"og:url\" content=\"https:\/\/yvesfouquet.com\/fr\/produit\/komod-louis-xv-cm112-2\/\" \/>\n<meta property=\"og:site_name\" content=\"Yves Fouquet\" \/>\n<meta property=\"article:publisher\" content=\"https:\/\/www.facebook.com\/boutiueyvesfouquet\" \/>\n<meta property=\"og:image\" content=\"https:\/\/yvesfouquet.com\/wp-content\/uploads\/2020\/10\/79.png\" \/>\n\t<meta property=\"og:image:width\" content=\"1080\" \/>\n\t<meta property=\"og:image:height\" content=\"1080\" \/>\n\t<meta property=\"og:image:type\" content=\"image\/png\" \/>\n<meta name=\"twitter:card\" content=\"summary_large_image\" \/>\n<meta name=\"twitter:label1\" content=\"Prix\" \/>\n\t<meta name=\"twitter:data1\" content=\"\" \/>\n\t<meta name=\"twitter:label2\" content=\"Disponibilit\u00e9\" \/>\n\t<meta name=\"twitter:data2\" content=\"En stock\" \/>\n<script type=\"application\/ld+json\" class=\"yoast-schema-graph\">{\"@context\":\"https:\/\/schema.org\",\"@graph\":[{\"@type\":[\"WebPage\",\"ItemPage\"],\"@id\":\"https:\/\/yvesfouquet.com\/fr\/produit\/komod-louis-xv-cm112-2\/\",\"url\":\"https:\/\/yvesfouquet.com\/fr\/produit\/komod-louis-xv-cm112-2\/\",\"name\":\"Petite commode en bois de style vintage - Yves Fouquet\",\"isPartOf\":{\"@id\":\"https:\/\/yvesfouquet.com\/#website\"},\"datePublished\":\"2022-04-28T16:44:21+00:00\",\"dateModified\":\"2022-04-28T16:44:21+00:00\",\"description\":\"Achetez des commodes en bois naturel pour l\u2019antiquit\u00e9 en Ukraine. Design exclusif, montage manuel, raccords en bronze d\u2019\u00e9lite France. Mobilier de style vintage produit par Yves Fouquet\",\"breadcrumb\":{\"@id\":\"https:\/\/yvesfouquet.com\/fr\/produit\/komod-louis-xv-cm112-2\/#breadcrumb\"},\"inLanguage\":\"fr-FR\",\"potentialAction\":[{\"@type\":\"ReadAction\",\"target\":[\"https:\/\/yvesfouquet.com\/fr\/produit\/komod-louis-xv-cm112-2\/\"]}]},{\"@type\":\"BreadcrumbList\",\"@id\":\"https:\/\/yvesfouquet.com\/fr\/produit\/komod-louis-xv-cm112-2\/#breadcrumb\",\"itemListElement\":[{\"@type\":\"ListItem\",\"position\":1,\"name\":\"\u0413\u043b\u0430\u0432\u043d\u0430\u044f\",\"item\":\"https:\/\/yvesfouquet.com\/fr\/\"},{\"@type\":\"ListItem\",\"position\":2,\"name\":\"Collections\",\"item\":\"https:\/\/yvesfouquet.com\/fr\/collections\/\"},{\"@type\":\"ListItem\",\"position\":3,\"name\":\"Commode Louis XV CM112\"}]},{\"@type\":\"WebSite\",\"@id\":\"https:\/\/yvesfouquet.com\/#website\",\"url\":\"https:\/\/yvesfouquet.com\/\",\"name\":\"Yves Fouquet\",\"description\":\"\u0424\u0440\u0430\u043d\u0446\u0443\u0437\u0441\u043a\u0430\u044f \u043c\u0435\u0431\u0435\u043b\u044c\",\"potentialAction\":[{\"@type\":\"SearchAction\",\"target\":{\"@type\":\"EntryPoint\",\"urlTemplate\":\"https:\/\/yvesfouquet.com\/?s={search_term_string}\"},\"query-input\":\"required name=search_term_string\"}],\"inLanguage\":\"fr-FR\"}]}<\/script>\n<meta property=\"product:price:amount\" content=\"0\" \/>\n<meta property=\"product:price:currency\" content=\"EUR\" \/>\n<meta property=\"og:availability\" content=\"instock\" \/>\n<meta property=\"product:availability\" content=\"instock\" \/>\n<meta property=\"product:retailer_item_id\" content=\"CM112\" \/>\n<meta property=\"product:condition\" content=\"new\" \/>\n<!-- \/ Yoast SEO Premium plugin. -->","yoast_head_json":{"title":"Petite commode en bois de style vintage - Yves Fouquet","description":"Achetez des commodes en bois naturel pour l\u2019antiquit\u00e9 en Ukraine. Design exclusif, montage manuel, raccords en bronze d\u2019\u00e9lite France. Mobilier de style vintage produit par Yves Fouquet","robots":{"index":"index","follow":"follow","max-snippet":"max-snippet:-1","max-image-preview":"max-image-preview:large","max-video-preview":"max-video-preview:-1"},"canonical":"https:\/\/yvesfouquet.com\/fr\/produit\/komod-louis-xv-cm112-2\/","og_locale":"fr_FR","og_type":"article","og_title":"Commode Louis XV CM112","og_description":"Achetez des commodes en bois naturel pour l\u2019antiquit\u00e9 en Ukraine. Design exclusif, montage manuel, raccords en bronze d\u2019\u00e9lite France. Mobilier de style vintage produit par Yves Fouquet","og_url":"https:\/\/yvesfouquet.com\/fr\/produit\/komod-louis-xv-cm112-2\/","og_site_name":"Yves Fouquet","article_publisher":"https:\/\/www.facebook.com\/boutiueyvesfouquet","og_image":[{"width":1080,"height":1080,"url":"https:\/\/yvesfouquet.com\/wp-content\/uploads\/2020\/10\/79.png","type":"image\/png"}],"twitter_card":"summary_large_image","twitter_misc":{"Prix":"","Disponibilit\u00e9":"En stock"},"schema":{"@context":"https:\/\/schema.org","@graph":[{"@type":["WebPage","ItemPage"],"@id":"https:\/\/yvesfouquet.com\/fr\/produit\/komod-louis-xv-cm112-2\/","url":"https:\/\/yvesfouquet.com\/fr\/produit\/komod-louis-xv-cm112-2\/","name":"Petite commode en bois de style vintage - Yves Fouquet","isPartOf":{"@id":"https:\/\/yvesfouquet.com\/#website"},"datePublished":"2022-04-28T16:44:21+00:00","dateModified":"2022-04-28T16:44:21+00:00","description":"Achetez des commodes en bois naturel pour l\u2019antiquit\u00e9 en Ukraine. Design exclusif, montage manuel, raccords en bronze d\u2019\u00e9lite France. Mobilier de style vintage produit par Yves Fouquet","breadcrumb":{"@id":"https:\/\/yvesfouquet.com\/fr\/produit\/komod-louis-xv-cm112-2\/#breadcrumb"},"inLanguage":"fr-FR","potentialAction":[{"@type":"ReadAction","target":["https:\/\/yvesfouquet.com\/fr\/produit\/komod-louis-xv-cm112-2\/"]}]},{"@type":"BreadcrumbList","@id":"https:\/\/yvesfouquet.com\/fr\/produit\/komod-louis-xv-cm112-2\/#breadcrumb","itemListElement":[{"@type":"ListItem","position":1,"name":"\u0413\u043b\u0430\u0432\u043d\u0430\u044f","item":"https:\/\/yvesfouquet.com\/fr\/"},{"@type":"ListItem","position":2,"name":"Collections","item":"https:\/\/yvesfouquet.com\/fr\/collections\/"},{"@type":"ListItem","position":3,"name":"Commode Louis XV CM112"}]},{"@type":"WebSite","@id":"https:\/\/yvesfouquet.com\/#website","url":"https:\/\/yvesfouquet.com\/","name":"Yves Fouquet","description":"\u0424\u0440\u0430\u043d\u0446\u0443\u0437\u0441\u043a\u0430\u044f \u043c\u0435\u0431\u0435\u043b\u044c","potentialAction":[{"@type":"SearchAction","target":{"@type":"EntryPoint","urlTemplate":"https:\/\/yvesfouquet.com\/?s={search_term_string}"},"query-input":"required name=search_term_string"}],"inLanguage":"fr-FR"}]},"product_price_currency":"EUR","og_availability":"instock","product_availability":"instock","product_retailer_item_id":"CM112","product_condition":"new"},"_links":{"self":[{"href":"https:\/\/yvesfouquet.com\/fr\/wp-json\/wp\/v2\/product\/18201"}],"collection":[{"href":"https:\/\/yvesfouquet.com\/fr\/wp-json\/wp\/v2\/product"}],"about":[{"href":"https:\/\/yvesfouquet.com\/fr\/wp-json\/wp\/v2\/types\/product"}],"version-history":[{"count":0,"href":"https:\/\/yvesfouquet.com\/fr\/wp-json\/wp\/v2\/product\/18201\/revisions"}],"wp:featuredmedia":[{"embeddable":true,"href":"https:\/\/yvesfouquet.com\/fr\/wp-json\/wp\/v2\/media\/16168"}],"wp:attachment":[{"href":"https:\/\/yvesfouquet.com\/fr\/wp-json\/wp\/v2\/media?parent=18201"}],"wp:term":[{"taxonomy":"product_cat","embeddable":true,"href":"https:\/\/yvesfouquet.com\/fr\/wp-json\/wp\/v2\/product_cat?post=18201"},{"taxonomy":"product_tag","embeddable":true,"href":"https:\/\/yvesfouquet.com\/fr\/wp-json\/wp\/v2\/product_tag?post=18201"}],"curies":[{"name":"wp","href":"https:\/\/api.w.org\/{rel}","templated":true}]}}