{"id":18203,"date":"2020-10-26T18:12:52","date_gmt":"2022-04-28T16:44:27","guid":{"rendered":"https:\/\/yvesfouquet.com\/commode-regence-cm103\/"},"modified":"2022-04-28T19:44:27","modified_gmt":"2022-04-28T16:44:27","slug":"komod-regence-cm103-2","status":"publish","type":"product","link":"https:\/\/yvesfouquet.com\/fr\/produit\/komod-regence-cm103-2\/","title":{"rendered":"Commode Regence CM103"},"content":{"rendered":"<p>Les meubles en bois dans le style ancien sont une d\u00e9coration de l\u2019atmosph\u00e8re de design. Une magnifique commode en bois naturel faite \u00e0 la main dans le style de la R\u00e9gence attirera certainement votre attention. Le mod\u00e8le original convient au salon, a fi\u00e8re allure dans la chambre \u00e0 coucher.<\/p>\n<p>Con\u00e7ue pour les antiquit\u00e9s, une commode en bois avec deux tiroirs a un look aristocratique \u00e9l\u00e9gant. Il a fi\u00e8re allure \u00e0 la fois en couleur et sous vernis, ce qui souligne miraculeusement la beaut\u00e9 naturelle du bois naturel.<\/p>\n<p>Le mod\u00e8le a une fa\u00e7ade cintr\u00e9e, d\u00e9cor\u00e9e de trous de serrure d\u00e9coratifs et d\u2019\u00e9l\u00e9gantes poign\u00e9es en bronze &#8211; des accessoires Fran\u00e7ais. Les courbes gracieuses des jambes passent en douceur dans la partie inf\u00e9rieure sculpt\u00e9e de la commode. Un comptoir avec un motif de parquet traditionnel ajoute un charme particulier au produit.<\/p>\n<p>Les meubles dans le style vintage sont assembl\u00e9s exclusivement \u00e0 la main selon les technologies anciennes. La saveur historique est obtenue par l\u2019imitation habile des effets du vieillissement. De l\u00e9g\u00e8res rayures, des \u00e9raflures, des traces artificielles de dames donnent au produit des atmosph\u00e8res et des couleurs vives.<\/p>\n<p>Les meubles d\u2019int\u00e9rieur de style vintage sont assembl\u00e9s sur commande par les ma\u00eetres de l\u2019usine Yves Fouquet. Choisissez la couleur, la taille et les accessoires dont vous avez besoin &#8211; gr\u00e2ce \u00e0 ces d\u00e9tails, le produit s\u2019int\u00e9grera parfaitement dans vos int\u00e9rieurs.<\/p>\n","protected":false},"excerpt":{"rendered":"<p><strong>Dimensions:<\/strong> L1200 x H850 x P600<\/p>\n<p><strong> 2 tiroirs r\u00e9tractables<\/strong><\/p>\n","protected":false},"featured_media":16086,"template":"","meta":[],"product_cat":[158],"product_tag":[],"yoast_head":"<!-- This site is optimized with the Yoast SEO Premium plugin v20.7 (Yoast SEO v20.8) - https:\/\/yoast.com\/wordpress\/plugins\/seo\/ -->\n<title>Meubles design d\u2019\u00e9lite en bois en Ukraine - Yves Fouquet<\/title>\n<meta name=\"description\" content=\"Commode dans le salon, la chambre, le couloir. Classiques, anciennes technologies artisanales, d\u00e9cor sculpt\u00e9, accessoires de Fran\u00e7ais d\u2019\u00e9lite. Production sur mesure de l\u2019usine de meubles Yves Fouquet\" \/>\n<meta name=\"robots\" content=\"index, follow, max-snippet:-1, max-image-preview:large, max-video-preview:-1\" \/>\n<link rel=\"canonical\" href=\"https:\/\/yvesfouquet.com\/fr\/produit\/komod-regence-cm103-2\/\" \/>\n<meta property=\"og:locale\" content=\"fr_FR\" \/>\n<meta property=\"og:type\" content=\"article\" \/>\n<meta property=\"og:title\" content=\"Commode Regence CM103\" \/>\n<meta property=\"og:description\" content=\"Commode dans le salon, la chambre, le couloir. Classiques, anciennes technologies artisanales, d\u00e9cor sculpt\u00e9, accessoires de Fran\u00e7ais d\u2019\u00e9lite. Production sur mesure de l\u2019usine de meubles Yves Fouquet\" \/>\n<meta property=\"og:url\" content=\"https:\/\/yvesfouquet.com\/fr\/produit\/komod-regence-cm103-2\/\" \/>\n<meta property=\"og:site_name\" content=\"Yves Fouquet\" \/>\n<meta property=\"article:publisher\" content=\"https:\/\/www.facebook.com\/boutiueyvesfouquet\" \/>\n<meta property=\"og:image\" content=\"https:\/\/yvesfouquet.com\/wp-content\/uploads\/2020\/10\/51.png\" \/>\n\t<meta property=\"og:image:width\" content=\"1080\" \/>\n\t<meta property=\"og:image:height\" content=\"1080\" \/>\n\t<meta property=\"og:image:type\" content=\"image\/png\" \/>\n<meta name=\"twitter:card\" content=\"summary_large_image\" \/>\n<meta name=\"twitter:label1\" content=\"Prix\" \/>\n\t<meta name=\"twitter:data1\" content=\"\" \/>\n\t<meta name=\"twitter:label2\" content=\"Disponibilit\u00e9\" \/>\n\t<meta name=\"twitter:data2\" content=\"En stock\" \/>\n<script type=\"application\/ld+json\" class=\"yoast-schema-graph\">{\"@context\":\"https:\/\/schema.org\",\"@graph\":[{\"@type\":[\"WebPage\",\"ItemPage\"],\"@id\":\"https:\/\/yvesfouquet.com\/fr\/produit\/komod-regence-cm103-2\/\",\"url\":\"https:\/\/yvesfouquet.com\/fr\/produit\/komod-regence-cm103-2\/\",\"name\":\"Meubles design d\u2019\u00e9lite en bois en Ukraine - Yves Fouquet\",\"isPartOf\":{\"@id\":\"https:\/\/yvesfouquet.com\/#website\"},\"datePublished\":\"2022-04-28T16:44:27+00:00\",\"dateModified\":\"2022-04-28T16:44:27+00:00\",\"description\":\"Commode dans le salon, la chambre, le couloir. Classiques, anciennes technologies artisanales, d\u00e9cor sculpt\u00e9, accessoires de Fran\u00e7ais d\u2019\u00e9lite. Production sur mesure de l\u2019usine de meubles Yves Fouquet\",\"breadcrumb\":{\"@id\":\"https:\/\/yvesfouquet.com\/fr\/produit\/komod-regence-cm103-2\/#breadcrumb\"},\"inLanguage\":\"fr-FR\",\"potentialAction\":[{\"@type\":\"ReadAction\",\"target\":[\"https:\/\/yvesfouquet.com\/fr\/produit\/komod-regence-cm103-2\/\"]}]},{\"@type\":\"BreadcrumbList\",\"@id\":\"https:\/\/yvesfouquet.com\/fr\/produit\/komod-regence-cm103-2\/#breadcrumb\",\"itemListElement\":[{\"@type\":\"ListItem\",\"position\":1,\"name\":\"\u0413\u043b\u0430\u0432\u043d\u0430\u044f\",\"item\":\"https:\/\/yvesfouquet.com\/fr\/\"},{\"@type\":\"ListItem\",\"position\":2,\"name\":\"Collections\",\"item\":\"https:\/\/yvesfouquet.com\/fr\/collections\/\"},{\"@type\":\"ListItem\",\"position\":3,\"name\":\"Commode Regence CM103\"}]},{\"@type\":\"WebSite\",\"@id\":\"https:\/\/yvesfouquet.com\/#website\",\"url\":\"https:\/\/yvesfouquet.com\/\",\"name\":\"Yves Fouquet\",\"description\":\"\u0424\u0440\u0430\u043d\u0446\u0443\u0437\u0441\u043a\u0430\u044f \u043c\u0435\u0431\u0435\u043b\u044c\",\"potentialAction\":[{\"@type\":\"SearchAction\",\"target\":{\"@type\":\"EntryPoint\",\"urlTemplate\":\"https:\/\/yvesfouquet.com\/?s={search_term_string}\"},\"query-input\":\"required name=search_term_string\"}],\"inLanguage\":\"fr-FR\"}]}<\/script>\n<meta property=\"product:price:amount\" content=\"0\" \/>\n<meta property=\"product:price:currency\" content=\"EUR\" \/>\n<meta property=\"og:availability\" content=\"instock\" \/>\n<meta property=\"product:availability\" content=\"instock\" \/>\n<meta property=\"product:retailer_item_id\" content=\"CM103\" \/>\n<meta property=\"product:condition\" content=\"new\" \/>\n<!-- \/ Yoast SEO Premium plugin. -->","yoast_head_json":{"title":"Meubles design d\u2019\u00e9lite en bois en Ukraine - Yves Fouquet","description":"Commode dans le salon, la chambre, le couloir. Classiques, anciennes technologies artisanales, d\u00e9cor sculpt\u00e9, accessoires de Fran\u00e7ais d\u2019\u00e9lite. Production sur mesure de l\u2019usine de meubles Yves Fouquet","robots":{"index":"index","follow":"follow","max-snippet":"max-snippet:-1","max-image-preview":"max-image-preview:large","max-video-preview":"max-video-preview:-1"},"canonical":"https:\/\/yvesfouquet.com\/fr\/produit\/komod-regence-cm103-2\/","og_locale":"fr_FR","og_type":"article","og_title":"Commode Regence CM103","og_description":"Commode dans le salon, la chambre, le couloir. Classiques, anciennes technologies artisanales, d\u00e9cor sculpt\u00e9, accessoires de Fran\u00e7ais d\u2019\u00e9lite. Production sur mesure de l\u2019usine de meubles Yves Fouquet","og_url":"https:\/\/yvesfouquet.com\/fr\/produit\/komod-regence-cm103-2\/","og_site_name":"Yves Fouquet","article_publisher":"https:\/\/www.facebook.com\/boutiueyvesfouquet","og_image":[{"width":1080,"height":1080,"url":"https:\/\/yvesfouquet.com\/wp-content\/uploads\/2020\/10\/51.png","type":"image\/png"}],"twitter_card":"summary_large_image","twitter_misc":{"Prix":"","Disponibilit\u00e9":"En stock"},"schema":{"@context":"https:\/\/schema.org","@graph":[{"@type":["WebPage","ItemPage"],"@id":"https:\/\/yvesfouquet.com\/fr\/produit\/komod-regence-cm103-2\/","url":"https:\/\/yvesfouquet.com\/fr\/produit\/komod-regence-cm103-2\/","name":"Meubles design d\u2019\u00e9lite en bois en Ukraine - Yves Fouquet","isPartOf":{"@id":"https:\/\/yvesfouquet.com\/#website"},"datePublished":"2022-04-28T16:44:27+00:00","dateModified":"2022-04-28T16:44:27+00:00","description":"Commode dans le salon, la chambre, le couloir. Classiques, anciennes technologies artisanales, d\u00e9cor sculpt\u00e9, accessoires de Fran\u00e7ais d\u2019\u00e9lite. Production sur mesure de l\u2019usine de meubles Yves Fouquet","breadcrumb":{"@id":"https:\/\/yvesfouquet.com\/fr\/produit\/komod-regence-cm103-2\/#breadcrumb"},"inLanguage":"fr-FR","potentialAction":[{"@type":"ReadAction","target":["https:\/\/yvesfouquet.com\/fr\/produit\/komod-regence-cm103-2\/"]}]},{"@type":"BreadcrumbList","@id":"https:\/\/yvesfouquet.com\/fr\/produit\/komod-regence-cm103-2\/#breadcrumb","itemListElement":[{"@type":"ListItem","position":1,"name":"\u0413\u043b\u0430\u0432\u043d\u0430\u044f","item":"https:\/\/yvesfouquet.com\/fr\/"},{"@type":"ListItem","position":2,"name":"Collections","item":"https:\/\/yvesfouquet.com\/fr\/collections\/"},{"@type":"ListItem","position":3,"name":"Commode Regence CM103"}]},{"@type":"WebSite","@id":"https:\/\/yvesfouquet.com\/#website","url":"https:\/\/yvesfouquet.com\/","name":"Yves Fouquet","description":"\u0424\u0440\u0430\u043d\u0446\u0443\u0437\u0441\u043a\u0430\u044f \u043c\u0435\u0431\u0435\u043b\u044c","potentialAction":[{"@type":"SearchAction","target":{"@type":"EntryPoint","urlTemplate":"https:\/\/yvesfouquet.com\/?s={search_term_string}"},"query-input":"required name=search_term_string"}],"inLanguage":"fr-FR"}]},"product_price_currency":"EUR","og_availability":"instock","product_availability":"instock","product_retailer_item_id":"CM103","product_condition":"new"},"_links":{"self":[{"href":"https:\/\/yvesfouquet.com\/fr\/wp-json\/wp\/v2\/product\/18203"}],"collection":[{"href":"https:\/\/yvesfouquet.com\/fr\/wp-json\/wp\/v2\/product"}],"about":[{"href":"https:\/\/yvesfouquet.com\/fr\/wp-json\/wp\/v2\/types\/product"}],"version-history":[{"count":0,"href":"https:\/\/yvesfouquet.com\/fr\/wp-json\/wp\/v2\/product\/18203\/revisions"}],"wp:featuredmedia":[{"embeddable":true,"href":"https:\/\/yvesfouquet.com\/fr\/wp-json\/wp\/v2\/media\/16086"}],"wp:attachment":[{"href":"https:\/\/yvesfouquet.com\/fr\/wp-json\/wp\/v2\/media?parent=18203"}],"wp:term":[{"taxonomy":"product_cat","embeddable":true,"href":"https:\/\/yvesfouquet.com\/fr\/wp-json\/wp\/v2\/product_cat?post=18203"},{"taxonomy":"product_tag","embeddable":true,"href":"https:\/\/yvesfouquet.com\/fr\/wp-json\/wp\/v2\/product_tag?post=18203"}],"curies":[{"name":"wp","href":"https:\/\/api.w.org\/{rel}","templated":true}]}}