{"id":18207,"date":"2020-10-26T18:12:52","date_gmt":"2022-04-28T16:44:31","guid":{"rendered":"https:\/\/yvesfouquet.com\/commode-regence-cm102\/"},"modified":"2022-04-28T19:44:31","modified_gmt":"2022-04-28T16:44:31","slug":"komod-regence-cm102-2","status":"publish","type":"product","link":"https:\/\/yvesfouquet.com\/fr\/produit\/komod-regence-cm102-2\/","title":{"rendered":"Commode Regence CM102"},"content":{"rendered":"<p>Une commode en bois courb\u00e9 dans le style old Fran\u00e7ais de l\u2019\u00e9poque de la R\u00e9gence semble ordonn\u00e9e et noble. Ce magnifique exemple fait main des ma\u00eetres de l\u2019usine de meubles Yves Fouquet d\u00e9corera sans aucun doute votre mobilier.<\/p>\n<p>Les meubles anciens en bois massif sont largement demand\u00e9s par les connaisseurs du design exclusif. Une commode classique \u00e9l\u00e9gante avec trois tiroirs aura fi\u00e8re allure dans le salon, la chambre ou le couloir. Il est respectueux de l\u2019environnement, beau, fonctionnel et spacieux. De tels meubles design lumineux ajouteront du style et de l\u2019aristocratie \u00e0 l\u2019atmosph\u00e8re de votre maison.<\/p>\n<p>Les tiroirs de la commode pli\u00e9e sont s\u00e9par\u00e9s par des bandes et soulign\u00e9s par des bordures dor\u00e9es. L\u2019\u00e9l\u00e9gance aux lignes strictes est ajout\u00e9e par des raccords en bronze d\u2019\u00e9lite fabriqu\u00e9s en France. De petites jambes tordues passent en douceur dans un fond sculpt\u00e9, d\u00e9cor\u00e9 de sculptures v\u00e9g\u00e9tales faites \u00e0 la main. Un plateau laqu\u00e9 avec un motif de parquet ajoute de l\u2019atmosph\u00e8re au produit.<\/p>\n<p>La commode en bois pour antiquit\u00e9s est fabriqu\u00e9e sur commande et conform\u00e9ment aux tendances du mobilier de son \u00e9poque historique. Vous avez la possibilit\u00e9 de d\u00e9finir vos tailles, de changer la couleur, le d\u00e9cor et les accessoires du produit. Enti\u00e8rement conforme \u00e0 toutes les exigences du client, la commode s\u2019int\u00e9grera parfaitement \u00e0 l\u2019int\u00e9rieur.<\/p>\n","protected":false},"excerpt":{"rendered":"<p><strong>Dimensions:<\/strong> L1350 x H900 x P600<\/p>\n<p><strong> 3 tiroirs r\u00e9tractables<\/strong><\/p>\n","protected":false},"featured_media":16068,"template":"","meta":[],"product_cat":[158],"product_tag":[],"yoast_head":"<!-- This site is optimized with the Yoast SEO Premium plugin v20.7 (Yoast SEO v20.8) - https:\/\/yoast.com\/wordpress\/plugins\/seo\/ -->\n<title>Commode en bois classique pli\u00e9e personnalis\u00e9e - Yves Fouquet<\/title>\n<meta name=\"description\" content=\"Meubles en bois dans le style ancien Fran\u00e7ais de la R\u00e9gence. Conception exclusive de l\u2019auteur, assemblage manuel, d\u00e9cor sculpt\u00e9 original, raccords en bronze d\u2019\u00e9lite. Acheter en Ukraine du fabricant Yves Fouquet\" \/>\n<meta name=\"robots\" content=\"index, follow, max-snippet:-1, max-image-preview:large, max-video-preview:-1\" \/>\n<link rel=\"canonical\" href=\"https:\/\/yvesfouquet.com\/fr\/produit\/komod-regence-cm102-2\/\" \/>\n<meta property=\"og:locale\" content=\"fr_FR\" \/>\n<meta property=\"og:type\" content=\"article\" \/>\n<meta property=\"og:title\" content=\"Commode Regence CM102\" \/>\n<meta property=\"og:description\" content=\"Meubles en bois dans le style ancien Fran\u00e7ais de la R\u00e9gence. Conception exclusive de l\u2019auteur, assemblage manuel, d\u00e9cor sculpt\u00e9 original, raccords en bronze d\u2019\u00e9lite. Acheter en Ukraine du fabricant Yves Fouquet\" \/>\n<meta property=\"og:url\" content=\"https:\/\/yvesfouquet.com\/fr\/produit\/komod-regence-cm102-2\/\" \/>\n<meta property=\"og:site_name\" content=\"Yves Fouquet\" \/>\n<meta property=\"article:publisher\" content=\"https:\/\/www.facebook.com\/boutiueyvesfouquet\" \/>\n<meta property=\"og:image\" content=\"https:\/\/yvesfouquet.com\/wp-content\/uploads\/2020\/10\/46.png\" \/>\n\t<meta property=\"og:image:width\" content=\"1080\" \/>\n\t<meta property=\"og:image:height\" content=\"1080\" \/>\n\t<meta property=\"og:image:type\" content=\"image\/png\" \/>\n<meta name=\"twitter:card\" content=\"summary_large_image\" \/>\n<meta name=\"twitter:label1\" content=\"Prix\" \/>\n\t<meta name=\"twitter:data1\" content=\"\" \/>\n\t<meta name=\"twitter:label2\" content=\"Disponibilit\u00e9\" \/>\n\t<meta name=\"twitter:data2\" content=\"En stock\" \/>\n<script type=\"application\/ld+json\" class=\"yoast-schema-graph\">{\"@context\":\"https:\/\/schema.org\",\"@graph\":[{\"@type\":[\"WebPage\",\"ItemPage\"],\"@id\":\"https:\/\/yvesfouquet.com\/fr\/produit\/komod-regence-cm102-2\/\",\"url\":\"https:\/\/yvesfouquet.com\/fr\/produit\/komod-regence-cm102-2\/\",\"name\":\"Commode en bois classique pli\u00e9e personnalis\u00e9e - Yves Fouquet\",\"isPartOf\":{\"@id\":\"https:\/\/yvesfouquet.com\/#website\"},\"datePublished\":\"2022-04-28T16:44:31+00:00\",\"dateModified\":\"2022-04-28T16:44:31+00:00\",\"description\":\"Meubles en bois dans le style ancien Fran\u00e7ais de la R\u00e9gence. Conception exclusive de l\u2019auteur, assemblage manuel, d\u00e9cor sculpt\u00e9 original, raccords en bronze d\u2019\u00e9lite. Acheter en Ukraine du fabricant Yves Fouquet\",\"breadcrumb\":{\"@id\":\"https:\/\/yvesfouquet.com\/fr\/produit\/komod-regence-cm102-2\/#breadcrumb\"},\"inLanguage\":\"fr-FR\",\"potentialAction\":[{\"@type\":\"ReadAction\",\"target\":[\"https:\/\/yvesfouquet.com\/fr\/produit\/komod-regence-cm102-2\/\"]}]},{\"@type\":\"BreadcrumbList\",\"@id\":\"https:\/\/yvesfouquet.com\/fr\/produit\/komod-regence-cm102-2\/#breadcrumb\",\"itemListElement\":[{\"@type\":\"ListItem\",\"position\":1,\"name\":\"\u0413\u043b\u0430\u0432\u043d\u0430\u044f\",\"item\":\"https:\/\/yvesfouquet.com\/fr\/\"},{\"@type\":\"ListItem\",\"position\":2,\"name\":\"Collections\",\"item\":\"https:\/\/yvesfouquet.com\/fr\/collections\/\"},{\"@type\":\"ListItem\",\"position\":3,\"name\":\"Commode Regence CM102\"}]},{\"@type\":\"WebSite\",\"@id\":\"https:\/\/yvesfouquet.com\/#website\",\"url\":\"https:\/\/yvesfouquet.com\/\",\"name\":\"Yves Fouquet\",\"description\":\"\u0424\u0440\u0430\u043d\u0446\u0443\u0437\u0441\u043a\u0430\u044f \u043c\u0435\u0431\u0435\u043b\u044c\",\"potentialAction\":[{\"@type\":\"SearchAction\",\"target\":{\"@type\":\"EntryPoint\",\"urlTemplate\":\"https:\/\/yvesfouquet.com\/?s={search_term_string}\"},\"query-input\":\"required name=search_term_string\"}],\"inLanguage\":\"fr-FR\"}]}<\/script>\n<meta property=\"product:price:amount\" content=\"0\" \/>\n<meta property=\"product:price:currency\" content=\"EUR\" \/>\n<meta property=\"og:availability\" content=\"instock\" \/>\n<meta property=\"product:availability\" content=\"instock\" \/>\n<meta property=\"product:retailer_item_id\" content=\"CM102\" \/>\n<meta property=\"product:condition\" content=\"new\" \/>\n<!-- \/ Yoast SEO Premium plugin. -->","yoast_head_json":{"title":"Commode en bois classique pli\u00e9e personnalis\u00e9e - Yves Fouquet","description":"Meubles en bois dans le style ancien Fran\u00e7ais de la R\u00e9gence. Conception exclusive de l\u2019auteur, assemblage manuel, d\u00e9cor sculpt\u00e9 original, raccords en bronze d\u2019\u00e9lite. Acheter en Ukraine du fabricant Yves Fouquet","robots":{"index":"index","follow":"follow","max-snippet":"max-snippet:-1","max-image-preview":"max-image-preview:large","max-video-preview":"max-video-preview:-1"},"canonical":"https:\/\/yvesfouquet.com\/fr\/produit\/komod-regence-cm102-2\/","og_locale":"fr_FR","og_type":"article","og_title":"Commode Regence CM102","og_description":"Meubles en bois dans le style ancien Fran\u00e7ais de la R\u00e9gence. Conception exclusive de l\u2019auteur, assemblage manuel, d\u00e9cor sculpt\u00e9 original, raccords en bronze d\u2019\u00e9lite. Acheter en Ukraine du fabricant Yves Fouquet","og_url":"https:\/\/yvesfouquet.com\/fr\/produit\/komod-regence-cm102-2\/","og_site_name":"Yves Fouquet","article_publisher":"https:\/\/www.facebook.com\/boutiueyvesfouquet","og_image":[{"width":1080,"height":1080,"url":"https:\/\/yvesfouquet.com\/wp-content\/uploads\/2020\/10\/46.png","type":"image\/png"}],"twitter_card":"summary_large_image","twitter_misc":{"Prix":"","Disponibilit\u00e9":"En stock"},"schema":{"@context":"https:\/\/schema.org","@graph":[{"@type":["WebPage","ItemPage"],"@id":"https:\/\/yvesfouquet.com\/fr\/produit\/komod-regence-cm102-2\/","url":"https:\/\/yvesfouquet.com\/fr\/produit\/komod-regence-cm102-2\/","name":"Commode en bois classique pli\u00e9e personnalis\u00e9e - Yves Fouquet","isPartOf":{"@id":"https:\/\/yvesfouquet.com\/#website"},"datePublished":"2022-04-28T16:44:31+00:00","dateModified":"2022-04-28T16:44:31+00:00","description":"Meubles en bois dans le style ancien Fran\u00e7ais de la R\u00e9gence. Conception exclusive de l\u2019auteur, assemblage manuel, d\u00e9cor sculpt\u00e9 original, raccords en bronze d\u2019\u00e9lite. Acheter en Ukraine du fabricant Yves Fouquet","breadcrumb":{"@id":"https:\/\/yvesfouquet.com\/fr\/produit\/komod-regence-cm102-2\/#breadcrumb"},"inLanguage":"fr-FR","potentialAction":[{"@type":"ReadAction","target":["https:\/\/yvesfouquet.com\/fr\/produit\/komod-regence-cm102-2\/"]}]},{"@type":"BreadcrumbList","@id":"https:\/\/yvesfouquet.com\/fr\/produit\/komod-regence-cm102-2\/#breadcrumb","itemListElement":[{"@type":"ListItem","position":1,"name":"\u0413\u043b\u0430\u0432\u043d\u0430\u044f","item":"https:\/\/yvesfouquet.com\/fr\/"},{"@type":"ListItem","position":2,"name":"Collections","item":"https:\/\/yvesfouquet.com\/fr\/collections\/"},{"@type":"ListItem","position":3,"name":"Commode Regence CM102"}]},{"@type":"WebSite","@id":"https:\/\/yvesfouquet.com\/#website","url":"https:\/\/yvesfouquet.com\/","name":"Yves Fouquet","description":"\u0424\u0440\u0430\u043d\u0446\u0443\u0437\u0441\u043a\u0430\u044f \u043c\u0435\u0431\u0435\u043b\u044c","potentialAction":[{"@type":"SearchAction","target":{"@type":"EntryPoint","urlTemplate":"https:\/\/yvesfouquet.com\/?s={search_term_string}"},"query-input":"required name=search_term_string"}],"inLanguage":"fr-FR"}]},"product_price_currency":"EUR","og_availability":"instock","product_availability":"instock","product_retailer_item_id":"CM102","product_condition":"new"},"_links":{"self":[{"href":"https:\/\/yvesfouquet.com\/fr\/wp-json\/wp\/v2\/product\/18207"}],"collection":[{"href":"https:\/\/yvesfouquet.com\/fr\/wp-json\/wp\/v2\/product"}],"about":[{"href":"https:\/\/yvesfouquet.com\/fr\/wp-json\/wp\/v2\/types\/product"}],"version-history":[{"count":0,"href":"https:\/\/yvesfouquet.com\/fr\/wp-json\/wp\/v2\/product\/18207\/revisions"}],"wp:featuredmedia":[{"embeddable":true,"href":"https:\/\/yvesfouquet.com\/fr\/wp-json\/wp\/v2\/media\/16068"}],"wp:attachment":[{"href":"https:\/\/yvesfouquet.com\/fr\/wp-json\/wp\/v2\/media?parent=18207"}],"wp:term":[{"taxonomy":"product_cat","embeddable":true,"href":"https:\/\/yvesfouquet.com\/fr\/wp-json\/wp\/v2\/product_cat?post=18207"},{"taxonomy":"product_tag","embeddable":true,"href":"https:\/\/yvesfouquet.com\/fr\/wp-json\/wp\/v2\/product_tag?post=18207"}],"curies":[{"name":"wp","href":"https:\/\/api.w.org\/{rel}","templated":true}]}}