{"id":18208,"date":"2020-10-26T18:12:27","date_gmt":"2022-04-28T16:44:31","guid":{"rendered":"https:\/\/yvesfouquet.com\/commode-cannelures-bf528\/"},"modified":"2022-04-28T19:44:31","modified_gmt":"2022-04-28T16:44:31","slug":"komod-cannelures-bf528-2","status":"publish","type":"product","link":"https:\/\/yvesfouquet.com\/fr\/produit\/komod-cannelures-bf528-2\/","title":{"rendered":"Commode Cannelures BF528"},"content":{"rendered":"<p>Les meubles de style r\u00e9tro ont fi\u00e8re allure non seulement dans un int\u00e9rieur vintage. Il peut \u00eatre utilis\u00e9 dans un style \u00e9clectique, moderne et fusion. Gr\u00e2ce \u00e0 ses formes inhabituelles, une commode en bois avec des cannelures ajoutera facilement de l\u2019originalit\u00e9 et de la saveur antique au design unique de l\u2019int\u00e9rieur de l\u2019auteur.<\/p>\n<p>Depuis l\u2019Antiquit\u00e9, les cannelures sont un \u00e9l\u00e9ment du style architectural. Les goutti\u00e8res verticales terminaient leurs colonnes des anciens \u00c9gyptiens, puis des Romains et des Grecs. En Europe, les cannelures sont devenues un \u00e9l\u00e9ment populaire de la d\u00e9coration des meubles. Ils d\u00e9coraient des armoires, des consoles et, bien s\u00fbr, des commodes.<\/p>\n<p>Les portes sculpt\u00e9es de la commode design ressemblent \u00e0 un morceau d\u2019une colonne antique accidentellement perdue au cours des si\u00e8cles. Pour la beaut\u00e9, il a \u00e9t\u00e9 plac\u00e9 sur des pieds \u00e9l\u00e9gants et recouvert d\u2019un comptoir laqu\u00e9. Maintenant, vous pouvez le montrer dans le salon ou l\u2019installer secr\u00e8tement dans votre chambre \u00e0 coucher. Et quoi que vous choisissiez, une \u00e9l\u00e9gante commode avec des cannelures sera certainement le point culminant de votre mobilier.<\/p>\n<p>Les meubles anciens Elite sont fabriqu\u00e9s par les ma\u00eetres de l\u2019usine Yves Fouquet sur commande. Lors de l\u2019assemblage, des technologies de mobilier s\u00e9culaires sont utilis\u00e9es et le style vintage est cr\u00e9\u00e9 par une combinaison habile de techniques de vieillissement uniques. En choisissant nos meubles, vous obtiendrez un produit exclusif luxueux qui s\u2019int\u00e9grera parfaitement dans vos int\u00e9rieurs.<\/p>\n","protected":false},"excerpt":{"rendered":"<p><strong>Dimensions:<\/strong> L850 x H830 x P520<\/p>\n<p><strong>Description:<\/strong> 2 portes et 1 \u00e9tag\u00e8re r\u00e9glable en hauteur<\/p>\n","protected":false},"featured_media":16012,"template":"","meta":[],"product_cat":[155],"product_tag":[],"yoast_head":"<!-- This site is optimized with the Yoast SEO Premium plugin v20.7 (Yoast SEO v20.8) - https:\/\/yoast.com\/wordpress\/plugins\/seo\/ -->\n<title>Commode en bois antique avec cannelures - Yves Fouquet<\/title>\n<meta name=\"description\" content=\"Mobilier exclusif pour la maison de l\u2019usine Yves Fouquet en Ukraine. Commode en bois chic faite \u00e0 la main sur commande. Les meilleures vari\u00e9t\u00e9s de bois, les technologies d\u2019assemblage anciennes, le traitement de finition unique, les accessoires d\u2019\u00e9lite Frazia\" \/>\n<meta name=\"robots\" content=\"index, follow, max-snippet:-1, max-image-preview:large, max-video-preview:-1\" \/>\n<link rel=\"canonical\" href=\"https:\/\/yvesfouquet.com\/fr\/produit\/komod-cannelures-bf528-2\/\" \/>\n<meta property=\"og:locale\" content=\"fr_FR\" \/>\n<meta property=\"og:type\" content=\"article\" \/>\n<meta property=\"og:title\" content=\"Commode Cannelures BF528\" \/>\n<meta property=\"og:description\" content=\"Mobilier exclusif pour la maison de l\u2019usine Yves Fouquet en Ukraine. Commode en bois chic faite \u00e0 la main sur commande. Les meilleures vari\u00e9t\u00e9s de bois, les technologies d\u2019assemblage anciennes, le traitement de finition unique, les accessoires d\u2019\u00e9lite Frazia\" \/>\n<meta property=\"og:url\" content=\"https:\/\/yvesfouquet.com\/fr\/produit\/komod-cannelures-bf528-2\/\" \/>\n<meta property=\"og:site_name\" content=\"Yves Fouquet\" \/>\n<meta property=\"article:publisher\" content=\"https:\/\/www.facebook.com\/boutiueyvesfouquet\" \/>\n<meta property=\"og:image\" content=\"https:\/\/yvesfouquet.com\/wp-content\/uploads\/2020\/10\/31-1.png\" \/>\n\t<meta property=\"og:image:width\" content=\"1080\" \/>\n\t<meta property=\"og:image:height\" content=\"1080\" \/>\n\t<meta property=\"og:image:type\" content=\"image\/png\" \/>\n<meta name=\"twitter:card\" content=\"summary_large_image\" \/>\n<meta name=\"twitter:label1\" content=\"Prix\" \/>\n\t<meta name=\"twitter:data1\" content=\"\" \/>\n\t<meta name=\"twitter:label2\" content=\"Disponibilit\u00e9\" \/>\n\t<meta name=\"twitter:data2\" content=\"En stock\" \/>\n<script type=\"application\/ld+json\" class=\"yoast-schema-graph\">{\"@context\":\"https:\/\/schema.org\",\"@graph\":[{\"@type\":[\"WebPage\",\"ItemPage\"],\"@id\":\"https:\/\/yvesfouquet.com\/fr\/produit\/komod-cannelures-bf528-2\/\",\"url\":\"https:\/\/yvesfouquet.com\/fr\/produit\/komod-cannelures-bf528-2\/\",\"name\":\"Commode en bois antique avec cannelures - Yves Fouquet\",\"isPartOf\":{\"@id\":\"https:\/\/yvesfouquet.com\/#website\"},\"datePublished\":\"2022-04-28T16:44:31+00:00\",\"dateModified\":\"2022-04-28T16:44:31+00:00\",\"description\":\"Mobilier exclusif pour la maison de l\u2019usine Yves Fouquet en Ukraine. Commode en bois chic faite \u00e0 la main sur commande. Les meilleures vari\u00e9t\u00e9s de bois, les technologies d\u2019assemblage anciennes, le traitement de finition unique, les accessoires d\u2019\u00e9lite Frazia\",\"breadcrumb\":{\"@id\":\"https:\/\/yvesfouquet.com\/fr\/produit\/komod-cannelures-bf528-2\/#breadcrumb\"},\"inLanguage\":\"fr-FR\",\"potentialAction\":[{\"@type\":\"ReadAction\",\"target\":[\"https:\/\/yvesfouquet.com\/fr\/produit\/komod-cannelures-bf528-2\/\"]}]},{\"@type\":\"BreadcrumbList\",\"@id\":\"https:\/\/yvesfouquet.com\/fr\/produit\/komod-cannelures-bf528-2\/#breadcrumb\",\"itemListElement\":[{\"@type\":\"ListItem\",\"position\":1,\"name\":\"\u0413\u043b\u0430\u0432\u043d\u0430\u044f\",\"item\":\"https:\/\/yvesfouquet.com\/fr\/\"},{\"@type\":\"ListItem\",\"position\":2,\"name\":\"Collections\",\"item\":\"https:\/\/yvesfouquet.com\/fr\/collections\/\"},{\"@type\":\"ListItem\",\"position\":3,\"name\":\"Commode Cannelures BF528\"}]},{\"@type\":\"WebSite\",\"@id\":\"https:\/\/yvesfouquet.com\/#website\",\"url\":\"https:\/\/yvesfouquet.com\/\",\"name\":\"Yves Fouquet\",\"description\":\"\u0424\u0440\u0430\u043d\u0446\u0443\u0437\u0441\u043a\u0430\u044f \u043c\u0435\u0431\u0435\u043b\u044c\",\"potentialAction\":[{\"@type\":\"SearchAction\",\"target\":{\"@type\":\"EntryPoint\",\"urlTemplate\":\"https:\/\/yvesfouquet.com\/?s={search_term_string}\"},\"query-input\":\"required name=search_term_string\"}],\"inLanguage\":\"fr-FR\"}]}<\/script>\n<meta property=\"product:price:amount\" content=\"0\" \/>\n<meta property=\"product:price:currency\" content=\"EUR\" \/>\n<meta property=\"og:availability\" content=\"instock\" \/>\n<meta property=\"product:availability\" content=\"instock\" \/>\n<meta property=\"product:retailer_item_id\" content=\"BF528\" \/>\n<meta property=\"product:condition\" content=\"new\" \/>\n<!-- \/ Yoast SEO Premium plugin. -->","yoast_head_json":{"title":"Commode en bois antique avec cannelures - Yves Fouquet","description":"Mobilier exclusif pour la maison de l\u2019usine Yves Fouquet en Ukraine. Commode en bois chic faite \u00e0 la main sur commande. Les meilleures vari\u00e9t\u00e9s de bois, les technologies d\u2019assemblage anciennes, le traitement de finition unique, les accessoires d\u2019\u00e9lite Frazia","robots":{"index":"index","follow":"follow","max-snippet":"max-snippet:-1","max-image-preview":"max-image-preview:large","max-video-preview":"max-video-preview:-1"},"canonical":"https:\/\/yvesfouquet.com\/fr\/produit\/komod-cannelures-bf528-2\/","og_locale":"fr_FR","og_type":"article","og_title":"Commode Cannelures BF528","og_description":"Mobilier exclusif pour la maison de l\u2019usine Yves Fouquet en Ukraine. Commode en bois chic faite \u00e0 la main sur commande. Les meilleures vari\u00e9t\u00e9s de bois, les technologies d\u2019assemblage anciennes, le traitement de finition unique, les accessoires d\u2019\u00e9lite Frazia","og_url":"https:\/\/yvesfouquet.com\/fr\/produit\/komod-cannelures-bf528-2\/","og_site_name":"Yves Fouquet","article_publisher":"https:\/\/www.facebook.com\/boutiueyvesfouquet","og_image":[{"width":1080,"height":1080,"url":"https:\/\/yvesfouquet.com\/wp-content\/uploads\/2020\/10\/31-1.png","type":"image\/png"}],"twitter_card":"summary_large_image","twitter_misc":{"Prix":"","Disponibilit\u00e9":"En stock"},"schema":{"@context":"https:\/\/schema.org","@graph":[{"@type":["WebPage","ItemPage"],"@id":"https:\/\/yvesfouquet.com\/fr\/produit\/komod-cannelures-bf528-2\/","url":"https:\/\/yvesfouquet.com\/fr\/produit\/komod-cannelures-bf528-2\/","name":"Commode en bois antique avec cannelures - Yves Fouquet","isPartOf":{"@id":"https:\/\/yvesfouquet.com\/#website"},"datePublished":"2022-04-28T16:44:31+00:00","dateModified":"2022-04-28T16:44:31+00:00","description":"Mobilier exclusif pour la maison de l\u2019usine Yves Fouquet en Ukraine. Commode en bois chic faite \u00e0 la main sur commande. Les meilleures vari\u00e9t\u00e9s de bois, les technologies d\u2019assemblage anciennes, le traitement de finition unique, les accessoires d\u2019\u00e9lite Frazia","breadcrumb":{"@id":"https:\/\/yvesfouquet.com\/fr\/produit\/komod-cannelures-bf528-2\/#breadcrumb"},"inLanguage":"fr-FR","potentialAction":[{"@type":"ReadAction","target":["https:\/\/yvesfouquet.com\/fr\/produit\/komod-cannelures-bf528-2\/"]}]},{"@type":"BreadcrumbList","@id":"https:\/\/yvesfouquet.com\/fr\/produit\/komod-cannelures-bf528-2\/#breadcrumb","itemListElement":[{"@type":"ListItem","position":1,"name":"\u0413\u043b\u0430\u0432\u043d\u0430\u044f","item":"https:\/\/yvesfouquet.com\/fr\/"},{"@type":"ListItem","position":2,"name":"Collections","item":"https:\/\/yvesfouquet.com\/fr\/collections\/"},{"@type":"ListItem","position":3,"name":"Commode Cannelures BF528"}]},{"@type":"WebSite","@id":"https:\/\/yvesfouquet.com\/#website","url":"https:\/\/yvesfouquet.com\/","name":"Yves Fouquet","description":"\u0424\u0440\u0430\u043d\u0446\u0443\u0437\u0441\u043a\u0430\u044f \u043c\u0435\u0431\u0435\u043b\u044c","potentialAction":[{"@type":"SearchAction","target":{"@type":"EntryPoint","urlTemplate":"https:\/\/yvesfouquet.com\/?s={search_term_string}"},"query-input":"required name=search_term_string"}],"inLanguage":"fr-FR"}]},"product_price_currency":"EUR","og_availability":"instock","product_availability":"instock","product_retailer_item_id":"BF528","product_condition":"new"},"_links":{"self":[{"href":"https:\/\/yvesfouquet.com\/fr\/wp-json\/wp\/v2\/product\/18208"}],"collection":[{"href":"https:\/\/yvesfouquet.com\/fr\/wp-json\/wp\/v2\/product"}],"about":[{"href":"https:\/\/yvesfouquet.com\/fr\/wp-json\/wp\/v2\/types\/product"}],"version-history":[{"count":0,"href":"https:\/\/yvesfouquet.com\/fr\/wp-json\/wp\/v2\/product\/18208\/revisions"}],"wp:featuredmedia":[{"embeddable":true,"href":"https:\/\/yvesfouquet.com\/fr\/wp-json\/wp\/v2\/media\/16012"}],"wp:attachment":[{"href":"https:\/\/yvesfouquet.com\/fr\/wp-json\/wp\/v2\/media?parent=18208"}],"wp:term":[{"taxonomy":"product_cat","embeddable":true,"href":"https:\/\/yvesfouquet.com\/fr\/wp-json\/wp\/v2\/product_cat?post=18208"},{"taxonomy":"product_tag","embeddable":true,"href":"https:\/\/yvesfouquet.com\/fr\/wp-json\/wp\/v2\/product_tag?post=18208"}],"curies":[{"name":"wp","href":"https:\/\/api.w.org\/{rel}","templated":true}]}}