{"id":18212,"date":"2020-10-26T21:04:05","date_gmt":"2022-04-28T16:57:02","guid":{"rendered":"https:\/\/yvesfouquet.com\/commode-lucille-cm114\/"},"modified":"2022-04-28T19:57:02","modified_gmt":"2022-04-28T16:57:02","slug":"komod-lucille-cm114-2","status":"publish","type":"product","link":"https:\/\/yvesfouquet.com\/fr\/produit\/komod-lucille-cm114-2\/","title":{"rendered":"Commode Lucille CM114"},"content":{"rendered":"<p>L\u2019\u0153uvre originale de cet auteur des ma\u00eetres Yves Fouquet ravira une fois de plus les connaisseurs de meubles anciens en bois naturel. Une commode \u00e9l\u00e9gante dans un style vintage s\u2019int\u00e9grera parfaitement dans l\u2019environnement de conception. Avec son aide, vous ne vous contenterez pas de d\u00e9corer vos int\u00e9rieurs, mais cr\u00e9erez une atmosph\u00e8re unique dans la maison avec une saveur unique Fran\u00e7ais.<\/p>\n<p>Une commode en bois avec deux tiroirs a une polyvalence. Lumineux et \u00e9l\u00e9gant, il aura l\u2019air merveilleux dans le salon ou le couloir. Dans la chambre \u00e0 coucher, il peut devenir une belle table de chevet fonctionnelle. Sur le comptoir laqu\u00e9 d\u2019une commode exclusive, un lampadaire s\u2019adaptera bien, une horloge vintage, un vase et des \u00e9l\u00e9ments de d\u00e9coration auront fi\u00e8re allure.<\/p>\n<p>La fa\u00e7ade a l\u2019air \u00e9l\u00e9gante et aristocratique. Les tiroirs de la commode classique sont divis\u00e9s et d\u00e9cor\u00e9s avec des bordures dor\u00e9es, des poign\u00e9es \u00e9l\u00e9gantes en forme de feuilles connect\u00e9es &#8211; des accessoires d\u2019\u00e9lite Fran\u00e7ais en bronze. De petites jambes incurv\u00e9es passent en douceur dans le panneau inf\u00e9rieur sculpt\u00e9.<\/p>\n<p>Des meubles en bois exclusifs dans le style ancien sont fabriqu\u00e9s sur commande. Tous les produits sont assembl\u00e9s \u00e0 la main \u00e0 l\u2019aide de technologies traditionnelles &#8211; raccords \u00e0 rainures et \u00e0 queue d\u2019aronde, clous en bois. Combin\u00e9s aux effets du vieillissement, ils donnent au mobilier un aspect historique unique.<\/p>\n","protected":false},"excerpt":{"rendered":"<p><strong>Dimensions:<\/strong> L920 x H745 x P530<\/p>\n<p><strong> 2 tiroirs r\u00e9tractables<\/strong><\/p>\n","protected":false},"featured_media":16220,"template":"","meta":[],"product_cat":[158],"product_tag":[],"yoast_head":"<!-- This site is optimized with the Yoast SEO Premium plugin v20.7 (Yoast SEO v20.8) - https:\/\/yoast.com\/wordpress\/plugins\/seo\/ -->\n<title>Commode en bois naturel dans l\u2019ancien style Fran\u00e7ais - Yves Fouquet<\/title>\n<meta name=\"description\" content=\"Meubles d\u2019int\u00e9rieur d\u2019auteur antiques \u00e0 commander en Ukraine. Bois naturel, assembl\u00e9 \u00e0 la main, d\u00e9cor sculpt\u00e9, bronze Fran\u00e7ais accessoires. Acheter commode en bois exclusive - fabricant Usine de meubles Yves Fouquet\" \/>\n<meta name=\"robots\" content=\"index, follow, max-snippet:-1, max-image-preview:large, max-video-preview:-1\" \/>\n<link rel=\"canonical\" href=\"https:\/\/yvesfouquet.com\/fr\/produit\/komod-lucille-cm114-2\/\" \/>\n<meta property=\"og:locale\" content=\"fr_FR\" \/>\n<meta property=\"og:type\" content=\"article\" \/>\n<meta property=\"og:title\" content=\"Commode Lucille CM114\" \/>\n<meta property=\"og:description\" content=\"Meubles d\u2019int\u00e9rieur d\u2019auteur antiques \u00e0 commander en Ukraine. Bois naturel, assembl\u00e9 \u00e0 la main, d\u00e9cor sculpt\u00e9, bronze Fran\u00e7ais accessoires. Acheter commode en bois exclusive - fabricant Usine de meubles Yves Fouquet\" \/>\n<meta property=\"og:url\" content=\"https:\/\/yvesfouquet.com\/fr\/produit\/komod-lucille-cm114-2\/\" \/>\n<meta property=\"og:site_name\" content=\"Yves Fouquet\" \/>\n<meta property=\"article:publisher\" content=\"https:\/\/www.facebook.com\/boutiueyvesfouquet\" \/>\n<meta property=\"og:image\" content=\"https:\/\/yvesfouquet.com\/wp-content\/uploads\/2020\/10\/87.png\" \/>\n\t<meta property=\"og:image:width\" content=\"1080\" \/>\n\t<meta property=\"og:image:height\" content=\"1080\" \/>\n\t<meta property=\"og:image:type\" content=\"image\/png\" \/>\n<meta name=\"twitter:card\" content=\"summary_large_image\" \/>\n<meta name=\"twitter:label1\" content=\"Prix\" \/>\n\t<meta name=\"twitter:data1\" content=\"\" \/>\n\t<meta name=\"twitter:label2\" content=\"Disponibilit\u00e9\" \/>\n\t<meta name=\"twitter:data2\" content=\"En stock\" \/>\n<script type=\"application\/ld+json\" class=\"yoast-schema-graph\">{\"@context\":\"https:\/\/schema.org\",\"@graph\":[{\"@type\":[\"WebPage\",\"ItemPage\"],\"@id\":\"https:\/\/yvesfouquet.com\/fr\/produit\/komod-lucille-cm114-2\/\",\"url\":\"https:\/\/yvesfouquet.com\/fr\/produit\/komod-lucille-cm114-2\/\",\"name\":\"Commode en bois naturel dans l\u2019ancien style Fran\u00e7ais - Yves Fouquet\",\"isPartOf\":{\"@id\":\"https:\/\/yvesfouquet.com\/#website\"},\"datePublished\":\"2022-04-28T16:57:02+00:00\",\"dateModified\":\"2022-04-28T16:57:02+00:00\",\"description\":\"Meubles d\u2019int\u00e9rieur d\u2019auteur antiques \u00e0 commander en Ukraine. Bois naturel, assembl\u00e9 \u00e0 la main, d\u00e9cor sculpt\u00e9, bronze Fran\u00e7ais accessoires. Acheter commode en bois exclusive - fabricant Usine de meubles Yves Fouquet\",\"breadcrumb\":{\"@id\":\"https:\/\/yvesfouquet.com\/fr\/produit\/komod-lucille-cm114-2\/#breadcrumb\"},\"inLanguage\":\"fr-FR\",\"potentialAction\":[{\"@type\":\"ReadAction\",\"target\":[\"https:\/\/yvesfouquet.com\/fr\/produit\/komod-lucille-cm114-2\/\"]}]},{\"@type\":\"BreadcrumbList\",\"@id\":\"https:\/\/yvesfouquet.com\/fr\/produit\/komod-lucille-cm114-2\/#breadcrumb\",\"itemListElement\":[{\"@type\":\"ListItem\",\"position\":1,\"name\":\"\u0413\u043b\u0430\u0432\u043d\u0430\u044f\",\"item\":\"https:\/\/yvesfouquet.com\/fr\/\"},{\"@type\":\"ListItem\",\"position\":2,\"name\":\"Collections\",\"item\":\"https:\/\/yvesfouquet.com\/fr\/collections\/\"},{\"@type\":\"ListItem\",\"position\":3,\"name\":\"Commode Lucille CM114\"}]},{\"@type\":\"WebSite\",\"@id\":\"https:\/\/yvesfouquet.com\/#website\",\"url\":\"https:\/\/yvesfouquet.com\/\",\"name\":\"Yves Fouquet\",\"description\":\"\u0424\u0440\u0430\u043d\u0446\u0443\u0437\u0441\u043a\u0430\u044f \u043c\u0435\u0431\u0435\u043b\u044c\",\"potentialAction\":[{\"@type\":\"SearchAction\",\"target\":{\"@type\":\"EntryPoint\",\"urlTemplate\":\"https:\/\/yvesfouquet.com\/?s={search_term_string}\"},\"query-input\":\"required name=search_term_string\"}],\"inLanguage\":\"fr-FR\"}]}<\/script>\n<meta property=\"product:price:amount\" content=\"0\" \/>\n<meta property=\"product:price:currency\" content=\"EUR\" \/>\n<meta property=\"og:availability\" content=\"instock\" \/>\n<meta property=\"product:availability\" content=\"instock\" \/>\n<meta property=\"product:retailer_item_id\" content=\"CM114\" \/>\n<meta property=\"product:condition\" content=\"new\" \/>\n<!-- \/ Yoast SEO Premium plugin. -->","yoast_head_json":{"title":"Commode en bois naturel dans l\u2019ancien style Fran\u00e7ais - Yves Fouquet","description":"Meubles d\u2019int\u00e9rieur d\u2019auteur antiques \u00e0 commander en Ukraine. Bois naturel, assembl\u00e9 \u00e0 la main, d\u00e9cor sculpt\u00e9, bronze Fran\u00e7ais accessoires. Acheter commode en bois exclusive - fabricant Usine de meubles Yves Fouquet","robots":{"index":"index","follow":"follow","max-snippet":"max-snippet:-1","max-image-preview":"max-image-preview:large","max-video-preview":"max-video-preview:-1"},"canonical":"https:\/\/yvesfouquet.com\/fr\/produit\/komod-lucille-cm114-2\/","og_locale":"fr_FR","og_type":"article","og_title":"Commode Lucille CM114","og_description":"Meubles d\u2019int\u00e9rieur d\u2019auteur antiques \u00e0 commander en Ukraine. Bois naturel, assembl\u00e9 \u00e0 la main, d\u00e9cor sculpt\u00e9, bronze Fran\u00e7ais accessoires. Acheter commode en bois exclusive - fabricant Usine de meubles Yves Fouquet","og_url":"https:\/\/yvesfouquet.com\/fr\/produit\/komod-lucille-cm114-2\/","og_site_name":"Yves Fouquet","article_publisher":"https:\/\/www.facebook.com\/boutiueyvesfouquet","og_image":[{"width":1080,"height":1080,"url":"https:\/\/yvesfouquet.com\/wp-content\/uploads\/2020\/10\/87.png","type":"image\/png"}],"twitter_card":"summary_large_image","twitter_misc":{"Prix":"","Disponibilit\u00e9":"En stock"},"schema":{"@context":"https:\/\/schema.org","@graph":[{"@type":["WebPage","ItemPage"],"@id":"https:\/\/yvesfouquet.com\/fr\/produit\/komod-lucille-cm114-2\/","url":"https:\/\/yvesfouquet.com\/fr\/produit\/komod-lucille-cm114-2\/","name":"Commode en bois naturel dans l\u2019ancien style Fran\u00e7ais - Yves Fouquet","isPartOf":{"@id":"https:\/\/yvesfouquet.com\/#website"},"datePublished":"2022-04-28T16:57:02+00:00","dateModified":"2022-04-28T16:57:02+00:00","description":"Meubles d\u2019int\u00e9rieur d\u2019auteur antiques \u00e0 commander en Ukraine. Bois naturel, assembl\u00e9 \u00e0 la main, d\u00e9cor sculpt\u00e9, bronze Fran\u00e7ais accessoires. Acheter commode en bois exclusive - fabricant Usine de meubles Yves Fouquet","breadcrumb":{"@id":"https:\/\/yvesfouquet.com\/fr\/produit\/komod-lucille-cm114-2\/#breadcrumb"},"inLanguage":"fr-FR","potentialAction":[{"@type":"ReadAction","target":["https:\/\/yvesfouquet.com\/fr\/produit\/komod-lucille-cm114-2\/"]}]},{"@type":"BreadcrumbList","@id":"https:\/\/yvesfouquet.com\/fr\/produit\/komod-lucille-cm114-2\/#breadcrumb","itemListElement":[{"@type":"ListItem","position":1,"name":"\u0413\u043b\u0430\u0432\u043d\u0430\u044f","item":"https:\/\/yvesfouquet.com\/fr\/"},{"@type":"ListItem","position":2,"name":"Collections","item":"https:\/\/yvesfouquet.com\/fr\/collections\/"},{"@type":"ListItem","position":3,"name":"Commode Lucille CM114"}]},{"@type":"WebSite","@id":"https:\/\/yvesfouquet.com\/#website","url":"https:\/\/yvesfouquet.com\/","name":"Yves Fouquet","description":"\u0424\u0440\u0430\u043d\u0446\u0443\u0437\u0441\u043a\u0430\u044f \u043c\u0435\u0431\u0435\u043b\u044c","potentialAction":[{"@type":"SearchAction","target":{"@type":"EntryPoint","urlTemplate":"https:\/\/yvesfouquet.com\/?s={search_term_string}"},"query-input":"required name=search_term_string"}],"inLanguage":"fr-FR"}]},"product_price_currency":"EUR","og_availability":"instock","product_availability":"instock","product_retailer_item_id":"CM114","product_condition":"new"},"_links":{"self":[{"href":"https:\/\/yvesfouquet.com\/fr\/wp-json\/wp\/v2\/product\/18212"}],"collection":[{"href":"https:\/\/yvesfouquet.com\/fr\/wp-json\/wp\/v2\/product"}],"about":[{"href":"https:\/\/yvesfouquet.com\/fr\/wp-json\/wp\/v2\/types\/product"}],"version-history":[{"count":0,"href":"https:\/\/yvesfouquet.com\/fr\/wp-json\/wp\/v2\/product\/18212\/revisions"}],"wp:featuredmedia":[{"embeddable":true,"href":"https:\/\/yvesfouquet.com\/fr\/wp-json\/wp\/v2\/media\/16220"}],"wp:attachment":[{"href":"https:\/\/yvesfouquet.com\/fr\/wp-json\/wp\/v2\/media?parent=18212"}],"wp:term":[{"taxonomy":"product_cat","embeddable":true,"href":"https:\/\/yvesfouquet.com\/fr\/wp-json\/wp\/v2\/product_cat?post=18212"},{"taxonomy":"product_tag","embeddable":true,"href":"https:\/\/yvesfouquet.com\/fr\/wp-json\/wp\/v2\/product_tag?post=18212"}],"curies":[{"name":"wp","href":"https:\/\/api.w.org\/{rel}","templated":true}]}}