{"id":18222,"date":"2021-06-01T09:21:15","date_gmt":"2022-04-28T18:48:12","guid":{"rendered":"https:\/\/yvesfouquet.com\/product\/table-a-manger-tr525\/"},"modified":"2022-04-28T21:48:12","modified_gmt":"2022-04-28T18:48:12","slug":"stol-obedennyj-tr525-2","status":"publish","type":"product","link":"https:\/\/yvesfouquet.com\/fr\/produit\/stol-obedennyj-tr525-2\/","title":{"rendered":"Table \u00e0 manger TR525"},"content":{"rendered":"<p>En choisissant une grande table \u00e0 manger ronde pour votre salle \u00e0 manger, vous rendrez son int\u00e9rieur vraiment unique. Ce merveilleux exemple fait \u00e0 la main des ma\u00eetres de la manufacture ukrainienne Yves Fouquet, bien s\u00fbr, gagnera le c\u0153ur de la maison et deviendra une source de fiert\u00e9 pour toute la famille.<\/p>\n<p>Cette table en bois est vraiment g\u00e9niale. C\u2019est \u00e0 une telle table que vous voulez vous r\u00e9unir avec toute la famille et pour un d\u00eener en semaine, pour un d\u00e9jeuner du dimanche et pour c\u00e9l\u00e9brer des \u00e9v\u00e9nements importants.<\/p>\n<p>Une table \u00e0 manger ronde en bois massif attirera imm\u00e9diatement l\u2019attention et deviendra un accent lumineux de la situation. Dans son design extraordinaire, le pied central figur\u00e9 peint en noir se d\u00e9marque. En raison de sa masse, il a non seulement une apparence impressionnante, mais est vraiment stable et fiable.<\/p>\n<p>Fabriqu\u00e9 en bois laqu\u00e9 clair, le plateau de table est une v\u00e9ritable \u0153uvre d\u2019art. Le centre du motif de parquet \u00e9tait une grande \u00e9toile \u00e0 huit branches en bois de noyer plus fonc\u00e9. L\u2019extr\u00e9mit\u00e9 du comptoir est d\u00e9cor\u00e9e de bordures avec une s\u00e9rie d\u2019\u0153illets en laiton.<\/p>\n<p>Le d\u00e9cor de la table \u00e0 manger ronde en bois compl\u00e8te l\u2019utilisation d\u2019effets de vieillissement, lui donnant encore plus de couleur et de signification.<\/p>\n<p>Des meubles anciens exclusifs sont assembl\u00e9s sur commande, de sorte que vous pouvez changer la taille et le design de la table, rendre le comptoir d\u2019une seule pi\u00e8ce ou coulissant.<\/p>\n","protected":false},"excerpt":{"rendered":"<p><strong>Dimension:<\/strong> D 1250\/ D1600<\/p>\n<p><strong>Description :<\/strong> ne se d\u00e9plie pas<\/p>\n","protected":false},"featured_media":20400,"template":"","meta":[],"product_cat":[160],"product_tag":[],"yoast_head":"<!-- This site is optimized with the Yoast SEO Premium plugin v20.7 (Yoast SEO v20.8) - https:\/\/yoast.com\/wordpress\/plugins\/seo\/ -->\n<title>Table \u00e0 manger ronde en bois naturel faite \u00e0 la main - Yves Fouquet<\/title>\n<meta name=\"description\" content=\"Table exclusive en bois naturel avec un comptoir fait \u00e0 la main. Mobilier d\u2019int\u00e9rieur d\u2019\u00e9lite en Ukraine produit par l\u2019usine Yves Fouquet\" \/>\n<meta name=\"robots\" content=\"index, follow, max-snippet:-1, max-image-preview:large, max-video-preview:-1\" \/>\n<link rel=\"canonical\" href=\"https:\/\/yvesfouquet.com\/fr\/produit\/stol-obedennyj-tr525-2\/\" \/>\n<meta property=\"og:locale\" content=\"fr_FR\" \/>\n<meta property=\"og:type\" content=\"article\" \/>\n<meta property=\"og:title\" content=\"Table \u00e0 manger TR525\" \/>\n<meta property=\"og:description\" content=\"Table exclusive en bois naturel avec un comptoir fait \u00e0 la main. Mobilier d\u2019int\u00e9rieur d\u2019\u00e9lite en Ukraine produit par l\u2019usine Yves Fouquet\" \/>\n<meta property=\"og:url\" content=\"https:\/\/yvesfouquet.com\/fr\/produit\/stol-obedennyj-tr525-2\/\" \/>\n<meta property=\"og:site_name\" content=\"Yves Fouquet\" \/>\n<meta property=\"article:publisher\" content=\"https:\/\/www.facebook.com\/boutiueyvesfouquet\" \/>\n<meta property=\"og:image\" content=\"https:\/\/yvesfouquet.com\/wp-content\/uploads\/2020\/10\/1-120-scaled.jpg\" \/>\n\t<meta property=\"og:image:width\" content=\"2560\" \/>\n\t<meta property=\"og:image:height\" content=\"1707\" \/>\n\t<meta property=\"og:image:type\" content=\"image\/jpeg\" \/>\n<meta name=\"twitter:card\" content=\"summary_large_image\" \/>\n<meta name=\"twitter:label1\" content=\"Prix\" \/>\n\t<meta name=\"twitter:data1\" content=\"\" \/>\n\t<meta name=\"twitter:label2\" content=\"Disponibilit\u00e9\" \/>\n\t<meta name=\"twitter:data2\" content=\"En stock\" \/>\n<script type=\"application\/ld+json\" class=\"yoast-schema-graph\">{\"@context\":\"https:\/\/schema.org\",\"@graph\":[{\"@type\":[\"WebPage\",\"ItemPage\"],\"@id\":\"https:\/\/yvesfouquet.com\/fr\/produit\/stol-obedennyj-tr525-2\/\",\"url\":\"https:\/\/yvesfouquet.com\/fr\/produit\/stol-obedennyj-tr525-2\/\",\"name\":\"Table \u00e0 manger ronde en bois naturel faite \u00e0 la main - Yves Fouquet\",\"isPartOf\":{\"@id\":\"https:\/\/yvesfouquet.com\/#website\"},\"datePublished\":\"2022-04-28T18:48:12+00:00\",\"dateModified\":\"2022-04-28T18:48:12+00:00\",\"description\":\"Table exclusive en bois naturel avec un comptoir fait \u00e0 la main. Mobilier d\u2019int\u00e9rieur d\u2019\u00e9lite en Ukraine produit par l\u2019usine Yves Fouquet\",\"breadcrumb\":{\"@id\":\"https:\/\/yvesfouquet.com\/fr\/produit\/stol-obedennyj-tr525-2\/#breadcrumb\"},\"inLanguage\":\"fr-FR\",\"potentialAction\":[{\"@type\":\"ReadAction\",\"target\":[\"https:\/\/yvesfouquet.com\/fr\/produit\/stol-obedennyj-tr525-2\/\"]}]},{\"@type\":\"BreadcrumbList\",\"@id\":\"https:\/\/yvesfouquet.com\/fr\/produit\/stol-obedennyj-tr525-2\/#breadcrumb\",\"itemListElement\":[{\"@type\":\"ListItem\",\"position\":1,\"name\":\"\u0413\u043b\u0430\u0432\u043d\u0430\u044f\",\"item\":\"https:\/\/yvesfouquet.com\/fr\/\"},{\"@type\":\"ListItem\",\"position\":2,\"name\":\"Collections\",\"item\":\"https:\/\/yvesfouquet.com\/fr\/collections\/\"},{\"@type\":\"ListItem\",\"position\":3,\"name\":\"Table \u00e0 manger TR525\"}]},{\"@type\":\"WebSite\",\"@id\":\"https:\/\/yvesfouquet.com\/#website\",\"url\":\"https:\/\/yvesfouquet.com\/\",\"name\":\"Yves Fouquet\",\"description\":\"\u0424\u0440\u0430\u043d\u0446\u0443\u0437\u0441\u043a\u0430\u044f \u043c\u0435\u0431\u0435\u043b\u044c\",\"potentialAction\":[{\"@type\":\"SearchAction\",\"target\":{\"@type\":\"EntryPoint\",\"urlTemplate\":\"https:\/\/yvesfouquet.com\/?s={search_term_string}\"},\"query-input\":\"required name=search_term_string\"}],\"inLanguage\":\"fr-FR\"}]}<\/script>\n<meta property=\"product:price:amount\" content=\"0\" \/>\n<meta property=\"product:price:currency\" content=\"EUR\" \/>\n<meta property=\"og:availability\" content=\"instock\" \/>\n<meta property=\"product:availability\" content=\"instock\" \/>\n<meta property=\"product:retailer_item_id\" content=\"TR525\" \/>\n<meta property=\"product:condition\" content=\"new\" \/>\n<!-- \/ Yoast SEO Premium plugin. -->","yoast_head_json":{"title":"Table \u00e0 manger ronde en bois naturel faite \u00e0 la main - Yves Fouquet","description":"Table exclusive en bois naturel avec un comptoir fait \u00e0 la main. Mobilier d\u2019int\u00e9rieur d\u2019\u00e9lite en Ukraine produit par l\u2019usine Yves Fouquet","robots":{"index":"index","follow":"follow","max-snippet":"max-snippet:-1","max-image-preview":"max-image-preview:large","max-video-preview":"max-video-preview:-1"},"canonical":"https:\/\/yvesfouquet.com\/fr\/produit\/stol-obedennyj-tr525-2\/","og_locale":"fr_FR","og_type":"article","og_title":"Table \u00e0 manger TR525","og_description":"Table exclusive en bois naturel avec un comptoir fait \u00e0 la main. Mobilier d\u2019int\u00e9rieur d\u2019\u00e9lite en Ukraine produit par l\u2019usine Yves Fouquet","og_url":"https:\/\/yvesfouquet.com\/fr\/produit\/stol-obedennyj-tr525-2\/","og_site_name":"Yves Fouquet","article_publisher":"https:\/\/www.facebook.com\/boutiueyvesfouquet","og_image":[{"width":2560,"height":1707,"url":"https:\/\/yvesfouquet.com\/wp-content\/uploads\/2020\/10\/1-120-scaled.jpg","type":"image\/jpeg"}],"twitter_card":"summary_large_image","twitter_misc":{"Prix":"","Disponibilit\u00e9":"En stock"},"schema":{"@context":"https:\/\/schema.org","@graph":[{"@type":["WebPage","ItemPage"],"@id":"https:\/\/yvesfouquet.com\/fr\/produit\/stol-obedennyj-tr525-2\/","url":"https:\/\/yvesfouquet.com\/fr\/produit\/stol-obedennyj-tr525-2\/","name":"Table \u00e0 manger ronde en bois naturel faite \u00e0 la main - Yves Fouquet","isPartOf":{"@id":"https:\/\/yvesfouquet.com\/#website"},"datePublished":"2022-04-28T18:48:12+00:00","dateModified":"2022-04-28T18:48:12+00:00","description":"Table exclusive en bois naturel avec un comptoir fait \u00e0 la main. Mobilier d\u2019int\u00e9rieur d\u2019\u00e9lite en Ukraine produit par l\u2019usine Yves Fouquet","breadcrumb":{"@id":"https:\/\/yvesfouquet.com\/fr\/produit\/stol-obedennyj-tr525-2\/#breadcrumb"},"inLanguage":"fr-FR","potentialAction":[{"@type":"ReadAction","target":["https:\/\/yvesfouquet.com\/fr\/produit\/stol-obedennyj-tr525-2\/"]}]},{"@type":"BreadcrumbList","@id":"https:\/\/yvesfouquet.com\/fr\/produit\/stol-obedennyj-tr525-2\/#breadcrumb","itemListElement":[{"@type":"ListItem","position":1,"name":"\u0413\u043b\u0430\u0432\u043d\u0430\u044f","item":"https:\/\/yvesfouquet.com\/fr\/"},{"@type":"ListItem","position":2,"name":"Collections","item":"https:\/\/yvesfouquet.com\/fr\/collections\/"},{"@type":"ListItem","position":3,"name":"Table \u00e0 manger TR525"}]},{"@type":"WebSite","@id":"https:\/\/yvesfouquet.com\/#website","url":"https:\/\/yvesfouquet.com\/","name":"Yves Fouquet","description":"\u0424\u0440\u0430\u043d\u0446\u0443\u0437\u0441\u043a\u0430\u044f \u043c\u0435\u0431\u0435\u043b\u044c","potentialAction":[{"@type":"SearchAction","target":{"@type":"EntryPoint","urlTemplate":"https:\/\/yvesfouquet.com\/?s={search_term_string}"},"query-input":"required name=search_term_string"}],"inLanguage":"fr-FR"}]},"product_price_currency":"EUR","og_availability":"instock","product_availability":"instock","product_retailer_item_id":"TR525","product_condition":"new"},"_links":{"self":[{"href":"https:\/\/yvesfouquet.com\/fr\/wp-json\/wp\/v2\/product\/18222"}],"collection":[{"href":"https:\/\/yvesfouquet.com\/fr\/wp-json\/wp\/v2\/product"}],"about":[{"href":"https:\/\/yvesfouquet.com\/fr\/wp-json\/wp\/v2\/types\/product"}],"version-history":[{"count":0,"href":"https:\/\/yvesfouquet.com\/fr\/wp-json\/wp\/v2\/product\/18222\/revisions"}],"wp:featuredmedia":[{"embeddable":true,"href":"https:\/\/yvesfouquet.com\/fr\/wp-json\/wp\/v2\/media\/20400"}],"wp:attachment":[{"href":"https:\/\/yvesfouquet.com\/fr\/wp-json\/wp\/v2\/media?parent=18222"}],"wp:term":[{"taxonomy":"product_cat","embeddable":true,"href":"https:\/\/yvesfouquet.com\/fr\/wp-json\/wp\/v2\/product_cat?post=18222"},{"taxonomy":"product_tag","embeddable":true,"href":"https:\/\/yvesfouquet.com\/fr\/wp-json\/wp\/v2\/product_tag?post=18222"}],"curies":[{"name":"wp","href":"https:\/\/api.w.org\/{rel}","templated":true}]}}