{"id":18226,"date":"2020-10-26T21:09:30","date_gmt":"2022-04-28T18:48:13","guid":{"rendered":"https:\/\/yvesfouquet.com\/product\/ctolik-jigon-tg031\/"},"modified":"2023-01-19T15:36:56","modified_gmt":"2023-01-19T12:36:56","slug":"ctolik-jigon-tg031-2","status":"publish","type":"product","link":"https:\/\/yvesfouquet.com\/fr\/produit\/ctolik-jigon-tg031-2\/","title":{"rendered":"Tableau Jigon TG031"},"content":{"rendered":"<p>Un look strict et en m\u00eame temps si touchant est le mod\u00e8le Jigon Directoire compos\u00e9 de deux tables basses dans le style laconique du R\u00e9pertoire. Encore une fois, les designers ukrainiens de la manufacture Yves Fouquet parviennent \u00e0 toucher les d\u00e9licates cordes d\u2019\u00e2me des connaisseurs de l\u2019int\u00e9rieur dans le style old Fran\u00e7ais.<\/p>\n<p>G\u00e9om\u00e9trie claire des lignes, praticit\u00e9 absolue et raccords modestes sur la fa\u00e7ade des extr\u00e9mit\u00e9s. N\u00e9anmoins, les tables en bois massif attireront imm\u00e9diatement l\u2019attention dans n\u2019importe quel int\u00e9rieur. L\u2019ensemble original ressemble \u00e0 une maman attentionn\u00e9e et \u00e0 un enfant abrit\u00e9 sous ses soins vigilants. Il est difficile de rester indiff\u00e9rent \u00e0 un spectacle aussi mignon.<\/p>\n<p>Comme au d\u00e9collage, les ch\u00e2ssis du comptoir d\u2019une grande table s\u2019ouvrent, ce qui permet d\u2019augmenter consid\u00e9rablement son espace utile. La petite table abritant sous elle a un tiroir coulissant, ce qui est parfait pour ranger diverses bagatelles.<\/p>\n<p>Occupant un minimum d\u2019espace, un mod\u00e8le extraordinaire est plac\u00e9 de mani\u00e8re compacte dans le coin du bureau ou du salon. Vous pouvez le d\u00e9corer avec un modeste cand\u00e9labre, un vase ou une pile de livres.<\/p>\n<p>Selon votre int\u00e9rieur, les tables basses vintage peuvent \u00eatre fabriqu\u00e9es sur commande dans n\u2019importe quelle taille et couleur.<\/p>\n","protected":false},"excerpt":{"rendered":"<p>Largeur: 700 (d\u00e9pli\u00e9 1400)<\/p>\n<p>Hauteur: 550<\/p>\n<p>Profondeur: 500<\/p>\n","protected":false},"featured_media":20739,"template":"","meta":[],"product_cat":[170],"product_tag":[],"yoast_head":"<!-- This site is optimized with the Yoast SEO Premium plugin v20.7 (Yoast SEO v20.8) - https:\/\/yoast.com\/wordpress\/plugins\/seo\/ -->\n<title>Tables basses en bois antiques - sur commande - Yves Fouquet<\/title>\n<meta name=\"description\" content=\"Mod\u00e8le laconique de deux tables de tailles diff\u00e9rentes dans le style Fran\u00e7ais du R\u00e9pertoire. Mobilier d\u2019int\u00e9rieur unique en Ukraine de l\u2019usine Yves Fouquet\" \/>\n<meta name=\"robots\" content=\"index, follow, max-snippet:-1, max-image-preview:large, max-video-preview:-1\" \/>\n<link rel=\"canonical\" href=\"https:\/\/yvesfouquet.com\/fr\/produit\/ctolik-jigon-tg031-2\/\" \/>\n<meta property=\"og:locale\" content=\"fr_FR\" \/>\n<meta property=\"og:type\" content=\"article\" \/>\n<meta property=\"og:title\" content=\"Tableau Jigon TG031\" \/>\n<meta property=\"og:description\" content=\"Mod\u00e8le laconique de deux tables de tailles diff\u00e9rentes dans le style Fran\u00e7ais du R\u00e9pertoire. Mobilier d\u2019int\u00e9rieur unique en Ukraine de l\u2019usine Yves Fouquet\" \/>\n<meta property=\"og:url\" content=\"https:\/\/yvesfouquet.com\/fr\/produit\/ctolik-jigon-tg031-2\/\" \/>\n<meta property=\"og:site_name\" content=\"Yves Fouquet\" \/>\n<meta property=\"article:publisher\" content=\"https:\/\/www.facebook.com\/boutiueyvesfouquet\" \/>\n<meta property=\"article:modified_time\" content=\"2023-01-19T12:36:56+00:00\" \/>\n<meta property=\"og:image\" content=\"https:\/\/yvesfouquet.com\/wp-content\/uploads\/2020\/10\/c572db_2085c196e1bc49d7817524ad8ec158d3-scaled-2.jpg\" \/>\n\t<meta property=\"og:image:width\" content=\"1600\" \/>\n\t<meta property=\"og:image:height\" content=\"1167\" \/>\n\t<meta property=\"og:image:type\" content=\"image\/jpeg\" \/>\n<meta name=\"twitter:card\" content=\"summary_large_image\" \/>\n<meta name=\"twitter:label1\" content=\"Prix\" \/>\n\t<meta name=\"twitter:data1\" content=\"\" \/>\n\t<meta name=\"twitter:label2\" content=\"Disponibilit\u00e9\" \/>\n\t<meta name=\"twitter:data2\" content=\"En stock\" \/>\n<script type=\"application\/ld+json\" class=\"yoast-schema-graph\">{\"@context\":\"https:\/\/schema.org\",\"@graph\":[{\"@type\":[\"WebPage\",\"ItemPage\"],\"@id\":\"https:\/\/yvesfouquet.com\/fr\/produit\/ctolik-jigon-tg031-2\/\",\"url\":\"https:\/\/yvesfouquet.com\/fr\/produit\/ctolik-jigon-tg031-2\/\",\"name\":\"Tables basses en bois antiques - sur commande - Yves Fouquet\",\"isPartOf\":{\"@id\":\"https:\/\/yvesfouquet.com\/#website\"},\"datePublished\":\"2022-04-28T18:48:13+00:00\",\"dateModified\":\"2023-01-19T12:36:56+00:00\",\"description\":\"Mod\u00e8le laconique de deux tables de tailles diff\u00e9rentes dans le style Fran\u00e7ais du R\u00e9pertoire. Mobilier d\u2019int\u00e9rieur unique en Ukraine de l\u2019usine Yves Fouquet\",\"breadcrumb\":{\"@id\":\"https:\/\/yvesfouquet.com\/fr\/produit\/ctolik-jigon-tg031-2\/#breadcrumb\"},\"inLanguage\":\"fr-FR\",\"potentialAction\":[{\"@type\":\"ReadAction\",\"target\":[\"https:\/\/yvesfouquet.com\/fr\/produit\/ctolik-jigon-tg031-2\/\"]}]},{\"@type\":\"BreadcrumbList\",\"@id\":\"https:\/\/yvesfouquet.com\/fr\/produit\/ctolik-jigon-tg031-2\/#breadcrumb\",\"itemListElement\":[{\"@type\":\"ListItem\",\"position\":1,\"name\":\"\u0413\u043b\u0430\u0432\u043d\u0430\u044f\",\"item\":\"https:\/\/yvesfouquet.com\/fr\/\"},{\"@type\":\"ListItem\",\"position\":2,\"name\":\"Collections\",\"item\":\"https:\/\/yvesfouquet.com\/fr\/collections\/\"},{\"@type\":\"ListItem\",\"position\":3,\"name\":\"Tableau Jigon TG031\"}]},{\"@type\":\"WebSite\",\"@id\":\"https:\/\/yvesfouquet.com\/#website\",\"url\":\"https:\/\/yvesfouquet.com\/\",\"name\":\"Yves Fouquet\",\"description\":\"\u0424\u0440\u0430\u043d\u0446\u0443\u0437\u0441\u043a\u0430\u044f \u043c\u0435\u0431\u0435\u043b\u044c\",\"potentialAction\":[{\"@type\":\"SearchAction\",\"target\":{\"@type\":\"EntryPoint\",\"urlTemplate\":\"https:\/\/yvesfouquet.com\/?s={search_term_string}\"},\"query-input\":\"required name=search_term_string\"}],\"inLanguage\":\"fr-FR\"}]}<\/script>\n<meta property=\"product:price:amount\" content=\"0\" \/>\n<meta property=\"product:price:currency\" content=\"EUR\" \/>\n<meta property=\"og:availability\" content=\"instock\" \/>\n<meta property=\"product:availability\" content=\"instock\" \/>\n<meta property=\"product:retailer_item_id\" content=\"TG031\" \/>\n<meta property=\"product:condition\" content=\"new\" \/>\n<!-- \/ Yoast SEO Premium plugin. -->","yoast_head_json":{"title":"Tables basses en bois antiques - sur commande - Yves Fouquet","description":"Mod\u00e8le laconique de deux tables de tailles diff\u00e9rentes dans le style Fran\u00e7ais du R\u00e9pertoire. Mobilier d\u2019int\u00e9rieur unique en Ukraine de l\u2019usine Yves Fouquet","robots":{"index":"index","follow":"follow","max-snippet":"max-snippet:-1","max-image-preview":"max-image-preview:large","max-video-preview":"max-video-preview:-1"},"canonical":"https:\/\/yvesfouquet.com\/fr\/produit\/ctolik-jigon-tg031-2\/","og_locale":"fr_FR","og_type":"article","og_title":"Tableau Jigon TG031","og_description":"Mod\u00e8le laconique de deux tables de tailles diff\u00e9rentes dans le style Fran\u00e7ais du R\u00e9pertoire. Mobilier d\u2019int\u00e9rieur unique en Ukraine de l\u2019usine Yves Fouquet","og_url":"https:\/\/yvesfouquet.com\/fr\/produit\/ctolik-jigon-tg031-2\/","og_site_name":"Yves Fouquet","article_publisher":"https:\/\/www.facebook.com\/boutiueyvesfouquet","article_modified_time":"2023-01-19T12:36:56+00:00","og_image":[{"width":1600,"height":1167,"url":"https:\/\/yvesfouquet.com\/wp-content\/uploads\/2020\/10\/c572db_2085c196e1bc49d7817524ad8ec158d3-scaled-2.jpg","type":"image\/jpeg"}],"twitter_card":"summary_large_image","twitter_misc":{"Prix":"","Disponibilit\u00e9":"En stock"},"schema":{"@context":"https:\/\/schema.org","@graph":[{"@type":["WebPage","ItemPage"],"@id":"https:\/\/yvesfouquet.com\/fr\/produit\/ctolik-jigon-tg031-2\/","url":"https:\/\/yvesfouquet.com\/fr\/produit\/ctolik-jigon-tg031-2\/","name":"Tables basses en bois antiques - sur commande - Yves Fouquet","isPartOf":{"@id":"https:\/\/yvesfouquet.com\/#website"},"datePublished":"2022-04-28T18:48:13+00:00","dateModified":"2023-01-19T12:36:56+00:00","description":"Mod\u00e8le laconique de deux tables de tailles diff\u00e9rentes dans le style Fran\u00e7ais du R\u00e9pertoire. Mobilier d\u2019int\u00e9rieur unique en Ukraine de l\u2019usine Yves Fouquet","breadcrumb":{"@id":"https:\/\/yvesfouquet.com\/fr\/produit\/ctolik-jigon-tg031-2\/#breadcrumb"},"inLanguage":"fr-FR","potentialAction":[{"@type":"ReadAction","target":["https:\/\/yvesfouquet.com\/fr\/produit\/ctolik-jigon-tg031-2\/"]}]},{"@type":"BreadcrumbList","@id":"https:\/\/yvesfouquet.com\/fr\/produit\/ctolik-jigon-tg031-2\/#breadcrumb","itemListElement":[{"@type":"ListItem","position":1,"name":"\u0413\u043b\u0430\u0432\u043d\u0430\u044f","item":"https:\/\/yvesfouquet.com\/fr\/"},{"@type":"ListItem","position":2,"name":"Collections","item":"https:\/\/yvesfouquet.com\/fr\/collections\/"},{"@type":"ListItem","position":3,"name":"Tableau Jigon TG031"}]},{"@type":"WebSite","@id":"https:\/\/yvesfouquet.com\/#website","url":"https:\/\/yvesfouquet.com\/","name":"Yves Fouquet","description":"\u0424\u0440\u0430\u043d\u0446\u0443\u0437\u0441\u043a\u0430\u044f \u043c\u0435\u0431\u0435\u043b\u044c","potentialAction":[{"@type":"SearchAction","target":{"@type":"EntryPoint","urlTemplate":"https:\/\/yvesfouquet.com\/?s={search_term_string}"},"query-input":"required name=search_term_string"}],"inLanguage":"fr-FR"}]},"product_price_currency":"EUR","og_availability":"instock","product_availability":"instock","product_retailer_item_id":"TG031","product_condition":"new"},"_links":{"self":[{"href":"https:\/\/yvesfouquet.com\/fr\/wp-json\/wp\/v2\/product\/18226"}],"collection":[{"href":"https:\/\/yvesfouquet.com\/fr\/wp-json\/wp\/v2\/product"}],"about":[{"href":"https:\/\/yvesfouquet.com\/fr\/wp-json\/wp\/v2\/types\/product"}],"version-history":[{"count":1,"href":"https:\/\/yvesfouquet.com\/fr\/wp-json\/wp\/v2\/product\/18226\/revisions"}],"predecessor-version":[{"id":20633,"href":"https:\/\/yvesfouquet.com\/fr\/wp-json\/wp\/v2\/product\/18226\/revisions\/20633"}],"wp:featuredmedia":[{"embeddable":true,"href":"https:\/\/yvesfouquet.com\/fr\/wp-json\/wp\/v2\/media\/20739"}],"wp:attachment":[{"href":"https:\/\/yvesfouquet.com\/fr\/wp-json\/wp\/v2\/media?parent=18226"}],"wp:term":[{"taxonomy":"product_cat","embeddable":true,"href":"https:\/\/yvesfouquet.com\/fr\/wp-json\/wp\/v2\/product_cat?post=18226"},{"taxonomy":"product_tag","embeddable":true,"href":"https:\/\/yvesfouquet.com\/fr\/wp-json\/wp\/v2\/product_tag?post=18226"}],"curies":[{"name":"wp","href":"https:\/\/api.w.org\/{rel}","templated":true}]}}