{"id":18230,"date":"2022-02-01T00:18:31","date_gmt":"2022-04-28T18:48:15","guid":{"rendered":"https:\/\/yvesfouquet.com\/product\/panneaux-en-bois\/"},"modified":"2022-04-28T21:48:15","modified_gmt":"2022-04-28T18:48:15","slug":"derevyannye-paneli-2-2","status":"publish","type":"product","link":"https:\/\/yvesfouquet.com\/fr\/produit\/derevyannye-paneli-2-2\/","title":{"rendered":"Panneaux en bois"},"content":{"rendered":"<p>Pour cr\u00e9er une atmosph\u00e8re unique dans l\u2019ancien style Fran\u00e7ais aidera les panneaux de bois avec un design d\u2019auteur lumineux. Le d\u00e9cor unique fait \u00e0 la main des ma\u00eetres de l\u2019usine de meubles Yves Fouquet transformera vos int\u00e9rieurs d\u2019une mani\u00e8re \u00e9tonnante.<\/p>\n<p>Les panneaux de bois sont un bel \u00e9l\u00e9ment de l\u2019int\u00e9rieur avec une longue histoire. Le bois naturel pour l\u2019am\u00e9lioration de l\u2019espace interne des habitations \u00e9tait utilis\u00e9 \u00e0 l\u2019\u00e9poque de l\u2019\u00c9gypte ancienne. Mais le v\u00e9ritable pic de popularit\u00e9 des panneaux de bois tombe sur la Renaissance. Puis un d\u00e9cor sculpt\u00e9 luxueux de vari\u00e9t\u00e9s de bois d\u2019\u00e9lite ornait les palais et ch\u00e2teaux de l\u2019aristocratie dans toute la France.<\/p>\n<p>Ici, vous pouvez commander des panneaux exclusifs parmi une gamme de cerises de tout niveau de complexit\u00e9. Dans notre travail, nous n\u2019utilisons que du bois naturel de haute qualit\u00e9 sans MDF ni placage. Nous cr\u00e9ons des panneaux de bois exclusifs avec des panneaux d\u00e9coratifs, des sculptures \u00e0 la main en filigrane et des finitions color\u00e9es sous l\u2019antiquit\u00e9.<\/p>\n<p>Nous fabriquons \u00e9galement des colonnes en bois, des arches, des escaliers et des armoires sur commande en fonction des dimensions individuelles du client. Notre d\u00e9cor en bois mettra parfaitement en valeur votre environnement de design, cr\u00e9era une atmosph\u00e8re unique, deviendra un fond harmonieux pour les meubles et les accessoires.<\/p>\n","protected":false},"excerpt":{"rendered":"<p>Taille: sur demande<\/p>\n<p>Mat\u00e9riel: Solid Wild Cherry<\/p>\n<p>Fil: fait \u00e0 la main<\/p>\n","protected":false},"featured_media":16924,"template":"","meta":[],"product_cat":[186],"product_tag":[],"yoast_head":"<!-- This site is optimized with the Yoast SEO Premium plugin v20.7 (Yoast SEO v20.8) - https:\/\/yoast.com\/wordpress\/plugins\/seo\/ -->\n<title>Panneaux de bois sur le mur dans l\u2019ancien style pour commander - Yves Fouquet<\/title>\n<meta name=\"description\" content=\"Acheter des panneaux muraux en bois naturel Ukraine. Finition des murs sous l\u2019ancien style Fran\u00e7ais. Exclusif fait \u00e0 la main, design d\u2019auteur, sculpture sur bois. Produit par Yves Fouquet\" \/>\n<meta name=\"robots\" content=\"index, follow, max-snippet:-1, max-image-preview:large, max-video-preview:-1\" \/>\n<link rel=\"canonical\" href=\"https:\/\/yvesfouquet.com\/fr\/produit\/derevyannye-paneli-2-2\/\" \/>\n<meta property=\"og:locale\" content=\"fr_FR\" \/>\n<meta property=\"og:type\" content=\"article\" \/>\n<meta property=\"og:title\" content=\"Panneaux en bois\" \/>\n<meta property=\"og:description\" content=\"Acheter des panneaux muraux en bois naturel Ukraine. Finition des murs sous l\u2019ancien style Fran\u00e7ais. Exclusif fait \u00e0 la main, design d\u2019auteur, sculpture sur bois. Produit par Yves Fouquet\" \/>\n<meta property=\"og:url\" content=\"https:\/\/yvesfouquet.com\/fr\/produit\/derevyannye-paneli-2-2\/\" \/>\n<meta property=\"og:site_name\" content=\"Yves Fouquet\" \/>\n<meta property=\"article:publisher\" content=\"https:\/\/www.facebook.com\/boutiueyvesfouquet\" \/>\n<meta property=\"og:image\" content=\"https:\/\/yvesfouquet.com\/wp-content\/uploads\/2020\/10\/bb155-3200-x-2600-x-450-6-scaled-1.jpg\" \/>\n\t<meta property=\"og:image:width\" content=\"2560\" \/>\n\t<meta property=\"og:image:height\" content=\"1707\" \/>\n\t<meta property=\"og:image:type\" content=\"image\/jpeg\" \/>\n<meta name=\"twitter:card\" content=\"summary_large_image\" \/>\n<meta name=\"twitter:label1\" content=\"Prix\" \/>\n\t<meta name=\"twitter:data1\" content=\"\" \/>\n\t<meta name=\"twitter:label2\" content=\"Disponibilit\u00e9\" \/>\n\t<meta name=\"twitter:data2\" content=\"En stock\" \/>\n<script type=\"application\/ld+json\" class=\"yoast-schema-graph\">{\"@context\":\"https:\/\/schema.org\",\"@graph\":[{\"@type\":[\"WebPage\",\"ItemPage\"],\"@id\":\"https:\/\/yvesfouquet.com\/fr\/produit\/derevyannye-paneli-2-2\/\",\"url\":\"https:\/\/yvesfouquet.com\/fr\/produit\/derevyannye-paneli-2-2\/\",\"name\":\"Panneaux de bois sur le mur dans l\u2019ancien style pour commander - Yves Fouquet\",\"isPartOf\":{\"@id\":\"https:\/\/yvesfouquet.com\/#website\"},\"datePublished\":\"2022-04-28T18:48:15+00:00\",\"dateModified\":\"2022-04-28T18:48:15+00:00\",\"description\":\"Acheter des panneaux muraux en bois naturel Ukraine. Finition des murs sous l\u2019ancien style Fran\u00e7ais. Exclusif fait \u00e0 la main, design d\u2019auteur, sculpture sur bois. Produit par Yves Fouquet\",\"breadcrumb\":{\"@id\":\"https:\/\/yvesfouquet.com\/fr\/produit\/derevyannye-paneli-2-2\/#breadcrumb\"},\"inLanguage\":\"fr-FR\",\"potentialAction\":[{\"@type\":\"ReadAction\",\"target\":[\"https:\/\/yvesfouquet.com\/fr\/produit\/derevyannye-paneli-2-2\/\"]}]},{\"@type\":\"BreadcrumbList\",\"@id\":\"https:\/\/yvesfouquet.com\/fr\/produit\/derevyannye-paneli-2-2\/#breadcrumb\",\"itemListElement\":[{\"@type\":\"ListItem\",\"position\":1,\"name\":\"\u0413\u043b\u0430\u0432\u043d\u0430\u044f\",\"item\":\"https:\/\/yvesfouquet.com\/fr\/\"},{\"@type\":\"ListItem\",\"position\":2,\"name\":\"Collections\",\"item\":\"https:\/\/yvesfouquet.com\/fr\/collections\/\"},{\"@type\":\"ListItem\",\"position\":3,\"name\":\"Panneaux en bois\"}]},{\"@type\":\"WebSite\",\"@id\":\"https:\/\/yvesfouquet.com\/#website\",\"url\":\"https:\/\/yvesfouquet.com\/\",\"name\":\"Yves Fouquet\",\"description\":\"\u0424\u0440\u0430\u043d\u0446\u0443\u0437\u0441\u043a\u0430\u044f \u043c\u0435\u0431\u0435\u043b\u044c\",\"potentialAction\":[{\"@type\":\"SearchAction\",\"target\":{\"@type\":\"EntryPoint\",\"urlTemplate\":\"https:\/\/yvesfouquet.com\/?s={search_term_string}\"},\"query-input\":\"required name=search_term_string\"}],\"inLanguage\":\"fr-FR\"}]}<\/script>\n<meta property=\"product:price:amount\" content=\"0\" \/>\n<meta property=\"product:price:currency\" content=\"EUR\" \/>\n<meta property=\"og:availability\" content=\"instock\" \/>\n<meta property=\"product:availability\" content=\"instock\" \/>\n<meta property=\"product:condition\" content=\"new\" \/>\n<!-- \/ Yoast SEO Premium plugin. -->","yoast_head_json":{"title":"Panneaux de bois sur le mur dans l\u2019ancien style pour commander - Yves Fouquet","description":"Acheter des panneaux muraux en bois naturel Ukraine. Finition des murs sous l\u2019ancien style Fran\u00e7ais. Exclusif fait \u00e0 la main, design d\u2019auteur, sculpture sur bois. Produit par Yves Fouquet","robots":{"index":"index","follow":"follow","max-snippet":"max-snippet:-1","max-image-preview":"max-image-preview:large","max-video-preview":"max-video-preview:-1"},"canonical":"https:\/\/yvesfouquet.com\/fr\/produit\/derevyannye-paneli-2-2\/","og_locale":"fr_FR","og_type":"article","og_title":"Panneaux en bois","og_description":"Acheter des panneaux muraux en bois naturel Ukraine. Finition des murs sous l\u2019ancien style Fran\u00e7ais. Exclusif fait \u00e0 la main, design d\u2019auteur, sculpture sur bois. Produit par Yves Fouquet","og_url":"https:\/\/yvesfouquet.com\/fr\/produit\/derevyannye-paneli-2-2\/","og_site_name":"Yves Fouquet","article_publisher":"https:\/\/www.facebook.com\/boutiueyvesfouquet","og_image":[{"width":2560,"height":1707,"url":"https:\/\/yvesfouquet.com\/wp-content\/uploads\/2020\/10\/bb155-3200-x-2600-x-450-6-scaled-1.jpg","type":"image\/jpeg"}],"twitter_card":"summary_large_image","twitter_misc":{"Prix":"","Disponibilit\u00e9":"En stock"},"schema":{"@context":"https:\/\/schema.org","@graph":[{"@type":["WebPage","ItemPage"],"@id":"https:\/\/yvesfouquet.com\/fr\/produit\/derevyannye-paneli-2-2\/","url":"https:\/\/yvesfouquet.com\/fr\/produit\/derevyannye-paneli-2-2\/","name":"Panneaux de bois sur le mur dans l\u2019ancien style pour commander - Yves Fouquet","isPartOf":{"@id":"https:\/\/yvesfouquet.com\/#website"},"datePublished":"2022-04-28T18:48:15+00:00","dateModified":"2022-04-28T18:48:15+00:00","description":"Acheter des panneaux muraux en bois naturel Ukraine. Finition des murs sous l\u2019ancien style Fran\u00e7ais. Exclusif fait \u00e0 la main, design d\u2019auteur, sculpture sur bois. Produit par Yves Fouquet","breadcrumb":{"@id":"https:\/\/yvesfouquet.com\/fr\/produit\/derevyannye-paneli-2-2\/#breadcrumb"},"inLanguage":"fr-FR","potentialAction":[{"@type":"ReadAction","target":["https:\/\/yvesfouquet.com\/fr\/produit\/derevyannye-paneli-2-2\/"]}]},{"@type":"BreadcrumbList","@id":"https:\/\/yvesfouquet.com\/fr\/produit\/derevyannye-paneli-2-2\/#breadcrumb","itemListElement":[{"@type":"ListItem","position":1,"name":"\u0413\u043b\u0430\u0432\u043d\u0430\u044f","item":"https:\/\/yvesfouquet.com\/fr\/"},{"@type":"ListItem","position":2,"name":"Collections","item":"https:\/\/yvesfouquet.com\/fr\/collections\/"},{"@type":"ListItem","position":3,"name":"Panneaux en bois"}]},{"@type":"WebSite","@id":"https:\/\/yvesfouquet.com\/#website","url":"https:\/\/yvesfouquet.com\/","name":"Yves Fouquet","description":"\u0424\u0440\u0430\u043d\u0446\u0443\u0437\u0441\u043a\u0430\u044f \u043c\u0435\u0431\u0435\u043b\u044c","potentialAction":[{"@type":"SearchAction","target":{"@type":"EntryPoint","urlTemplate":"https:\/\/yvesfouquet.com\/?s={search_term_string}"},"query-input":"required name=search_term_string"}],"inLanguage":"fr-FR"}]},"product_price_currency":"EUR","og_availability":"instock","product_availability":"instock","product_condition":"new"},"_links":{"self":[{"href":"https:\/\/yvesfouquet.com\/fr\/wp-json\/wp\/v2\/product\/18230"}],"collection":[{"href":"https:\/\/yvesfouquet.com\/fr\/wp-json\/wp\/v2\/product"}],"about":[{"href":"https:\/\/yvesfouquet.com\/fr\/wp-json\/wp\/v2\/types\/product"}],"version-history":[{"count":0,"href":"https:\/\/yvesfouquet.com\/fr\/wp-json\/wp\/v2\/product\/18230\/revisions"}],"wp:featuredmedia":[{"embeddable":true,"href":"https:\/\/yvesfouquet.com\/fr\/wp-json\/wp\/v2\/media\/16924"}],"wp:attachment":[{"href":"https:\/\/yvesfouquet.com\/fr\/wp-json\/wp\/v2\/media?parent=18230"}],"wp:term":[{"taxonomy":"product_cat","embeddable":true,"href":"https:\/\/yvesfouquet.com\/fr\/wp-json\/wp\/v2\/product_cat?post=18230"},{"taxonomy":"product_tag","embeddable":true,"href":"https:\/\/yvesfouquet.com\/fr\/wp-json\/wp\/v2\/product_tag?post=18230"}],"curies":[{"name":"wp","href":"https:\/\/api.w.org\/{rel}","templated":true}]}}