{"id":18231,"date":"2020-10-26T21:09:03","date_gmt":"2022-04-28T18:48:16","guid":{"rendered":"https:\/\/yvesfouquet.com\/product\/table-basse-tb071\/"},"modified":"2022-04-28T21:48:16","modified_gmt":"2022-04-28T18:48:16","slug":"zhurnalnyj-stol-tb071-2","status":"publish","type":"product","link":"https:\/\/yvesfouquet.com\/fr\/produit\/zhurnalnyj-stol-tb071-2\/","title":{"rendered":"Table basse TB071"},"content":{"rendered":"<p>Une v\u00e9ritable \u0153uvre d\u2019art mobilier ressemble \u00e0 une table basse Toscane antique en bois massif. Le chef-d\u2019\u0153uvre du design d\u2019int\u00e9rieur dans le style de l\u2019ancien Fran\u00e7ais incarnait le go\u00fbt magnifique, l\u2019exp\u00e9rience et l\u2019incroyable talent des ma\u00eetres ukrainiens de l\u2019usine de meubles Yves Fouquet.<\/p>\n<p>Litt\u00e9ralement, chaque d\u00e9tail de la table vintage unique est admirable. Son point culminant principal est un d\u00e9cor luxueux en forme de mosa\u00efque. Dans celui-ci, le motif de parquet traditionnel pour les meubles anciens est miraculeusement combin\u00e9 avec des inserts en marbre \u00e9l\u00e9gants au centre et dans les coins.<\/p>\n<p>Les c\u00f4t\u00e9s de la table en bois sont \u00e9galement exceptionnellement faits. Dans la partie centrale de chaque c\u00f4t\u00e9, il y a des tiroirs avec de petites poign\u00e9es \u00e9l\u00e9gantes. Sur les c\u00f4t\u00e9s d\u2019eux, il y a un rainurage fait \u00e0 la main. S\u2019\u00e9coulant doucement dans de petites jambes tordues, les courbes de la partie inf\u00e9rieure sont \u00e9galement d\u00e9cor\u00e9es de sculptures \u00e0 la main.<\/p>\n<p>Dans la d\u00e9coration d\u2019une table vernie en bois naturel, la technique d\u2019assombrissement et de vieillissement est magistralement utilis\u00e9e. Ce traitement exclusif lui donne plus de style et de charme vintage.<\/p>\n<p>\u00c0 la demande du client, la table peut \u00eatre modifi\u00e9e. Le marbre sur le comptoir peut \u00eatre remplac\u00e9 par des inserts en noyer ou enlev\u00e9, ne laissant que le motif de parquet.<\/p>\n","protected":false},"excerpt":{"rendered":"<p>Largeur: 1400<\/p>\n<p>Hauteur: 410<\/p>\n<p>Profondeur: 920<\/p>\n<p>&amp;nbsp<\/p>\n","protected":false},"featured_media":20819,"template":"","meta":[],"product_cat":[170],"product_tag":[],"yoast_head":"<!-- This site is optimized with the Yoast SEO Premium plugin v20.7 (Yoast SEO v20.8) - https:\/\/yoast.com\/wordpress\/plugins\/seo\/ -->\n<title>Table basse luxueuse avec comptoir en mosa\u00efque et tiroirs - Yves Fouquet<\/title>\n<meta name=\"description\" content=\"Une table en bois unique dans le style Fran\u00e7ais ancien d\u00e9corera votre salon. Meubles vintage faits \u00e0 la main sur commande en Ukraine \u00e0 l\u2019usine Yves Fouquet\" \/>\n<meta name=\"robots\" content=\"index, follow, max-snippet:-1, max-image-preview:large, max-video-preview:-1\" \/>\n<link rel=\"canonical\" href=\"https:\/\/yvesfouquet.com\/fr\/produit\/zhurnalnyj-stol-tb071-2\/\" \/>\n<meta property=\"og:locale\" content=\"fr_FR\" \/>\n<meta property=\"og:type\" content=\"article\" \/>\n<meta property=\"og:title\" content=\"Table basse TB071\" \/>\n<meta property=\"og:description\" content=\"Une table en bois unique dans le style Fran\u00e7ais ancien d\u00e9corera votre salon. Meubles vintage faits \u00e0 la main sur commande en Ukraine \u00e0 l\u2019usine Yves Fouquet\" \/>\n<meta property=\"og:url\" content=\"https:\/\/yvesfouquet.com\/fr\/produit\/zhurnalnyj-stol-tb071-2\/\" \/>\n<meta property=\"og:site_name\" content=\"Yves Fouquet\" \/>\n<meta property=\"article:publisher\" content=\"https:\/\/www.facebook.com\/boutiueyvesfouquet\" \/>\n<meta property=\"og:image\" content=\"https:\/\/yvesfouquet.com\/wp-content\/uploads\/2020\/10\/TB071.jpg\" \/>\n\t<meta property=\"og:image:width\" content=\"1479\" \/>\n\t<meta property=\"og:image:height\" content=\"1726\" \/>\n\t<meta property=\"og:image:type\" content=\"image\/jpeg\" \/>\n<meta name=\"twitter:card\" content=\"summary_large_image\" \/>\n<meta name=\"twitter:label1\" content=\"Prix\" \/>\n\t<meta name=\"twitter:data1\" content=\"\" \/>\n\t<meta name=\"twitter:label2\" content=\"Disponibilit\u00e9\" \/>\n\t<meta name=\"twitter:data2\" content=\"En stock\" \/>\n<script type=\"application\/ld+json\" class=\"yoast-schema-graph\">{\"@context\":\"https:\/\/schema.org\",\"@graph\":[{\"@type\":[\"WebPage\",\"ItemPage\"],\"@id\":\"https:\/\/yvesfouquet.com\/fr\/produit\/zhurnalnyj-stol-tb071-2\/\",\"url\":\"https:\/\/yvesfouquet.com\/fr\/produit\/zhurnalnyj-stol-tb071-2\/\",\"name\":\"Table basse luxueuse avec comptoir en mosa\u00efque et tiroirs - Yves Fouquet\",\"isPartOf\":{\"@id\":\"https:\/\/yvesfouquet.com\/#website\"},\"datePublished\":\"2022-04-28T18:48:16+00:00\",\"dateModified\":\"2022-04-28T18:48:16+00:00\",\"description\":\"Une table en bois unique dans le style Fran\u00e7ais ancien d\u00e9corera votre salon. Meubles vintage faits \u00e0 la main sur commande en Ukraine \u00e0 l\u2019usine Yves Fouquet\",\"breadcrumb\":{\"@id\":\"https:\/\/yvesfouquet.com\/fr\/produit\/zhurnalnyj-stol-tb071-2\/#breadcrumb\"},\"inLanguage\":\"fr-FR\",\"potentialAction\":[{\"@type\":\"ReadAction\",\"target\":[\"https:\/\/yvesfouquet.com\/fr\/produit\/zhurnalnyj-stol-tb071-2\/\"]}]},{\"@type\":\"BreadcrumbList\",\"@id\":\"https:\/\/yvesfouquet.com\/fr\/produit\/zhurnalnyj-stol-tb071-2\/#breadcrumb\",\"itemListElement\":[{\"@type\":\"ListItem\",\"position\":1,\"name\":\"\u0413\u043b\u0430\u0432\u043d\u0430\u044f\",\"item\":\"https:\/\/yvesfouquet.com\/fr\/\"},{\"@type\":\"ListItem\",\"position\":2,\"name\":\"Collections\",\"item\":\"https:\/\/yvesfouquet.com\/fr\/collections\/\"},{\"@type\":\"ListItem\",\"position\":3,\"name\":\"Table basse TB071\"}]},{\"@type\":\"WebSite\",\"@id\":\"https:\/\/yvesfouquet.com\/#website\",\"url\":\"https:\/\/yvesfouquet.com\/\",\"name\":\"Yves Fouquet\",\"description\":\"\u0424\u0440\u0430\u043d\u0446\u0443\u0437\u0441\u043a\u0430\u044f \u043c\u0435\u0431\u0435\u043b\u044c\",\"potentialAction\":[{\"@type\":\"SearchAction\",\"target\":{\"@type\":\"EntryPoint\",\"urlTemplate\":\"https:\/\/yvesfouquet.com\/?s={search_term_string}\"},\"query-input\":\"required name=search_term_string\"}],\"inLanguage\":\"fr-FR\"}]}<\/script>\n<meta property=\"product:price:amount\" content=\"0\" \/>\n<meta property=\"product:price:currency\" content=\"EUR\" \/>\n<meta property=\"og:availability\" content=\"instock\" \/>\n<meta property=\"product:availability\" content=\"instock\" \/>\n<meta property=\"product:retailer_item_id\" content=\"TB071\" \/>\n<meta property=\"product:condition\" content=\"new\" \/>\n<!-- \/ Yoast SEO Premium plugin. -->","yoast_head_json":{"title":"Table basse luxueuse avec comptoir en mosa\u00efque et tiroirs - Yves Fouquet","description":"Une table en bois unique dans le style Fran\u00e7ais ancien d\u00e9corera votre salon. Meubles vintage faits \u00e0 la main sur commande en Ukraine \u00e0 l\u2019usine Yves Fouquet","robots":{"index":"index","follow":"follow","max-snippet":"max-snippet:-1","max-image-preview":"max-image-preview:large","max-video-preview":"max-video-preview:-1"},"canonical":"https:\/\/yvesfouquet.com\/fr\/produit\/zhurnalnyj-stol-tb071-2\/","og_locale":"fr_FR","og_type":"article","og_title":"Table basse TB071","og_description":"Une table en bois unique dans le style Fran\u00e7ais ancien d\u00e9corera votre salon. Meubles vintage faits \u00e0 la main sur commande en Ukraine \u00e0 l\u2019usine Yves Fouquet","og_url":"https:\/\/yvesfouquet.com\/fr\/produit\/zhurnalnyj-stol-tb071-2\/","og_site_name":"Yves Fouquet","article_publisher":"https:\/\/www.facebook.com\/boutiueyvesfouquet","og_image":[{"width":1479,"height":1726,"url":"https:\/\/yvesfouquet.com\/wp-content\/uploads\/2020\/10\/TB071.jpg","type":"image\/jpeg"}],"twitter_card":"summary_large_image","twitter_misc":{"Prix":"","Disponibilit\u00e9":"En stock"},"schema":{"@context":"https:\/\/schema.org","@graph":[{"@type":["WebPage","ItemPage"],"@id":"https:\/\/yvesfouquet.com\/fr\/produit\/zhurnalnyj-stol-tb071-2\/","url":"https:\/\/yvesfouquet.com\/fr\/produit\/zhurnalnyj-stol-tb071-2\/","name":"Table basse luxueuse avec comptoir en mosa\u00efque et tiroirs - Yves Fouquet","isPartOf":{"@id":"https:\/\/yvesfouquet.com\/#website"},"datePublished":"2022-04-28T18:48:16+00:00","dateModified":"2022-04-28T18:48:16+00:00","description":"Une table en bois unique dans le style Fran\u00e7ais ancien d\u00e9corera votre salon. Meubles vintage faits \u00e0 la main sur commande en Ukraine \u00e0 l\u2019usine Yves Fouquet","breadcrumb":{"@id":"https:\/\/yvesfouquet.com\/fr\/produit\/zhurnalnyj-stol-tb071-2\/#breadcrumb"},"inLanguage":"fr-FR","potentialAction":[{"@type":"ReadAction","target":["https:\/\/yvesfouquet.com\/fr\/produit\/zhurnalnyj-stol-tb071-2\/"]}]},{"@type":"BreadcrumbList","@id":"https:\/\/yvesfouquet.com\/fr\/produit\/zhurnalnyj-stol-tb071-2\/#breadcrumb","itemListElement":[{"@type":"ListItem","position":1,"name":"\u0413\u043b\u0430\u0432\u043d\u0430\u044f","item":"https:\/\/yvesfouquet.com\/fr\/"},{"@type":"ListItem","position":2,"name":"Collections","item":"https:\/\/yvesfouquet.com\/fr\/collections\/"},{"@type":"ListItem","position":3,"name":"Table basse TB071"}]},{"@type":"WebSite","@id":"https:\/\/yvesfouquet.com\/#website","url":"https:\/\/yvesfouquet.com\/","name":"Yves Fouquet","description":"\u0424\u0440\u0430\u043d\u0446\u0443\u0437\u0441\u043a\u0430\u044f \u043c\u0435\u0431\u0435\u043b\u044c","potentialAction":[{"@type":"SearchAction","target":{"@type":"EntryPoint","urlTemplate":"https:\/\/yvesfouquet.com\/?s={search_term_string}"},"query-input":"required name=search_term_string"}],"inLanguage":"fr-FR"}]},"product_price_currency":"EUR","og_availability":"instock","product_availability":"instock","product_retailer_item_id":"TB071","product_condition":"new"},"_links":{"self":[{"href":"https:\/\/yvesfouquet.com\/fr\/wp-json\/wp\/v2\/product\/18231"}],"collection":[{"href":"https:\/\/yvesfouquet.com\/fr\/wp-json\/wp\/v2\/product"}],"about":[{"href":"https:\/\/yvesfouquet.com\/fr\/wp-json\/wp\/v2\/types\/product"}],"version-history":[{"count":0,"href":"https:\/\/yvesfouquet.com\/fr\/wp-json\/wp\/v2\/product\/18231\/revisions"}],"wp:featuredmedia":[{"embeddable":true,"href":"https:\/\/yvesfouquet.com\/fr\/wp-json\/wp\/v2\/media\/20819"}],"wp:attachment":[{"href":"https:\/\/yvesfouquet.com\/fr\/wp-json\/wp\/v2\/media?parent=18231"}],"wp:term":[{"taxonomy":"product_cat","embeddable":true,"href":"https:\/\/yvesfouquet.com\/fr\/wp-json\/wp\/v2\/product_cat?post=18231"},{"taxonomy":"product_tag","embeddable":true,"href":"https:\/\/yvesfouquet.com\/fr\/wp-json\/wp\/v2\/product_tag?post=18231"}],"curies":[{"name":"wp","href":"https:\/\/api.w.org\/{rel}","templated":true}]}}