{"id":18239,"date":"2020-10-26T21:08:30","date_gmt":"2022-04-28T18:52:48","guid":{"rendered":"https:\/\/yvesfouquet.com\/product\/table-basse-louis-xv-tb070\/"},"modified":"2022-04-28T21:52:48","modified_gmt":"2022-04-28T18:52:48","slug":"stol-zhurnalnyj-louis-xv-tb070-2","status":"publish","type":"product","link":"https:\/\/yvesfouquet.com\/fr\/produit\/stol-zhurnalnyj-louis-xv-tb070-2\/","title":{"rendered":"Table basse Louis XV TB070"},"content":{"rendered":"<p>Une magnifique table basse en bois naturel laqu\u00e9 dans le style Louis XV apportera un confort et une chaleur particuliers \u00e0 l\u2019atmosph\u00e8re de votre appartement. Il s\u2019int\u00e9grera parfaitement dans le design du salon, de la biblioth\u00e8que ou du bureau. Une belle et en m\u00eame temps tr\u00e8s pratique table basse deviendra un d\u00e9tail lumineux et une partie int\u00e9grante de l\u2019int\u00e9rieur.<\/p>\n<p>Les lignes flexibles des flancs sculpt\u00e9s sont soulign\u00e9es par une fine bordure et s\u2019\u00e9coulent doucement dans les courbes gracieuses des jambes basses. Contrastant avec eux, les looks sont faits dans une forme g\u00e9om\u00e9trique claire du comptoir carr\u00e9 avec un motif de parquet.<\/p>\n<p>Un charme particulier de la table design dans le style old Fran\u00e7ais est donn\u00e9 par le motif naturel des fibres de bois naturelles. Le bel effet de l\u2019antiquit\u00e9 est obtenu par de petites \u00e9raflures et une imitation tr\u00e8s l\u00e9g\u00e8re de traces de barbecue. Tout cela rend la table int\u00e9rieure non seulement \u00e9l\u00e9gante, mais chaleureuse, confortable et tr\u00e8s vivante.<\/p>\n<p>Une table basse peut \u00eatre faite pour votre commande personnelle. Il est possible de changer le motif du comptoir, de peindre dans une couleur appropri\u00e9e, d\u2019ajouter un motif sculpt\u00e9 \u00e0 la main. Cr\u00e9\u00e9s par les mains talentueuses des ma\u00eetres ukrainiens de l\u2019usine Yves Fouquet, les meubles deviendront votre fiert\u00e9 et votre d\u00e9coration int\u00e9rieure exclusive.<\/p>\n","protected":false},"excerpt":{"rendered":"<p><strong>Dimensions:<\/strong> L1180 x H370 x P1180<\/p>\n<p><strong>Couleur:<\/strong> Patine naturelle, Or<\/p>\n","protected":false},"featured_media":16696,"template":"","meta":[],"product_cat":[170],"product_tag":[],"yoast_head":"<!-- This site is optimized with the Yoast SEO Premium plugin v20.7 (Yoast SEO v20.8) - https:\/\/yoast.com\/wordpress\/plugins\/seo\/ -->\n<title>Table basse en bois massif dans le style de Louis XV - Yves Fouquet<\/title>\n<meta name=\"description\" content=\"Mobilier design exclusif \u00e0 commander \u00e0 l\u2019usine Yves Fouquet en Ukraine. Tables en bois pour int\u00e9rieur antique dans le style de la France royale\" \/>\n<meta name=\"robots\" content=\"index, follow, max-snippet:-1, max-image-preview:large, max-video-preview:-1\" \/>\n<link rel=\"canonical\" href=\"https:\/\/yvesfouquet.com\/fr\/produit\/stol-zhurnalnyj-louis-xv-tb070-2\/\" \/>\n<meta property=\"og:locale\" content=\"fr_FR\" \/>\n<meta property=\"og:type\" content=\"article\" \/>\n<meta property=\"og:title\" content=\"Table basse Louis XV TB070\" \/>\n<meta property=\"og:description\" content=\"Mobilier design exclusif \u00e0 commander \u00e0 l\u2019usine Yves Fouquet en Ukraine. Tables en bois pour int\u00e9rieur antique dans le style de la France royale\" \/>\n<meta property=\"og:url\" content=\"https:\/\/yvesfouquet.com\/fr\/produit\/stol-zhurnalnyj-louis-xv-tb070-2\/\" \/>\n<meta property=\"og:site_name\" content=\"Yves Fouquet\" \/>\n<meta property=\"article:publisher\" content=\"https:\/\/www.facebook.com\/boutiueyvesfouquet\" \/>\n<meta property=\"og:image\" content=\"https:\/\/yvesfouquet.com\/wp-content\/uploads\/2020\/10\/ew238.jpg\" \/>\n\t<meta property=\"og:image:width\" content=\"1280\" \/>\n\t<meta property=\"og:image:height\" content=\"1273\" \/>\n\t<meta property=\"og:image:type\" content=\"image\/jpeg\" \/>\n<meta name=\"twitter:card\" content=\"summary_large_image\" \/>\n<meta name=\"twitter:label1\" content=\"Prix\" \/>\n\t<meta name=\"twitter:data1\" content=\"\" \/>\n\t<meta name=\"twitter:label2\" content=\"Disponibilit\u00e9\" \/>\n\t<meta name=\"twitter:data2\" content=\"En r\u00e9assort\" \/>\n<script type=\"application\/ld+json\" class=\"yoast-schema-graph\">{\"@context\":\"https:\/\/schema.org\",\"@graph\":[{\"@type\":[\"WebPage\",\"ItemPage\"],\"@id\":\"https:\/\/yvesfouquet.com\/fr\/produit\/stol-zhurnalnyj-louis-xv-tb070-2\/\",\"url\":\"https:\/\/yvesfouquet.com\/fr\/produit\/stol-zhurnalnyj-louis-xv-tb070-2\/\",\"name\":\"Table basse en bois massif dans le style de Louis XV - Yves Fouquet\",\"isPartOf\":{\"@id\":\"https:\/\/yvesfouquet.com\/#website\"},\"datePublished\":\"2022-04-28T18:52:48+00:00\",\"dateModified\":\"2022-04-28T18:52:48+00:00\",\"description\":\"Mobilier design exclusif \u00e0 commander \u00e0 l\u2019usine Yves Fouquet en Ukraine. Tables en bois pour int\u00e9rieur antique dans le style de la France royale\",\"breadcrumb\":{\"@id\":\"https:\/\/yvesfouquet.com\/fr\/produit\/stol-zhurnalnyj-louis-xv-tb070-2\/#breadcrumb\"},\"inLanguage\":\"fr-FR\",\"potentialAction\":[{\"@type\":\"ReadAction\",\"target\":[\"https:\/\/yvesfouquet.com\/fr\/produit\/stol-zhurnalnyj-louis-xv-tb070-2\/\"]}]},{\"@type\":\"BreadcrumbList\",\"@id\":\"https:\/\/yvesfouquet.com\/fr\/produit\/stol-zhurnalnyj-louis-xv-tb070-2\/#breadcrumb\",\"itemListElement\":[{\"@type\":\"ListItem\",\"position\":1,\"name\":\"\u0413\u043b\u0430\u0432\u043d\u0430\u044f\",\"item\":\"https:\/\/yvesfouquet.com\/fr\/\"},{\"@type\":\"ListItem\",\"position\":2,\"name\":\"Collections\",\"item\":\"https:\/\/yvesfouquet.com\/fr\/collections\/\"},{\"@type\":\"ListItem\",\"position\":3,\"name\":\"Table basse Louis XV TB070\"}]},{\"@type\":\"WebSite\",\"@id\":\"https:\/\/yvesfouquet.com\/#website\",\"url\":\"https:\/\/yvesfouquet.com\/\",\"name\":\"Yves Fouquet\",\"description\":\"\u0424\u0440\u0430\u043d\u0446\u0443\u0437\u0441\u043a\u0430\u044f \u043c\u0435\u0431\u0435\u043b\u044c\",\"potentialAction\":[{\"@type\":\"SearchAction\",\"target\":{\"@type\":\"EntryPoint\",\"urlTemplate\":\"https:\/\/yvesfouquet.com\/?s={search_term_string}\"},\"query-input\":\"required name=search_term_string\"}],\"inLanguage\":\"fr-FR\"}]}<\/script>\n<meta property=\"product:price:amount\" content=\"0\" \/>\n<meta property=\"product:price:currency\" content=\"EUR\" \/>\n<meta property=\"og:availability\" content=\"backorder\" \/>\n<meta property=\"product:availability\" content=\"available for order\" \/>\n<meta property=\"product:retailer_item_id\" content=\"TB070\" \/>\n<meta property=\"product:condition\" content=\"new\" \/>\n<!-- \/ Yoast SEO Premium plugin. -->","yoast_head_json":{"title":"Table basse en bois massif dans le style de Louis XV - Yves Fouquet","description":"Mobilier design exclusif \u00e0 commander \u00e0 l\u2019usine Yves Fouquet en Ukraine. Tables en bois pour int\u00e9rieur antique dans le style de la France royale","robots":{"index":"index","follow":"follow","max-snippet":"max-snippet:-1","max-image-preview":"max-image-preview:large","max-video-preview":"max-video-preview:-1"},"canonical":"https:\/\/yvesfouquet.com\/fr\/produit\/stol-zhurnalnyj-louis-xv-tb070-2\/","og_locale":"fr_FR","og_type":"article","og_title":"Table basse Louis XV TB070","og_description":"Mobilier design exclusif \u00e0 commander \u00e0 l\u2019usine Yves Fouquet en Ukraine. Tables en bois pour int\u00e9rieur antique dans le style de la France royale","og_url":"https:\/\/yvesfouquet.com\/fr\/produit\/stol-zhurnalnyj-louis-xv-tb070-2\/","og_site_name":"Yves Fouquet","article_publisher":"https:\/\/www.facebook.com\/boutiueyvesfouquet","og_image":[{"width":1280,"height":1273,"url":"https:\/\/yvesfouquet.com\/wp-content\/uploads\/2020\/10\/ew238.jpg","type":"image\/jpeg"}],"twitter_card":"summary_large_image","twitter_misc":{"Prix":"","Disponibilit\u00e9":"En r\u00e9assort"},"schema":{"@context":"https:\/\/schema.org","@graph":[{"@type":["WebPage","ItemPage"],"@id":"https:\/\/yvesfouquet.com\/fr\/produit\/stol-zhurnalnyj-louis-xv-tb070-2\/","url":"https:\/\/yvesfouquet.com\/fr\/produit\/stol-zhurnalnyj-louis-xv-tb070-2\/","name":"Table basse en bois massif dans le style de Louis XV - Yves Fouquet","isPartOf":{"@id":"https:\/\/yvesfouquet.com\/#website"},"datePublished":"2022-04-28T18:52:48+00:00","dateModified":"2022-04-28T18:52:48+00:00","description":"Mobilier design exclusif \u00e0 commander \u00e0 l\u2019usine Yves Fouquet en Ukraine. Tables en bois pour int\u00e9rieur antique dans le style de la France royale","breadcrumb":{"@id":"https:\/\/yvesfouquet.com\/fr\/produit\/stol-zhurnalnyj-louis-xv-tb070-2\/#breadcrumb"},"inLanguage":"fr-FR","potentialAction":[{"@type":"ReadAction","target":["https:\/\/yvesfouquet.com\/fr\/produit\/stol-zhurnalnyj-louis-xv-tb070-2\/"]}]},{"@type":"BreadcrumbList","@id":"https:\/\/yvesfouquet.com\/fr\/produit\/stol-zhurnalnyj-louis-xv-tb070-2\/#breadcrumb","itemListElement":[{"@type":"ListItem","position":1,"name":"\u0413\u043b\u0430\u0432\u043d\u0430\u044f","item":"https:\/\/yvesfouquet.com\/fr\/"},{"@type":"ListItem","position":2,"name":"Collections","item":"https:\/\/yvesfouquet.com\/fr\/collections\/"},{"@type":"ListItem","position":3,"name":"Table basse Louis XV TB070"}]},{"@type":"WebSite","@id":"https:\/\/yvesfouquet.com\/#website","url":"https:\/\/yvesfouquet.com\/","name":"Yves Fouquet","description":"\u0424\u0440\u0430\u043d\u0446\u0443\u0437\u0441\u043a\u0430\u044f \u043c\u0435\u0431\u0435\u043b\u044c","potentialAction":[{"@type":"SearchAction","target":{"@type":"EntryPoint","urlTemplate":"https:\/\/yvesfouquet.com\/?s={search_term_string}"},"query-input":"required name=search_term_string"}],"inLanguage":"fr-FR"}]},"product_price_currency":"EUR","og_availability":"backorder","product_availability":"available for order","product_retailer_item_id":"TB070","product_condition":"new"},"_links":{"self":[{"href":"https:\/\/yvesfouquet.com\/fr\/wp-json\/wp\/v2\/product\/18239"}],"collection":[{"href":"https:\/\/yvesfouquet.com\/fr\/wp-json\/wp\/v2\/product"}],"about":[{"href":"https:\/\/yvesfouquet.com\/fr\/wp-json\/wp\/v2\/types\/product"}],"version-history":[{"count":0,"href":"https:\/\/yvesfouquet.com\/fr\/wp-json\/wp\/v2\/product\/18239\/revisions"}],"wp:featuredmedia":[{"embeddable":true,"href":"https:\/\/yvesfouquet.com\/fr\/wp-json\/wp\/v2\/media\/16696"}],"wp:attachment":[{"href":"https:\/\/yvesfouquet.com\/fr\/wp-json\/wp\/v2\/media?parent=18239"}],"wp:term":[{"taxonomy":"product_cat","embeddable":true,"href":"https:\/\/yvesfouquet.com\/fr\/wp-json\/wp\/v2\/product_cat?post=18239"},{"taxonomy":"product_tag","embeddable":true,"href":"https:\/\/yvesfouquet.com\/fr\/wp-json\/wp\/v2\/product_tag?post=18239"}],"curies":[{"name":"wp","href":"https:\/\/api.w.org\/{rel}","templated":true}]}}