{"id":18241,"date":"2020-10-26T21:08:07","date_gmt":"2022-04-28T18:52:49","guid":{"rendered":"https:\/\/yvesfouquet.com\/product\/table-basse-regence-tb062\/"},"modified":"2022-04-28T21:52:49","modified_gmt":"2022-04-28T18:52:49","slug":"zhurnalnyj-stol-regence-tb062-2","status":"publish","type":"product","link":"https:\/\/yvesfouquet.com\/fr\/produit\/zhurnalnyj-stol-regence-tb062-2\/","title":{"rendered":"Table basse Regence TB062"},"content":{"rendered":"<p>Fabriqu\u00e9e dans le style regency ancien, la table basse Regence a un look tr\u00e8s fiable et pratique. Il aura fi\u00e8re allure dans le bureau, et dans la chambre \u00e0 coucher, et contre le mur dans le salon. Une table en bois solide et trapue avec un comptoir massif peut \u00eatre utilis\u00e9e comme support de t\u00e9l\u00e9vision.<\/p>\n<p>La fonctionnalit\u00e9 de la table n\u2019est pas seulement en pr\u00e9sence de deux bo\u00eetes, mais \u00e9galement dans des \u00e9tag\u00e8res coulissantes suppl\u00e9mentaires situ\u00e9es aux extr\u00e9mit\u00e9s lat\u00e9rales, ce qui augmente sa surface. La partie inf\u00e9rieure sculpt\u00e9e a une bordure contrast\u00e9e, qui souligne efficacement les courbes passant doucement dans des jambes \u00e9l\u00e9gantes. Les contours des tiroirs de la table basse sont \u00e9galement mis en \u00e9vidence avec la m\u00eame bordure.<\/p>\n<p>Une attention particuli\u00e8re doit \u00eatre accord\u00e9e \u00e0 un comptoir avec un motif de parquet. Visuellement, il est divis\u00e9 en deux parties, chacune ayant la forme d\u2019un carr\u00e9 barr\u00e9. Fabriqu\u00e9e selon des technologies anciennes, la solution de conception am\u00e9liore le design et donne au comptoir un aspect extraordinaire.<\/p>\n<p>Tous les meubles de l\u2019usine ukrainienne Yves Fouquet sont fabriqu\u00e9s sur commande, vous pouvez donc choisir sa couleur et sa taille pour votre int\u00e9rieur. Une table basse regency exclusive de l\u2019\u00e9poque Fran\u00e7ais sera certainement le point culminant \u00e9l\u00e9gant de votre mobilier.<\/p>\n","protected":false},"excerpt":{"rendered":"<p>Largeur: 1300<\/p>\n<p>Hauteur: 410<\/p>\n<p>Profondeur: 700<\/p>\n","protected":false},"featured_media":20787,"template":"","meta":[],"product_cat":[170],"product_tag":[],"yoast_head":"<!-- This site is optimized with the Yoast SEO Premium plugin v20.7 (Yoast SEO v20.8) - https:\/\/yoast.com\/wordpress\/plugins\/seo\/ -->\n<title>Table basse Regence TB062 - Yves Fouquet<\/title>\n<meta name=\"robots\" content=\"index, follow, max-snippet:-1, max-image-preview:large, max-video-preview:-1\" \/>\n<link rel=\"canonical\" href=\"https:\/\/yvesfouquet.com\/fr\/produit\/zhurnalnyj-stol-regence-tb062-2\/\" \/>\n<meta property=\"og:locale\" content=\"fr_FR\" \/>\n<meta property=\"og:type\" content=\"article\" \/>\n<meta property=\"og:title\" content=\"Table basse Regence TB062\" \/>\n<meta property=\"og:description\" content=\"Largeur: 1300 Hauteur: 410 Profondeur: 700\" \/>\n<meta property=\"og:url\" content=\"https:\/\/yvesfouquet.com\/fr\/produit\/zhurnalnyj-stol-regence-tb062-2\/\" \/>\n<meta property=\"og:site_name\" content=\"Yves Fouquet\" \/>\n<meta property=\"article:publisher\" content=\"https:\/\/www.facebook.com\/boutiueyvesfouquet\" \/>\n<meta name=\"twitter:card\" content=\"summary_large_image\" \/>\n<meta name=\"twitter:label1\" content=\"Prix\" \/>\n\t<meta name=\"twitter:data1\" content=\"\" \/>\n\t<meta name=\"twitter:label2\" content=\"Disponibilit\u00e9\" \/>\n\t<meta name=\"twitter:data2\" content=\"En stock\" \/>\n<script type=\"application\/ld+json\" class=\"yoast-schema-graph\">{\"@context\":\"https:\/\/schema.org\",\"@graph\":[{\"@type\":[\"WebPage\",\"ItemPage\"],\"@id\":\"https:\/\/yvesfouquet.com\/fr\/produit\/zhurnalnyj-stol-regence-tb062-2\/\",\"url\":\"https:\/\/yvesfouquet.com\/fr\/produit\/zhurnalnyj-stol-regence-tb062-2\/\",\"name\":\"Table basse Regence TB062 - Yves Fouquet\",\"isPartOf\":{\"@id\":\"https:\/\/yvesfouquet.com\/#website\"},\"datePublished\":\"2022-04-28T18:52:49+00:00\",\"dateModified\":\"2022-04-28T18:52:49+00:00\",\"breadcrumb\":{\"@id\":\"https:\/\/yvesfouquet.com\/fr\/produit\/zhurnalnyj-stol-regence-tb062-2\/#breadcrumb\"},\"inLanguage\":\"fr-FR\",\"potentialAction\":[{\"@type\":\"ReadAction\",\"target\":[\"https:\/\/yvesfouquet.com\/fr\/produit\/zhurnalnyj-stol-regence-tb062-2\/\"]}]},{\"@type\":\"BreadcrumbList\",\"@id\":\"https:\/\/yvesfouquet.com\/fr\/produit\/zhurnalnyj-stol-regence-tb062-2\/#breadcrumb\",\"itemListElement\":[{\"@type\":\"ListItem\",\"position\":1,\"name\":\"\u0413\u043b\u0430\u0432\u043d\u0430\u044f\",\"item\":\"https:\/\/yvesfouquet.com\/fr\/\"},{\"@type\":\"ListItem\",\"position\":2,\"name\":\"Collections\",\"item\":\"https:\/\/yvesfouquet.com\/fr\/collections\/\"},{\"@type\":\"ListItem\",\"position\":3,\"name\":\"Table basse Regence TB062\"}]},{\"@type\":\"WebSite\",\"@id\":\"https:\/\/yvesfouquet.com\/#website\",\"url\":\"https:\/\/yvesfouquet.com\/\",\"name\":\"Yves Fouquet\",\"description\":\"\u0424\u0440\u0430\u043d\u0446\u0443\u0437\u0441\u043a\u0430\u044f \u043c\u0435\u0431\u0435\u043b\u044c\",\"potentialAction\":[{\"@type\":\"SearchAction\",\"target\":{\"@type\":\"EntryPoint\",\"urlTemplate\":\"https:\/\/yvesfouquet.com\/?s={search_term_string}\"},\"query-input\":\"required name=search_term_string\"}],\"inLanguage\":\"fr-FR\"}]}<\/script>\n<meta property=\"product:price:amount\" content=\"0\" \/>\n<meta property=\"product:price:currency\" content=\"EUR\" \/>\n<meta property=\"og:availability\" content=\"instock\" \/>\n<meta property=\"product:availability\" content=\"instock\" \/>\n<meta property=\"product:retailer_item_id\" content=\"TB062\" \/>\n<meta property=\"product:condition\" content=\"new\" \/>\n<!-- \/ Yoast SEO Premium plugin. -->","yoast_head_json":{"title":"Table basse Regence TB062 - Yves Fouquet","robots":{"index":"index","follow":"follow","max-snippet":"max-snippet:-1","max-image-preview":"max-image-preview:large","max-video-preview":"max-video-preview:-1"},"canonical":"https:\/\/yvesfouquet.com\/fr\/produit\/zhurnalnyj-stol-regence-tb062-2\/","og_locale":"fr_FR","og_type":"article","og_title":"Table basse Regence TB062","og_description":"Largeur: 1300 Hauteur: 410 Profondeur: 700","og_url":"https:\/\/yvesfouquet.com\/fr\/produit\/zhurnalnyj-stol-regence-tb062-2\/","og_site_name":"Yves Fouquet","article_publisher":"https:\/\/www.facebook.com\/boutiueyvesfouquet","twitter_card":"summary_large_image","twitter_misc":{"Prix":"","Disponibilit\u00e9":"En stock"},"schema":{"@context":"https:\/\/schema.org","@graph":[{"@type":["WebPage","ItemPage"],"@id":"https:\/\/yvesfouquet.com\/fr\/produit\/zhurnalnyj-stol-regence-tb062-2\/","url":"https:\/\/yvesfouquet.com\/fr\/produit\/zhurnalnyj-stol-regence-tb062-2\/","name":"Table basse Regence TB062 - Yves Fouquet","isPartOf":{"@id":"https:\/\/yvesfouquet.com\/#website"},"datePublished":"2022-04-28T18:52:49+00:00","dateModified":"2022-04-28T18:52:49+00:00","breadcrumb":{"@id":"https:\/\/yvesfouquet.com\/fr\/produit\/zhurnalnyj-stol-regence-tb062-2\/#breadcrumb"},"inLanguage":"fr-FR","potentialAction":[{"@type":"ReadAction","target":["https:\/\/yvesfouquet.com\/fr\/produit\/zhurnalnyj-stol-regence-tb062-2\/"]}]},{"@type":"BreadcrumbList","@id":"https:\/\/yvesfouquet.com\/fr\/produit\/zhurnalnyj-stol-regence-tb062-2\/#breadcrumb","itemListElement":[{"@type":"ListItem","position":1,"name":"\u0413\u043b\u0430\u0432\u043d\u0430\u044f","item":"https:\/\/yvesfouquet.com\/fr\/"},{"@type":"ListItem","position":2,"name":"Collections","item":"https:\/\/yvesfouquet.com\/fr\/collections\/"},{"@type":"ListItem","position":3,"name":"Table basse Regence TB062"}]},{"@type":"WebSite","@id":"https:\/\/yvesfouquet.com\/#website","url":"https:\/\/yvesfouquet.com\/","name":"Yves Fouquet","description":"\u0424\u0440\u0430\u043d\u0446\u0443\u0437\u0441\u043a\u0430\u044f \u043c\u0435\u0431\u0435\u043b\u044c","potentialAction":[{"@type":"SearchAction","target":{"@type":"EntryPoint","urlTemplate":"https:\/\/yvesfouquet.com\/?s={search_term_string}"},"query-input":"required name=search_term_string"}],"inLanguage":"fr-FR"}]},"product_price_currency":"EUR","og_availability":"instock","product_availability":"instock","product_retailer_item_id":"TB062","product_condition":"new"},"_links":{"self":[{"href":"https:\/\/yvesfouquet.com\/fr\/wp-json\/wp\/v2\/product\/18241"}],"collection":[{"href":"https:\/\/yvesfouquet.com\/fr\/wp-json\/wp\/v2\/product"}],"about":[{"href":"https:\/\/yvesfouquet.com\/fr\/wp-json\/wp\/v2\/types\/product"}],"version-history":[{"count":0,"href":"https:\/\/yvesfouquet.com\/fr\/wp-json\/wp\/v2\/product\/18241\/revisions"}],"wp:featuredmedia":[{"embeddable":true,"href":"https:\/\/yvesfouquet.com\/fr\/wp-json\/wp\/v2\/media\/20787"}],"wp:attachment":[{"href":"https:\/\/yvesfouquet.com\/fr\/wp-json\/wp\/v2\/media?parent=18241"}],"wp:term":[{"taxonomy":"product_cat","embeddable":true,"href":"https:\/\/yvesfouquet.com\/fr\/wp-json\/wp\/v2\/product_cat?post=18241"},{"taxonomy":"product_tag","embeddable":true,"href":"https:\/\/yvesfouquet.com\/fr\/wp-json\/wp\/v2\/product_tag?post=18241"}],"curies":[{"name":"wp","href":"https:\/\/api.w.org\/{rel}","templated":true}]}}