{"id":18243,"date":"2020-10-26T21:06:57","date_gmt":"2022-04-28T18:52:53","guid":{"rendered":"https:\/\/yvesfouquet.com\/product\/miroir-avec-mr315e-figure\/"},"modified":"2022-04-28T21:52:53","modified_gmt":"2022-04-28T18:52:53","slug":"zerkalo-s-figurnoe-mr315e-2","status":"publish","type":"product","link":"https:\/\/yvesfouquet.com\/fr\/produit\/zerkalo-s-figurnoe-mr315e-2\/","title":{"rendered":"Miroir avec MR315e figur\u00e9"},"content":{"rendered":"<p>Une chose pratique et une d\u00e9coration int\u00e9rieure unique &#8211; un grand miroir dans un cadre en bois sculpt\u00e9 deviendra un accent lumineux de votre mobilier. Cr\u00e9\u00e9 par les ma\u00eetres de l\u2019usine de meubles Yves Fouquet dans le style ancien, il est parfait pour l\u2019int\u00e9rieur moderne et le design d\u2019auteur dans le style vintage.<\/p>\n<p>Les miroirs appartiennent \u00e0 ces \u00e9l\u00e9ments int\u00e9rieurs qui deviennent facilement le centre et cr\u00e9ent une atmosph\u00e8re caract\u00e9ristique autour d\u2019eux-m\u00eames. De tels grands miroirs vintage dans des cadres color\u00e9s en bois naturel ont un impact particulier sur la situation. Ils remplissent la pi\u00e8ce, augmentent visuellement l\u2019espace, la rendant \u00e0 la fois plus grande et plus l\u00e9g\u00e8re.<\/p>\n<p>Le miroir figur\u00e9 original dans le style ancien est fait en pleine croissance, ce qui permet au spectateur d\u2019appr\u00e9cier sa tenue dans son ensemble. Le cadre massif sculpt\u00e9 est d\u00e9cor\u00e9 d\u2019une cha\u00eene de grands rivets en bronze. L\u2019utilisation de patine et d\u2019autres effets artificiels du vieillissement lui conf\u00e8rent une saveur antique unique.<\/p>\n<p>Des meubles anciens exclusifs sont assembl\u00e9s \u00e0 la main sur commande. Fabriqu\u00e9 en tenant compte de tous les souhaits individuels du client, il s\u2019int\u00e8gre toujours parfaitement dans les int\u00e9rieurs. Notre miroir vintage dans un cadre en bois aura fi\u00e8re allure dans votre salon, chambre ou couloir.<\/p>\n","protected":false},"excerpt":{"rendered":"<p><strong>Dimensions:<\/strong> W800 X H2000 X D40<\/p>\n<p><strong>D\u00e9cor en laiton<\/strong> autour du p\u00e9rim\u00e8tre<\/p>\n","protected":false},"featured_media":16586,"template":"","meta":[],"product_cat":[184],"product_tag":[],"yoast_head":"<!-- This site is optimized with the Yoast SEO Premium plugin v20.7 (Yoast SEO v20.8) - https:\/\/yoast.com\/wordpress\/plugins\/seo\/ -->\n<title>Grand miroir figur\u00e9 dans un cadre en bois sculpt\u00e9 - Yves Fouquet<\/title>\n<meta name=\"description\" content=\"Miroir int\u00e9rieur de style vintage. Cadre en bois fait \u00e0 la main avec sculptures, accessoires d\u00e9coratifs en bronze France. Meubles Elite sur commande en Ukraine production de l\u2019usine Yves Fouquet\" \/>\n<meta name=\"robots\" content=\"index, follow, max-snippet:-1, max-image-preview:large, max-video-preview:-1\" \/>\n<link rel=\"canonical\" href=\"https:\/\/yvesfouquet.com\/fr\/produit\/zerkalo-s-figurnoe-mr315e-2\/\" \/>\n<meta property=\"og:locale\" content=\"fr_FR\" \/>\n<meta property=\"og:type\" content=\"article\" \/>\n<meta property=\"og:title\" content=\"Miroir avec MR315e figur\u00e9\" \/>\n<meta property=\"og:description\" content=\"Miroir int\u00e9rieur de style vintage. Cadre en bois fait \u00e0 la main avec sculptures, accessoires d\u00e9coratifs en bronze France. Meubles Elite sur commande en Ukraine production de l\u2019usine Yves Fouquet\" \/>\n<meta property=\"og:url\" content=\"https:\/\/yvesfouquet.com\/fr\/produit\/zerkalo-s-figurnoe-mr315e-2\/\" \/>\n<meta property=\"og:site_name\" content=\"Yves Fouquet\" \/>\n<meta property=\"article:publisher\" content=\"https:\/\/www.facebook.com\/boutiueyvesfouquet\" \/>\n<meta property=\"og:image\" content=\"https:\/\/yvesfouquet.com\/wp-content\/uploads\/2020\/10\/22-1.png\" \/>\n\t<meta property=\"og:image:width\" content=\"1080\" \/>\n\t<meta property=\"og:image:height\" content=\"1080\" \/>\n\t<meta property=\"og:image:type\" content=\"image\/png\" \/>\n<meta name=\"twitter:card\" content=\"summary_large_image\" \/>\n<meta name=\"twitter:label1\" content=\"Prix\" \/>\n\t<meta name=\"twitter:data1\" content=\"\" \/>\n\t<meta name=\"twitter:label2\" content=\"Disponibilit\u00e9\" \/>\n\t<meta name=\"twitter:data2\" content=\"En r\u00e9assort\" \/>\n<script type=\"application\/ld+json\" class=\"yoast-schema-graph\">{\"@context\":\"https:\/\/schema.org\",\"@graph\":[{\"@type\":[\"WebPage\",\"ItemPage\"],\"@id\":\"https:\/\/yvesfouquet.com\/fr\/produit\/zerkalo-s-figurnoe-mr315e-2\/\",\"url\":\"https:\/\/yvesfouquet.com\/fr\/produit\/zerkalo-s-figurnoe-mr315e-2\/\",\"name\":\"Grand miroir figur\u00e9 dans un cadre en bois sculpt\u00e9 - Yves Fouquet\",\"isPartOf\":{\"@id\":\"https:\/\/yvesfouquet.com\/#website\"},\"datePublished\":\"2022-04-28T18:52:53+00:00\",\"dateModified\":\"2022-04-28T18:52:53+00:00\",\"description\":\"Miroir int\u00e9rieur de style vintage. Cadre en bois fait \u00e0 la main avec sculptures, accessoires d\u00e9coratifs en bronze France. Meubles Elite sur commande en Ukraine production de l\u2019usine Yves Fouquet\",\"breadcrumb\":{\"@id\":\"https:\/\/yvesfouquet.com\/fr\/produit\/zerkalo-s-figurnoe-mr315e-2\/#breadcrumb\"},\"inLanguage\":\"fr-FR\",\"potentialAction\":[{\"@type\":\"ReadAction\",\"target\":[\"https:\/\/yvesfouquet.com\/fr\/produit\/zerkalo-s-figurnoe-mr315e-2\/\"]}]},{\"@type\":\"BreadcrumbList\",\"@id\":\"https:\/\/yvesfouquet.com\/fr\/produit\/zerkalo-s-figurnoe-mr315e-2\/#breadcrumb\",\"itemListElement\":[{\"@type\":\"ListItem\",\"position\":1,\"name\":\"\u0413\u043b\u0430\u0432\u043d\u0430\u044f\",\"item\":\"https:\/\/yvesfouquet.com\/fr\/\"},{\"@type\":\"ListItem\",\"position\":2,\"name\":\"Collections\",\"item\":\"https:\/\/yvesfouquet.com\/fr\/collections\/\"},{\"@type\":\"ListItem\",\"position\":3,\"name\":\"Miroir avec MR315e figur\u00e9\"}]},{\"@type\":\"WebSite\",\"@id\":\"https:\/\/yvesfouquet.com\/#website\",\"url\":\"https:\/\/yvesfouquet.com\/\",\"name\":\"Yves Fouquet\",\"description\":\"\u0424\u0440\u0430\u043d\u0446\u0443\u0437\u0441\u043a\u0430\u044f \u043c\u0435\u0431\u0435\u043b\u044c\",\"potentialAction\":[{\"@type\":\"SearchAction\",\"target\":{\"@type\":\"EntryPoint\",\"urlTemplate\":\"https:\/\/yvesfouquet.com\/?s={search_term_string}\"},\"query-input\":\"required name=search_term_string\"}],\"inLanguage\":\"fr-FR\"}]}<\/script>\n<meta property=\"product:price:amount\" content=\"0\" \/>\n<meta property=\"product:price:currency\" content=\"EUR\" \/>\n<meta property=\"og:availability\" content=\"backorder\" \/>\n<meta property=\"product:availability\" content=\"available for order\" \/>\n<meta property=\"product:retailer_item_id\" content=\"MR315E\" \/>\n<meta property=\"product:condition\" content=\"new\" \/>\n<!-- \/ Yoast SEO Premium plugin. -->","yoast_head_json":{"title":"Grand miroir figur\u00e9 dans un cadre en bois sculpt\u00e9 - Yves Fouquet","description":"Miroir int\u00e9rieur de style vintage. Cadre en bois fait \u00e0 la main avec sculptures, accessoires d\u00e9coratifs en bronze France. Meubles Elite sur commande en Ukraine production de l\u2019usine Yves Fouquet","robots":{"index":"index","follow":"follow","max-snippet":"max-snippet:-1","max-image-preview":"max-image-preview:large","max-video-preview":"max-video-preview:-1"},"canonical":"https:\/\/yvesfouquet.com\/fr\/produit\/zerkalo-s-figurnoe-mr315e-2\/","og_locale":"fr_FR","og_type":"article","og_title":"Miroir avec MR315e figur\u00e9","og_description":"Miroir int\u00e9rieur de style vintage. Cadre en bois fait \u00e0 la main avec sculptures, accessoires d\u00e9coratifs en bronze France. Meubles Elite sur commande en Ukraine production de l\u2019usine Yves Fouquet","og_url":"https:\/\/yvesfouquet.com\/fr\/produit\/zerkalo-s-figurnoe-mr315e-2\/","og_site_name":"Yves Fouquet","article_publisher":"https:\/\/www.facebook.com\/boutiueyvesfouquet","og_image":[{"width":1080,"height":1080,"url":"https:\/\/yvesfouquet.com\/wp-content\/uploads\/2020\/10\/22-1.png","type":"image\/png"}],"twitter_card":"summary_large_image","twitter_misc":{"Prix":"","Disponibilit\u00e9":"En r\u00e9assort"},"schema":{"@context":"https:\/\/schema.org","@graph":[{"@type":["WebPage","ItemPage"],"@id":"https:\/\/yvesfouquet.com\/fr\/produit\/zerkalo-s-figurnoe-mr315e-2\/","url":"https:\/\/yvesfouquet.com\/fr\/produit\/zerkalo-s-figurnoe-mr315e-2\/","name":"Grand miroir figur\u00e9 dans un cadre en bois sculpt\u00e9 - Yves Fouquet","isPartOf":{"@id":"https:\/\/yvesfouquet.com\/#website"},"datePublished":"2022-04-28T18:52:53+00:00","dateModified":"2022-04-28T18:52:53+00:00","description":"Miroir int\u00e9rieur de style vintage. Cadre en bois fait \u00e0 la main avec sculptures, accessoires d\u00e9coratifs en bronze France. Meubles Elite sur commande en Ukraine production de l\u2019usine Yves Fouquet","breadcrumb":{"@id":"https:\/\/yvesfouquet.com\/fr\/produit\/zerkalo-s-figurnoe-mr315e-2\/#breadcrumb"},"inLanguage":"fr-FR","potentialAction":[{"@type":"ReadAction","target":["https:\/\/yvesfouquet.com\/fr\/produit\/zerkalo-s-figurnoe-mr315e-2\/"]}]},{"@type":"BreadcrumbList","@id":"https:\/\/yvesfouquet.com\/fr\/produit\/zerkalo-s-figurnoe-mr315e-2\/#breadcrumb","itemListElement":[{"@type":"ListItem","position":1,"name":"\u0413\u043b\u0430\u0432\u043d\u0430\u044f","item":"https:\/\/yvesfouquet.com\/fr\/"},{"@type":"ListItem","position":2,"name":"Collections","item":"https:\/\/yvesfouquet.com\/fr\/collections\/"},{"@type":"ListItem","position":3,"name":"Miroir avec MR315e figur\u00e9"}]},{"@type":"WebSite","@id":"https:\/\/yvesfouquet.com\/#website","url":"https:\/\/yvesfouquet.com\/","name":"Yves Fouquet","description":"\u0424\u0440\u0430\u043d\u0446\u0443\u0437\u0441\u043a\u0430\u044f \u043c\u0435\u0431\u0435\u043b\u044c","potentialAction":[{"@type":"SearchAction","target":{"@type":"EntryPoint","urlTemplate":"https:\/\/yvesfouquet.com\/?s={search_term_string}"},"query-input":"required name=search_term_string"}],"inLanguage":"fr-FR"}]},"product_price_currency":"EUR","og_availability":"backorder","product_availability":"available for order","product_retailer_item_id":"MR315E","product_condition":"new"},"_links":{"self":[{"href":"https:\/\/yvesfouquet.com\/fr\/wp-json\/wp\/v2\/product\/18243"}],"collection":[{"href":"https:\/\/yvesfouquet.com\/fr\/wp-json\/wp\/v2\/product"}],"about":[{"href":"https:\/\/yvesfouquet.com\/fr\/wp-json\/wp\/v2\/types\/product"}],"version-history":[{"count":0,"href":"https:\/\/yvesfouquet.com\/fr\/wp-json\/wp\/v2\/product\/18243\/revisions"}],"wp:featuredmedia":[{"embeddable":true,"href":"https:\/\/yvesfouquet.com\/fr\/wp-json\/wp\/v2\/media\/16586"}],"wp:attachment":[{"href":"https:\/\/yvesfouquet.com\/fr\/wp-json\/wp\/v2\/media?parent=18243"}],"wp:term":[{"taxonomy":"product_cat","embeddable":true,"href":"https:\/\/yvesfouquet.com\/fr\/wp-json\/wp\/v2\/product_cat?post=18243"},{"taxonomy":"product_tag","embeddable":true,"href":"https:\/\/yvesfouquet.com\/fr\/wp-json\/wp\/v2\/product_tag?post=18243"}],"curies":[{"name":"wp","href":"https:\/\/api.w.org\/{rel}","templated":true}]}}