{"id":18247,"date":"2020-10-26T21:09:03","date_gmt":"2022-04-28T18:52:55","guid":{"rendered":"https:\/\/yvesfouquet.com\/product\/table-basse-tb073\/"},"modified":"2022-04-28T21:52:55","modified_gmt":"2022-04-28T18:52:55","slug":"zhurnalnyj-stol-tb073-2","status":"publish","type":"product","link":"https:\/\/yvesfouquet.com\/fr\/produit\/zhurnalnyj-stol-tb073-2\/","title":{"rendered":"Table basse TB073"},"content":{"rendered":"<p>Vous r\u00eavez de d\u00e9corer votre maison avec des meubles dans le style Louis XV ? Assurez-vous de pr\u00eater attention au magnifique travail des designers ukrainiens de la manufacture Yves Fouquet &#8211; une table basse en bois massif dans le style Fran\u00e7ais. Fabriqu\u00e9 \u00e0 partir des meilleurs mat\u00e9riaux modernes, mais selon les technologies des ma\u00eetres du pass\u00e9, il prendra sans aucun doute une place digne dans votre int\u00e9rieur.<\/p>\n<p>Une table accroupie \u00e0 quatre tiroirs allie \u00e9l\u00e9gance et praticit\u00e9. Un ensemble laqu\u00e9 de forme carr\u00e9e vous permet d\u2019admirer la beaut\u00e9 naturelle du bois naturel. Sur une table aussi spacieuse, vous pouvez facilement placer non seulement des \u00e9l\u00e9ments de d\u00e9coration, mais aussi beaucoup de choses utiles.<\/p>\n<p>Les \u00e9l\u00e9gants pieds et tiroirs de la table basse sont peints dans une agr\u00e9able couleur pastel. L\u2019empreinte de l\u2019antiquit\u00e9 est recr\u00e9\u00e9e en utilisant la technique du vieillissement d\u00e9coratif. Les courbes lisses des lignes sont compl\u00e9t\u00e9es par les accessoires originaux Fran\u00e7ais en laiton &#8211; poign\u00e9es torsad\u00e9es, imitation de trous de serrure, doublures orn\u00e9es sur pieds figur\u00e9s.<\/p>\n<p>Des ma\u00eetres talentueux ont parfaitement recr\u00e9\u00e9 l\u2019esprit de l\u2019\u00e9poque louisienne. Mais vous pouvez toujours faire vos propres ajustements en changeant la couleur, la taille et la finition d\u00e9corative de la table basse \u00e0 votre go\u00fbt.<\/p>\n","protected":false},"excerpt":{"rendered":"<p>Largeur: 1300<\/p>\n<p>Hauteur: 400<\/p>\n<p>Profondeur: 1300<\/p>\n","protected":false},"featured_media":20815,"template":"","meta":[],"product_cat":[170],"product_tag":[],"yoast_head":"<!-- This site is optimized with the Yoast SEO Premium plugin v20.7 (Yoast SEO v20.8) - https:\/\/yoast.com\/wordpress\/plugins\/seo\/ -->\n<title>Table basse de style Louis avec quatre tiroirs - Yves Fouquet<\/title>\n<meta name=\"description\" content=\"Table int\u00e9rieure dans le style ancien de la France royale. Mobilier design exclusif sur commande en bois massif de l\u2019usine Yves Fouquet en Ukraine\" \/>\n<meta name=\"robots\" content=\"index, follow, max-snippet:-1, max-image-preview:large, max-video-preview:-1\" \/>\n<link rel=\"canonical\" href=\"https:\/\/yvesfouquet.com\/fr\/produit\/zhurnalnyj-stol-tb073-2\/\" \/>\n<meta property=\"og:locale\" content=\"fr_FR\" \/>\n<meta property=\"og:type\" content=\"article\" \/>\n<meta property=\"og:title\" content=\"Table basse TB073\" \/>\n<meta property=\"og:description\" content=\"Table int\u00e9rieure dans le style ancien de la France royale. Mobilier design exclusif sur commande en bois massif de l\u2019usine Yves Fouquet en Ukraine\" \/>\n<meta property=\"og:url\" content=\"https:\/\/yvesfouquet.com\/fr\/produit\/zhurnalnyj-stol-tb073-2\/\" \/>\n<meta property=\"og:site_name\" content=\"Yves Fouquet\" \/>\n<meta property=\"article:publisher\" content=\"https:\/\/www.facebook.com\/boutiueyvesfouquet\" \/>\n<meta property=\"og:image\" content=\"https:\/\/yvesfouquet.com\/wp-content\/uploads\/2020\/10\/6de007_b2bc3ea298574ce192b0197958c62446-1.jpg\" \/>\n\t<meta property=\"og:image:width\" content=\"1600\" \/>\n\t<meta property=\"og:image:height\" content=\"1264\" \/>\n\t<meta property=\"og:image:type\" content=\"image\/jpeg\" \/>\n<meta name=\"twitter:card\" content=\"summary_large_image\" \/>\n<meta name=\"twitter:label1\" content=\"Prix\" \/>\n\t<meta name=\"twitter:data1\" content=\"\" \/>\n\t<meta name=\"twitter:label2\" content=\"Disponibilit\u00e9\" \/>\n\t<meta name=\"twitter:data2\" content=\"En stock\" \/>\n<script type=\"application\/ld+json\" class=\"yoast-schema-graph\">{\"@context\":\"https:\/\/schema.org\",\"@graph\":[{\"@type\":[\"WebPage\",\"ItemPage\"],\"@id\":\"https:\/\/yvesfouquet.com\/fr\/produit\/zhurnalnyj-stol-tb073-2\/\",\"url\":\"https:\/\/yvesfouquet.com\/fr\/produit\/zhurnalnyj-stol-tb073-2\/\",\"name\":\"Table basse de style Louis avec quatre tiroirs - Yves Fouquet\",\"isPartOf\":{\"@id\":\"https:\/\/yvesfouquet.com\/#website\"},\"datePublished\":\"2022-04-28T18:52:55+00:00\",\"dateModified\":\"2022-04-28T18:52:55+00:00\",\"description\":\"Table int\u00e9rieure dans le style ancien de la France royale. Mobilier design exclusif sur commande en bois massif de l\u2019usine Yves Fouquet en Ukraine\",\"breadcrumb\":{\"@id\":\"https:\/\/yvesfouquet.com\/fr\/produit\/zhurnalnyj-stol-tb073-2\/#breadcrumb\"},\"inLanguage\":\"fr-FR\",\"potentialAction\":[{\"@type\":\"ReadAction\",\"target\":[\"https:\/\/yvesfouquet.com\/fr\/produit\/zhurnalnyj-stol-tb073-2\/\"]}]},{\"@type\":\"BreadcrumbList\",\"@id\":\"https:\/\/yvesfouquet.com\/fr\/produit\/zhurnalnyj-stol-tb073-2\/#breadcrumb\",\"itemListElement\":[{\"@type\":\"ListItem\",\"position\":1,\"name\":\"\u0413\u043b\u0430\u0432\u043d\u0430\u044f\",\"item\":\"https:\/\/yvesfouquet.com\/fr\/\"},{\"@type\":\"ListItem\",\"position\":2,\"name\":\"Collections\",\"item\":\"https:\/\/yvesfouquet.com\/fr\/collections\/\"},{\"@type\":\"ListItem\",\"position\":3,\"name\":\"Table basse TB073\"}]},{\"@type\":\"WebSite\",\"@id\":\"https:\/\/yvesfouquet.com\/#website\",\"url\":\"https:\/\/yvesfouquet.com\/\",\"name\":\"Yves Fouquet\",\"description\":\"\u0424\u0440\u0430\u043d\u0446\u0443\u0437\u0441\u043a\u0430\u044f \u043c\u0435\u0431\u0435\u043b\u044c\",\"potentialAction\":[{\"@type\":\"SearchAction\",\"target\":{\"@type\":\"EntryPoint\",\"urlTemplate\":\"https:\/\/yvesfouquet.com\/?s={search_term_string}\"},\"query-input\":\"required name=search_term_string\"}],\"inLanguage\":\"fr-FR\"}]}<\/script>\n<meta property=\"product:price:amount\" content=\"0\" \/>\n<meta property=\"product:price:currency\" content=\"EUR\" \/>\n<meta property=\"og:availability\" content=\"instock\" \/>\n<meta property=\"product:availability\" content=\"instock\" \/>\n<meta property=\"product:retailer_item_id\" content=\"TB073\" \/>\n<meta property=\"product:condition\" content=\"new\" \/>\n<!-- \/ Yoast SEO Premium plugin. -->","yoast_head_json":{"title":"Table basse de style Louis avec quatre tiroirs - Yves Fouquet","description":"Table int\u00e9rieure dans le style ancien de la France royale. Mobilier design exclusif sur commande en bois massif de l\u2019usine Yves Fouquet en Ukraine","robots":{"index":"index","follow":"follow","max-snippet":"max-snippet:-1","max-image-preview":"max-image-preview:large","max-video-preview":"max-video-preview:-1"},"canonical":"https:\/\/yvesfouquet.com\/fr\/produit\/zhurnalnyj-stol-tb073-2\/","og_locale":"fr_FR","og_type":"article","og_title":"Table basse TB073","og_description":"Table int\u00e9rieure dans le style ancien de la France royale. Mobilier design exclusif sur commande en bois massif de l\u2019usine Yves Fouquet en Ukraine","og_url":"https:\/\/yvesfouquet.com\/fr\/produit\/zhurnalnyj-stol-tb073-2\/","og_site_name":"Yves Fouquet","article_publisher":"https:\/\/www.facebook.com\/boutiueyvesfouquet","og_image":[{"width":1600,"height":1264,"url":"https:\/\/yvesfouquet.com\/wp-content\/uploads\/2020\/10\/6de007_b2bc3ea298574ce192b0197958c62446-1.jpg","type":"image\/jpeg"}],"twitter_card":"summary_large_image","twitter_misc":{"Prix":"","Disponibilit\u00e9":"En stock"},"schema":{"@context":"https:\/\/schema.org","@graph":[{"@type":["WebPage","ItemPage"],"@id":"https:\/\/yvesfouquet.com\/fr\/produit\/zhurnalnyj-stol-tb073-2\/","url":"https:\/\/yvesfouquet.com\/fr\/produit\/zhurnalnyj-stol-tb073-2\/","name":"Table basse de style Louis avec quatre tiroirs - Yves Fouquet","isPartOf":{"@id":"https:\/\/yvesfouquet.com\/#website"},"datePublished":"2022-04-28T18:52:55+00:00","dateModified":"2022-04-28T18:52:55+00:00","description":"Table int\u00e9rieure dans le style ancien de la France royale. Mobilier design exclusif sur commande en bois massif de l\u2019usine Yves Fouquet en Ukraine","breadcrumb":{"@id":"https:\/\/yvesfouquet.com\/fr\/produit\/zhurnalnyj-stol-tb073-2\/#breadcrumb"},"inLanguage":"fr-FR","potentialAction":[{"@type":"ReadAction","target":["https:\/\/yvesfouquet.com\/fr\/produit\/zhurnalnyj-stol-tb073-2\/"]}]},{"@type":"BreadcrumbList","@id":"https:\/\/yvesfouquet.com\/fr\/produit\/zhurnalnyj-stol-tb073-2\/#breadcrumb","itemListElement":[{"@type":"ListItem","position":1,"name":"\u0413\u043b\u0430\u0432\u043d\u0430\u044f","item":"https:\/\/yvesfouquet.com\/fr\/"},{"@type":"ListItem","position":2,"name":"Collections","item":"https:\/\/yvesfouquet.com\/fr\/collections\/"},{"@type":"ListItem","position":3,"name":"Table basse TB073"}]},{"@type":"WebSite","@id":"https:\/\/yvesfouquet.com\/#website","url":"https:\/\/yvesfouquet.com\/","name":"Yves Fouquet","description":"\u0424\u0440\u0430\u043d\u0446\u0443\u0437\u0441\u043a\u0430\u044f \u043c\u0435\u0431\u0435\u043b\u044c","potentialAction":[{"@type":"SearchAction","target":{"@type":"EntryPoint","urlTemplate":"https:\/\/yvesfouquet.com\/?s={search_term_string}"},"query-input":"required name=search_term_string"}],"inLanguage":"fr-FR"}]},"product_price_currency":"EUR","og_availability":"instock","product_availability":"instock","product_retailer_item_id":"TB073","product_condition":"new"},"_links":{"self":[{"href":"https:\/\/yvesfouquet.com\/fr\/wp-json\/wp\/v2\/product\/18247"}],"collection":[{"href":"https:\/\/yvesfouquet.com\/fr\/wp-json\/wp\/v2\/product"}],"about":[{"href":"https:\/\/yvesfouquet.com\/fr\/wp-json\/wp\/v2\/types\/product"}],"version-history":[{"count":0,"href":"https:\/\/yvesfouquet.com\/fr\/wp-json\/wp\/v2\/product\/18247\/revisions"}],"wp:featuredmedia":[{"embeddable":true,"href":"https:\/\/yvesfouquet.com\/fr\/wp-json\/wp\/v2\/media\/20815"}],"wp:attachment":[{"href":"https:\/\/yvesfouquet.com\/fr\/wp-json\/wp\/v2\/media?parent=18247"}],"wp:term":[{"taxonomy":"product_cat","embeddable":true,"href":"https:\/\/yvesfouquet.com\/fr\/wp-json\/wp\/v2\/product_cat?post=18247"},{"taxonomy":"product_tag","embeddable":true,"href":"https:\/\/yvesfouquet.com\/fr\/wp-json\/wp\/v2\/product_tag?post=18247"}],"curies":[{"name":"wp","href":"https:\/\/api.w.org\/{rel}","templated":true}]}}