{"id":18249,"date":"2020-10-26T21:08:29","date_gmt":"2022-04-28T18:52:55","guid":{"rendered":"https:\/\/yvesfouquet.com\/product\/table-basse-tb065\/"},"modified":"2022-04-28T21:52:55","modified_gmt":"2022-04-28T18:52:55","slug":"zhurnalnyj-stol-tb065-2","status":"publish","type":"product","link":"https:\/\/yvesfouquet.com\/fr\/produit\/zhurnalnyj-stol-tb065-2\/","title":{"rendered":"Table basse TB065"},"content":{"rendered":"<p>Les vrais gourmets du style ancien Fran\u00e7ais se feront un plaisir de d\u00e9corer leurs int\u00e9rieurs avec une autre cr\u00e9ation originale des ma\u00eetres du meuble de la manufacture Yves Fouquet. Fabriqu\u00e9e en bois naturel, la table basse de style annuaire correspond pleinement aux particularit\u00e9s de son \u00e9poque.<\/p>\n<p>Se distinguant par la concision et la s\u00e9v\u00e9rit\u00e9 des lignes, l\u2019int\u00e9rieur Fran\u00e7ais tableau n\u2019est pas aussi simple qu\u2019il n\u2019y para\u00eet \u00e0 premi\u00e8re vue. Son comptoir laqu\u00e9 a un grand motif de parquet. Et dans chaque paroi lat\u00e9rale se cachaient deux \u00e9tag\u00e8res coulissantes avec des poign\u00e9es, pr\u00eates \u00e0 augmenter la taille de l\u2019espace utile \u00e0 la premi\u00e8re demande.<\/p>\n<p>Les extr\u00e9mit\u00e9s de la table basse en bois massif sont peintes et ont une superposition d\u00e9corative contrast\u00e9e en forme de deux feuilles qui se croisent. La clart\u00e9 des lignes droites strictes des extr\u00e9mit\u00e9s est soulign\u00e9e par la bordure passant \u00e0 des jambes fortes. L\u2019effet de l\u2019utilisation \u00e0 long terme des meubles est habilement obtenu par l\u2019utilisation de technologies de vieillissement d\u00e9coratif.<\/p>\n<p>La table originale dans le style Fran\u00e7ais aura fi\u00e8re allure dans le bureau, la biblioth\u00e8que ou le salon. Pour l\u2019adapter parfaitement aux caract\u00e9ristiques de votre int\u00e9rieur, vous pouvez changer la couleur, la taille et la finition d\u00e9corative \u00e0 votre discr\u00e9tion.<\/p>\n","protected":false},"excerpt":{"rendered":"<p>Largeur: 1100<\/p>\n<p>Hauteur: 800<\/p>\n<p>Profondeur: 1450<\/p>\n","protected":false},"featured_media":20832,"template":"","meta":[],"product_cat":[170],"product_tag":[],"yoast_head":"<!-- This site is optimized with the Yoast SEO Premium plugin v20.7 (Yoast SEO v20.8) - https:\/\/yoast.com\/wordpress\/plugins\/seo\/ -->\n<title>Table basse TB065 - Yves Fouquet<\/title>\n<meta name=\"robots\" content=\"index, follow, max-snippet:-1, max-image-preview:large, max-video-preview:-1\" \/>\n<link rel=\"canonical\" href=\"https:\/\/yvesfouquet.com\/fr\/produit\/zhurnalnyj-stol-tb065-2\/\" \/>\n<meta property=\"og:locale\" content=\"fr_FR\" \/>\n<meta property=\"og:type\" content=\"article\" \/>\n<meta property=\"og:title\" content=\"Table basse TB065\" \/>\n<meta property=\"og:description\" content=\"Largeur: 1100 Hauteur: 800 Profondeur: 1450\" \/>\n<meta property=\"og:url\" content=\"https:\/\/yvesfouquet.com\/fr\/produit\/zhurnalnyj-stol-tb065-2\/\" \/>\n<meta property=\"og:site_name\" content=\"Yves Fouquet\" \/>\n<meta property=\"article:publisher\" content=\"https:\/\/www.facebook.com\/boutiueyvesfouquet\" \/>\n<meta name=\"twitter:card\" content=\"summary_large_image\" \/>\n<meta name=\"twitter:label1\" content=\"Prix\" \/>\n\t<meta name=\"twitter:data1\" content=\"\" \/>\n\t<meta name=\"twitter:label2\" content=\"Disponibilit\u00e9\" \/>\n\t<meta name=\"twitter:data2\" content=\"En stock\" \/>\n<script type=\"application\/ld+json\" class=\"yoast-schema-graph\">{\"@context\":\"https:\/\/schema.org\",\"@graph\":[{\"@type\":[\"WebPage\",\"ItemPage\"],\"@id\":\"https:\/\/yvesfouquet.com\/fr\/produit\/zhurnalnyj-stol-tb065-2\/\",\"url\":\"https:\/\/yvesfouquet.com\/fr\/produit\/zhurnalnyj-stol-tb065-2\/\",\"name\":\"Table basse TB065 - Yves Fouquet\",\"isPartOf\":{\"@id\":\"https:\/\/yvesfouquet.com\/#website\"},\"datePublished\":\"2022-04-28T18:52:55+00:00\",\"dateModified\":\"2022-04-28T18:52:55+00:00\",\"breadcrumb\":{\"@id\":\"https:\/\/yvesfouquet.com\/fr\/produit\/zhurnalnyj-stol-tb065-2\/#breadcrumb\"},\"inLanguage\":\"fr-FR\",\"potentialAction\":[{\"@type\":\"ReadAction\",\"target\":[\"https:\/\/yvesfouquet.com\/fr\/produit\/zhurnalnyj-stol-tb065-2\/\"]}]},{\"@type\":\"BreadcrumbList\",\"@id\":\"https:\/\/yvesfouquet.com\/fr\/produit\/zhurnalnyj-stol-tb065-2\/#breadcrumb\",\"itemListElement\":[{\"@type\":\"ListItem\",\"position\":1,\"name\":\"\u0413\u043b\u0430\u0432\u043d\u0430\u044f\",\"item\":\"https:\/\/yvesfouquet.com\/fr\/\"},{\"@type\":\"ListItem\",\"position\":2,\"name\":\"Collections\",\"item\":\"https:\/\/yvesfouquet.com\/fr\/collections\/\"},{\"@type\":\"ListItem\",\"position\":3,\"name\":\"Table basse TB065\"}]},{\"@type\":\"WebSite\",\"@id\":\"https:\/\/yvesfouquet.com\/#website\",\"url\":\"https:\/\/yvesfouquet.com\/\",\"name\":\"Yves Fouquet\",\"description\":\"\u0424\u0440\u0430\u043d\u0446\u0443\u0437\u0441\u043a\u0430\u044f \u043c\u0435\u0431\u0435\u043b\u044c\",\"potentialAction\":[{\"@type\":\"SearchAction\",\"target\":{\"@type\":\"EntryPoint\",\"urlTemplate\":\"https:\/\/yvesfouquet.com\/?s={search_term_string}\"},\"query-input\":\"required name=search_term_string\"}],\"inLanguage\":\"fr-FR\"}]}<\/script>\n<meta property=\"product:price:amount\" content=\"0\" \/>\n<meta property=\"product:price:currency\" content=\"EUR\" \/>\n<meta property=\"og:availability\" content=\"instock\" \/>\n<meta property=\"product:availability\" content=\"instock\" \/>\n<meta property=\"product:retailer_item_id\" content=\"TB065\" \/>\n<meta property=\"product:condition\" content=\"new\" \/>\n<!-- \/ Yoast SEO Premium plugin. -->","yoast_head_json":{"title":"Table basse TB065 - Yves Fouquet","robots":{"index":"index","follow":"follow","max-snippet":"max-snippet:-1","max-image-preview":"max-image-preview:large","max-video-preview":"max-video-preview:-1"},"canonical":"https:\/\/yvesfouquet.com\/fr\/produit\/zhurnalnyj-stol-tb065-2\/","og_locale":"fr_FR","og_type":"article","og_title":"Table basse TB065","og_description":"Largeur: 1100 Hauteur: 800 Profondeur: 1450","og_url":"https:\/\/yvesfouquet.com\/fr\/produit\/zhurnalnyj-stol-tb065-2\/","og_site_name":"Yves Fouquet","article_publisher":"https:\/\/www.facebook.com\/boutiueyvesfouquet","twitter_card":"summary_large_image","twitter_misc":{"Prix":"","Disponibilit\u00e9":"En stock"},"schema":{"@context":"https:\/\/schema.org","@graph":[{"@type":["WebPage","ItemPage"],"@id":"https:\/\/yvesfouquet.com\/fr\/produit\/zhurnalnyj-stol-tb065-2\/","url":"https:\/\/yvesfouquet.com\/fr\/produit\/zhurnalnyj-stol-tb065-2\/","name":"Table basse TB065 - Yves Fouquet","isPartOf":{"@id":"https:\/\/yvesfouquet.com\/#website"},"datePublished":"2022-04-28T18:52:55+00:00","dateModified":"2022-04-28T18:52:55+00:00","breadcrumb":{"@id":"https:\/\/yvesfouquet.com\/fr\/produit\/zhurnalnyj-stol-tb065-2\/#breadcrumb"},"inLanguage":"fr-FR","potentialAction":[{"@type":"ReadAction","target":["https:\/\/yvesfouquet.com\/fr\/produit\/zhurnalnyj-stol-tb065-2\/"]}]},{"@type":"BreadcrumbList","@id":"https:\/\/yvesfouquet.com\/fr\/produit\/zhurnalnyj-stol-tb065-2\/#breadcrumb","itemListElement":[{"@type":"ListItem","position":1,"name":"\u0413\u043b\u0430\u0432\u043d\u0430\u044f","item":"https:\/\/yvesfouquet.com\/fr\/"},{"@type":"ListItem","position":2,"name":"Collections","item":"https:\/\/yvesfouquet.com\/fr\/collections\/"},{"@type":"ListItem","position":3,"name":"Table basse TB065"}]},{"@type":"WebSite","@id":"https:\/\/yvesfouquet.com\/#website","url":"https:\/\/yvesfouquet.com\/","name":"Yves Fouquet","description":"\u0424\u0440\u0430\u043d\u0446\u0443\u0437\u0441\u043a\u0430\u044f \u043c\u0435\u0431\u0435\u043b\u044c","potentialAction":[{"@type":"SearchAction","target":{"@type":"EntryPoint","urlTemplate":"https:\/\/yvesfouquet.com\/?s={search_term_string}"},"query-input":"required name=search_term_string"}],"inLanguage":"fr-FR"}]},"product_price_currency":"EUR","og_availability":"instock","product_availability":"instock","product_retailer_item_id":"TB065","product_condition":"new"},"_links":{"self":[{"href":"https:\/\/yvesfouquet.com\/fr\/wp-json\/wp\/v2\/product\/18249"}],"collection":[{"href":"https:\/\/yvesfouquet.com\/fr\/wp-json\/wp\/v2\/product"}],"about":[{"href":"https:\/\/yvesfouquet.com\/fr\/wp-json\/wp\/v2\/types\/product"}],"version-history":[{"count":0,"href":"https:\/\/yvesfouquet.com\/fr\/wp-json\/wp\/v2\/product\/18249\/revisions"}],"wp:featuredmedia":[{"embeddable":true,"href":"https:\/\/yvesfouquet.com\/fr\/wp-json\/wp\/v2\/media\/20832"}],"wp:attachment":[{"href":"https:\/\/yvesfouquet.com\/fr\/wp-json\/wp\/v2\/media?parent=18249"}],"wp:term":[{"taxonomy":"product_cat","embeddable":true,"href":"https:\/\/yvesfouquet.com\/fr\/wp-json\/wp\/v2\/product_cat?post=18249"},{"taxonomy":"product_tag","embeddable":true,"href":"https:\/\/yvesfouquet.com\/fr\/wp-json\/wp\/v2\/product_tag?post=18249"}],"curies":[{"name":"wp","href":"https:\/\/api.w.org\/{rel}","templated":true}]}}