{"id":18250,"date":"2020-10-26T21:08:29","date_gmt":"2022-04-28T18:52:57","guid":{"rendered":"https:\/\/yvesfouquet.com\/product\/table-basse-tb067\/"},"modified":"2022-04-28T21:56:02","modified_gmt":"2022-04-28T18:56:02","slug":"zhurnalnyj-stol-tb067","status":"publish","type":"product","link":"https:\/\/yvesfouquet.com\/fr\/produit\/zhurnalnyj-stol-tb067\/","title":{"rendered":"Table basse TB067"},"content":{"rendered":"<p>Lorsque vous choisissez des meubles design pour votre int\u00e9rieur, assurez-vous de faire attention \u00e0 leur praticit\u00e9. Fabriqu\u00e9e dans le style Fran\u00e7ais ancien, la table basse en bois massif d\u00e9corera votre mobilier et en deviendra une partie fonctionnelle importante. En d\u00e9veloppant ce mod\u00e8le, les concepteurs de la manufacture de meubles Yves Fouquet se sont pr\u00e9occup\u00e9s non seulement de son apparence, mais aussi de sa composante pratique.<\/p>\n<p>La possibilit\u00e9 d\u2019agrandir la surface utilis\u00e9e avec quatre panneaux r\u00e9tractables est une caract\u00e9ristique int\u00e9ressante de cette table \u00e9l\u00e9gante. Pour faciliter l\u2019utilisation, chacun d\u2019eux est \u00e9quip\u00e9 de deux petites poign\u00e9es. Une fois pli\u00e9s, ces raccords ressemblent \u00e0 une d\u00e9coration modeste et simple.<\/p>\n<p>Une attention particuli\u00e8re est attir\u00e9e par un ensemble de comptoirs de forme carr\u00e9e, rappelant les parquets \u00e9l\u00e9gants des anciens ch\u00e2teaux Fran\u00e7ais. Mont\u00e9 sur des pieds robustes, il a l\u2019air non seulement \u00e9l\u00e9gant, mais aussi tr\u00e8s fiable.<\/p>\n<p>Une jolie table en bois dans le style de la vieille France est parfaite pour un th\u00e9 confortable, des rassemblements avec un verre de vin ou pour une partie de poker dans une entreprise amicale. Placez-le dans la partie centrale du salon et comprenez \u00e0 quel point il est confortable.<\/p>\n<p>Les meubles sur mesure seront fabriqu\u00e9s en fonction de votre taille et dans la couleur qui vous convient, de sorte qu\u2019ils s\u2019int\u00e9greront parfaitement \u00e0 l\u2019int\u00e9rieur.<\/p>\n","protected":false},"excerpt":{"rendered":"<p>Largeur: 980<\/p>\n<p>Hauteur: 380<\/p>\n<p>Profondeur: 980<\/p>\n","protected":false},"featured_media":20747,"template":"","meta":[],"product_cat":[170],"product_tag":[],"yoast_head":"<!-- This site is optimized with the Yoast SEO Premium plugin v20.7 (Yoast SEO v20.8) - https:\/\/yoast.com\/wordpress\/plugins\/seo\/ -->\n<title>Table basse en bois massif dans l\u2019ancien style - Yves Fouquet<\/title>\n<meta name=\"description\" content=\"Une table ancienne avec des panneaux r\u00e9tractables et un plateau de l\u2019usine d\u2019Yves Fouquet. Meubles design \u00e9l\u00e9gants dans Fran\u00e7ais style \u00e0 commander en Ukraine\" \/>\n<meta name=\"robots\" content=\"index, follow, max-snippet:-1, max-image-preview:large, max-video-preview:-1\" \/>\n<link rel=\"canonical\" href=\"https:\/\/yvesfouquet.com\/fr\/produit\/zhurnalnyj-stol-tb067\/\" \/>\n<meta property=\"og:locale\" content=\"fr_FR\" \/>\n<meta property=\"og:type\" content=\"article\" \/>\n<meta property=\"og:title\" content=\"Table basse TB067\" \/>\n<meta property=\"og:description\" content=\"Une table ancienne avec des panneaux r\u00e9tractables et un plateau de l\u2019usine d\u2019Yves Fouquet. Meubles design \u00e9l\u00e9gants dans Fran\u00e7ais style \u00e0 commander en Ukraine\" \/>\n<meta property=\"og:url\" content=\"https:\/\/yvesfouquet.com\/fr\/produit\/zhurnalnyj-stol-tb067\/\" \/>\n<meta property=\"og:site_name\" content=\"Yves Fouquet\" \/>\n<meta property=\"article:publisher\" content=\"https:\/\/www.facebook.com\/boutiueyvesfouquet\" \/>\n<meta property=\"article:modified_time\" content=\"2022-04-28T18:56:02+00:00\" \/>\n<meta property=\"og:image\" content=\"https:\/\/yvesfouquet.com\/wp-content\/uploads\/2020\/10\/6de007_100cee8e1d794d24b130835b1999985a-1.jpg\" \/>\n\t<meta property=\"og:image:width\" content=\"643\" \/>\n\t<meta property=\"og:image:height\" content=\"482\" \/>\n\t<meta property=\"og:image:type\" content=\"image\/jpeg\" \/>\n<meta name=\"twitter:card\" content=\"summary_large_image\" \/>\n<meta name=\"twitter:label1\" content=\"Prix\" \/>\n\t<meta name=\"twitter:data1\" content=\"\" \/>\n\t<meta name=\"twitter:label2\" content=\"Disponibilit\u00e9\" \/>\n\t<meta name=\"twitter:data2\" content=\"En stock\" \/>\n<script type=\"application\/ld+json\" class=\"yoast-schema-graph\">{\"@context\":\"https:\/\/schema.org\",\"@graph\":[{\"@type\":[\"WebPage\",\"ItemPage\"],\"@id\":\"https:\/\/yvesfouquet.com\/fr\/produit\/zhurnalnyj-stol-tb067\/\",\"url\":\"https:\/\/yvesfouquet.com\/fr\/produit\/zhurnalnyj-stol-tb067\/\",\"name\":\"Table basse en bois massif dans l\u2019ancien style - Yves Fouquet\",\"isPartOf\":{\"@id\":\"https:\/\/yvesfouquet.com\/#website\"},\"datePublished\":\"2022-04-28T18:52:57+00:00\",\"dateModified\":\"2022-04-28T18:56:02+00:00\",\"description\":\"Une table ancienne avec des panneaux r\u00e9tractables et un plateau de l\u2019usine d\u2019Yves Fouquet. Meubles design \u00e9l\u00e9gants dans Fran\u00e7ais style \u00e0 commander en Ukraine\",\"breadcrumb\":{\"@id\":\"https:\/\/yvesfouquet.com\/fr\/produit\/zhurnalnyj-stol-tb067\/#breadcrumb\"},\"inLanguage\":\"fr-FR\",\"potentialAction\":[{\"@type\":\"ReadAction\",\"target\":[\"https:\/\/yvesfouquet.com\/fr\/produit\/zhurnalnyj-stol-tb067\/\"]}]},{\"@type\":\"BreadcrumbList\",\"@id\":\"https:\/\/yvesfouquet.com\/fr\/produit\/zhurnalnyj-stol-tb067\/#breadcrumb\",\"itemListElement\":[{\"@type\":\"ListItem\",\"position\":1,\"name\":\"\u0413\u043b\u0430\u0432\u043d\u0430\u044f\",\"item\":\"https:\/\/yvesfouquet.com\/fr\/\"},{\"@type\":\"ListItem\",\"position\":2,\"name\":\"Collections\",\"item\":\"https:\/\/yvesfouquet.com\/fr\/collections\/\"},{\"@type\":\"ListItem\",\"position\":3,\"name\":\"Table basse TB067\"}]},{\"@type\":\"WebSite\",\"@id\":\"https:\/\/yvesfouquet.com\/#website\",\"url\":\"https:\/\/yvesfouquet.com\/\",\"name\":\"Yves Fouquet\",\"description\":\"\u0424\u0440\u0430\u043d\u0446\u0443\u0437\u0441\u043a\u0430\u044f \u043c\u0435\u0431\u0435\u043b\u044c\",\"potentialAction\":[{\"@type\":\"SearchAction\",\"target\":{\"@type\":\"EntryPoint\",\"urlTemplate\":\"https:\/\/yvesfouquet.com\/?s={search_term_string}\"},\"query-input\":\"required name=search_term_string\"}],\"inLanguage\":\"fr-FR\"}]}<\/script>\n<meta property=\"product:price:amount\" content=\"0\" \/>\n<meta property=\"product:price:currency\" content=\"EUR\" \/>\n<meta property=\"og:availability\" content=\"instock\" \/>\n<meta property=\"product:availability\" content=\"instock\" \/>\n<meta property=\"product:retailer_item_id\" content=\"TB067\" \/>\n<meta property=\"product:condition\" content=\"new\" \/>\n<!-- \/ Yoast SEO Premium plugin. -->","yoast_head_json":{"title":"Table basse en bois massif dans l\u2019ancien style - Yves Fouquet","description":"Une table ancienne avec des panneaux r\u00e9tractables et un plateau de l\u2019usine d\u2019Yves Fouquet. Meubles design \u00e9l\u00e9gants dans Fran\u00e7ais style \u00e0 commander en Ukraine","robots":{"index":"index","follow":"follow","max-snippet":"max-snippet:-1","max-image-preview":"max-image-preview:large","max-video-preview":"max-video-preview:-1"},"canonical":"https:\/\/yvesfouquet.com\/fr\/produit\/zhurnalnyj-stol-tb067\/","og_locale":"fr_FR","og_type":"article","og_title":"Table basse TB067","og_description":"Une table ancienne avec des panneaux r\u00e9tractables et un plateau de l\u2019usine d\u2019Yves Fouquet. Meubles design \u00e9l\u00e9gants dans Fran\u00e7ais style \u00e0 commander en Ukraine","og_url":"https:\/\/yvesfouquet.com\/fr\/produit\/zhurnalnyj-stol-tb067\/","og_site_name":"Yves Fouquet","article_publisher":"https:\/\/www.facebook.com\/boutiueyvesfouquet","article_modified_time":"2022-04-28T18:56:02+00:00","og_image":[{"width":643,"height":482,"url":"https:\/\/yvesfouquet.com\/wp-content\/uploads\/2020\/10\/6de007_100cee8e1d794d24b130835b1999985a-1.jpg","type":"image\/jpeg"}],"twitter_card":"summary_large_image","twitter_misc":{"Prix":"","Disponibilit\u00e9":"En stock"},"schema":{"@context":"https:\/\/schema.org","@graph":[{"@type":["WebPage","ItemPage"],"@id":"https:\/\/yvesfouquet.com\/fr\/produit\/zhurnalnyj-stol-tb067\/","url":"https:\/\/yvesfouquet.com\/fr\/produit\/zhurnalnyj-stol-tb067\/","name":"Table basse en bois massif dans l\u2019ancien style - Yves Fouquet","isPartOf":{"@id":"https:\/\/yvesfouquet.com\/#website"},"datePublished":"2022-04-28T18:52:57+00:00","dateModified":"2022-04-28T18:56:02+00:00","description":"Une table ancienne avec des panneaux r\u00e9tractables et un plateau de l\u2019usine d\u2019Yves Fouquet. Meubles design \u00e9l\u00e9gants dans Fran\u00e7ais style \u00e0 commander en Ukraine","breadcrumb":{"@id":"https:\/\/yvesfouquet.com\/fr\/produit\/zhurnalnyj-stol-tb067\/#breadcrumb"},"inLanguage":"fr-FR","potentialAction":[{"@type":"ReadAction","target":["https:\/\/yvesfouquet.com\/fr\/produit\/zhurnalnyj-stol-tb067\/"]}]},{"@type":"BreadcrumbList","@id":"https:\/\/yvesfouquet.com\/fr\/produit\/zhurnalnyj-stol-tb067\/#breadcrumb","itemListElement":[{"@type":"ListItem","position":1,"name":"\u0413\u043b\u0430\u0432\u043d\u0430\u044f","item":"https:\/\/yvesfouquet.com\/fr\/"},{"@type":"ListItem","position":2,"name":"Collections","item":"https:\/\/yvesfouquet.com\/fr\/collections\/"},{"@type":"ListItem","position":3,"name":"Table basse TB067"}]},{"@type":"WebSite","@id":"https:\/\/yvesfouquet.com\/#website","url":"https:\/\/yvesfouquet.com\/","name":"Yves Fouquet","description":"\u0424\u0440\u0430\u043d\u0446\u0443\u0437\u0441\u043a\u0430\u044f \u043c\u0435\u0431\u0435\u043b\u044c","potentialAction":[{"@type":"SearchAction","target":{"@type":"EntryPoint","urlTemplate":"https:\/\/yvesfouquet.com\/?s={search_term_string}"},"query-input":"required name=search_term_string"}],"inLanguage":"fr-FR"}]},"product_price_currency":"EUR","og_availability":"instock","product_availability":"instock","product_retailer_item_id":"TB067","product_condition":"new"},"_links":{"self":[{"href":"https:\/\/yvesfouquet.com\/fr\/wp-json\/wp\/v2\/product\/18250"}],"collection":[{"href":"https:\/\/yvesfouquet.com\/fr\/wp-json\/wp\/v2\/product"}],"about":[{"href":"https:\/\/yvesfouquet.com\/fr\/wp-json\/wp\/v2\/types\/product"}],"version-history":[{"count":1,"href":"https:\/\/yvesfouquet.com\/fr\/wp-json\/wp\/v2\/product\/18250\/revisions"}],"predecessor-version":[{"id":18270,"href":"https:\/\/yvesfouquet.com\/fr\/wp-json\/wp\/v2\/product\/18250\/revisions\/18270"}],"wp:featuredmedia":[{"embeddable":true,"href":"https:\/\/yvesfouquet.com\/fr\/wp-json\/wp\/v2\/media\/20747"}],"wp:attachment":[{"href":"https:\/\/yvesfouquet.com\/fr\/wp-json\/wp\/v2\/media?parent=18250"}],"wp:term":[{"taxonomy":"product_cat","embeddable":true,"href":"https:\/\/yvesfouquet.com\/fr\/wp-json\/wp\/v2\/product_cat?post=18250"},{"taxonomy":"product_tag","embeddable":true,"href":"https:\/\/yvesfouquet.com\/fr\/wp-json\/wp\/v2\/product_tag?post=18250"}],"curies":[{"name":"wp","href":"https:\/\/api.w.org\/{rel}","templated":true}]}}