{"id":18253,"date":"2020-10-26T21:08:30","date_gmt":"2022-04-28T18:52:58","guid":{"rendered":"https:\/\/yvesfouquet.com\/product\/table-basse-crapo-tb069\/"},"modified":"2022-04-28T21:52:58","modified_gmt":"2022-04-28T18:52:58","slug":"zhurnalnyj-stolcrapo-tb069-2","status":"publish","type":"product","link":"https:\/\/yvesfouquet.com\/fr\/produit\/zhurnalnyj-stolcrapo-tb069-2\/","title":{"rendered":"Table basse Crapo TB069"},"content":{"rendered":"<p>Les connaisseurs de formes arrondies agr\u00e9ables, bien s\u00fbr, devront go\u00fbter la table basse squat Crapo avec le comptoir d\u2019origine. C\u2019est une autre merveilleuse cr\u00e9ation int\u00e9rieure dans le style ancien, cr\u00e9\u00e9e par les mains habiles des ma\u00eetres de la fabrication Fran\u00e7ais Yves Fouquet en Ukraine.<\/p>\n<p>Fabriqu\u00e9e en bois massif, la table en forme de d\u00f4me semble suspendue au-dessus du sol. L\u00e9g\u00e8rement appuy\u00e9s contre une surface dure, ses pieds arrondis s\u2019\u00e9coulent doucement dans des extr\u00e9mit\u00e9s sculpt\u00e9es arrondies avec une fine bordure \u00e9l\u00e9gante.<\/p>\n<p>Un comptoir avec un motif de parquet g\u00e9om\u00e9trique a un centre clair avec un carr\u00e9 de couleur contrastante au milieu. Gr\u00e2ce \u00e0 une id\u00e9e de design aussi int\u00e9ressante, une bo\u00eete de fruits, un cand\u00e9labre et un vase avec des fleurs auront fi\u00e8re allure ici.<\/p>\n<p>Une table en bois antique \u00e9l\u00e9gante en forme de d\u00f4me ajoutera certainement de l\u2019excentricit\u00e9 \u00e0 votre int\u00e9rieur. Il est \u00e9l\u00e9gant et tr\u00e8s pratique. Une telle table aura fi\u00e8re allure \u00e0 la fois dans le bureau et dans le salon.<\/p>\n<p>Les meubles design sur mesure peuvent \u00eatre fabriqu\u00e9s dans n\u2019importe quelle taille adapt\u00e9e \u00e0 vos compteurs. Il sera possible d\u2019apporter les changements n\u00e9cessaires \u00e0 la fois dans la palette de couleurs et dans le motif du comptoir du cadran de la table basse.<\/p>\n","protected":false},"excerpt":{"rendered":"<p>Largeur: 1200<\/p>\n<p>Hauteur: 360<\/p>\n<p>Profondeur: 1200<\/p>\n","protected":false},"featured_media":20852,"template":"","meta":[],"product_cat":[170],"product_tag":[],"yoast_head":"<!-- This site is optimized with the Yoast SEO Premium plugin v20.7 (Yoast SEO v20.8) - https:\/\/yoast.com\/wordpress\/plugins\/seo\/ -->\n<title>Table basse en bois naturel dans l\u2019ancienne Fran\u00e7ais - Yves Fouquet<\/title>\n<meta name=\"description\" content=\"Une table en bois \u00e9l\u00e9gante avec un plateau fixe pour votre salon. Ici, vous pouvez commander des meubles design uniques en Ukraine \u00e0 l\u2019usine d\u2019Yves Fouquet\" \/>\n<meta name=\"robots\" content=\"index, follow, max-snippet:-1, max-image-preview:large, max-video-preview:-1\" \/>\n<link rel=\"canonical\" href=\"https:\/\/yvesfouquet.com\/fr\/produit\/zhurnalnyj-stolcrapo-tb069-2\/\" \/>\n<meta property=\"og:locale\" content=\"fr_FR\" \/>\n<meta property=\"og:type\" content=\"article\" \/>\n<meta property=\"og:title\" content=\"Table basse Crapo TB069\" \/>\n<meta property=\"og:description\" content=\"Une table en bois \u00e9l\u00e9gante avec un plateau fixe pour votre salon. Ici, vous pouvez commander des meubles design uniques en Ukraine \u00e0 l\u2019usine d\u2019Yves Fouquet\" \/>\n<meta property=\"og:url\" content=\"https:\/\/yvesfouquet.com\/fr\/produit\/zhurnalnyj-stolcrapo-tb069-2\/\" \/>\n<meta property=\"og:site_name\" content=\"Yves Fouquet\" \/>\n<meta property=\"article:publisher\" content=\"https:\/\/www.facebook.com\/boutiueyvesfouquet\" \/>\n<meta property=\"og:image\" content=\"https:\/\/yvesfouquet.com\/wp-content\/uploads\/2020\/10\/6de007_26d60d7465f745c3965e6a4abc07c535.jpg\" \/>\n\t<meta property=\"og:image:width\" content=\"600\" \/>\n\t<meta property=\"og:image:height\" content=\"600\" \/>\n\t<meta property=\"og:image:type\" content=\"image\/jpeg\" \/>\n<meta name=\"twitter:card\" content=\"summary_large_image\" \/>\n<meta name=\"twitter:label1\" content=\"Prix\" \/>\n\t<meta name=\"twitter:data1\" content=\"\" \/>\n\t<meta name=\"twitter:label2\" content=\"Disponibilit\u00e9\" \/>\n\t<meta name=\"twitter:data2\" content=\"En stock\" \/>\n<script type=\"application\/ld+json\" class=\"yoast-schema-graph\">{\"@context\":\"https:\/\/schema.org\",\"@graph\":[{\"@type\":[\"WebPage\",\"ItemPage\"],\"@id\":\"https:\/\/yvesfouquet.com\/fr\/produit\/zhurnalnyj-stolcrapo-tb069-2\/\",\"url\":\"https:\/\/yvesfouquet.com\/fr\/produit\/zhurnalnyj-stolcrapo-tb069-2\/\",\"name\":\"Table basse en bois naturel dans l\u2019ancienne Fran\u00e7ais - Yves Fouquet\",\"isPartOf\":{\"@id\":\"https:\/\/yvesfouquet.com\/#website\"},\"datePublished\":\"2022-04-28T18:52:58+00:00\",\"dateModified\":\"2022-04-28T18:52:58+00:00\",\"description\":\"Une table en bois \u00e9l\u00e9gante avec un plateau fixe pour votre salon. Ici, vous pouvez commander des meubles design uniques en Ukraine \u00e0 l\u2019usine d\u2019Yves Fouquet\",\"breadcrumb\":{\"@id\":\"https:\/\/yvesfouquet.com\/fr\/produit\/zhurnalnyj-stolcrapo-tb069-2\/#breadcrumb\"},\"inLanguage\":\"fr-FR\",\"potentialAction\":[{\"@type\":\"ReadAction\",\"target\":[\"https:\/\/yvesfouquet.com\/fr\/produit\/zhurnalnyj-stolcrapo-tb069-2\/\"]}]},{\"@type\":\"BreadcrumbList\",\"@id\":\"https:\/\/yvesfouquet.com\/fr\/produit\/zhurnalnyj-stolcrapo-tb069-2\/#breadcrumb\",\"itemListElement\":[{\"@type\":\"ListItem\",\"position\":1,\"name\":\"\u0413\u043b\u0430\u0432\u043d\u0430\u044f\",\"item\":\"https:\/\/yvesfouquet.com\/fr\/\"},{\"@type\":\"ListItem\",\"position\":2,\"name\":\"Collections\",\"item\":\"https:\/\/yvesfouquet.com\/fr\/collections\/\"},{\"@type\":\"ListItem\",\"position\":3,\"name\":\"Table basse Crapo TB069\"}]},{\"@type\":\"WebSite\",\"@id\":\"https:\/\/yvesfouquet.com\/#website\",\"url\":\"https:\/\/yvesfouquet.com\/\",\"name\":\"Yves Fouquet\",\"description\":\"\u0424\u0440\u0430\u043d\u0446\u0443\u0437\u0441\u043a\u0430\u044f \u043c\u0435\u0431\u0435\u043b\u044c\",\"potentialAction\":[{\"@type\":\"SearchAction\",\"target\":{\"@type\":\"EntryPoint\",\"urlTemplate\":\"https:\/\/yvesfouquet.com\/?s={search_term_string}\"},\"query-input\":\"required name=search_term_string\"}],\"inLanguage\":\"fr-FR\"}]}<\/script>\n<meta property=\"product:price:amount\" content=\"0\" \/>\n<meta property=\"product:price:currency\" content=\"EUR\" \/>\n<meta property=\"og:availability\" content=\"instock\" \/>\n<meta property=\"product:availability\" content=\"instock\" \/>\n<meta property=\"product:retailer_item_id\" content=\"TB069\" \/>\n<meta property=\"product:condition\" content=\"new\" \/>\n<!-- \/ Yoast SEO Premium plugin. -->","yoast_head_json":{"title":"Table basse en bois naturel dans l\u2019ancienne Fran\u00e7ais - Yves Fouquet","description":"Une table en bois \u00e9l\u00e9gante avec un plateau fixe pour votre salon. Ici, vous pouvez commander des meubles design uniques en Ukraine \u00e0 l\u2019usine d\u2019Yves Fouquet","robots":{"index":"index","follow":"follow","max-snippet":"max-snippet:-1","max-image-preview":"max-image-preview:large","max-video-preview":"max-video-preview:-1"},"canonical":"https:\/\/yvesfouquet.com\/fr\/produit\/zhurnalnyj-stolcrapo-tb069-2\/","og_locale":"fr_FR","og_type":"article","og_title":"Table basse Crapo TB069","og_description":"Une table en bois \u00e9l\u00e9gante avec un plateau fixe pour votre salon. Ici, vous pouvez commander des meubles design uniques en Ukraine \u00e0 l\u2019usine d\u2019Yves Fouquet","og_url":"https:\/\/yvesfouquet.com\/fr\/produit\/zhurnalnyj-stolcrapo-tb069-2\/","og_site_name":"Yves Fouquet","article_publisher":"https:\/\/www.facebook.com\/boutiueyvesfouquet","og_image":[{"width":600,"height":600,"url":"https:\/\/yvesfouquet.com\/wp-content\/uploads\/2020\/10\/6de007_26d60d7465f745c3965e6a4abc07c535.jpg","type":"image\/jpeg"}],"twitter_card":"summary_large_image","twitter_misc":{"Prix":"","Disponibilit\u00e9":"En stock"},"schema":{"@context":"https:\/\/schema.org","@graph":[{"@type":["WebPage","ItemPage"],"@id":"https:\/\/yvesfouquet.com\/fr\/produit\/zhurnalnyj-stolcrapo-tb069-2\/","url":"https:\/\/yvesfouquet.com\/fr\/produit\/zhurnalnyj-stolcrapo-tb069-2\/","name":"Table basse en bois naturel dans l\u2019ancienne Fran\u00e7ais - Yves Fouquet","isPartOf":{"@id":"https:\/\/yvesfouquet.com\/#website"},"datePublished":"2022-04-28T18:52:58+00:00","dateModified":"2022-04-28T18:52:58+00:00","description":"Une table en bois \u00e9l\u00e9gante avec un plateau fixe pour votre salon. Ici, vous pouvez commander des meubles design uniques en Ukraine \u00e0 l\u2019usine d\u2019Yves Fouquet","breadcrumb":{"@id":"https:\/\/yvesfouquet.com\/fr\/produit\/zhurnalnyj-stolcrapo-tb069-2\/#breadcrumb"},"inLanguage":"fr-FR","potentialAction":[{"@type":"ReadAction","target":["https:\/\/yvesfouquet.com\/fr\/produit\/zhurnalnyj-stolcrapo-tb069-2\/"]}]},{"@type":"BreadcrumbList","@id":"https:\/\/yvesfouquet.com\/fr\/produit\/zhurnalnyj-stolcrapo-tb069-2\/#breadcrumb","itemListElement":[{"@type":"ListItem","position":1,"name":"\u0413\u043b\u0430\u0432\u043d\u0430\u044f","item":"https:\/\/yvesfouquet.com\/fr\/"},{"@type":"ListItem","position":2,"name":"Collections","item":"https:\/\/yvesfouquet.com\/fr\/collections\/"},{"@type":"ListItem","position":3,"name":"Table basse Crapo TB069"}]},{"@type":"WebSite","@id":"https:\/\/yvesfouquet.com\/#website","url":"https:\/\/yvesfouquet.com\/","name":"Yves Fouquet","description":"\u0424\u0440\u0430\u043d\u0446\u0443\u0437\u0441\u043a\u0430\u044f \u043c\u0435\u0431\u0435\u043b\u044c","potentialAction":[{"@type":"SearchAction","target":{"@type":"EntryPoint","urlTemplate":"https:\/\/yvesfouquet.com\/?s={search_term_string}"},"query-input":"required name=search_term_string"}],"inLanguage":"fr-FR"}]},"product_price_currency":"EUR","og_availability":"instock","product_availability":"instock","product_retailer_item_id":"TB069","product_condition":"new"},"_links":{"self":[{"href":"https:\/\/yvesfouquet.com\/fr\/wp-json\/wp\/v2\/product\/18253"}],"collection":[{"href":"https:\/\/yvesfouquet.com\/fr\/wp-json\/wp\/v2\/product"}],"about":[{"href":"https:\/\/yvesfouquet.com\/fr\/wp-json\/wp\/v2\/types\/product"}],"version-history":[{"count":0,"href":"https:\/\/yvesfouquet.com\/fr\/wp-json\/wp\/v2\/product\/18253\/revisions"}],"wp:featuredmedia":[{"embeddable":true,"href":"https:\/\/yvesfouquet.com\/fr\/wp-json\/wp\/v2\/media\/20852"}],"wp:attachment":[{"href":"https:\/\/yvesfouquet.com\/fr\/wp-json\/wp\/v2\/media?parent=18253"}],"wp:term":[{"taxonomy":"product_cat","embeddable":true,"href":"https:\/\/yvesfouquet.com\/fr\/wp-json\/wp\/v2\/product_cat?post=18253"},{"taxonomy":"product_tag","embeddable":true,"href":"https:\/\/yvesfouquet.com\/fr\/wp-json\/wp\/v2\/product_tag?post=18253"}],"curies":[{"name":"wp","href":"https:\/\/api.w.org\/{rel}","templated":true}]}}