{"id":18256,"date":"2020-10-26T21:09:03","date_gmt":"2022-04-28T18:53:02","guid":{"rendered":"https:\/\/yvesfouquet.com\/product\/table-basse-tb074\/"},"modified":"2022-04-28T21:53:02","modified_gmt":"2022-04-28T18:53:02","slug":"zhurnalnyj-stol-tb074-2","status":"publish","type":"product","link":"https:\/\/yvesfouquet.com\/fr\/produit\/zhurnalnyj-stol-tb074-2\/","title":{"rendered":"Table basse TB074"},"content":{"rendered":"<p>Compl\u00e9tant parfaitement l\u2019atmosph\u00e8re \u00e9l\u00e9gante de votre int\u00e9rieur est une petite table basse MANT avec des sculptures \u00e9l\u00e9gantes sur les extr\u00e9mit\u00e9s. Il aura fi\u00e8re allure dans le boudoir et dans n\u2019importe quelle partie du salon. Placez-le pr\u00e8s de la chaise ou \u00e0 c\u00f4t\u00e9 du lampadaire, mettez-le plus pr\u00e8s de la chemin\u00e9e &#8211; une \u00e9l\u00e9gante table en bois dans le style old Fran\u00e7ais sera \u00e0 sa place partout.<\/p>\n<p>Le plateau de la table basse est encadr\u00e9 par de larges lattes et ressemble \u00e0 une image encadr\u00e9e. Quoi que vous y mettiez, tout ressemblera \u00e0 une nature morte revivifi\u00e9e et c\u2019est une excellente occasion pour un vol d\u2019imagination de conception. Sur une telle table int\u00e9rieure, un vase avec des fruits frais, un petit ensemble de caf\u00e9 et, bien s\u00fbr, une pile de magazines auront l\u2019air merveilleux.<\/p>\n<p>Une combinaison int\u00e9ressante est la partie d\u2019extr\u00e9mit\u00e9 sculpt\u00e9e et les pieds tordus accroupis d\u2019une table en bois. Ils contrastent agr\u00e9ablement avec le comptoir, tout en se compl\u00e9tant harmonieusement. Looks \u00e9l\u00e9gants et \u00e9l\u00e9gants situ\u00e9s dans la partie centrale des extr\u00e9mit\u00e9s de la sculpture avec un vase et des brins de laurier \u00e9tal\u00e9s sur les c\u00f4t\u00e9s.<\/p>\n<p>En commandant une table basse en bois dans le style Fran\u00e7ais ancien d\u2019Yves Fouquet, vous obtiendrez non seulement des meubles de haute qualit\u00e9, mais une v\u00e9ritable \u0153uvre d\u2019art.<\/p>\n","protected":false},"excerpt":{"rendered":"<p>Largeur: 1200<\/p>\n<p>Hauteur: 410<\/p>\n<p>Profondeur: 1200<\/p>\n","protected":false},"featured_media":20795,"template":"","meta":[],"product_cat":[170],"product_tag":[],"yoast_head":"<!-- This site is optimized with the Yoast SEO Premium plugin v20.7 (Yoast SEO v20.8) - https:\/\/yoast.com\/wordpress\/plugins\/seo\/ -->\n<title>Table basse \u00e9l\u00e9gante dans l\u2019ancien style Fran\u00e7ais - Yves Fouquet<\/title>\n<meta name=\"description\" content=\"La table en bois d\u2019origine en bois naturel de masiva rendra votre int\u00e9rieur confortable et raffin\u00e9. Acheter des tables de cr\u00e9ateurs sur commande aupr\u00e8s de la manufacture d\u2019Yves Fouquet en Ukraine\" \/>\n<meta name=\"robots\" content=\"index, follow, max-snippet:-1, max-image-preview:large, max-video-preview:-1\" \/>\n<link rel=\"canonical\" href=\"https:\/\/yvesfouquet.com\/fr\/produit\/zhurnalnyj-stol-tb074-2\/\" \/>\n<meta property=\"og:locale\" content=\"fr_FR\" \/>\n<meta property=\"og:type\" content=\"article\" \/>\n<meta property=\"og:title\" content=\"Table basse TB074\" \/>\n<meta property=\"og:description\" content=\"La table en bois d\u2019origine en bois naturel de masiva rendra votre int\u00e9rieur confortable et raffin\u00e9. Acheter des tables de cr\u00e9ateurs sur commande aupr\u00e8s de la manufacture d\u2019Yves Fouquet en Ukraine\" \/>\n<meta property=\"og:url\" content=\"https:\/\/yvesfouquet.com\/fr\/produit\/zhurnalnyj-stol-tb074-2\/\" \/>\n<meta property=\"og:site_name\" content=\"Yves Fouquet\" \/>\n<meta property=\"article:publisher\" content=\"https:\/\/www.facebook.com\/boutiueyvesfouquet\" \/>\n<meta property=\"og:image\" content=\"https:\/\/yvesfouquet.com\/wp-content\/uploads\/2020\/10\/6de007_ad2abc47508e4dfaa9de4da15803f27f-1.jpg\" \/>\n\t<meta property=\"og:image:width\" content=\"945\" \/>\n\t<meta property=\"og:image:height\" content=\"729\" \/>\n\t<meta property=\"og:image:type\" content=\"image\/jpeg\" \/>\n<meta name=\"twitter:card\" content=\"summary_large_image\" \/>\n<meta name=\"twitter:label1\" content=\"Prix\" \/>\n\t<meta name=\"twitter:data1\" content=\"\" \/>\n\t<meta name=\"twitter:label2\" content=\"Disponibilit\u00e9\" \/>\n\t<meta name=\"twitter:data2\" content=\"En stock\" \/>\n<script type=\"application\/ld+json\" class=\"yoast-schema-graph\">{\"@context\":\"https:\/\/schema.org\",\"@graph\":[{\"@type\":[\"WebPage\",\"ItemPage\"],\"@id\":\"https:\/\/yvesfouquet.com\/fr\/produit\/zhurnalnyj-stol-tb074-2\/\",\"url\":\"https:\/\/yvesfouquet.com\/fr\/produit\/zhurnalnyj-stol-tb074-2\/\",\"name\":\"Table basse \u00e9l\u00e9gante dans l\u2019ancien style Fran\u00e7ais - Yves Fouquet\",\"isPartOf\":{\"@id\":\"https:\/\/yvesfouquet.com\/#website\"},\"datePublished\":\"2022-04-28T18:53:02+00:00\",\"dateModified\":\"2022-04-28T18:53:02+00:00\",\"description\":\"La table en bois d\u2019origine en bois naturel de masiva rendra votre int\u00e9rieur confortable et raffin\u00e9. Acheter des tables de cr\u00e9ateurs sur commande aupr\u00e8s de la manufacture d\u2019Yves Fouquet en Ukraine\",\"breadcrumb\":{\"@id\":\"https:\/\/yvesfouquet.com\/fr\/produit\/zhurnalnyj-stol-tb074-2\/#breadcrumb\"},\"inLanguage\":\"fr-FR\",\"potentialAction\":[{\"@type\":\"ReadAction\",\"target\":[\"https:\/\/yvesfouquet.com\/fr\/produit\/zhurnalnyj-stol-tb074-2\/\"]}]},{\"@type\":\"BreadcrumbList\",\"@id\":\"https:\/\/yvesfouquet.com\/fr\/produit\/zhurnalnyj-stol-tb074-2\/#breadcrumb\",\"itemListElement\":[{\"@type\":\"ListItem\",\"position\":1,\"name\":\"\u0413\u043b\u0430\u0432\u043d\u0430\u044f\",\"item\":\"https:\/\/yvesfouquet.com\/fr\/\"},{\"@type\":\"ListItem\",\"position\":2,\"name\":\"Collections\",\"item\":\"https:\/\/yvesfouquet.com\/fr\/collections\/\"},{\"@type\":\"ListItem\",\"position\":3,\"name\":\"Table basse TB074\"}]},{\"@type\":\"WebSite\",\"@id\":\"https:\/\/yvesfouquet.com\/#website\",\"url\":\"https:\/\/yvesfouquet.com\/\",\"name\":\"Yves Fouquet\",\"description\":\"\u0424\u0440\u0430\u043d\u0446\u0443\u0437\u0441\u043a\u0430\u044f \u043c\u0435\u0431\u0435\u043b\u044c\",\"potentialAction\":[{\"@type\":\"SearchAction\",\"target\":{\"@type\":\"EntryPoint\",\"urlTemplate\":\"https:\/\/yvesfouquet.com\/?s={search_term_string}\"},\"query-input\":\"required name=search_term_string\"}],\"inLanguage\":\"fr-FR\"}]}<\/script>\n<meta property=\"product:price:amount\" content=\"0\" \/>\n<meta property=\"product:price:currency\" content=\"EUR\" \/>\n<meta property=\"og:availability\" content=\"instock\" \/>\n<meta property=\"product:availability\" content=\"instock\" \/>\n<meta property=\"product:retailer_item_id\" content=\"TB074\" \/>\n<meta property=\"product:condition\" content=\"new\" \/>\n<!-- \/ Yoast SEO Premium plugin. -->","yoast_head_json":{"title":"Table basse \u00e9l\u00e9gante dans l\u2019ancien style Fran\u00e7ais - Yves Fouquet","description":"La table en bois d\u2019origine en bois naturel de masiva rendra votre int\u00e9rieur confortable et raffin\u00e9. Acheter des tables de cr\u00e9ateurs sur commande aupr\u00e8s de la manufacture d\u2019Yves Fouquet en Ukraine","robots":{"index":"index","follow":"follow","max-snippet":"max-snippet:-1","max-image-preview":"max-image-preview:large","max-video-preview":"max-video-preview:-1"},"canonical":"https:\/\/yvesfouquet.com\/fr\/produit\/zhurnalnyj-stol-tb074-2\/","og_locale":"fr_FR","og_type":"article","og_title":"Table basse TB074","og_description":"La table en bois d\u2019origine en bois naturel de masiva rendra votre int\u00e9rieur confortable et raffin\u00e9. Acheter des tables de cr\u00e9ateurs sur commande aupr\u00e8s de la manufacture d\u2019Yves Fouquet en Ukraine","og_url":"https:\/\/yvesfouquet.com\/fr\/produit\/zhurnalnyj-stol-tb074-2\/","og_site_name":"Yves Fouquet","article_publisher":"https:\/\/www.facebook.com\/boutiueyvesfouquet","og_image":[{"width":945,"height":729,"url":"https:\/\/yvesfouquet.com\/wp-content\/uploads\/2020\/10\/6de007_ad2abc47508e4dfaa9de4da15803f27f-1.jpg","type":"image\/jpeg"}],"twitter_card":"summary_large_image","twitter_misc":{"Prix":"","Disponibilit\u00e9":"En stock"},"schema":{"@context":"https:\/\/schema.org","@graph":[{"@type":["WebPage","ItemPage"],"@id":"https:\/\/yvesfouquet.com\/fr\/produit\/zhurnalnyj-stol-tb074-2\/","url":"https:\/\/yvesfouquet.com\/fr\/produit\/zhurnalnyj-stol-tb074-2\/","name":"Table basse \u00e9l\u00e9gante dans l\u2019ancien style Fran\u00e7ais - Yves Fouquet","isPartOf":{"@id":"https:\/\/yvesfouquet.com\/#website"},"datePublished":"2022-04-28T18:53:02+00:00","dateModified":"2022-04-28T18:53:02+00:00","description":"La table en bois d\u2019origine en bois naturel de masiva rendra votre int\u00e9rieur confortable et raffin\u00e9. Acheter des tables de cr\u00e9ateurs sur commande aupr\u00e8s de la manufacture d\u2019Yves Fouquet en Ukraine","breadcrumb":{"@id":"https:\/\/yvesfouquet.com\/fr\/produit\/zhurnalnyj-stol-tb074-2\/#breadcrumb"},"inLanguage":"fr-FR","potentialAction":[{"@type":"ReadAction","target":["https:\/\/yvesfouquet.com\/fr\/produit\/zhurnalnyj-stol-tb074-2\/"]}]},{"@type":"BreadcrumbList","@id":"https:\/\/yvesfouquet.com\/fr\/produit\/zhurnalnyj-stol-tb074-2\/#breadcrumb","itemListElement":[{"@type":"ListItem","position":1,"name":"\u0413\u043b\u0430\u0432\u043d\u0430\u044f","item":"https:\/\/yvesfouquet.com\/fr\/"},{"@type":"ListItem","position":2,"name":"Collections","item":"https:\/\/yvesfouquet.com\/fr\/collections\/"},{"@type":"ListItem","position":3,"name":"Table basse TB074"}]},{"@type":"WebSite","@id":"https:\/\/yvesfouquet.com\/#website","url":"https:\/\/yvesfouquet.com\/","name":"Yves Fouquet","description":"\u0424\u0440\u0430\u043d\u0446\u0443\u0437\u0441\u043a\u0430\u044f \u043c\u0435\u0431\u0435\u043b\u044c","potentialAction":[{"@type":"SearchAction","target":{"@type":"EntryPoint","urlTemplate":"https:\/\/yvesfouquet.com\/?s={search_term_string}"},"query-input":"required name=search_term_string"}],"inLanguage":"fr-FR"}]},"product_price_currency":"EUR","og_availability":"instock","product_availability":"instock","product_retailer_item_id":"TB074","product_condition":"new"},"_links":{"self":[{"href":"https:\/\/yvesfouquet.com\/fr\/wp-json\/wp\/v2\/product\/18256"}],"collection":[{"href":"https:\/\/yvesfouquet.com\/fr\/wp-json\/wp\/v2\/product"}],"about":[{"href":"https:\/\/yvesfouquet.com\/fr\/wp-json\/wp\/v2\/types\/product"}],"version-history":[{"count":0,"href":"https:\/\/yvesfouquet.com\/fr\/wp-json\/wp\/v2\/product\/18256\/revisions"}],"wp:featuredmedia":[{"embeddable":true,"href":"https:\/\/yvesfouquet.com\/fr\/wp-json\/wp\/v2\/media\/20795"}],"wp:attachment":[{"href":"https:\/\/yvesfouquet.com\/fr\/wp-json\/wp\/v2\/media?parent=18256"}],"wp:term":[{"taxonomy":"product_cat","embeddable":true,"href":"https:\/\/yvesfouquet.com\/fr\/wp-json\/wp\/v2\/product_cat?post=18256"},{"taxonomy":"product_tag","embeddable":true,"href":"https:\/\/yvesfouquet.com\/fr\/wp-json\/wp\/v2\/product_tag?post=18256"}],"curies":[{"name":"wp","href":"https:\/\/api.w.org\/{rel}","templated":true}]}}