{"id":18260,"date":"2020-10-26T21:08:30","date_gmt":"2022-04-28T18:53:04","guid":{"rendered":"https:\/\/yvesfouquet.com\/product\/table-basse-tb068\/"},"modified":"2022-04-28T21:53:04","modified_gmt":"2022-04-28T18:53:04","slug":"zhurnalnyj-stol-tb068-2","status":"publish","type":"product","link":"https:\/\/yvesfouquet.com\/fr\/produit\/zhurnalnyj-stol-tb068-2\/","title":{"rendered":"Table basse TB068"},"content":{"rendered":"<p>Une partie harmonieuse de l\u2019atmosph\u00e8re dans le style ancien Fran\u00e7ais sera une table basse vintage en bois naturel &#8211; une autre \u0153uvre merveilleuse des ma\u00eetres ukrainiens de la manufacture Yves Fouquet. Lumineux et \u00e9l\u00e9gant, il s\u2019int\u00e9grera parfaitement dans vos int\u00e9rieurs, les remplissant de sa chaleur et de son confort.<\/p>\n<p>\u00c9l\u00e9gant et attrayant ressemble \u00e0 un comptoir ensemble mont\u00e9 sur des pieds peints saillants de forme plate. Il est boucl\u00e9, n\u2019a pas de coins pointus et ressemble \u00e0 un d\u00e9veloppement logique du th\u00e8me des boucles et des courbes.<\/p>\n<p>Dans la conception de la table, le design riche en d\u00e9tails des panneaux lat\u00e9raux se d\u00e9marque. La partie centrale saillante est d\u00e9cor\u00e9e d\u2019une doublure en laiton sous la forme d\u2019une guirlande ronde. Sur les c\u00f4t\u00e9s de celui-ci se trouvent deux petits tiroirs r\u00e9tractables avec des lignes qui les traversent et des poign\u00e9es au milieu. En r\u00e9sum\u00e9, tous les d\u00e9tails du d\u00e9cor cr\u00e9ent un look tr\u00e8s inhabituel et lumineux.<\/p>\n<p>Une table basse solide exclusive fait partie de la collection premium cr\u00e9\u00e9e par les ma\u00eetres de la manufacture Yves Fouquet. Il comprend la commode en mousseline CM118, la console CS085 et le miroir MR303, que vous pouvez \u00e9galement acheter pour d\u00e9corer votre int\u00e9rieur.<\/p>\n<p>Tous les meubles sont fabriqu\u00e9s sur commande, donc quand ils sont faits, toutes les modifications dont vous avez besoin seront faites.<\/p>\n","protected":false},"excerpt":{"rendered":"<p>Largeur: 1100<\/p>\n<p>Hauteur: 380<\/p>\n<p>Profondeur: 600<\/p>\n<p>&amp;nbsp<\/p>\n","protected":false},"featured_media":20873,"template":"","meta":[],"product_cat":[170],"product_tag":[],"yoast_head":"<!-- This site is optimized with the Yoast SEO Premium plugin v20.7 (Yoast SEO v20.8) - https:\/\/yoast.com\/wordpress\/plugins\/seo\/ -->\n<title>Table basse vintage \u00e9l\u00e9gante \u00e0 commander en Ukraine - Yves Fouquet<\/title>\n<meta name=\"description\" content=\"Table basse faite \u00e0 la main avec tiroirs des ma\u00eetres de l\u2019usine Yves Fouquet. Meubles haut de gamme en bois massif dans le style de la France royale en Ukraine\" \/>\n<meta name=\"robots\" content=\"index, follow, max-snippet:-1, max-image-preview:large, max-video-preview:-1\" \/>\n<link rel=\"canonical\" href=\"https:\/\/yvesfouquet.com\/fr\/produit\/zhurnalnyj-stol-tb068-2\/\" \/>\n<meta property=\"og:locale\" content=\"fr_FR\" \/>\n<meta property=\"og:type\" content=\"article\" \/>\n<meta property=\"og:title\" content=\"Table basse TB068\" \/>\n<meta property=\"og:description\" content=\"Table basse faite \u00e0 la main avec tiroirs des ma\u00eetres de l\u2019usine Yves Fouquet. Meubles haut de gamme en bois massif dans le style de la France royale en Ukraine\" \/>\n<meta property=\"og:url\" content=\"https:\/\/yvesfouquet.com\/fr\/produit\/zhurnalnyj-stol-tb068-2\/\" \/>\n<meta property=\"og:site_name\" content=\"Yves Fouquet\" \/>\n<meta property=\"article:publisher\" content=\"https:\/\/www.facebook.com\/boutiueyvesfouquet\" \/>\n<meta property=\"og:image\" content=\"https:\/\/yvesfouquet.com\/wp-content\/uploads\/2020\/10\/9010.jpeg\" \/>\n\t<meta property=\"og:image:width\" content=\"362\" \/>\n\t<meta property=\"og:image:height\" content=\"482\" \/>\n\t<meta property=\"og:image:type\" content=\"image\/jpeg\" \/>\n<meta name=\"twitter:card\" content=\"summary_large_image\" \/>\n<meta name=\"twitter:label1\" content=\"Prix\" \/>\n\t<meta name=\"twitter:data1\" content=\"\" \/>\n\t<meta name=\"twitter:label2\" content=\"Disponibilit\u00e9\" \/>\n\t<meta name=\"twitter:data2\" content=\"En stock\" \/>\n<script type=\"application\/ld+json\" class=\"yoast-schema-graph\">{\"@context\":\"https:\/\/schema.org\",\"@graph\":[{\"@type\":[\"WebPage\",\"ItemPage\"],\"@id\":\"https:\/\/yvesfouquet.com\/fr\/produit\/zhurnalnyj-stol-tb068-2\/\",\"url\":\"https:\/\/yvesfouquet.com\/fr\/produit\/zhurnalnyj-stol-tb068-2\/\",\"name\":\"Table basse vintage \u00e9l\u00e9gante \u00e0 commander en Ukraine - Yves Fouquet\",\"isPartOf\":{\"@id\":\"https:\/\/yvesfouquet.com\/#website\"},\"datePublished\":\"2022-04-28T18:53:04+00:00\",\"dateModified\":\"2022-04-28T18:53:04+00:00\",\"description\":\"Table basse faite \u00e0 la main avec tiroirs des ma\u00eetres de l\u2019usine Yves Fouquet. Meubles haut de gamme en bois massif dans le style de la France royale en Ukraine\",\"breadcrumb\":{\"@id\":\"https:\/\/yvesfouquet.com\/fr\/produit\/zhurnalnyj-stol-tb068-2\/#breadcrumb\"},\"inLanguage\":\"fr-FR\",\"potentialAction\":[{\"@type\":\"ReadAction\",\"target\":[\"https:\/\/yvesfouquet.com\/fr\/produit\/zhurnalnyj-stol-tb068-2\/\"]}]},{\"@type\":\"BreadcrumbList\",\"@id\":\"https:\/\/yvesfouquet.com\/fr\/produit\/zhurnalnyj-stol-tb068-2\/#breadcrumb\",\"itemListElement\":[{\"@type\":\"ListItem\",\"position\":1,\"name\":\"\u0413\u043b\u0430\u0432\u043d\u0430\u044f\",\"item\":\"https:\/\/yvesfouquet.com\/fr\/\"},{\"@type\":\"ListItem\",\"position\":2,\"name\":\"Collections\",\"item\":\"https:\/\/yvesfouquet.com\/fr\/collections\/\"},{\"@type\":\"ListItem\",\"position\":3,\"name\":\"Table basse TB068\"}]},{\"@type\":\"WebSite\",\"@id\":\"https:\/\/yvesfouquet.com\/#website\",\"url\":\"https:\/\/yvesfouquet.com\/\",\"name\":\"Yves Fouquet\",\"description\":\"\u0424\u0440\u0430\u043d\u0446\u0443\u0437\u0441\u043a\u0430\u044f \u043c\u0435\u0431\u0435\u043b\u044c\",\"potentialAction\":[{\"@type\":\"SearchAction\",\"target\":{\"@type\":\"EntryPoint\",\"urlTemplate\":\"https:\/\/yvesfouquet.com\/?s={search_term_string}\"},\"query-input\":\"required name=search_term_string\"}],\"inLanguage\":\"fr-FR\"}]}<\/script>\n<meta property=\"product:price:amount\" content=\"0\" \/>\n<meta property=\"product:price:currency\" content=\"EUR\" \/>\n<meta property=\"og:availability\" content=\"instock\" \/>\n<meta property=\"product:availability\" content=\"instock\" \/>\n<meta property=\"product:retailer_item_id\" content=\"TB068\" \/>\n<meta property=\"product:condition\" content=\"new\" \/>\n<!-- \/ Yoast SEO Premium plugin. -->","yoast_head_json":{"title":"Table basse vintage \u00e9l\u00e9gante \u00e0 commander en Ukraine - Yves Fouquet","description":"Table basse faite \u00e0 la main avec tiroirs des ma\u00eetres de l\u2019usine Yves Fouquet. Meubles haut de gamme en bois massif dans le style de la France royale en Ukraine","robots":{"index":"index","follow":"follow","max-snippet":"max-snippet:-1","max-image-preview":"max-image-preview:large","max-video-preview":"max-video-preview:-1"},"canonical":"https:\/\/yvesfouquet.com\/fr\/produit\/zhurnalnyj-stol-tb068-2\/","og_locale":"fr_FR","og_type":"article","og_title":"Table basse TB068","og_description":"Table basse faite \u00e0 la main avec tiroirs des ma\u00eetres de l\u2019usine Yves Fouquet. Meubles haut de gamme en bois massif dans le style de la France royale en Ukraine","og_url":"https:\/\/yvesfouquet.com\/fr\/produit\/zhurnalnyj-stol-tb068-2\/","og_site_name":"Yves Fouquet","article_publisher":"https:\/\/www.facebook.com\/boutiueyvesfouquet","og_image":[{"width":362,"height":482,"url":"https:\/\/yvesfouquet.com\/wp-content\/uploads\/2020\/10\/9010.jpeg","type":"image\/jpeg"}],"twitter_card":"summary_large_image","twitter_misc":{"Prix":"","Disponibilit\u00e9":"En stock"},"schema":{"@context":"https:\/\/schema.org","@graph":[{"@type":["WebPage","ItemPage"],"@id":"https:\/\/yvesfouquet.com\/fr\/produit\/zhurnalnyj-stol-tb068-2\/","url":"https:\/\/yvesfouquet.com\/fr\/produit\/zhurnalnyj-stol-tb068-2\/","name":"Table basse vintage \u00e9l\u00e9gante \u00e0 commander en Ukraine - Yves Fouquet","isPartOf":{"@id":"https:\/\/yvesfouquet.com\/#website"},"datePublished":"2022-04-28T18:53:04+00:00","dateModified":"2022-04-28T18:53:04+00:00","description":"Table basse faite \u00e0 la main avec tiroirs des ma\u00eetres de l\u2019usine Yves Fouquet. Meubles haut de gamme en bois massif dans le style de la France royale en Ukraine","breadcrumb":{"@id":"https:\/\/yvesfouquet.com\/fr\/produit\/zhurnalnyj-stol-tb068-2\/#breadcrumb"},"inLanguage":"fr-FR","potentialAction":[{"@type":"ReadAction","target":["https:\/\/yvesfouquet.com\/fr\/produit\/zhurnalnyj-stol-tb068-2\/"]}]},{"@type":"BreadcrumbList","@id":"https:\/\/yvesfouquet.com\/fr\/produit\/zhurnalnyj-stol-tb068-2\/#breadcrumb","itemListElement":[{"@type":"ListItem","position":1,"name":"\u0413\u043b\u0430\u0432\u043d\u0430\u044f","item":"https:\/\/yvesfouquet.com\/fr\/"},{"@type":"ListItem","position":2,"name":"Collections","item":"https:\/\/yvesfouquet.com\/fr\/collections\/"},{"@type":"ListItem","position":3,"name":"Table basse TB068"}]},{"@type":"WebSite","@id":"https:\/\/yvesfouquet.com\/#website","url":"https:\/\/yvesfouquet.com\/","name":"Yves Fouquet","description":"\u0424\u0440\u0430\u043d\u0446\u0443\u0437\u0441\u043a\u0430\u044f \u043c\u0435\u0431\u0435\u043b\u044c","potentialAction":[{"@type":"SearchAction","target":{"@type":"EntryPoint","urlTemplate":"https:\/\/yvesfouquet.com\/?s={search_term_string}"},"query-input":"required name=search_term_string"}],"inLanguage":"fr-FR"}]},"product_price_currency":"EUR","og_availability":"instock","product_availability":"instock","product_retailer_item_id":"TB068","product_condition":"new"},"_links":{"self":[{"href":"https:\/\/yvesfouquet.com\/fr\/wp-json\/wp\/v2\/product\/18260"}],"collection":[{"href":"https:\/\/yvesfouquet.com\/fr\/wp-json\/wp\/v2\/product"}],"about":[{"href":"https:\/\/yvesfouquet.com\/fr\/wp-json\/wp\/v2\/types\/product"}],"version-history":[{"count":0,"href":"https:\/\/yvesfouquet.com\/fr\/wp-json\/wp\/v2\/product\/18260\/revisions"}],"wp:featuredmedia":[{"embeddable":true,"href":"https:\/\/yvesfouquet.com\/fr\/wp-json\/wp\/v2\/media\/20873"}],"wp:attachment":[{"href":"https:\/\/yvesfouquet.com\/fr\/wp-json\/wp\/v2\/media?parent=18260"}],"wp:term":[{"taxonomy":"product_cat","embeddable":true,"href":"https:\/\/yvesfouquet.com\/fr\/wp-json\/wp\/v2\/product_cat?post=18260"},{"taxonomy":"product_tag","embeddable":true,"href":"https:\/\/yvesfouquet.com\/fr\/wp-json\/wp\/v2\/product_tag?post=18260"}],"curies":[{"name":"wp","href":"https:\/\/api.w.org\/{rel}","templated":true}]}}