{"id":18265,"date":"2020-10-26T21:06:57","date_gmt":"2022-04-28T18:55:59","guid":{"rendered":"https:\/\/yvesfouquet.com\/product\/miroir-mr320\/"},"modified":"2023-11-22T15:12:41","modified_gmt":"2023-11-22T12:12:41","slug":"zerkalo-mr320-2","status":"publish","type":"product","link":"https:\/\/yvesfouquet.com\/fr\/produit\/zerkalo-mr320-2\/","title":{"rendered":"Miroir MR320"},"content":{"rendered":"<p>Apportant son propre charme particulier \u00e0 l\u2019int\u00e9rieur design, le miroir dans le style ancien a toujours l\u2019air \u00e9l\u00e9gant et atmosph\u00e9rique. Il s\u2019agit d\u2019un meuble tr\u00e8s sp\u00e9cial qui remplit les locaux de lumi\u00e8re et de volume. Miroir vintage dans un cadre en bois produit par l\u2019usine de meubles ukrainienne Yves Fouquet deviendra sans aucun doute une d\u00e9coration lumineuse de votre int\u00e9rieur.<\/p>\n<p>Le miroir exclusif \u00e0 facettes est mont\u00e9 dans un cadre incurv\u00e9 plaqu\u00e9 or de forme rectangulaire. Il a l\u2019air simple, tr\u00e8s \u00e9l\u00e9gant. Une saveur antique brillante est cr\u00e9\u00e9e par une combinaison de techniques de vieillissement appliqu\u00e9es \u00e0 la main. Des \u00e9raflures, des \u00e9gratignures, des traces artificielles de dames ajoutent au produit une sensation d\u2019antiquit\u00e9 profonde.<\/p>\n<p>Dans le processus d\u2019assemblage des miroirs, des technologies sp\u00e9ciales sont utilis\u00e9es que les ma\u00eetres du meuble ont utilis\u00e9es pendant des si\u00e8cles dans leur travail, cr\u00e9ant des chefs-d\u2019\u0153uvre uniques pour les salles luxueuses des palais royaux. Maintenant, les miroirs int\u00e9rieurs dans des cadres en bois \u00e9l\u00e9gants peuvent devenir une d\u00e9coration de votre maison.<\/p>\n<p>Tous les meubles sont fabriqu\u00e9s exclusivement et sont assembl\u00e9s sur commande individuelle. Les miroirs peuvent \u00eatre fabriqu\u00e9s dans n\u2019importe quelle taille, avec ou sans facette, dans un cadre en bois de n\u2019importe quelle forme et avec n\u2019importe quel d\u00e9cor. R\u00e9pondant pleinement \u00e0 vos besoins, un miroir antique unique s\u2019adaptera parfaitement \u00e0 la situation.<\/p>\n","protected":false},"excerpt":{"rendered":"<p><strong>Dimensions:<\/strong> L450 x H1200 x P55<\/p>\n","protected":false},"featured_media":20191,"template":"","meta":[],"product_cat":[184,150],"product_tag":[],"yoast_head":"<!-- This site is optimized with the Yoast SEO Premium plugin v20.7 (Yoast SEO v20.8) - https:\/\/yoast.com\/wordpress\/plugins\/seo\/ -->\n<title>Miroir vintage dans cadre en bois dans le salon - Yves Fouquet<\/title>\n<meta name=\"description\" content=\"Miroir exclusif fait \u00e0 la main sous l\u2019antiquit\u00e9. Acheter des meubles d\u2019architecte d\u2019int\u00e9rieur sur commande en Ukraine produits par l\u2019usine de meubles Yves Fouquet\" \/>\n<meta name=\"robots\" content=\"index, follow, max-snippet:-1, max-image-preview:large, max-video-preview:-1\" \/>\n<link rel=\"canonical\" href=\"https:\/\/yvesfouquet.com\/fr\/produit\/zerkalo-mr320-2\/\" \/>\n<meta property=\"og:locale\" content=\"fr_FR\" \/>\n<meta property=\"og:type\" content=\"article\" \/>\n<meta property=\"og:title\" content=\"Miroir MR320\" \/>\n<meta property=\"og:description\" content=\"Miroir exclusif fait \u00e0 la main sous l\u2019antiquit\u00e9. Acheter des meubles d\u2019architecte d\u2019int\u00e9rieur sur commande en Ukraine produits par l\u2019usine de meubles Yves Fouquet\" \/>\n<meta property=\"og:url\" content=\"https:\/\/yvesfouquet.com\/fr\/produit\/zerkalo-mr320-2\/\" \/>\n<meta property=\"og:site_name\" content=\"Yves Fouquet\" \/>\n<meta property=\"article:publisher\" content=\"https:\/\/www.facebook.com\/boutiueyvesfouquet\" \/>\n<meta property=\"article:modified_time\" content=\"2023-11-22T12:12:41+00:00\" \/>\n<meta property=\"og:image\" content=\"https:\/\/yvesfouquet.com\/wp-content\/uploads\/2020\/10\/242525525623636-1-796x1024.png\" \/>\n\t<meta property=\"og:image:width\" content=\"796\" \/>\n\t<meta property=\"og:image:height\" content=\"1024\" \/>\n\t<meta property=\"og:image:type\" content=\"image\/png\" \/>\n<meta name=\"twitter:card\" content=\"summary_large_image\" \/>\n<meta name=\"twitter:label1\" content=\"Prix\" \/>\n\t<meta name=\"twitter:data1\" content=\"\" \/>\n\t<meta name=\"twitter:label2\" content=\"Disponibilit\u00e9\" \/>\n\t<meta name=\"twitter:data2\" content=\"En stock\" \/>\n<script type=\"application\/ld+json\" class=\"yoast-schema-graph\">{\"@context\":\"https:\/\/schema.org\",\"@graph\":[{\"@type\":[\"WebPage\",\"ItemPage\"],\"@id\":\"https:\/\/yvesfouquet.com\/fr\/produit\/zerkalo-mr320-2\/\",\"url\":\"https:\/\/yvesfouquet.com\/fr\/produit\/zerkalo-mr320-2\/\",\"name\":\"Miroir vintage dans cadre en bois dans le salon - Yves Fouquet\",\"isPartOf\":{\"@id\":\"https:\/\/yvesfouquet.com\/#website\"},\"datePublished\":\"2022-04-28T18:55:59+00:00\",\"dateModified\":\"2023-11-22T12:12:41+00:00\",\"description\":\"Miroir exclusif fait \u00e0 la main sous l\u2019antiquit\u00e9. Acheter des meubles d\u2019architecte d\u2019int\u00e9rieur sur commande en Ukraine produits par l\u2019usine de meubles Yves Fouquet\",\"breadcrumb\":{\"@id\":\"https:\/\/yvesfouquet.com\/fr\/produit\/zerkalo-mr320-2\/#breadcrumb\"},\"inLanguage\":\"fr-FR\",\"potentialAction\":[{\"@type\":\"ReadAction\",\"target\":[\"https:\/\/yvesfouquet.com\/fr\/produit\/zerkalo-mr320-2\/\"]}]},{\"@type\":\"BreadcrumbList\",\"@id\":\"https:\/\/yvesfouquet.com\/fr\/produit\/zerkalo-mr320-2\/#breadcrumb\",\"itemListElement\":[{\"@type\":\"ListItem\",\"position\":1,\"name\":\"\u0413\u043b\u0430\u0432\u043d\u0430\u044f\",\"item\":\"https:\/\/yvesfouquet.com\/fr\/\"},{\"@type\":\"ListItem\",\"position\":2,\"name\":\"Collections\",\"item\":\"https:\/\/yvesfouquet.com\/fr\/collections\/\"},{\"@type\":\"ListItem\",\"position\":3,\"name\":\"Miroir MR320\"}]},{\"@type\":\"WebSite\",\"@id\":\"https:\/\/yvesfouquet.com\/#website\",\"url\":\"https:\/\/yvesfouquet.com\/\",\"name\":\"Yves Fouquet\",\"description\":\"\u0424\u0440\u0430\u043d\u0446\u0443\u0437\u0441\u043a\u0430\u044f \u043c\u0435\u0431\u0435\u043b\u044c\",\"potentialAction\":[{\"@type\":\"SearchAction\",\"target\":{\"@type\":\"EntryPoint\",\"urlTemplate\":\"https:\/\/yvesfouquet.com\/?s={search_term_string}\"},\"query-input\":\"required name=search_term_string\"}],\"inLanguage\":\"fr-FR\"}]}<\/script>\n<meta property=\"product:price:amount\" content=\"0\" \/>\n<meta property=\"product:price:currency\" content=\"EUR\" \/>\n<meta property=\"og:availability\" content=\"instock\" \/>\n<meta property=\"product:availability\" content=\"instock\" \/>\n<meta property=\"product:retailer_item_id\" content=\"MR320\" \/>\n<meta property=\"product:condition\" content=\"new\" \/>\n<!-- \/ Yoast SEO Premium plugin. -->","yoast_head_json":{"title":"Miroir vintage dans cadre en bois dans le salon - Yves Fouquet","description":"Miroir exclusif fait \u00e0 la main sous l\u2019antiquit\u00e9. Acheter des meubles d\u2019architecte d\u2019int\u00e9rieur sur commande en Ukraine produits par l\u2019usine de meubles Yves Fouquet","robots":{"index":"index","follow":"follow","max-snippet":"max-snippet:-1","max-image-preview":"max-image-preview:large","max-video-preview":"max-video-preview:-1"},"canonical":"https:\/\/yvesfouquet.com\/fr\/produit\/zerkalo-mr320-2\/","og_locale":"fr_FR","og_type":"article","og_title":"Miroir MR320","og_description":"Miroir exclusif fait \u00e0 la main sous l\u2019antiquit\u00e9. Acheter des meubles d\u2019architecte d\u2019int\u00e9rieur sur commande en Ukraine produits par l\u2019usine de meubles Yves Fouquet","og_url":"https:\/\/yvesfouquet.com\/fr\/produit\/zerkalo-mr320-2\/","og_site_name":"Yves Fouquet","article_publisher":"https:\/\/www.facebook.com\/boutiueyvesfouquet","article_modified_time":"2023-11-22T12:12:41+00:00","og_image":[{"width":796,"height":1024,"url":"https:\/\/yvesfouquet.com\/wp-content\/uploads\/2020\/10\/242525525623636-1-796x1024.png","type":"image\/png"}],"twitter_card":"summary_large_image","twitter_misc":{"Prix":"","Disponibilit\u00e9":"En stock"},"schema":{"@context":"https:\/\/schema.org","@graph":[{"@type":["WebPage","ItemPage"],"@id":"https:\/\/yvesfouquet.com\/fr\/produit\/zerkalo-mr320-2\/","url":"https:\/\/yvesfouquet.com\/fr\/produit\/zerkalo-mr320-2\/","name":"Miroir vintage dans cadre en bois dans le salon - Yves Fouquet","isPartOf":{"@id":"https:\/\/yvesfouquet.com\/#website"},"datePublished":"2022-04-28T18:55:59+00:00","dateModified":"2023-11-22T12:12:41+00:00","description":"Miroir exclusif fait \u00e0 la main sous l\u2019antiquit\u00e9. Acheter des meubles d\u2019architecte d\u2019int\u00e9rieur sur commande en Ukraine produits par l\u2019usine de meubles Yves Fouquet","breadcrumb":{"@id":"https:\/\/yvesfouquet.com\/fr\/produit\/zerkalo-mr320-2\/#breadcrumb"},"inLanguage":"fr-FR","potentialAction":[{"@type":"ReadAction","target":["https:\/\/yvesfouquet.com\/fr\/produit\/zerkalo-mr320-2\/"]}]},{"@type":"BreadcrumbList","@id":"https:\/\/yvesfouquet.com\/fr\/produit\/zerkalo-mr320-2\/#breadcrumb","itemListElement":[{"@type":"ListItem","position":1,"name":"\u0413\u043b\u0430\u0432\u043d\u0430\u044f","item":"https:\/\/yvesfouquet.com\/fr\/"},{"@type":"ListItem","position":2,"name":"Collections","item":"https:\/\/yvesfouquet.com\/fr\/collections\/"},{"@type":"ListItem","position":3,"name":"Miroir MR320"}]},{"@type":"WebSite","@id":"https:\/\/yvesfouquet.com\/#website","url":"https:\/\/yvesfouquet.com\/","name":"Yves Fouquet","description":"\u0424\u0440\u0430\u043d\u0446\u0443\u0437\u0441\u043a\u0430\u044f \u043c\u0435\u0431\u0435\u043b\u044c","potentialAction":[{"@type":"SearchAction","target":{"@type":"EntryPoint","urlTemplate":"https:\/\/yvesfouquet.com\/?s={search_term_string}"},"query-input":"required name=search_term_string"}],"inLanguage":"fr-FR"}]},"product_price_currency":"EUR","og_availability":"instock","product_availability":"instock","product_retailer_item_id":"MR320","product_condition":"new"},"_links":{"self":[{"href":"https:\/\/yvesfouquet.com\/fr\/wp-json\/wp\/v2\/product\/18265"}],"collection":[{"href":"https:\/\/yvesfouquet.com\/fr\/wp-json\/wp\/v2\/product"}],"about":[{"href":"https:\/\/yvesfouquet.com\/fr\/wp-json\/wp\/v2\/types\/product"}],"version-history":[{"count":1,"href":"https:\/\/yvesfouquet.com\/fr\/wp-json\/wp\/v2\/product\/18265\/revisions"}],"predecessor-version":[{"id":24199,"href":"https:\/\/yvesfouquet.com\/fr\/wp-json\/wp\/v2\/product\/18265\/revisions\/24199"}],"wp:featuredmedia":[{"embeddable":true,"href":"https:\/\/yvesfouquet.com\/fr\/wp-json\/wp\/v2\/media\/20191"}],"wp:attachment":[{"href":"https:\/\/yvesfouquet.com\/fr\/wp-json\/wp\/v2\/media?parent=18265"}],"wp:term":[{"taxonomy":"product_cat","embeddable":true,"href":"https:\/\/yvesfouquet.com\/fr\/wp-json\/wp\/v2\/product_cat?post=18265"},{"taxonomy":"product_tag","embeddable":true,"href":"https:\/\/yvesfouquet.com\/fr\/wp-json\/wp\/v2\/product_tag?post=18265"}],"curies":[{"name":"wp","href":"https:\/\/api.w.org\/{rel}","templated":true}]}}