{"id":18267,"date":"2020-10-26T21:06:57","date_gmt":"2022-04-28T18:56:01","guid":{"rendered":"https:\/\/yvesfouquet.com\/product\/miroir-directoire-grand-mr301\/"},"modified":"2022-04-28T21:56:01","modified_gmt":"2022-04-28T18:56:01","slug":"zerkalo-directoire-bolshoe-mr301-2","status":"publish","type":"product","link":"https:\/\/yvesfouquet.com\/fr\/produit\/zerkalo-directoire-bolshoe-mr301-2\/","title":{"rendered":"Miroir Directoire grand MR301"},"content":{"rendered":"<p>Le miroir fait partie int\u00e9grante de notre vie quotidienne, il est donc pr\u00e9sent dans l\u2019atmosph\u00e8re de toute maison. C\u2019est exactement le d\u00e9tail de la d\u00e9coration int\u00e9rieure qui peut facilement devenir le centre d\u2019attention. Et cr\u00e9\u00e9 par les ma\u00eetres de l\u2019usine de meubles ukrainienne Yves Fouquet, un grand miroir de sol dans un cadre en bois n\u2019est que cela.<\/p>\n<p>Les amateurs de minimalisme et de mat\u00e9riaux naturels appr\u00e9cieront certainement le design simple et en m\u00eame temps tr\u00e8s \u00e9l\u00e9gant de ce mod\u00e8le. Le miroir avec une facette dans le style du R\u00e9pertoire est fait de cerise sauvage solide en utilisant d\u2019anciennes technologies construites \u00e0 la main. Ils ont \u00e9t\u00e9 utilis\u00e9s avec succ\u00e8s par les fabricants de meubles pendant des si\u00e8cles et, ayant atteint nos jours, ne perdent toujours pas leur pertinence.<\/p>\n<p>Trait\u00e9 avec patine et vernis, le large cadre en bois a l\u2019air simple et strict. Sa d\u00e9coration color\u00e9e a \u00e9t\u00e9 habilement utilis\u00e9e techniques de vieillissement. Les \u00e9clats, les \u00e9gratignures, les \u00e9raflures et les traces artificielles l\u00e9g\u00e8res de dames cr\u00e9ent une atmosph\u00e8re unique de l\u2019antiquit\u00e9. Vous ne quitterez pas le sentiment qu\u2019un miroir \u00e9l\u00e9gant fait \u00e0 la main a \u00e9t\u00e9 fabriqu\u00e9 il y a au moins quelques si\u00e8cles.<\/p>\n<p>Un grand miroir dans un cadre en bois est tr\u00e8s impressionnant. Un produit exclusif dans un style ancien deviendra un accent lumineux de l\u2019int\u00e9rieur de votre salon.<\/p>\n","protected":false},"excerpt":{"rendered":"<p><strong>Dimensions:<\/strong> W800 X H2000 X D40<\/p>\n<p><strong>D\u00e9cor en laiton<\/strong> autour du p\u00e9rim\u00e8tre<\/p>\n","protected":false},"featured_media":21176,"template":"","meta":[],"product_cat":[184,150],"product_tag":[],"yoast_head":"<!-- This site is optimized with the Yoast SEO Premium plugin v20.7 (Yoast SEO v20.8) - https:\/\/yoast.com\/wordpress\/plugins\/seo\/ -->\n<title>Grand miroir de sol avec facette dans un cadre en bois - Yves Fouquet<\/title>\n<meta name=\"description\" content=\"Meubles d\u2019int\u00e9rieur d\u2019\u00e9lite anciens. Assemblage manuel \u00e0 l\u2019aide de technologies anciennes. Acheter un miroir antique encadr\u00e9 par l\u2019usine de production de bois naturel Yves Fouquet en Ukraine\" \/>\n<meta name=\"robots\" content=\"index, follow, max-snippet:-1, max-image-preview:large, max-video-preview:-1\" \/>\n<link rel=\"canonical\" href=\"https:\/\/yvesfouquet.com\/fr\/produit\/zerkalo-directoire-bolshoe-mr301-2\/\" \/>\n<meta property=\"og:locale\" content=\"fr_FR\" \/>\n<meta property=\"og:type\" content=\"article\" \/>\n<meta property=\"og:title\" content=\"Miroir Directoire grand MR301\" \/>\n<meta property=\"og:description\" content=\"Meubles d\u2019int\u00e9rieur d\u2019\u00e9lite anciens. Assemblage manuel \u00e0 l\u2019aide de technologies anciennes. Acheter un miroir antique encadr\u00e9 par l\u2019usine de production de bois naturel Yves Fouquet en Ukraine\" \/>\n<meta property=\"og:url\" content=\"https:\/\/yvesfouquet.com\/fr\/produit\/zerkalo-directoire-bolshoe-mr301-2\/\" \/>\n<meta property=\"og:site_name\" content=\"Yves Fouquet\" \/>\n<meta property=\"article:publisher\" content=\"https:\/\/www.facebook.com\/boutiueyvesfouquet\" \/>\n<meta property=\"og:image\" content=\"https:\/\/yvesfouquet.com\/wp-content\/uploads\/2020\/10\/mr310.png\" \/>\n\t<meta property=\"og:image:width\" content=\"1980\" \/>\n\t<meta property=\"og:image:height\" content=\"1980\" \/>\n\t<meta property=\"og:image:type\" content=\"image\/png\" \/>\n<meta name=\"twitter:card\" content=\"summary_large_image\" \/>\n<meta name=\"twitter:label1\" content=\"Prix\" \/>\n\t<meta name=\"twitter:data1\" content=\"\" \/>\n\t<meta name=\"twitter:label2\" content=\"Disponibilit\u00e9\" \/>\n\t<meta name=\"twitter:data2\" content=\"En r\u00e9assort\" \/>\n<script type=\"application\/ld+json\" class=\"yoast-schema-graph\">{\"@context\":\"https:\/\/schema.org\",\"@graph\":[{\"@type\":[\"WebPage\",\"ItemPage\"],\"@id\":\"https:\/\/yvesfouquet.com\/fr\/produit\/zerkalo-directoire-bolshoe-mr301-2\/\",\"url\":\"https:\/\/yvesfouquet.com\/fr\/produit\/zerkalo-directoire-bolshoe-mr301-2\/\",\"name\":\"Grand miroir de sol avec facette dans un cadre en bois - Yves Fouquet\",\"isPartOf\":{\"@id\":\"https:\/\/yvesfouquet.com\/#website\"},\"datePublished\":\"2022-04-28T18:56:01+00:00\",\"dateModified\":\"2022-04-28T18:56:01+00:00\",\"description\":\"Meubles d\u2019int\u00e9rieur d\u2019\u00e9lite anciens. Assemblage manuel \u00e0 l\u2019aide de technologies anciennes. Acheter un miroir antique encadr\u00e9 par l\u2019usine de production de bois naturel Yves Fouquet en Ukraine\",\"breadcrumb\":{\"@id\":\"https:\/\/yvesfouquet.com\/fr\/produit\/zerkalo-directoire-bolshoe-mr301-2\/#breadcrumb\"},\"inLanguage\":\"fr-FR\",\"potentialAction\":[{\"@type\":\"ReadAction\",\"target\":[\"https:\/\/yvesfouquet.com\/fr\/produit\/zerkalo-directoire-bolshoe-mr301-2\/\"]}]},{\"@type\":\"BreadcrumbList\",\"@id\":\"https:\/\/yvesfouquet.com\/fr\/produit\/zerkalo-directoire-bolshoe-mr301-2\/#breadcrumb\",\"itemListElement\":[{\"@type\":\"ListItem\",\"position\":1,\"name\":\"\u0413\u043b\u0430\u0432\u043d\u0430\u044f\",\"item\":\"https:\/\/yvesfouquet.com\/fr\/\"},{\"@type\":\"ListItem\",\"position\":2,\"name\":\"Collections\",\"item\":\"https:\/\/yvesfouquet.com\/fr\/collections\/\"},{\"@type\":\"ListItem\",\"position\":3,\"name\":\"Miroir Directoire grand MR301\"}]},{\"@type\":\"WebSite\",\"@id\":\"https:\/\/yvesfouquet.com\/#website\",\"url\":\"https:\/\/yvesfouquet.com\/\",\"name\":\"Yves Fouquet\",\"description\":\"\u0424\u0440\u0430\u043d\u0446\u0443\u0437\u0441\u043a\u0430\u044f \u043c\u0435\u0431\u0435\u043b\u044c\",\"potentialAction\":[{\"@type\":\"SearchAction\",\"target\":{\"@type\":\"EntryPoint\",\"urlTemplate\":\"https:\/\/yvesfouquet.com\/?s={search_term_string}\"},\"query-input\":\"required name=search_term_string\"}],\"inLanguage\":\"fr-FR\"}]}<\/script>\n<meta property=\"product:price:amount\" content=\"0\" \/>\n<meta property=\"product:price:currency\" content=\"EUR\" \/>\n<meta property=\"og:availability\" content=\"backorder\" \/>\n<meta property=\"product:availability\" content=\"available for order\" \/>\n<meta property=\"product:retailer_item_id\" content=\"MR301\" \/>\n<meta property=\"product:condition\" content=\"new\" \/>\n<!-- \/ Yoast SEO Premium plugin. -->","yoast_head_json":{"title":"Grand miroir de sol avec facette dans un cadre en bois - Yves Fouquet","description":"Meubles d\u2019int\u00e9rieur d\u2019\u00e9lite anciens. Assemblage manuel \u00e0 l\u2019aide de technologies anciennes. Acheter un miroir antique encadr\u00e9 par l\u2019usine de production de bois naturel Yves Fouquet en Ukraine","robots":{"index":"index","follow":"follow","max-snippet":"max-snippet:-1","max-image-preview":"max-image-preview:large","max-video-preview":"max-video-preview:-1"},"canonical":"https:\/\/yvesfouquet.com\/fr\/produit\/zerkalo-directoire-bolshoe-mr301-2\/","og_locale":"fr_FR","og_type":"article","og_title":"Miroir Directoire grand MR301","og_description":"Meubles d\u2019int\u00e9rieur d\u2019\u00e9lite anciens. Assemblage manuel \u00e0 l\u2019aide de technologies anciennes. Acheter un miroir antique encadr\u00e9 par l\u2019usine de production de bois naturel Yves Fouquet en Ukraine","og_url":"https:\/\/yvesfouquet.com\/fr\/produit\/zerkalo-directoire-bolshoe-mr301-2\/","og_site_name":"Yves Fouquet","article_publisher":"https:\/\/www.facebook.com\/boutiueyvesfouquet","og_image":[{"width":1980,"height":1980,"url":"https:\/\/yvesfouquet.com\/wp-content\/uploads\/2020\/10\/mr310.png","type":"image\/png"}],"twitter_card":"summary_large_image","twitter_misc":{"Prix":"","Disponibilit\u00e9":"En r\u00e9assort"},"schema":{"@context":"https:\/\/schema.org","@graph":[{"@type":["WebPage","ItemPage"],"@id":"https:\/\/yvesfouquet.com\/fr\/produit\/zerkalo-directoire-bolshoe-mr301-2\/","url":"https:\/\/yvesfouquet.com\/fr\/produit\/zerkalo-directoire-bolshoe-mr301-2\/","name":"Grand miroir de sol avec facette dans un cadre en bois - Yves Fouquet","isPartOf":{"@id":"https:\/\/yvesfouquet.com\/#website"},"datePublished":"2022-04-28T18:56:01+00:00","dateModified":"2022-04-28T18:56:01+00:00","description":"Meubles d\u2019int\u00e9rieur d\u2019\u00e9lite anciens. Assemblage manuel \u00e0 l\u2019aide de technologies anciennes. Acheter un miroir antique encadr\u00e9 par l\u2019usine de production de bois naturel Yves Fouquet en Ukraine","breadcrumb":{"@id":"https:\/\/yvesfouquet.com\/fr\/produit\/zerkalo-directoire-bolshoe-mr301-2\/#breadcrumb"},"inLanguage":"fr-FR","potentialAction":[{"@type":"ReadAction","target":["https:\/\/yvesfouquet.com\/fr\/produit\/zerkalo-directoire-bolshoe-mr301-2\/"]}]},{"@type":"BreadcrumbList","@id":"https:\/\/yvesfouquet.com\/fr\/produit\/zerkalo-directoire-bolshoe-mr301-2\/#breadcrumb","itemListElement":[{"@type":"ListItem","position":1,"name":"\u0413\u043b\u0430\u0432\u043d\u0430\u044f","item":"https:\/\/yvesfouquet.com\/fr\/"},{"@type":"ListItem","position":2,"name":"Collections","item":"https:\/\/yvesfouquet.com\/fr\/collections\/"},{"@type":"ListItem","position":3,"name":"Miroir Directoire grand MR301"}]},{"@type":"WebSite","@id":"https:\/\/yvesfouquet.com\/#website","url":"https:\/\/yvesfouquet.com\/","name":"Yves Fouquet","description":"\u0424\u0440\u0430\u043d\u0446\u0443\u0437\u0441\u043a\u0430\u044f \u043c\u0435\u0431\u0435\u043b\u044c","potentialAction":[{"@type":"SearchAction","target":{"@type":"EntryPoint","urlTemplate":"https:\/\/yvesfouquet.com\/?s={search_term_string}"},"query-input":"required name=search_term_string"}],"inLanguage":"fr-FR"}]},"product_price_currency":"EUR","og_availability":"backorder","product_availability":"available for order","product_retailer_item_id":"MR301","product_condition":"new"},"_links":{"self":[{"href":"https:\/\/yvesfouquet.com\/fr\/wp-json\/wp\/v2\/product\/18267"}],"collection":[{"href":"https:\/\/yvesfouquet.com\/fr\/wp-json\/wp\/v2\/product"}],"about":[{"href":"https:\/\/yvesfouquet.com\/fr\/wp-json\/wp\/v2\/types\/product"}],"version-history":[{"count":0,"href":"https:\/\/yvesfouquet.com\/fr\/wp-json\/wp\/v2\/product\/18267\/revisions"}],"wp:featuredmedia":[{"embeddable":true,"href":"https:\/\/yvesfouquet.com\/fr\/wp-json\/wp\/v2\/media\/21176"}],"wp:attachment":[{"href":"https:\/\/yvesfouquet.com\/fr\/wp-json\/wp\/v2\/media?parent=18267"}],"wp:term":[{"taxonomy":"product_cat","embeddable":true,"href":"https:\/\/yvesfouquet.com\/fr\/wp-json\/wp\/v2\/product_cat?post=18267"},{"taxonomy":"product_tag","embeddable":true,"href":"https:\/\/yvesfouquet.com\/fr\/wp-json\/wp\/v2\/product_tag?post=18267"}],"curies":[{"name":"wp","href":"https:\/\/api.w.org\/{rel}","templated":true}]}}