{"id":18271,"date":"2020-10-26T21:06:57","date_gmt":"2022-04-28T18:56:03","guid":{"rendered":"https:\/\/yvesfouquet.com\/product\/miroir-filete-mr310\/"},"modified":"2022-04-28T21:56:03","modified_gmt":"2022-04-28T18:56:03","slug":"zerkalo-s-rezboj-mr310-2","status":"publish","type":"product","link":"https:\/\/yvesfouquet.com\/fr\/produit\/zerkalo-s-rezboj-mr310-2\/","title":{"rendered":"Miroir filet\u00e9 MR310"},"content":{"rendered":"<p>Voulez-vous ajouter un accent lumineux d\u2019une exclusivit\u00e9 vintage \u00e0 l\u2019int\u00e9rieur? Faites attention au magnifique miroir rond dans un cadre en bois, cr\u00e9\u00e9 dans le style ancien par des artisans talentueux de la manufacture de meubles Yves Fouquet. Ce mod\u00e8le unique sera une grande d\u00e9coration de votre appartement.<\/p>\n<p>Un cadre carr\u00e9 chic en bois naturel est une \u0153uvre artisanale magistralement r\u00e9alis\u00e9e et un v\u00e9ritable chef-d\u2019\u0153uvre de l\u2019art du design. Soigneusement inscrit dans la bordure, le miroir rond ressemble \u00e0 une fen\u00eatre \u00e9tonnante sur le monde magique du miroir.<\/p>\n<p>D\u00e9cor\u00e9 de grandes boucles de sculpture dor\u00e9es, le cadre en bois a l\u2019air incroyablement \u00e9l\u00e9gant et \u00e9l\u00e9gant. Un miroir int\u00e9rieur antique aussi luxueux peut \u00eatre accroch\u00e9 dans le couloir, dans le salon et au bureau. Gr\u00e2ce \u00e0 son design lumineux, il attirera l\u2019attention partout et deviendra l\u2019un des \u00e9l\u00e9ments centraux de la situation.<\/p>\n<p>Les meubles uniques de style antique sont fabriqu\u00e9s \u00e0 partir des meilleurs mat\u00e9riaux et sont toujours assembl\u00e9s sur commande, en tenant compte de tous les souhaits du client. Tous les \u00e9l\u00e9ments du d\u00e9cor sont cr\u00e9\u00e9s exclusivement \u00e0 la main en utilisant des technologies d\u2019assemblage anciennes. La sensation de vintage est obtenue en utilisant les effets du vieillissement, ajoutant un style historique unique et un charme au produit de designer.<\/p>\n","protected":false},"excerpt":{"rendered":"<p><strong>Dimensions:<\/strong> W1000\u0445H1000\u0445D70<\/p>\n","protected":false},"featured_media":16566,"template":"","meta":[],"product_cat":[184],"product_tag":[],"yoast_head":"<!-- This site is optimized with the Yoast SEO Premium plugin v20.7 (Yoast SEO v20.8) - https:\/\/yoast.com\/wordpress\/plugins\/seo\/ -->\n<title>Miroir int\u00e9rieur rond en cadre noir avec sculpture manuelle - Yves Fouquet<\/title>\n<meta name=\"description\" content=\"Miroir vintage dans un cadre en bois noir avec des sculptures exquises faites \u00e0 la main. Meubles exclusifs sur commande - usine de meubles de production Yves Fouquet Ukraine\" \/>\n<meta name=\"robots\" content=\"index, follow, max-snippet:-1, max-image-preview:large, max-video-preview:-1\" \/>\n<link rel=\"canonical\" href=\"https:\/\/yvesfouquet.com\/fr\/produit\/zerkalo-s-rezboj-mr310-2\/\" \/>\n<meta property=\"og:locale\" content=\"fr_FR\" \/>\n<meta property=\"og:type\" content=\"article\" \/>\n<meta property=\"og:title\" content=\"Miroir filet\u00e9 MR310\" \/>\n<meta property=\"og:description\" content=\"Miroir vintage dans un cadre en bois noir avec des sculptures exquises faites \u00e0 la main. Meubles exclusifs sur commande - usine de meubles de production Yves Fouquet Ukraine\" \/>\n<meta property=\"og:url\" content=\"https:\/\/yvesfouquet.com\/fr\/produit\/zerkalo-s-rezboj-mr310-2\/\" \/>\n<meta property=\"og:site_name\" content=\"Yves Fouquet\" \/>\n<meta property=\"article:publisher\" content=\"https:\/\/www.facebook.com\/boutiueyvesfouquet\" \/>\n<meta property=\"og:image\" content=\"https:\/\/yvesfouquet.com\/wp-content\/uploads\/2020\/10\/9d0a4348-1.jpg\" \/>\n\t<meta property=\"og:image:width\" content=\"1280\" \/>\n\t<meta property=\"og:image:height\" content=\"1280\" \/>\n\t<meta property=\"og:image:type\" content=\"image\/jpeg\" \/>\n<meta name=\"twitter:card\" content=\"summary_large_image\" \/>\n<meta name=\"twitter:label1\" content=\"Prix\" \/>\n\t<meta name=\"twitter:data1\" content=\"\" \/>\n\t<meta name=\"twitter:label2\" content=\"Disponibilit\u00e9\" \/>\n\t<meta name=\"twitter:data2\" content=\"En stock\" \/>\n<script type=\"application\/ld+json\" class=\"yoast-schema-graph\">{\"@context\":\"https:\/\/schema.org\",\"@graph\":[{\"@type\":[\"WebPage\",\"ItemPage\"],\"@id\":\"https:\/\/yvesfouquet.com\/fr\/produit\/zerkalo-s-rezboj-mr310-2\/\",\"url\":\"https:\/\/yvesfouquet.com\/fr\/produit\/zerkalo-s-rezboj-mr310-2\/\",\"name\":\"Miroir int\u00e9rieur rond en cadre noir avec sculpture manuelle - Yves Fouquet\",\"isPartOf\":{\"@id\":\"https:\/\/yvesfouquet.com\/#website\"},\"datePublished\":\"2022-04-28T18:56:03+00:00\",\"dateModified\":\"2022-04-28T18:56:03+00:00\",\"description\":\"Miroir vintage dans un cadre en bois noir avec des sculptures exquises faites \u00e0 la main. Meubles exclusifs sur commande - usine de meubles de production Yves Fouquet Ukraine\",\"breadcrumb\":{\"@id\":\"https:\/\/yvesfouquet.com\/fr\/produit\/zerkalo-s-rezboj-mr310-2\/#breadcrumb\"},\"inLanguage\":\"fr-FR\",\"potentialAction\":[{\"@type\":\"ReadAction\",\"target\":[\"https:\/\/yvesfouquet.com\/fr\/produit\/zerkalo-s-rezboj-mr310-2\/\"]}]},{\"@type\":\"BreadcrumbList\",\"@id\":\"https:\/\/yvesfouquet.com\/fr\/produit\/zerkalo-s-rezboj-mr310-2\/#breadcrumb\",\"itemListElement\":[{\"@type\":\"ListItem\",\"position\":1,\"name\":\"\u0413\u043b\u0430\u0432\u043d\u0430\u044f\",\"item\":\"https:\/\/yvesfouquet.com\/fr\/\"},{\"@type\":\"ListItem\",\"position\":2,\"name\":\"Collections\",\"item\":\"https:\/\/yvesfouquet.com\/fr\/collections\/\"},{\"@type\":\"ListItem\",\"position\":3,\"name\":\"Miroir filet\u00e9 MR310\"}]},{\"@type\":\"WebSite\",\"@id\":\"https:\/\/yvesfouquet.com\/#website\",\"url\":\"https:\/\/yvesfouquet.com\/\",\"name\":\"Yves Fouquet\",\"description\":\"\u0424\u0440\u0430\u043d\u0446\u0443\u0437\u0441\u043a\u0430\u044f \u043c\u0435\u0431\u0435\u043b\u044c\",\"potentialAction\":[{\"@type\":\"SearchAction\",\"target\":{\"@type\":\"EntryPoint\",\"urlTemplate\":\"https:\/\/yvesfouquet.com\/?s={search_term_string}\"},\"query-input\":\"required name=search_term_string\"}],\"inLanguage\":\"fr-FR\"}]}<\/script>\n<meta property=\"product:price:amount\" content=\"0\" \/>\n<meta property=\"product:price:currency\" content=\"EUR\" \/>\n<meta property=\"og:availability\" content=\"instock\" \/>\n<meta property=\"product:availability\" content=\"instock\" \/>\n<meta property=\"product:retailer_item_id\" content=\"MR310\" \/>\n<meta property=\"product:condition\" content=\"new\" \/>\n<!-- \/ Yoast SEO Premium plugin. -->","yoast_head_json":{"title":"Miroir int\u00e9rieur rond en cadre noir avec sculpture manuelle - Yves Fouquet","description":"Miroir vintage dans un cadre en bois noir avec des sculptures exquises faites \u00e0 la main. Meubles exclusifs sur commande - usine de meubles de production Yves Fouquet Ukraine","robots":{"index":"index","follow":"follow","max-snippet":"max-snippet:-1","max-image-preview":"max-image-preview:large","max-video-preview":"max-video-preview:-1"},"canonical":"https:\/\/yvesfouquet.com\/fr\/produit\/zerkalo-s-rezboj-mr310-2\/","og_locale":"fr_FR","og_type":"article","og_title":"Miroir filet\u00e9 MR310","og_description":"Miroir vintage dans un cadre en bois noir avec des sculptures exquises faites \u00e0 la main. Meubles exclusifs sur commande - usine de meubles de production Yves Fouquet Ukraine","og_url":"https:\/\/yvesfouquet.com\/fr\/produit\/zerkalo-s-rezboj-mr310-2\/","og_site_name":"Yves Fouquet","article_publisher":"https:\/\/www.facebook.com\/boutiueyvesfouquet","og_image":[{"width":1280,"height":1280,"url":"https:\/\/yvesfouquet.com\/wp-content\/uploads\/2020\/10\/9d0a4348-1.jpg","type":"image\/jpeg"}],"twitter_card":"summary_large_image","twitter_misc":{"Prix":"","Disponibilit\u00e9":"En stock"},"schema":{"@context":"https:\/\/schema.org","@graph":[{"@type":["WebPage","ItemPage"],"@id":"https:\/\/yvesfouquet.com\/fr\/produit\/zerkalo-s-rezboj-mr310-2\/","url":"https:\/\/yvesfouquet.com\/fr\/produit\/zerkalo-s-rezboj-mr310-2\/","name":"Miroir int\u00e9rieur rond en cadre noir avec sculpture manuelle - Yves Fouquet","isPartOf":{"@id":"https:\/\/yvesfouquet.com\/#website"},"datePublished":"2022-04-28T18:56:03+00:00","dateModified":"2022-04-28T18:56:03+00:00","description":"Miroir vintage dans un cadre en bois noir avec des sculptures exquises faites \u00e0 la main. Meubles exclusifs sur commande - usine de meubles de production Yves Fouquet Ukraine","breadcrumb":{"@id":"https:\/\/yvesfouquet.com\/fr\/produit\/zerkalo-s-rezboj-mr310-2\/#breadcrumb"},"inLanguage":"fr-FR","potentialAction":[{"@type":"ReadAction","target":["https:\/\/yvesfouquet.com\/fr\/produit\/zerkalo-s-rezboj-mr310-2\/"]}]},{"@type":"BreadcrumbList","@id":"https:\/\/yvesfouquet.com\/fr\/produit\/zerkalo-s-rezboj-mr310-2\/#breadcrumb","itemListElement":[{"@type":"ListItem","position":1,"name":"\u0413\u043b\u0430\u0432\u043d\u0430\u044f","item":"https:\/\/yvesfouquet.com\/fr\/"},{"@type":"ListItem","position":2,"name":"Collections","item":"https:\/\/yvesfouquet.com\/fr\/collections\/"},{"@type":"ListItem","position":3,"name":"Miroir filet\u00e9 MR310"}]},{"@type":"WebSite","@id":"https:\/\/yvesfouquet.com\/#website","url":"https:\/\/yvesfouquet.com\/","name":"Yves Fouquet","description":"\u0424\u0440\u0430\u043d\u0446\u0443\u0437\u0441\u043a\u0430\u044f \u043c\u0435\u0431\u0435\u043b\u044c","potentialAction":[{"@type":"SearchAction","target":{"@type":"EntryPoint","urlTemplate":"https:\/\/yvesfouquet.com\/?s={search_term_string}"},"query-input":"required name=search_term_string"}],"inLanguage":"fr-FR"}]},"product_price_currency":"EUR","og_availability":"instock","product_availability":"instock","product_retailer_item_id":"MR310","product_condition":"new"},"_links":{"self":[{"href":"https:\/\/yvesfouquet.com\/fr\/wp-json\/wp\/v2\/product\/18271"}],"collection":[{"href":"https:\/\/yvesfouquet.com\/fr\/wp-json\/wp\/v2\/product"}],"about":[{"href":"https:\/\/yvesfouquet.com\/fr\/wp-json\/wp\/v2\/types\/product"}],"version-history":[{"count":0,"href":"https:\/\/yvesfouquet.com\/fr\/wp-json\/wp\/v2\/product\/18271\/revisions"}],"wp:featuredmedia":[{"embeddable":true,"href":"https:\/\/yvesfouquet.com\/fr\/wp-json\/wp\/v2\/media\/16566"}],"wp:attachment":[{"href":"https:\/\/yvesfouquet.com\/fr\/wp-json\/wp\/v2\/media?parent=18271"}],"wp:term":[{"taxonomy":"product_cat","embeddable":true,"href":"https:\/\/yvesfouquet.com\/fr\/wp-json\/wp\/v2\/product_cat?post=18271"},{"taxonomy":"product_tag","embeddable":true,"href":"https:\/\/yvesfouquet.com\/fr\/wp-json\/wp\/v2\/product_tag?post=18271"}],"curies":[{"name":"wp","href":"https:\/\/api.w.org\/{rel}","templated":true}]}}