{"id":18285,"date":"2020-10-26T21:11:05","date_gmt":"2022-04-29T21:16:24","guid":{"rendered":"https:\/\/yvesfouquet.com\/product\/panneaux-en-bois-avec-miroir\/"},"modified":"2022-04-30T00:16:24","modified_gmt":"2022-04-29T21:16:24","slug":"derevyannye-paneli-s-zerkalom-2","status":"publish","type":"product","link":"https:\/\/yvesfouquet.com\/fr\/produit\/derevyannye-paneli-s-zerkalom-2\/","title":{"rendered":"Panneaux en bois avec miroir"},"content":{"rendered":"<p>De magnifiques panneaux sculpt\u00e9s avec miroirs seront con\u00e7us et cr\u00e9\u00e9s pour vous par les ma\u00eetres de l\u2019usine de meubles Yves Fouquet. Le design unique de l\u2019auteur et le travail manuel impeccable rendront votre int\u00e9rieur vraiment unique. Un tel design d\u00e9coratif extraordinaire dans le style ancien ajoutera de l\u2019authenticit\u00e9 et de la couleur originale \u00e0 l\u2019atmosph\u00e8re.<\/p>\n<p>Depuis l\u2019Antiquit\u00e9, les panneaux de bois ont \u00e9t\u00e9 utilis\u00e9s pour la d\u00e9coration de la maison, ajoutant confort, chaleur et confort \u00e0 la pi\u00e8ce. Ils ont acquis une popularit\u00e9 maximale en tant que finition d\u00e9corative \u00e0 la Renaissance. De magnifiques panneaux de bois avec miroirs sont devenus le point culminant de la d\u00e9coration int\u00e9rieure de palais et de ch\u00e2teaux luxueux dans toute l\u2019Europe.<\/p>\n<p>En utilisant des panneaux d\u00e9coratifs faits \u00e0 la main, vous pouvez rendre votre int\u00e9rieur lumineux et original. Design exclusif, sculptures \u00e0 la main, panneaux, inserts de miroir \u00e9l\u00e9gants et effets de vieillissement originaux, donnant \u00e0 l\u2019environnement une saveur unique de l\u2019antiquit\u00e9. Ici aussi, vous pouvez commander des escaliers, des arches, des colonnes et des armoires parmi les meilleurs types de bois.<\/p>\n<p>Cr\u00e9\u00e9s selon un projet individuel sp\u00e9cialement con\u00e7u pour vous, les panneaux de bois seront parfaits \u00e0 l\u2019int\u00e9rieur. La d\u00e9coration en bois avec miroirs sera une excellente toile de fond pour des meubles exclusifs dans le style old Fran\u00e7ais.<\/p>\n","protected":false},"excerpt":{"rendered":"<p>Taille: sur demande<\/p>\n<p>Mat\u00e9riel: Solid Wild Cherry<\/p>\n<p>Fil: fait \u00e0 la main<\/p>\n","protected":false},"featured_media":16934,"template":"","meta":[],"product_cat":[186],"product_tag":[],"yoast_head":"<!-- This site is optimized with the Yoast SEO Premium plugin v20.7 (Yoast SEO v20.8) - https:\/\/yoast.com\/wordpress\/plugins\/seo\/ -->\n<title>Panneaux d\u00e9coratifs en bois avec miroirs sur le mur - Yves Fouquet<\/title>\n<meta name=\"description\" content=\"Panneaux muraux dans le style ancien Fran\u00e7ais sur commande. Les meilleures vari\u00e9t\u00e9s de bois, conception individuelle, assemblage manuel. Meubles anciens exclusifs en Ukraine. Usine Yves Fouquet\" \/>\n<meta name=\"robots\" content=\"index, follow, max-snippet:-1, max-image-preview:large, max-video-preview:-1\" \/>\n<link rel=\"canonical\" href=\"https:\/\/yvesfouquet.com\/fr\/produit\/derevyannye-paneli-s-zerkalom-2\/\" \/>\n<meta property=\"og:locale\" content=\"fr_FR\" \/>\n<meta property=\"og:type\" content=\"article\" \/>\n<meta property=\"og:title\" content=\"Panneaux en bois avec miroir\" \/>\n<meta property=\"og:description\" content=\"Panneaux muraux dans le style ancien Fran\u00e7ais sur commande. Les meilleures vari\u00e9t\u00e9s de bois, conception individuelle, assemblage manuel. Meubles anciens exclusifs en Ukraine. Usine Yves Fouquet\" \/>\n<meta property=\"og:url\" content=\"https:\/\/yvesfouquet.com\/fr\/produit\/derevyannye-paneli-s-zerkalom-2\/\" \/>\n<meta property=\"og:site_name\" content=\"Yves Fouquet\" \/>\n<meta property=\"article:publisher\" content=\"https:\/\/www.facebook.com\/boutiueyvesfouquet\" \/>\n<meta property=\"og:image\" content=\"https:\/\/yvesfouquet.com\/wp-content\/uploads\/2020\/10\/p80208-162749-scaled-1.jpg\" \/>\n\t<meta property=\"og:image:width\" content=\"1898\" \/>\n\t<meta property=\"og:image:height\" content=\"2560\" \/>\n\t<meta property=\"og:image:type\" content=\"image\/jpeg\" \/>\n<meta name=\"twitter:card\" content=\"summary_large_image\" \/>\n<meta name=\"twitter:label1\" content=\"Prix\" \/>\n\t<meta name=\"twitter:data1\" content=\"\" \/>\n\t<meta name=\"twitter:label2\" content=\"Disponibilit\u00e9\" \/>\n\t<meta name=\"twitter:data2\" content=\"En stock\" \/>\n<script type=\"application\/ld+json\" class=\"yoast-schema-graph\">{\"@context\":\"https:\/\/schema.org\",\"@graph\":[{\"@type\":[\"WebPage\",\"ItemPage\"],\"@id\":\"https:\/\/yvesfouquet.com\/fr\/produit\/derevyannye-paneli-s-zerkalom-2\/\",\"url\":\"https:\/\/yvesfouquet.com\/fr\/produit\/derevyannye-paneli-s-zerkalom-2\/\",\"name\":\"Panneaux d\u00e9coratifs en bois avec miroirs sur le mur - Yves Fouquet\",\"isPartOf\":{\"@id\":\"https:\/\/yvesfouquet.com\/#website\"},\"datePublished\":\"2022-04-29T21:16:24+00:00\",\"dateModified\":\"2022-04-29T21:16:24+00:00\",\"description\":\"Panneaux muraux dans le style ancien Fran\u00e7ais sur commande. Les meilleures vari\u00e9t\u00e9s de bois, conception individuelle, assemblage manuel. Meubles anciens exclusifs en Ukraine. Usine Yves Fouquet\",\"breadcrumb\":{\"@id\":\"https:\/\/yvesfouquet.com\/fr\/produit\/derevyannye-paneli-s-zerkalom-2\/#breadcrumb\"},\"inLanguage\":\"fr-FR\",\"potentialAction\":[{\"@type\":\"ReadAction\",\"target\":[\"https:\/\/yvesfouquet.com\/fr\/produit\/derevyannye-paneli-s-zerkalom-2\/\"]}]},{\"@type\":\"BreadcrumbList\",\"@id\":\"https:\/\/yvesfouquet.com\/fr\/produit\/derevyannye-paneli-s-zerkalom-2\/#breadcrumb\",\"itemListElement\":[{\"@type\":\"ListItem\",\"position\":1,\"name\":\"\u0413\u043b\u0430\u0432\u043d\u0430\u044f\",\"item\":\"https:\/\/yvesfouquet.com\/fr\/\"},{\"@type\":\"ListItem\",\"position\":2,\"name\":\"Collections\",\"item\":\"https:\/\/yvesfouquet.com\/fr\/collections\/\"},{\"@type\":\"ListItem\",\"position\":3,\"name\":\"Panneaux en bois avec miroir\"}]},{\"@type\":\"WebSite\",\"@id\":\"https:\/\/yvesfouquet.com\/#website\",\"url\":\"https:\/\/yvesfouquet.com\/\",\"name\":\"Yves Fouquet\",\"description\":\"\u0424\u0440\u0430\u043d\u0446\u0443\u0437\u0441\u043a\u0430\u044f \u043c\u0435\u0431\u0435\u043b\u044c\",\"potentialAction\":[{\"@type\":\"SearchAction\",\"target\":{\"@type\":\"EntryPoint\",\"urlTemplate\":\"https:\/\/yvesfouquet.com\/?s={search_term_string}\"},\"query-input\":\"required name=search_term_string\"}],\"inLanguage\":\"fr-FR\"}]}<\/script>\n<meta property=\"product:price:amount\" content=\"0\" \/>\n<meta property=\"product:price:currency\" content=\"EUR\" \/>\n<meta property=\"og:availability\" content=\"instock\" \/>\n<meta property=\"product:availability\" content=\"instock\" \/>\n<meta property=\"product:condition\" content=\"new\" \/>\n<!-- \/ Yoast SEO Premium plugin. -->","yoast_head_json":{"title":"Panneaux d\u00e9coratifs en bois avec miroirs sur le mur - Yves Fouquet","description":"Panneaux muraux dans le style ancien Fran\u00e7ais sur commande. Les meilleures vari\u00e9t\u00e9s de bois, conception individuelle, assemblage manuel. Meubles anciens exclusifs en Ukraine. Usine Yves Fouquet","robots":{"index":"index","follow":"follow","max-snippet":"max-snippet:-1","max-image-preview":"max-image-preview:large","max-video-preview":"max-video-preview:-1"},"canonical":"https:\/\/yvesfouquet.com\/fr\/produit\/derevyannye-paneli-s-zerkalom-2\/","og_locale":"fr_FR","og_type":"article","og_title":"Panneaux en bois avec miroir","og_description":"Panneaux muraux dans le style ancien Fran\u00e7ais sur commande. Les meilleures vari\u00e9t\u00e9s de bois, conception individuelle, assemblage manuel. Meubles anciens exclusifs en Ukraine. Usine Yves Fouquet","og_url":"https:\/\/yvesfouquet.com\/fr\/produit\/derevyannye-paneli-s-zerkalom-2\/","og_site_name":"Yves Fouquet","article_publisher":"https:\/\/www.facebook.com\/boutiueyvesfouquet","og_image":[{"width":1898,"height":2560,"url":"https:\/\/yvesfouquet.com\/wp-content\/uploads\/2020\/10\/p80208-162749-scaled-1.jpg","type":"image\/jpeg"}],"twitter_card":"summary_large_image","twitter_misc":{"Prix":"","Disponibilit\u00e9":"En stock"},"schema":{"@context":"https:\/\/schema.org","@graph":[{"@type":["WebPage","ItemPage"],"@id":"https:\/\/yvesfouquet.com\/fr\/produit\/derevyannye-paneli-s-zerkalom-2\/","url":"https:\/\/yvesfouquet.com\/fr\/produit\/derevyannye-paneli-s-zerkalom-2\/","name":"Panneaux d\u00e9coratifs en bois avec miroirs sur le mur - Yves Fouquet","isPartOf":{"@id":"https:\/\/yvesfouquet.com\/#website"},"datePublished":"2022-04-29T21:16:24+00:00","dateModified":"2022-04-29T21:16:24+00:00","description":"Panneaux muraux dans le style ancien Fran\u00e7ais sur commande. Les meilleures vari\u00e9t\u00e9s de bois, conception individuelle, assemblage manuel. Meubles anciens exclusifs en Ukraine. Usine Yves Fouquet","breadcrumb":{"@id":"https:\/\/yvesfouquet.com\/fr\/produit\/derevyannye-paneli-s-zerkalom-2\/#breadcrumb"},"inLanguage":"fr-FR","potentialAction":[{"@type":"ReadAction","target":["https:\/\/yvesfouquet.com\/fr\/produit\/derevyannye-paneli-s-zerkalom-2\/"]}]},{"@type":"BreadcrumbList","@id":"https:\/\/yvesfouquet.com\/fr\/produit\/derevyannye-paneli-s-zerkalom-2\/#breadcrumb","itemListElement":[{"@type":"ListItem","position":1,"name":"\u0413\u043b\u0430\u0432\u043d\u0430\u044f","item":"https:\/\/yvesfouquet.com\/fr\/"},{"@type":"ListItem","position":2,"name":"Collections","item":"https:\/\/yvesfouquet.com\/fr\/collections\/"},{"@type":"ListItem","position":3,"name":"Panneaux en bois avec miroir"}]},{"@type":"WebSite","@id":"https:\/\/yvesfouquet.com\/#website","url":"https:\/\/yvesfouquet.com\/","name":"Yves Fouquet","description":"\u0424\u0440\u0430\u043d\u0446\u0443\u0437\u0441\u043a\u0430\u044f \u043c\u0435\u0431\u0435\u043b\u044c","potentialAction":[{"@type":"SearchAction","target":{"@type":"EntryPoint","urlTemplate":"https:\/\/yvesfouquet.com\/?s={search_term_string}"},"query-input":"required name=search_term_string"}],"inLanguage":"fr-FR"}]},"product_price_currency":"EUR","og_availability":"instock","product_availability":"instock","product_condition":"new"},"_links":{"self":[{"href":"https:\/\/yvesfouquet.com\/fr\/wp-json\/wp\/v2\/product\/18285"}],"collection":[{"href":"https:\/\/yvesfouquet.com\/fr\/wp-json\/wp\/v2\/product"}],"about":[{"href":"https:\/\/yvesfouquet.com\/fr\/wp-json\/wp\/v2\/types\/product"}],"version-history":[{"count":0,"href":"https:\/\/yvesfouquet.com\/fr\/wp-json\/wp\/v2\/product\/18285\/revisions"}],"wp:featuredmedia":[{"embeddable":true,"href":"https:\/\/yvesfouquet.com\/fr\/wp-json\/wp\/v2\/media\/16934"}],"wp:attachment":[{"href":"https:\/\/yvesfouquet.com\/fr\/wp-json\/wp\/v2\/media?parent=18285"}],"wp:term":[{"taxonomy":"product_cat","embeddable":true,"href":"https:\/\/yvesfouquet.com\/fr\/wp-json\/wp\/v2\/product_cat?post=18285"},{"taxonomy":"product_tag","embeddable":true,"href":"https:\/\/yvesfouquet.com\/fr\/wp-json\/wp\/v2\/product_tag?post=18285"}],"curies":[{"name":"wp","href":"https:\/\/api.w.org\/{rel}","templated":true}]}}