{"id":18291,"date":"2020-10-26T21:07:20","date_gmt":"2022-04-29T21:16:31","guid":{"rendered":"https:\/\/yvesfouquet.com\/product\/meuble-tv-mt172\/"},"modified":"2022-04-30T00:16:31","modified_gmt":"2022-04-29T21:16:31","slug":"tumba-pod-televizor-mt172-2","status":"publish","type":"product","link":"https:\/\/yvesfouquet.com\/fr\/produit\/tumba-pod-televizor-mt172-2\/","title":{"rendered":"Meuble TV MT172"},"content":{"rendered":"<p>Un \u00e9l\u00e9gant meuble TV en bois dans le style old Fran\u00e7ais apportera une saveur vintage unique \u00e0 l\u2019atmosph\u00e8re de votre maison. Les meubles exclusifs faits \u00e0 la main par les ma\u00eetres de l\u2019usine Yves Fouquet ont une apparence impeccable et un design parfaitement pens\u00e9. Cr\u00e9\u00e9 sur commande, il s\u2019int\u00e8gre toujours harmonieusement dans l\u2019ensemble de l\u2019int\u00e9rieur.<\/p>\n<p>Le meuble TV en bois massif est \u00e9quip\u00e9 d\u2019un tiroir spacieux. Sur les bords de celui-ci se trouvent deux portes \u00e0 charni\u00e8res qui s\u2019ouvrent derri\u00e8re le fond. D\u2019\u00e9l\u00e9gantes jambes trapues s\u2019\u00e9coulent doucement dans la vague sculpt\u00e9e de la partie inf\u00e9rieure de la fa\u00e7ade, dont le centre \u00e9tait une sculpture en filigrane faite \u00e0 la main. Le d\u00e9cor aristocratique est compl\u00e9t\u00e9 par des accessoires Fran\u00e7ais en bronze.<\/p>\n<p>De magnifiques meubles design anciens auront l\u2019air parfait dans le salon. L\u2019armoire en bois naturel a un beau comptoir laqu\u00e9, ce qui permettra non seulement de placer facilement une grande t\u00e9l\u00e9vision, mais aussi des \u00e9l\u00e9ments de d\u00e9coration int\u00e9rieure.<\/p>\n<p>Le mod\u00e8le de l\u2019auteur dans l\u2019ancien style semble lumineux et atmosph\u00e9rique. La raison en est l\u2019utilisation magistrale des technologies d\u2019assemblage traditionnelles et les effets originaux du vieillissement artificiel des meubles en bois. En se r\u00e9unissant, ils donnent au produit leur caract\u00e8re et leur saveur antique unique.<\/p>\n","protected":false},"excerpt":{"rendered":"<p><strong>Dimensions:<\/strong> L1570 x H570 X D530<\/p>\n<p><strong>Description:<\/strong> 1 grand tiroir<\/p>\n","protected":false},"featured_media":16616,"template":"","meta":[],"product_cat":[158,178],"product_tag":[],"yoast_head":"<!-- This site is optimized with the Yoast SEO Premium plugin v20.7 (Yoast SEO v20.8) - https:\/\/yoast.com\/wordpress\/plugins\/seo\/ -->\n<title>Meuble TV dans le style du - Yves Fouquet<\/title>\n<meta name=\"description\" content=\"Meubles d\u2019int\u00e9rieur d\u2019\u00e9lite en bois naturel en Ukraine. Mat\u00e9riaux de haute qualit\u00e9, raccords Fran\u00e7ais, assemblage manuel, conception de l\u2019auteur. Usine de meubles de production Yves Fouquet\" \/>\n<meta name=\"robots\" content=\"index, follow, max-snippet:-1, max-image-preview:large, max-video-preview:-1\" \/>\n<link rel=\"canonical\" href=\"https:\/\/yvesfouquet.com\/fr\/produit\/tumba-pod-televizor-mt172-2\/\" \/>\n<meta property=\"og:locale\" content=\"fr_FR\" \/>\n<meta property=\"og:type\" content=\"article\" \/>\n<meta property=\"og:title\" content=\"Meuble TV MT172\" \/>\n<meta property=\"og:description\" content=\"Meubles d\u2019int\u00e9rieur d\u2019\u00e9lite en bois naturel en Ukraine. Mat\u00e9riaux de haute qualit\u00e9, raccords Fran\u00e7ais, assemblage manuel, conception de l\u2019auteur. Usine de meubles de production Yves Fouquet\" \/>\n<meta property=\"og:url\" content=\"https:\/\/yvesfouquet.com\/fr\/produit\/tumba-pod-televizor-mt172-2\/\" \/>\n<meta property=\"og:site_name\" content=\"Yves Fouquet\" \/>\n<meta property=\"article:publisher\" content=\"https:\/\/www.facebook.com\/boutiueyvesfouquet\" \/>\n<meta property=\"og:image\" content=\"https:\/\/yvesfouquet.com\/wp-content\/uploads\/2020\/10\/49-2.png\" \/>\n\t<meta property=\"og:image:width\" content=\"1080\" \/>\n\t<meta property=\"og:image:height\" content=\"1080\" \/>\n\t<meta property=\"og:image:type\" content=\"image\/png\" \/>\n<meta name=\"twitter:card\" content=\"summary_large_image\" \/>\n<meta name=\"twitter:label1\" content=\"Prix\" \/>\n\t<meta name=\"twitter:data1\" content=\"\" \/>\n\t<meta name=\"twitter:label2\" content=\"Disponibilit\u00e9\" \/>\n\t<meta name=\"twitter:data2\" content=\"En stock\" \/>\n<script type=\"application\/ld+json\" class=\"yoast-schema-graph\">{\"@context\":\"https:\/\/schema.org\",\"@graph\":[{\"@type\":[\"WebPage\",\"ItemPage\"],\"@id\":\"https:\/\/yvesfouquet.com\/fr\/produit\/tumba-pod-televizor-mt172-2\/\",\"url\":\"https:\/\/yvesfouquet.com\/fr\/produit\/tumba-pod-televizor-mt172-2\/\",\"name\":\"Meuble TV dans le style du - Yves Fouquet\",\"isPartOf\":{\"@id\":\"https:\/\/yvesfouquet.com\/#website\"},\"datePublished\":\"2022-04-29T21:16:31+00:00\",\"dateModified\":\"2022-04-29T21:16:31+00:00\",\"description\":\"Meubles d\u2019int\u00e9rieur d\u2019\u00e9lite en bois naturel en Ukraine. Mat\u00e9riaux de haute qualit\u00e9, raccords Fran\u00e7ais, assemblage manuel, conception de l\u2019auteur. Usine de meubles de production Yves Fouquet\",\"breadcrumb\":{\"@id\":\"https:\/\/yvesfouquet.com\/fr\/produit\/tumba-pod-televizor-mt172-2\/#breadcrumb\"},\"inLanguage\":\"fr-FR\",\"potentialAction\":[{\"@type\":\"ReadAction\",\"target\":[\"https:\/\/yvesfouquet.com\/fr\/produit\/tumba-pod-televizor-mt172-2\/\"]}]},{\"@type\":\"BreadcrumbList\",\"@id\":\"https:\/\/yvesfouquet.com\/fr\/produit\/tumba-pod-televizor-mt172-2\/#breadcrumb\",\"itemListElement\":[{\"@type\":\"ListItem\",\"position\":1,\"name\":\"\u0413\u043b\u0430\u0432\u043d\u0430\u044f\",\"item\":\"https:\/\/yvesfouquet.com\/fr\/\"},{\"@type\":\"ListItem\",\"position\":2,\"name\":\"Collections\",\"item\":\"https:\/\/yvesfouquet.com\/fr\/collections\/\"},{\"@type\":\"ListItem\",\"position\":3,\"name\":\"Meuble TV MT172\"}]},{\"@type\":\"WebSite\",\"@id\":\"https:\/\/yvesfouquet.com\/#website\",\"url\":\"https:\/\/yvesfouquet.com\/\",\"name\":\"Yves Fouquet\",\"description\":\"\u0424\u0440\u0430\u043d\u0446\u0443\u0437\u0441\u043a\u0430\u044f \u043c\u0435\u0431\u0435\u043b\u044c\",\"potentialAction\":[{\"@type\":\"SearchAction\",\"target\":{\"@type\":\"EntryPoint\",\"urlTemplate\":\"https:\/\/yvesfouquet.com\/?s={search_term_string}\"},\"query-input\":\"required name=search_term_string\"}],\"inLanguage\":\"fr-FR\"}]}<\/script>\n<meta property=\"product:price:amount\" content=\"0\" \/>\n<meta property=\"product:price:currency\" content=\"EUR\" \/>\n<meta property=\"og:availability\" content=\"instock\" \/>\n<meta property=\"product:availability\" content=\"instock\" \/>\n<meta property=\"product:retailer_item_id\" content=\"MT172\" \/>\n<meta property=\"product:condition\" content=\"new\" \/>\n<!-- \/ Yoast SEO Premium plugin. -->","yoast_head_json":{"title":"Meuble TV dans le style du - Yves Fouquet","description":"Meubles d\u2019int\u00e9rieur d\u2019\u00e9lite en bois naturel en Ukraine. Mat\u00e9riaux de haute qualit\u00e9, raccords Fran\u00e7ais, assemblage manuel, conception de l\u2019auteur. Usine de meubles de production Yves Fouquet","robots":{"index":"index","follow":"follow","max-snippet":"max-snippet:-1","max-image-preview":"max-image-preview:large","max-video-preview":"max-video-preview:-1"},"canonical":"https:\/\/yvesfouquet.com\/fr\/produit\/tumba-pod-televizor-mt172-2\/","og_locale":"fr_FR","og_type":"article","og_title":"Meuble TV MT172","og_description":"Meubles d\u2019int\u00e9rieur d\u2019\u00e9lite en bois naturel en Ukraine. Mat\u00e9riaux de haute qualit\u00e9, raccords Fran\u00e7ais, assemblage manuel, conception de l\u2019auteur. Usine de meubles de production Yves Fouquet","og_url":"https:\/\/yvesfouquet.com\/fr\/produit\/tumba-pod-televizor-mt172-2\/","og_site_name":"Yves Fouquet","article_publisher":"https:\/\/www.facebook.com\/boutiueyvesfouquet","og_image":[{"width":1080,"height":1080,"url":"https:\/\/yvesfouquet.com\/wp-content\/uploads\/2020\/10\/49-2.png","type":"image\/png"}],"twitter_card":"summary_large_image","twitter_misc":{"Prix":"","Disponibilit\u00e9":"En stock"},"schema":{"@context":"https:\/\/schema.org","@graph":[{"@type":["WebPage","ItemPage"],"@id":"https:\/\/yvesfouquet.com\/fr\/produit\/tumba-pod-televizor-mt172-2\/","url":"https:\/\/yvesfouquet.com\/fr\/produit\/tumba-pod-televizor-mt172-2\/","name":"Meuble TV dans le style du - Yves Fouquet","isPartOf":{"@id":"https:\/\/yvesfouquet.com\/#website"},"datePublished":"2022-04-29T21:16:31+00:00","dateModified":"2022-04-29T21:16:31+00:00","description":"Meubles d\u2019int\u00e9rieur d\u2019\u00e9lite en bois naturel en Ukraine. Mat\u00e9riaux de haute qualit\u00e9, raccords Fran\u00e7ais, assemblage manuel, conception de l\u2019auteur. Usine de meubles de production Yves Fouquet","breadcrumb":{"@id":"https:\/\/yvesfouquet.com\/fr\/produit\/tumba-pod-televizor-mt172-2\/#breadcrumb"},"inLanguage":"fr-FR","potentialAction":[{"@type":"ReadAction","target":["https:\/\/yvesfouquet.com\/fr\/produit\/tumba-pod-televizor-mt172-2\/"]}]},{"@type":"BreadcrumbList","@id":"https:\/\/yvesfouquet.com\/fr\/produit\/tumba-pod-televizor-mt172-2\/#breadcrumb","itemListElement":[{"@type":"ListItem","position":1,"name":"\u0413\u043b\u0430\u0432\u043d\u0430\u044f","item":"https:\/\/yvesfouquet.com\/fr\/"},{"@type":"ListItem","position":2,"name":"Collections","item":"https:\/\/yvesfouquet.com\/fr\/collections\/"},{"@type":"ListItem","position":3,"name":"Meuble TV MT172"}]},{"@type":"WebSite","@id":"https:\/\/yvesfouquet.com\/#website","url":"https:\/\/yvesfouquet.com\/","name":"Yves Fouquet","description":"\u0424\u0440\u0430\u043d\u0446\u0443\u0437\u0441\u043a\u0430\u044f \u043c\u0435\u0431\u0435\u043b\u044c","potentialAction":[{"@type":"SearchAction","target":{"@type":"EntryPoint","urlTemplate":"https:\/\/yvesfouquet.com\/?s={search_term_string}"},"query-input":"required name=search_term_string"}],"inLanguage":"fr-FR"}]},"product_price_currency":"EUR","og_availability":"instock","product_availability":"instock","product_retailer_item_id":"MT172","product_condition":"new"},"_links":{"self":[{"href":"https:\/\/yvesfouquet.com\/fr\/wp-json\/wp\/v2\/product\/18291"}],"collection":[{"href":"https:\/\/yvesfouquet.com\/fr\/wp-json\/wp\/v2\/product"}],"about":[{"href":"https:\/\/yvesfouquet.com\/fr\/wp-json\/wp\/v2\/types\/product"}],"version-history":[{"count":0,"href":"https:\/\/yvesfouquet.com\/fr\/wp-json\/wp\/v2\/product\/18291\/revisions"}],"wp:featuredmedia":[{"embeddable":true,"href":"https:\/\/yvesfouquet.com\/fr\/wp-json\/wp\/v2\/media\/16616"}],"wp:attachment":[{"href":"https:\/\/yvesfouquet.com\/fr\/wp-json\/wp\/v2\/media?parent=18291"}],"wp:term":[{"taxonomy":"product_cat","embeddable":true,"href":"https:\/\/yvesfouquet.com\/fr\/wp-json\/wp\/v2\/product_cat?post=18291"},{"taxonomy":"product_tag","embeddable":true,"href":"https:\/\/yvesfouquet.com\/fr\/wp-json\/wp\/v2\/product_tag?post=18291"}],"curies":[{"name":"wp","href":"https:\/\/api.w.org\/{rel}","templated":true}]}}