{"id":18296,"date":"2020-10-12T21:55:57","date_gmt":"2022-04-29T21:17:49","guid":{"rendered":"https:\/\/yvesfouquet.com\/product\/bureau-regence\/"},"modified":"2022-04-30T00:17:49","modified_gmt":"2022-04-29T21:17:49","slug":"pismennyj-stol-br135-2","status":"publish","type":"product","link":"https:\/\/yvesfouquet.com\/fr\/produit\/pismennyj-stol-br135-2\/","title":{"rendered":"Bureau Regence"},"content":{"rendered":"<p>Pour meubler l\u2019armoire dans le style Fran\u00e7ais ancien aidera un bureau en bois naturel par les ma\u00eetres de l\u2019usine de meubles Yves Fouquet. Grand et fonctionnel, il aura non seulement fi\u00e8re allure \u00e0 l\u2019int\u00e9rieur, mais vous permettra \u00e9galement d\u2019organiser facilement l\u2019espace de travail.<\/p>\n<p>L\u2019atmosph\u00e8re du bureau est une sorte de carte de visite d\u2019une personne. Les meubles en bois haut de gamme de style vintage cr\u00e9ent une atmosph\u00e8re de travail extraordinaire. Remplissant la pi\u00e8ce d\u2019une saveur historique unique, il fera toujours l\u2019impression la plus vive.<\/p>\n<p>Un bureau en bois pour les antiquit\u00e9s a l\u2019air \u00e9l\u00e9gant et aristocratique. Il est \u00e9quip\u00e9 de cinq tiroirs avec des raccords en bronze en forme de couronnes rondes de laurier. De minces pieds torsad\u00e9s s\u2019\u00e9coulent gracieusement dans les lignes courbes de la fa\u00e7ade sculpt\u00e9e et des flancs d\u00e9cor\u00e9s de doublures. La partie centrale du comptoir laqu\u00e9 a un insert en cuir facile \u00e0 utiliser.<\/p>\n<p>Le bureau en bois est assembl\u00e9 individuellement sur commande, en tenant compte de tous les souhaits du client. Dans le processus d\u2019assemblage, les anciennes technologies du mobilier des si\u00e8cles pass\u00e9s et les effets du vieillissement artificiel sont utilis\u00e9s. Le style authentique du produit est compl\u00e9t\u00e9 par des accessoires de Fran\u00e7ais d\u2019\u00e9lite. Ce mod\u00e8le de design lumineux sera le point culminant de votre environnement de bureau.<\/p>\n","protected":false},"excerpt":{"rendered":"<p><strong>Article:<\/strong> Br135<\/p>\n<p><strong>Dimensions:<\/strong> <span class=\"s1\">L1480 X H800 X D800<\/span><\/p>\n<p><strong>Description:<\/strong> 5 tiroirs<\/p>\n","protected":false},"featured_media":15280,"template":"","meta":[],"product_cat":[177],"product_tag":[],"yoast_head":"<!-- This site is optimized with the Yoast SEO Premium plugin v20.7 (Yoast SEO v20.8) - https:\/\/yoast.com\/wordpress\/plugins\/seo\/ -->\n<title>Bureau en bois de style r\u00e9gence - Yves Fouquet<\/title>\n<meta name=\"description\" content=\"Achetez des meubles haut de gamme sur commande en Ukraine. Un bureau en bois pour un bureau antique. Parfait fait \u00e0 la main, design d\u2019auteur, Fran\u00e7ais raccords en bronze. Usine de meubles de production Yves Fouquet\" \/>\n<meta name=\"robots\" content=\"index, follow, max-snippet:-1, max-image-preview:large, max-video-preview:-1\" \/>\n<link rel=\"canonical\" href=\"https:\/\/yvesfouquet.com\/fr\/produit\/pismennyj-stol-br135-2\/\" \/>\n<meta property=\"og:locale\" content=\"fr_FR\" \/>\n<meta property=\"og:type\" content=\"article\" \/>\n<meta property=\"og:title\" content=\"Bureau Regence\" \/>\n<meta property=\"og:description\" content=\"Achetez des meubles haut de gamme sur commande en Ukraine. Un bureau en bois pour un bureau antique. Parfait fait \u00e0 la main, design d\u2019auteur, Fran\u00e7ais raccords en bronze. Usine de meubles de production Yves Fouquet\" \/>\n<meta property=\"og:url\" content=\"https:\/\/yvesfouquet.com\/fr\/produit\/pismennyj-stol-br135-2\/\" \/>\n<meta property=\"og:site_name\" content=\"Yves Fouquet\" \/>\n<meta property=\"article:publisher\" content=\"https:\/\/www.facebook.com\/boutiueyvesfouquet\" \/>\n<meta property=\"og:image\" content=\"https:\/\/yvesfouquet.com\/wp-content\/uploads\/2020\/10\/br135_t.png\" \/>\n\t<meta property=\"og:image:width\" content=\"1024\" \/>\n\t<meta property=\"og:image:height\" content=\"1024\" \/>\n\t<meta property=\"og:image:type\" content=\"image\/png\" \/>\n<meta name=\"twitter:card\" content=\"summary_large_image\" \/>\n<meta name=\"twitter:label1\" content=\"Prix\" \/>\n\t<meta name=\"twitter:data1\" content=\"\" \/>\n\t<meta name=\"twitter:label2\" content=\"Disponibilit\u00e9\" \/>\n\t<meta name=\"twitter:data2\" content=\"En stock\" \/>\n<script type=\"application\/ld+json\" class=\"yoast-schema-graph\">{\"@context\":\"https:\/\/schema.org\",\"@graph\":[{\"@type\":[\"WebPage\",\"ItemPage\"],\"@id\":\"https:\/\/yvesfouquet.com\/fr\/produit\/pismennyj-stol-br135-2\/\",\"url\":\"https:\/\/yvesfouquet.com\/fr\/produit\/pismennyj-stol-br135-2\/\",\"name\":\"Bureau en bois de style r\u00e9gence - Yves Fouquet\",\"isPartOf\":{\"@id\":\"https:\/\/yvesfouquet.com\/#website\"},\"datePublished\":\"2022-04-29T21:17:49+00:00\",\"dateModified\":\"2022-04-29T21:17:49+00:00\",\"description\":\"Achetez des meubles haut de gamme sur commande en Ukraine. Un bureau en bois pour un bureau antique. Parfait fait \u00e0 la main, design d\u2019auteur, Fran\u00e7ais raccords en bronze. Usine de meubles de production Yves Fouquet\",\"breadcrumb\":{\"@id\":\"https:\/\/yvesfouquet.com\/fr\/produit\/pismennyj-stol-br135-2\/#breadcrumb\"},\"inLanguage\":\"fr-FR\",\"potentialAction\":[{\"@type\":\"ReadAction\",\"target\":[\"https:\/\/yvesfouquet.com\/fr\/produit\/pismennyj-stol-br135-2\/\"]}]},{\"@type\":\"BreadcrumbList\",\"@id\":\"https:\/\/yvesfouquet.com\/fr\/produit\/pismennyj-stol-br135-2\/#breadcrumb\",\"itemListElement\":[{\"@type\":\"ListItem\",\"position\":1,\"name\":\"\u0413\u043b\u0430\u0432\u043d\u0430\u044f\",\"item\":\"https:\/\/yvesfouquet.com\/fr\/\"},{\"@type\":\"ListItem\",\"position\":2,\"name\":\"Collections\",\"item\":\"https:\/\/yvesfouquet.com\/fr\/collections\/\"},{\"@type\":\"ListItem\",\"position\":3,\"name\":\"Bureau Regence\"}]},{\"@type\":\"WebSite\",\"@id\":\"https:\/\/yvesfouquet.com\/#website\",\"url\":\"https:\/\/yvesfouquet.com\/\",\"name\":\"Yves Fouquet\",\"description\":\"\u0424\u0440\u0430\u043d\u0446\u0443\u0437\u0441\u043a\u0430\u044f \u043c\u0435\u0431\u0435\u043b\u044c\",\"potentialAction\":[{\"@type\":\"SearchAction\",\"target\":{\"@type\":\"EntryPoint\",\"urlTemplate\":\"https:\/\/yvesfouquet.com\/?s={search_term_string}\"},\"query-input\":\"required name=search_term_string\"}],\"inLanguage\":\"fr-FR\"}]}<\/script>\n<meta property=\"product:price:amount\" content=\"0\" \/>\n<meta property=\"product:price:currency\" content=\"EUR\" \/>\n<meta property=\"og:availability\" content=\"instock\" \/>\n<meta property=\"product:availability\" content=\"instock\" \/>\n<meta property=\"product:retailer_item_id\" content=\"br135\" \/>\n<meta property=\"product:condition\" content=\"new\" \/>\n<!-- \/ Yoast SEO Premium plugin. -->","yoast_head_json":{"title":"Bureau en bois de style r\u00e9gence - Yves Fouquet","description":"Achetez des meubles haut de gamme sur commande en Ukraine. Un bureau en bois pour un bureau antique. Parfait fait \u00e0 la main, design d\u2019auteur, Fran\u00e7ais raccords en bronze. Usine de meubles de production Yves Fouquet","robots":{"index":"index","follow":"follow","max-snippet":"max-snippet:-1","max-image-preview":"max-image-preview:large","max-video-preview":"max-video-preview:-1"},"canonical":"https:\/\/yvesfouquet.com\/fr\/produit\/pismennyj-stol-br135-2\/","og_locale":"fr_FR","og_type":"article","og_title":"Bureau Regence","og_description":"Achetez des meubles haut de gamme sur commande en Ukraine. Un bureau en bois pour un bureau antique. Parfait fait \u00e0 la main, design d\u2019auteur, Fran\u00e7ais raccords en bronze. Usine de meubles de production Yves Fouquet","og_url":"https:\/\/yvesfouquet.com\/fr\/produit\/pismennyj-stol-br135-2\/","og_site_name":"Yves Fouquet","article_publisher":"https:\/\/www.facebook.com\/boutiueyvesfouquet","og_image":[{"url":"https:\/\/yvesfouquet.com\/wp-content\/uploads\/2020\/10\/br135_t.png","width":1024,"height":1024,"type":"image\/png"}],"twitter_card":"summary_large_image","twitter_misc":{"Prix":"","Disponibilit\u00e9":"En stock"},"schema":{"@context":"https:\/\/schema.org","@graph":[{"@type":["WebPage","ItemPage"],"@id":"https:\/\/yvesfouquet.com\/fr\/produit\/pismennyj-stol-br135-2\/","url":"https:\/\/yvesfouquet.com\/fr\/produit\/pismennyj-stol-br135-2\/","name":"Bureau en bois de style r\u00e9gence - Yves Fouquet","isPartOf":{"@id":"https:\/\/yvesfouquet.com\/#website"},"datePublished":"2022-04-29T21:17:49+00:00","dateModified":"2022-04-29T21:17:49+00:00","description":"Achetez des meubles haut de gamme sur commande en Ukraine. Un bureau en bois pour un bureau antique. Parfait fait \u00e0 la main, design d\u2019auteur, Fran\u00e7ais raccords en bronze. Usine de meubles de production Yves Fouquet","breadcrumb":{"@id":"https:\/\/yvesfouquet.com\/fr\/produit\/pismennyj-stol-br135-2\/#breadcrumb"},"inLanguage":"fr-FR","potentialAction":[{"@type":"ReadAction","target":["https:\/\/yvesfouquet.com\/fr\/produit\/pismennyj-stol-br135-2\/"]}]},{"@type":"BreadcrumbList","@id":"https:\/\/yvesfouquet.com\/fr\/produit\/pismennyj-stol-br135-2\/#breadcrumb","itemListElement":[{"@type":"ListItem","position":1,"name":"\u0413\u043b\u0430\u0432\u043d\u0430\u044f","item":"https:\/\/yvesfouquet.com\/fr\/"},{"@type":"ListItem","position":2,"name":"Collections","item":"https:\/\/yvesfouquet.com\/fr\/collections\/"},{"@type":"ListItem","position":3,"name":"Bureau Regence"}]},{"@type":"WebSite","@id":"https:\/\/yvesfouquet.com\/#website","url":"https:\/\/yvesfouquet.com\/","name":"Yves Fouquet","description":"\u0424\u0440\u0430\u043d\u0446\u0443\u0437\u0441\u043a\u0430\u044f \u043c\u0435\u0431\u0435\u043b\u044c","potentialAction":[{"@type":"SearchAction","target":{"@type":"EntryPoint","urlTemplate":"https:\/\/yvesfouquet.com\/?s={search_term_string}"},"query-input":"required name=search_term_string"}],"inLanguage":"fr-FR"}]},"product_price_currency":"EUR","og_availability":"instock","product_availability":"instock","product_retailer_item_id":"br135","product_condition":"new"},"_links":{"self":[{"href":"https:\/\/yvesfouquet.com\/fr\/wp-json\/wp\/v2\/product\/18296"}],"collection":[{"href":"https:\/\/yvesfouquet.com\/fr\/wp-json\/wp\/v2\/product"}],"about":[{"href":"https:\/\/yvesfouquet.com\/fr\/wp-json\/wp\/v2\/types\/product"}],"version-history":[{"count":0,"href":"https:\/\/yvesfouquet.com\/fr\/wp-json\/wp\/v2\/product\/18296\/revisions"}],"wp:featuredmedia":[{"embeddable":true,"href":"https:\/\/yvesfouquet.com\/fr\/wp-json\/wp\/v2\/media\/15280"}],"wp:attachment":[{"href":"https:\/\/yvesfouquet.com\/fr\/wp-json\/wp\/v2\/media?parent=18296"}],"wp:term":[{"taxonomy":"product_cat","embeddable":true,"href":"https:\/\/yvesfouquet.com\/fr\/wp-json\/wp\/v2\/product_cat?post=18296"},{"taxonomy":"product_tag","embeddable":true,"href":"https:\/\/yvesfouquet.com\/fr\/wp-json\/wp\/v2\/product_tag?post=18296"}],"curies":[{"name":"wp","href":"https:\/\/api.w.org\/{rel}","templated":true}]}}