{"id":18297,"date":"2020-10-26T13:46:34","date_gmt":"2022-04-29T21:17:49","guid":{"rendered":"https:\/\/yvesfouquet.com\/product\/directoire-de-bureau\/"},"modified":"2022-04-30T00:17:49","modified_gmt":"2022-04-29T21:17:49","slug":"pismennyj-stol-directoire-2-2","status":"publish","type":"product","link":"https:\/\/yvesfouquet.com\/fr\/produit\/pismennyj-stol-directoire-2-2\/","title":{"rendered":"Directoire de bureau"},"content":{"rendered":"<p>L\u2019atmosph\u00e8re unique des si\u00e8cles pass\u00e9s est cr\u00e9\u00e9e \u00e0 l\u2019int\u00e9rieur par un bureau design dans le style Fran\u00e7ais du Directoire. Grand, confortable, pratique &#8211; il a fi\u00e8re allure dans la situation et fait parfaitement face aux t\u00e2ches qui lui sont assign\u00e9es. Le magnifique travail des ma\u00eetres de l\u2019usine de meubles Yves Fouquet deviendra certainement une d\u00e9coration de votre maison.<\/p>\n<p>Le bureau classique en bois naturel est \u00e9quip\u00e9 de trois tiroirs et de deux planches du c\u00f4t\u00e9 oppos\u00e9. De fines jambes droites sont mont\u00e9es sur des talons en bronze. La fa\u00e7ade stricte est d\u00e9cor\u00e9e de sculptures \u00e0 la main, les bo\u00eetes sont d\u00e9cor\u00e9es avec des accessoires \u00e9l\u00e9gants de Fran\u00e7ais production.<\/p>\n<p>Un comptoir laqu\u00e9 avec un motif de parquet traditionnel a l\u2019air lumineux et authentique. Il aura fi\u00e8re allure non seulement la papeterie et les papiers d\u2019affaires, mais aussi la d\u00e9coration int\u00e9rieure \u00e9l\u00e9gante.<\/p>\n<p>Les meubles design de classe premium sont fabriqu\u00e9s manuellement selon les technologies anciennes. Lors de l\u2019assemblage, des clous en bois, des connexions \u00e0 rainures \u00e0 pointes et une queue d\u2019aronde sont utilis\u00e9s. Le style vintage unique est habilement cr\u00e9\u00e9 par les effets du vieillissement artificiel. Les \u00e9raflures inflig\u00e9es \u00e0 la main, les rayures l\u00e9g\u00e8res et les \u00e9clats, les traces de dames ont l\u2019air color\u00e9es.<\/p>\n<p>Les meubles Elite en bois sont assembl\u00e9s sur commande, en tenant compte de tous les souhaits du client.<\/p>\n","protected":false},"excerpt":{"rendered":"<p><strong>Article:<\/strong> Br131<\/p>\n<p><strong>Dimensions:<\/strong> <span class=\"s1\">L1480 X B780 X D800<\/span><\/p>\n<p><strong>Description :<\/strong> 3 tiroirs et 2 planches r\u00e9tractables<\/p>\n","protected":false},"featured_media":15474,"template":"","meta":[],"product_cat":[177],"product_tag":[],"yoast_head":"<!-- This site is optimized with the Yoast SEO Premium plugin v20.7 (Yoast SEO v20.8) - https:\/\/yoast.com\/wordpress\/plugins\/seo\/ -->\n<title>Bureau d\u2019\u00e9criture antique en bois naturel - Yves Fouquet<\/title>\n<meta name=\"description\" content=\"Mobilier en bois exclusif dans le vieux style Fran\u00e7ais Directory. Bureau dans le bureau pour les antiquit\u00e9s. Montage manuel, raccords en bronze France, design de l\u2019auteur. Meubles \u00e0 commander en Ukraine. Usine de production Yves Fouquet\" \/>\n<meta name=\"robots\" content=\"index, follow, max-snippet:-1, max-image-preview:large, max-video-preview:-1\" \/>\n<link rel=\"canonical\" href=\"https:\/\/yvesfouquet.com\/fr\/produit\/pismennyj-stol-directoire-2-2\/\" \/>\n<meta property=\"og:locale\" content=\"fr_FR\" \/>\n<meta property=\"og:type\" content=\"article\" \/>\n<meta property=\"og:title\" content=\"Directoire de bureau\" \/>\n<meta property=\"og:description\" content=\"Mobilier en bois exclusif dans le vieux style Fran\u00e7ais Directory. Bureau dans le bureau pour les antiquit\u00e9s. Montage manuel, raccords en bronze France, design de l\u2019auteur. Meubles \u00e0 commander en Ukraine. Usine de production Yves Fouquet\" \/>\n<meta property=\"og:url\" content=\"https:\/\/yvesfouquet.com\/fr\/produit\/pismennyj-stol-directoire-2-2\/\" \/>\n<meta property=\"og:site_name\" content=\"Yves Fouquet\" \/>\n<meta property=\"article:publisher\" content=\"https:\/\/www.facebook.com\/boutiueyvesfouquet\" \/>\n<meta property=\"og:image\" content=\"https:\/\/yvesfouquet.com\/wp-content\/uploads\/2020\/10\/img_8704.png\" \/>\n\t<meta property=\"og:image:width\" content=\"900\" \/>\n\t<meta property=\"og:image:height\" content=\"900\" \/>\n\t<meta property=\"og:image:type\" content=\"image\/png\" \/>\n<meta name=\"twitter:card\" content=\"summary_large_image\" \/>\n<meta name=\"twitter:label1\" content=\"Prix\" \/>\n\t<meta name=\"twitter:data1\" content=\"\" \/>\n\t<meta name=\"twitter:label2\" content=\"Disponibilit\u00e9\" \/>\n\t<meta name=\"twitter:data2\" content=\"En stock\" \/>\n<script type=\"application\/ld+json\" class=\"yoast-schema-graph\">{\"@context\":\"https:\/\/schema.org\",\"@graph\":[{\"@type\":[\"WebPage\",\"ItemPage\"],\"@id\":\"https:\/\/yvesfouquet.com\/fr\/produit\/pismennyj-stol-directoire-2-2\/\",\"url\":\"https:\/\/yvesfouquet.com\/fr\/produit\/pismennyj-stol-directoire-2-2\/\",\"name\":\"Bureau d\u2019\u00e9criture antique en bois naturel - Yves Fouquet\",\"isPartOf\":{\"@id\":\"https:\/\/yvesfouquet.com\/#website\"},\"datePublished\":\"2022-04-29T21:17:49+00:00\",\"dateModified\":\"2022-04-29T21:17:49+00:00\",\"description\":\"Mobilier en bois exclusif dans le vieux style Fran\u00e7ais Directory. Bureau dans le bureau pour les antiquit\u00e9s. Montage manuel, raccords en bronze France, design de l\u2019auteur. Meubles \u00e0 commander en Ukraine. Usine de production Yves Fouquet\",\"breadcrumb\":{\"@id\":\"https:\/\/yvesfouquet.com\/fr\/produit\/pismennyj-stol-directoire-2-2\/#breadcrumb\"},\"inLanguage\":\"fr-FR\",\"potentialAction\":[{\"@type\":\"ReadAction\",\"target\":[\"https:\/\/yvesfouquet.com\/fr\/produit\/pismennyj-stol-directoire-2-2\/\"]}]},{\"@type\":\"BreadcrumbList\",\"@id\":\"https:\/\/yvesfouquet.com\/fr\/produit\/pismennyj-stol-directoire-2-2\/#breadcrumb\",\"itemListElement\":[{\"@type\":\"ListItem\",\"position\":1,\"name\":\"\u0413\u043b\u0430\u0432\u043d\u0430\u044f\",\"item\":\"https:\/\/yvesfouquet.com\/fr\/\"},{\"@type\":\"ListItem\",\"position\":2,\"name\":\"Collections\",\"item\":\"https:\/\/yvesfouquet.com\/fr\/collections\/\"},{\"@type\":\"ListItem\",\"position\":3,\"name\":\"Directoire de bureau\"}]},{\"@type\":\"WebSite\",\"@id\":\"https:\/\/yvesfouquet.com\/#website\",\"url\":\"https:\/\/yvesfouquet.com\/\",\"name\":\"Yves Fouquet\",\"description\":\"\u0424\u0440\u0430\u043d\u0446\u0443\u0437\u0441\u043a\u0430\u044f \u043c\u0435\u0431\u0435\u043b\u044c\",\"potentialAction\":[{\"@type\":\"SearchAction\",\"target\":{\"@type\":\"EntryPoint\",\"urlTemplate\":\"https:\/\/yvesfouquet.com\/?s={search_term_string}\"},\"query-input\":\"required name=search_term_string\"}],\"inLanguage\":\"fr-FR\"}]}<\/script>\n<meta property=\"product:price:amount\" content=\"0\" \/>\n<meta property=\"product:price:currency\" content=\"EUR\" \/>\n<meta property=\"og:availability\" content=\"instock\" \/>\n<meta property=\"product:availability\" content=\"instock\" \/>\n<meta property=\"product:retailer_item_id\" content=\"BR131\" \/>\n<meta property=\"product:condition\" content=\"new\" \/>\n<!-- \/ Yoast SEO Premium plugin. -->","yoast_head_json":{"title":"Bureau d\u2019\u00e9criture antique en bois naturel - Yves Fouquet","description":"Mobilier en bois exclusif dans le vieux style Fran\u00e7ais Directory. Bureau dans le bureau pour les antiquit\u00e9s. Montage manuel, raccords en bronze France, design de l\u2019auteur. Meubles \u00e0 commander en Ukraine. Usine de production Yves Fouquet","robots":{"index":"index","follow":"follow","max-snippet":"max-snippet:-1","max-image-preview":"max-image-preview:large","max-video-preview":"max-video-preview:-1"},"canonical":"https:\/\/yvesfouquet.com\/fr\/produit\/pismennyj-stol-directoire-2-2\/","og_locale":"fr_FR","og_type":"article","og_title":"Directoire de bureau","og_description":"Mobilier en bois exclusif dans le vieux style Fran\u00e7ais Directory. Bureau dans le bureau pour les antiquit\u00e9s. Montage manuel, raccords en bronze France, design de l\u2019auteur. Meubles \u00e0 commander en Ukraine. Usine de production Yves Fouquet","og_url":"https:\/\/yvesfouquet.com\/fr\/produit\/pismennyj-stol-directoire-2-2\/","og_site_name":"Yves Fouquet","article_publisher":"https:\/\/www.facebook.com\/boutiueyvesfouquet","og_image":[{"width":900,"height":900,"url":"https:\/\/yvesfouquet.com\/wp-content\/uploads\/2020\/10\/img_8704.png","type":"image\/png"}],"twitter_card":"summary_large_image","twitter_misc":{"Prix":"","Disponibilit\u00e9":"En stock"},"schema":{"@context":"https:\/\/schema.org","@graph":[{"@type":["WebPage","ItemPage"],"@id":"https:\/\/yvesfouquet.com\/fr\/produit\/pismennyj-stol-directoire-2-2\/","url":"https:\/\/yvesfouquet.com\/fr\/produit\/pismennyj-stol-directoire-2-2\/","name":"Bureau d\u2019\u00e9criture antique en bois naturel - Yves Fouquet","isPartOf":{"@id":"https:\/\/yvesfouquet.com\/#website"},"datePublished":"2022-04-29T21:17:49+00:00","dateModified":"2022-04-29T21:17:49+00:00","description":"Mobilier en bois exclusif dans le vieux style Fran\u00e7ais Directory. Bureau dans le bureau pour les antiquit\u00e9s. Montage manuel, raccords en bronze France, design de l\u2019auteur. Meubles \u00e0 commander en Ukraine. Usine de production Yves Fouquet","breadcrumb":{"@id":"https:\/\/yvesfouquet.com\/fr\/produit\/pismennyj-stol-directoire-2-2\/#breadcrumb"},"inLanguage":"fr-FR","potentialAction":[{"@type":"ReadAction","target":["https:\/\/yvesfouquet.com\/fr\/produit\/pismennyj-stol-directoire-2-2\/"]}]},{"@type":"BreadcrumbList","@id":"https:\/\/yvesfouquet.com\/fr\/produit\/pismennyj-stol-directoire-2-2\/#breadcrumb","itemListElement":[{"@type":"ListItem","position":1,"name":"\u0413\u043b\u0430\u0432\u043d\u0430\u044f","item":"https:\/\/yvesfouquet.com\/fr\/"},{"@type":"ListItem","position":2,"name":"Collections","item":"https:\/\/yvesfouquet.com\/fr\/collections\/"},{"@type":"ListItem","position":3,"name":"Directoire de bureau"}]},{"@type":"WebSite","@id":"https:\/\/yvesfouquet.com\/#website","url":"https:\/\/yvesfouquet.com\/","name":"Yves Fouquet","description":"\u0424\u0440\u0430\u043d\u0446\u0443\u0437\u0441\u043a\u0430\u044f \u043c\u0435\u0431\u0435\u043b\u044c","potentialAction":[{"@type":"SearchAction","target":{"@type":"EntryPoint","urlTemplate":"https:\/\/yvesfouquet.com\/?s={search_term_string}"},"query-input":"required name=search_term_string"}],"inLanguage":"fr-FR"}]},"product_price_currency":"EUR","og_availability":"instock","product_availability":"instock","product_retailer_item_id":"BR131","product_condition":"new"},"_links":{"self":[{"href":"https:\/\/yvesfouquet.com\/fr\/wp-json\/wp\/v2\/product\/18297"}],"collection":[{"href":"https:\/\/yvesfouquet.com\/fr\/wp-json\/wp\/v2\/product"}],"about":[{"href":"https:\/\/yvesfouquet.com\/fr\/wp-json\/wp\/v2\/types\/product"}],"version-history":[{"count":0,"href":"https:\/\/yvesfouquet.com\/fr\/wp-json\/wp\/v2\/product\/18297\/revisions"}],"wp:featuredmedia":[{"embeddable":true,"href":"https:\/\/yvesfouquet.com\/fr\/wp-json\/wp\/v2\/media\/15474"}],"wp:attachment":[{"href":"https:\/\/yvesfouquet.com\/fr\/wp-json\/wp\/v2\/media?parent=18297"}],"wp:term":[{"taxonomy":"product_cat","embeddable":true,"href":"https:\/\/yvesfouquet.com\/fr\/wp-json\/wp\/v2\/product_cat?post=18297"},{"taxonomy":"product_tag","embeddable":true,"href":"https:\/\/yvesfouquet.com\/fr\/wp-json\/wp\/v2\/product_tag?post=18297"}],"curies":[{"name":"wp","href":"https:\/\/api.w.org\/{rel}","templated":true}]}}