{"id":18299,"date":"2020-10-26T21:10:01","date_gmt":"2022-04-29T21:17:50","guid":{"rendered":"https:\/\/yvesfouquet.com\/product\/table-ronde-louis-xv-tr063\/"},"modified":"2022-09-20T11:53:13","modified_gmt":"2022-09-20T08:53:13","slug":"kruglyj-stol-lyudovik-xv-tr063","status":"publish","type":"product","link":"https:\/\/yvesfouquet.com\/fr\/produit\/kruglyj-stol-lyudovik-xv-tr063\/","title":{"rendered":"Table ronde Louis XV TR063"},"content":{"rendered":"<p>Des meubles lumineux et extraordinaires en bois naturel sous des antiquit\u00e9s. La d\u00e9coration de la cuisine et de la salle \u00e0 manger sera une authentique table ronde dans le style Louis XV faite \u00e0 la main par les ma\u00eetres de l\u2019usine de meubles Yves Fouquet. Le mod\u00e8le exclusif est rassembl\u00e9 dans les meilleures traditions de son \u00e9poque et semble \u00eatre satur\u00e9 de la saveur des si\u00e8cles pass\u00e9s.<\/p>\n<p>La belle table de l\u2019\u00e9poque Louis s\u2019int\u00e8gre non seulement \u00e0 merveille dans l\u2019int\u00e9rieur vintage, mais fait \u00e9galement face \u00e0 ses devoirs directs. \u00c9l\u00e9gant et \u00e0 la mode, il est \u00e0 la fois robuste, stable et tr\u00e8s fiable. La table en bois est d\u00e9cor\u00e9e d\u2019\u00e9l\u00e9gantes sculptures faites \u00e0 la main. Des vagues de courbes et de boucles sur la tsarga s\u2019\u00e9coulent naturellement dans de fines jambes incurv\u00e9es.<\/p>\n<p>La table \u00e0 manger ronde est assembl\u00e9e selon les traditions des ma\u00eetres du meuble du pass\u00e9. Dans le travail sur celui-ci, les technologies ont \u00e9t\u00e9 utilis\u00e9es pendant des si\u00e8cles pour fabriquer des objets uniques de mobilier de palais et de ch\u00e2teau. L\u2019utilisation des effets du vieillissement lui conf\u00e8re un charme historique caract\u00e9ristique.<\/p>\n<p>Choisir une table dans la cuisine n\u2019est pas si facile, car tous les membres de la famille devront s\u2019asseoir derri\u00e8re elle. Les meubles en bois pour la maison sont fabriqu\u00e9s sur commande, en tenant compte de tous les souhaits du client. Vous choisissez la taille et les caract\u00e9ristiques du d\u00e9cor, de sorte que n\u2019importe lequel de nos mod\u00e8les s\u2019int\u00e9grera parfaitement dans votre int\u00e9rieur.<\/p>\n","protected":false},"excerpt":{"rendered":"<p><strong>Remarque:<\/strong> Fabrication 1 semaine dans n\u2019importe quelle couleur<\/p>\n<p><strong>Dimension: <\/strong> D1200 x B760<\/p>\n<p><strong>Description :<\/strong> ne se d\u00e9plie pas<\/p>\n<p>&nbsp;<\/p>\n","protected":false},"featured_media":20380,"template":"","meta":[],"product_cat":[160],"product_tag":[],"yoast_head":"<!-- This site is optimized with the Yoast SEO Premium plugin v20.7 (Yoast SEO v20.8) - https:\/\/yoast.com\/wordpress\/plugins\/seo\/ -->\n<title>Acheter une table ronde en bois dans la cuisine dans le style de Louis - Yves Fouquet<\/title>\n<meta name=\"description\" content=\"Meubles design en bois naturel sur commande. Table dans la salle \u00e0 manger avec des antiquit\u00e9s. Sculpture \u00e0 la main, technologie d\u2019assemblage vintage. Usine de meubles Yves Fouquet Ukraine\" \/>\n<meta name=\"robots\" content=\"index, follow, max-snippet:-1, max-image-preview:large, max-video-preview:-1\" \/>\n<link rel=\"canonical\" href=\"https:\/\/yvesfouquet.com\/fr\/produit\/kruglyj-stol-lyudovik-xv-tr063\/\" \/>\n<meta property=\"og:locale\" content=\"fr_FR\" \/>\n<meta property=\"og:type\" content=\"article\" \/>\n<meta property=\"og:title\" content=\"Table ronde Louis XV TR063\" \/>\n<meta property=\"og:description\" content=\"Meubles design en bois naturel sur commande. Table dans la salle \u00e0 manger avec des antiquit\u00e9s. Sculpture \u00e0 la main, technologie d\u2019assemblage vintage. Usine de meubles Yves Fouquet Ukraine\" \/>\n<meta property=\"og:url\" content=\"https:\/\/yvesfouquet.com\/fr\/produit\/kruglyj-stol-lyudovik-xv-tr063\/\" \/>\n<meta property=\"og:site_name\" content=\"Yves Fouquet\" \/>\n<meta property=\"article:publisher\" content=\"https:\/\/www.facebook.com\/boutiueyvesfouquet\" \/>\n<meta property=\"article:modified_time\" content=\"2022-09-20T08:53:13+00:00\" \/>\n<meta property=\"og:image\" content=\"https:\/\/yvesfouquet.com\/wp-content\/uploads\/2020\/10\/My-project-8-1024x916.png\" \/>\n\t<meta property=\"og:image:width\" content=\"1024\" \/>\n\t<meta property=\"og:image:height\" content=\"916\" \/>\n\t<meta property=\"og:image:type\" content=\"image\/png\" \/>\n<meta name=\"twitter:card\" content=\"summary_large_image\" \/>\n<meta name=\"twitter:label1\" content=\"Prix\" \/>\n\t<meta name=\"twitter:data1\" content=\"\" \/>\n\t<meta name=\"twitter:label2\" content=\"Disponibilit\u00e9\" \/>\n\t<meta name=\"twitter:data2\" content=\"En r\u00e9assort\" \/>\n<script type=\"application\/ld+json\" class=\"yoast-schema-graph\">{\"@context\":\"https:\/\/schema.org\",\"@graph\":[{\"@type\":[\"WebPage\",\"ItemPage\"],\"@id\":\"https:\/\/yvesfouquet.com\/fr\/produit\/kruglyj-stol-lyudovik-xv-tr063\/\",\"url\":\"https:\/\/yvesfouquet.com\/fr\/produit\/kruglyj-stol-lyudovik-xv-tr063\/\",\"name\":\"Acheter une table ronde en bois dans la cuisine dans le style de Louis - Yves Fouquet\",\"isPartOf\":{\"@id\":\"https:\/\/yvesfouquet.com\/#website\"},\"datePublished\":\"2022-04-29T21:17:50+00:00\",\"dateModified\":\"2022-09-20T08:53:13+00:00\",\"description\":\"Meubles design en bois naturel sur commande. Table dans la salle \u00e0 manger avec des antiquit\u00e9s. Sculpture \u00e0 la main, technologie d\u2019assemblage vintage. Usine de meubles Yves Fouquet Ukraine\",\"breadcrumb\":{\"@id\":\"https:\/\/yvesfouquet.com\/fr\/produit\/kruglyj-stol-lyudovik-xv-tr063\/#breadcrumb\"},\"inLanguage\":\"fr-FR\",\"potentialAction\":[{\"@type\":\"ReadAction\",\"target\":[\"https:\/\/yvesfouquet.com\/fr\/produit\/kruglyj-stol-lyudovik-xv-tr063\/\"]}]},{\"@type\":\"BreadcrumbList\",\"@id\":\"https:\/\/yvesfouquet.com\/fr\/produit\/kruglyj-stol-lyudovik-xv-tr063\/#breadcrumb\",\"itemListElement\":[{\"@type\":\"ListItem\",\"position\":1,\"name\":\"\u0413\u043b\u0430\u0432\u043d\u0430\u044f\",\"item\":\"https:\/\/yvesfouquet.com\/fr\/\"},{\"@type\":\"ListItem\",\"position\":2,\"name\":\"Collections\",\"item\":\"https:\/\/yvesfouquet.com\/fr\/collections\/\"},{\"@type\":\"ListItem\",\"position\":3,\"name\":\"Table ronde Louis XV TR063\"}]},{\"@type\":\"WebSite\",\"@id\":\"https:\/\/yvesfouquet.com\/#website\",\"url\":\"https:\/\/yvesfouquet.com\/\",\"name\":\"Yves Fouquet\",\"description\":\"\u0424\u0440\u0430\u043d\u0446\u0443\u0437\u0441\u043a\u0430\u044f \u043c\u0435\u0431\u0435\u043b\u044c\",\"potentialAction\":[{\"@type\":\"SearchAction\",\"target\":{\"@type\":\"EntryPoint\",\"urlTemplate\":\"https:\/\/yvesfouquet.com\/?s={search_term_string}\"},\"query-input\":\"required name=search_term_string\"}],\"inLanguage\":\"fr-FR\"}]}<\/script>\n<meta property=\"product:price:amount\" content=\"0\" \/>\n<meta property=\"product:price:currency\" content=\"EUR\" \/>\n<meta property=\"og:availability\" content=\"backorder\" \/>\n<meta property=\"product:availability\" content=\"available for order\" \/>\n<meta property=\"product:retailer_item_id\" content=\"TR063\" \/>\n<meta property=\"product:condition\" content=\"new\" \/>\n<!-- \/ Yoast SEO Premium plugin. -->","yoast_head_json":{"title":"Acheter une table ronde en bois dans la cuisine dans le style de Louis - Yves Fouquet","description":"Meubles design en bois naturel sur commande. Table dans la salle \u00e0 manger avec des antiquit\u00e9s. Sculpture \u00e0 la main, technologie d\u2019assemblage vintage. Usine de meubles Yves Fouquet Ukraine","robots":{"index":"index","follow":"follow","max-snippet":"max-snippet:-1","max-image-preview":"max-image-preview:large","max-video-preview":"max-video-preview:-1"},"canonical":"https:\/\/yvesfouquet.com\/fr\/produit\/kruglyj-stol-lyudovik-xv-tr063\/","og_locale":"fr_FR","og_type":"article","og_title":"Table ronde Louis XV TR063","og_description":"Meubles design en bois naturel sur commande. Table dans la salle \u00e0 manger avec des antiquit\u00e9s. Sculpture \u00e0 la main, technologie d\u2019assemblage vintage. Usine de meubles Yves Fouquet Ukraine","og_url":"https:\/\/yvesfouquet.com\/fr\/produit\/kruglyj-stol-lyudovik-xv-tr063\/","og_site_name":"Yves Fouquet","article_publisher":"https:\/\/www.facebook.com\/boutiueyvesfouquet","article_modified_time":"2022-09-20T08:53:13+00:00","og_image":[{"width":1024,"height":916,"url":"https:\/\/yvesfouquet.com\/wp-content\/uploads\/2020\/10\/My-project-8-1024x916.png","type":"image\/png"}],"twitter_card":"summary_large_image","twitter_misc":{"Prix":"","Disponibilit\u00e9":"En r\u00e9assort"},"schema":{"@context":"https:\/\/schema.org","@graph":[{"@type":["WebPage","ItemPage"],"@id":"https:\/\/yvesfouquet.com\/fr\/produit\/kruglyj-stol-lyudovik-xv-tr063\/","url":"https:\/\/yvesfouquet.com\/fr\/produit\/kruglyj-stol-lyudovik-xv-tr063\/","name":"Acheter une table ronde en bois dans la cuisine dans le style de Louis - Yves Fouquet","isPartOf":{"@id":"https:\/\/yvesfouquet.com\/#website"},"datePublished":"2022-04-29T21:17:50+00:00","dateModified":"2022-09-20T08:53:13+00:00","description":"Meubles design en bois naturel sur commande. Table dans la salle \u00e0 manger avec des antiquit\u00e9s. Sculpture \u00e0 la main, technologie d\u2019assemblage vintage. Usine de meubles Yves Fouquet Ukraine","breadcrumb":{"@id":"https:\/\/yvesfouquet.com\/fr\/produit\/kruglyj-stol-lyudovik-xv-tr063\/#breadcrumb"},"inLanguage":"fr-FR","potentialAction":[{"@type":"ReadAction","target":["https:\/\/yvesfouquet.com\/fr\/produit\/kruglyj-stol-lyudovik-xv-tr063\/"]}]},{"@type":"BreadcrumbList","@id":"https:\/\/yvesfouquet.com\/fr\/produit\/kruglyj-stol-lyudovik-xv-tr063\/#breadcrumb","itemListElement":[{"@type":"ListItem","position":1,"name":"\u0413\u043b\u0430\u0432\u043d\u0430\u044f","item":"https:\/\/yvesfouquet.com\/fr\/"},{"@type":"ListItem","position":2,"name":"Collections","item":"https:\/\/yvesfouquet.com\/fr\/collections\/"},{"@type":"ListItem","position":3,"name":"Table ronde Louis XV TR063"}]},{"@type":"WebSite","@id":"https:\/\/yvesfouquet.com\/#website","url":"https:\/\/yvesfouquet.com\/","name":"Yves Fouquet","description":"\u0424\u0440\u0430\u043d\u0446\u0443\u0437\u0441\u043a\u0430\u044f \u043c\u0435\u0431\u0435\u043b\u044c","potentialAction":[{"@type":"SearchAction","target":{"@type":"EntryPoint","urlTemplate":"https:\/\/yvesfouquet.com\/?s={search_term_string}"},"query-input":"required name=search_term_string"}],"inLanguage":"fr-FR"}]},"product_price_currency":"EUR","og_availability":"backorder","product_availability":"available for order","product_retailer_item_id":"TR063","product_condition":"new"},"_links":{"self":[{"href":"https:\/\/yvesfouquet.com\/fr\/wp-json\/wp\/v2\/product\/18299"}],"collection":[{"href":"https:\/\/yvesfouquet.com\/fr\/wp-json\/wp\/v2\/product"}],"about":[{"href":"https:\/\/yvesfouquet.com\/fr\/wp-json\/wp\/v2\/types\/product"}],"version-history":[{"count":1,"href":"https:\/\/yvesfouquet.com\/fr\/wp-json\/wp\/v2\/product\/18299\/revisions"}],"predecessor-version":[{"id":19138,"href":"https:\/\/yvesfouquet.com\/fr\/wp-json\/wp\/v2\/product\/18299\/revisions\/19138"}],"wp:featuredmedia":[{"embeddable":true,"href":"https:\/\/yvesfouquet.com\/fr\/wp-json\/wp\/v2\/media\/20380"}],"wp:attachment":[{"href":"https:\/\/yvesfouquet.com\/fr\/wp-json\/wp\/v2\/media?parent=18299"}],"wp:term":[{"taxonomy":"product_cat","embeddable":true,"href":"https:\/\/yvesfouquet.com\/fr\/wp-json\/wp\/v2\/product_cat?post=18299"},{"taxonomy":"product_tag","embeddable":true,"href":"https:\/\/yvesfouquet.com\/fr\/wp-json\/wp\/v2\/product_tag?post=18299"}],"curies":[{"name":"wp","href":"https:\/\/api.w.org\/{rel}","templated":true}]}}