{"id":18306,"date":"2020-10-26T13:46:34","date_gmt":"2022-04-29T21:17:54","guid":{"rendered":"https:\/\/yvesfouquet.com\/product\/bureau-empire\/"},"modified":"2022-04-30T00:17:54","modified_gmt":"2022-04-29T21:17:54","slug":"pismennyj-stol-empire-2","status":"publish","type":"product","link":"https:\/\/yvesfouquet.com\/fr\/produit\/pismennyj-stol-empire-2\/","title":{"rendered":"Bureau Empire"},"content":{"rendered":"<p>Les meubles en bois pour antiquit\u00e9s ont l\u2019air lumineux et authentique. Un bureau exclusif dans le style Empire est le compl\u00e9ment parfait \u00e0 l\u2019atmosph\u00e8re du bureau. Son design repr\u00e9sentatif cr\u00e9era une atmosph\u00e8re de succ\u00e8s \u00e0 l\u2019int\u00e9rieur, soulignera le bon go\u00fbt et l\u2019esprit d\u2019affaires de son propri\u00e9taire.<\/p>\n<p>Originaire de France sous le r\u00e8gne de Napol\u00e9on, le style Empire symbolise la gloire et la grandeur des empereurs des si\u00e8cles pass\u00e9s. En choisissant des meubles dans le style Empire pour l\u2019ameublement, vous semblez toucher l\u2019\u00e9clat et le luxe des anciens dirigeants.<\/p>\n<p>Le bureau en bois fait \u00e0 la main des ma\u00eetres Yves Fouquet est fabriqu\u00e9 dans les meilleures traditions de l\u2019\u00e9poque historique. Il est \u00e9quip\u00e9 d\u2019un tiroir avec des accessoires de production Fran\u00e7ais et de deux niches d\u2019ouverture situ\u00e9es sur les c\u00f4t\u00e9s. Les grandes jambes sculpt\u00e9es avec des boutons ont l\u2019air brillantes et color\u00e9es.<\/p>\n<p>Le comptoir est exceptionnellement fait. La partie centrale du bureau est recouverte de cuir et sur les coins, il y a des niches figur\u00e9es ferm\u00e9es par des rideaux. Le bureau est id\u00e9al pour travailler avec des papiers ou un ordinateur portable.<\/p>\n<p>Les meubles en bois naturel sont fabriqu\u00e9s \u00e0 la main selon les commandes individuelles. Choisissez la taille, la couleur, le d\u00e9cor et les accessoires \u00e0 votre go\u00fbt et le produit cr\u00e9\u00e9 selon les technologies de mobilier traditionnelles s\u2019int\u00e9grera harmonieusement dans votre environnement.<\/p>\n","protected":false},"excerpt":{"rendered":"<p><strong>Article:<\/strong> EW1300<\/p>\n<p><strong>Dimensions:<\/strong> <span class=\"s1\">L1400xH780xP740<\/span><\/p>\n<p><strong>Description :<\/strong> 1 tiroir et 2 niches d\u2019ouverture<\/p>\n","protected":false},"featured_media":21005,"template":"","meta":[],"product_cat":[177],"product_tag":[],"yoast_head":"<!-- This site is optimized with the Yoast SEO Premium plugin v20.7 (Yoast SEO v20.8) - https:\/\/yoast.com\/wordpress\/plugins\/seo\/ -->\n<title>Bureau en bois \u00e9crivant dans - style Empire sep Yves Fouquet<\/title>\n<meta name=\"description\" content=\"Mobilier design en bois massif dans le style old Fran\u00e7ais. Bureau dans le bureau sous la commande. Design exclusif, accessoires Fran\u00e7ais, d\u00e9cor sculpt\u00e9 et construit \u00e0 la main. Acheter des meubles premium Yves Fouquet en Ukraine\" \/>\n<meta name=\"robots\" content=\"index, follow, max-snippet:-1, max-image-preview:large, max-video-preview:-1\" \/>\n<link rel=\"canonical\" href=\"https:\/\/yvesfouquet.com\/fr\/produit\/pismennyj-stol-empire-2\/\" \/>\n<meta property=\"og:locale\" content=\"fr_FR\" \/>\n<meta property=\"og:type\" content=\"article\" \/>\n<meta property=\"og:title\" content=\"Bureau Empire\" \/>\n<meta property=\"og:description\" content=\"Mobilier design en bois massif dans le style old Fran\u00e7ais. Bureau dans le bureau sous la commande. Design exclusif, accessoires Fran\u00e7ais, d\u00e9cor sculpt\u00e9 et construit \u00e0 la main. Acheter des meubles premium Yves Fouquet en Ukraine\" \/>\n<meta property=\"og:url\" content=\"https:\/\/yvesfouquet.com\/fr\/produit\/pismennyj-stol-empire-2\/\" \/>\n<meta property=\"og:site_name\" content=\"Yves Fouquet\" \/>\n<meta property=\"article:publisher\" content=\"https:\/\/www.facebook.com\/boutiueyvesfouquet\" \/>\n<meta property=\"og:image\" content=\"https:\/\/yvesfouquet.com\/wp-content\/uploads\/2020\/10\/ew1300.jpg\" \/>\n\t<meta property=\"og:image:width\" content=\"640\" \/>\n\t<meta property=\"og:image:height\" content=\"480\" \/>\n\t<meta property=\"og:image:type\" content=\"image\/jpeg\" \/>\n<meta name=\"twitter:card\" content=\"summary_large_image\" \/>\n<meta name=\"twitter:label1\" content=\"Prix\" \/>\n\t<meta name=\"twitter:data1\" content=\"\" \/>\n\t<meta name=\"twitter:label2\" content=\"Disponibilit\u00e9\" \/>\n\t<meta name=\"twitter:data2\" content=\"En stock\" \/>\n<script type=\"application\/ld+json\" class=\"yoast-schema-graph\">{\"@context\":\"https:\/\/schema.org\",\"@graph\":[{\"@type\":[\"WebPage\",\"ItemPage\"],\"@id\":\"https:\/\/yvesfouquet.com\/fr\/produit\/pismennyj-stol-empire-2\/\",\"url\":\"https:\/\/yvesfouquet.com\/fr\/produit\/pismennyj-stol-empire-2\/\",\"name\":\"Bureau en bois \u00e9crivant dans - style Empire sep Yves Fouquet\",\"isPartOf\":{\"@id\":\"https:\/\/yvesfouquet.com\/#website\"},\"datePublished\":\"2022-04-29T21:17:54+00:00\",\"dateModified\":\"2022-04-29T21:17:54+00:00\",\"description\":\"Mobilier design en bois massif dans le style old Fran\u00e7ais. Bureau dans le bureau sous la commande. Design exclusif, accessoires Fran\u00e7ais, d\u00e9cor sculpt\u00e9 et construit \u00e0 la main. Acheter des meubles premium Yves Fouquet en Ukraine\",\"breadcrumb\":{\"@id\":\"https:\/\/yvesfouquet.com\/fr\/produit\/pismennyj-stol-empire-2\/#breadcrumb\"},\"inLanguage\":\"fr-FR\",\"potentialAction\":[{\"@type\":\"ReadAction\",\"target\":[\"https:\/\/yvesfouquet.com\/fr\/produit\/pismennyj-stol-empire-2\/\"]}]},{\"@type\":\"BreadcrumbList\",\"@id\":\"https:\/\/yvesfouquet.com\/fr\/produit\/pismennyj-stol-empire-2\/#breadcrumb\",\"itemListElement\":[{\"@type\":\"ListItem\",\"position\":1,\"name\":\"\u0413\u043b\u0430\u0432\u043d\u0430\u044f\",\"item\":\"https:\/\/yvesfouquet.com\/fr\/\"},{\"@type\":\"ListItem\",\"position\":2,\"name\":\"Collections\",\"item\":\"https:\/\/yvesfouquet.com\/fr\/collections\/\"},{\"@type\":\"ListItem\",\"position\":3,\"name\":\"Bureau Empire\"}]},{\"@type\":\"WebSite\",\"@id\":\"https:\/\/yvesfouquet.com\/#website\",\"url\":\"https:\/\/yvesfouquet.com\/\",\"name\":\"Yves Fouquet\",\"description\":\"\u0424\u0440\u0430\u043d\u0446\u0443\u0437\u0441\u043a\u0430\u044f \u043c\u0435\u0431\u0435\u043b\u044c\",\"potentialAction\":[{\"@type\":\"SearchAction\",\"target\":{\"@type\":\"EntryPoint\",\"urlTemplate\":\"https:\/\/yvesfouquet.com\/?s={search_term_string}\"},\"query-input\":\"required name=search_term_string\"}],\"inLanguage\":\"fr-FR\"}]}<\/script>\n<meta property=\"product:price:amount\" content=\"0\" \/>\n<meta property=\"product:price:currency\" content=\"EUR\" \/>\n<meta property=\"og:availability\" content=\"instock\" \/>\n<meta property=\"product:availability\" content=\"instock\" \/>\n<meta property=\"product:retailer_item_id\" content=\"EW1300\" \/>\n<meta property=\"product:condition\" content=\"new\" \/>\n<!-- \/ Yoast SEO Premium plugin. -->","yoast_head_json":{"title":"Bureau en bois \u00e9crivant dans - style Empire sep Yves Fouquet","description":"Mobilier design en bois massif dans le style old Fran\u00e7ais. Bureau dans le bureau sous la commande. Design exclusif, accessoires Fran\u00e7ais, d\u00e9cor sculpt\u00e9 et construit \u00e0 la main. Acheter des meubles premium Yves Fouquet en Ukraine","robots":{"index":"index","follow":"follow","max-snippet":"max-snippet:-1","max-image-preview":"max-image-preview:large","max-video-preview":"max-video-preview:-1"},"canonical":"https:\/\/yvesfouquet.com\/fr\/produit\/pismennyj-stol-empire-2\/","og_locale":"fr_FR","og_type":"article","og_title":"Bureau Empire","og_description":"Mobilier design en bois massif dans le style old Fran\u00e7ais. Bureau dans le bureau sous la commande. Design exclusif, accessoires Fran\u00e7ais, d\u00e9cor sculpt\u00e9 et construit \u00e0 la main. Acheter des meubles premium Yves Fouquet en Ukraine","og_url":"https:\/\/yvesfouquet.com\/fr\/produit\/pismennyj-stol-empire-2\/","og_site_name":"Yves Fouquet","article_publisher":"https:\/\/www.facebook.com\/boutiueyvesfouquet","og_image":[{"width":640,"height":480,"url":"https:\/\/yvesfouquet.com\/wp-content\/uploads\/2020\/10\/ew1300.jpg","type":"image\/jpeg"}],"twitter_card":"summary_large_image","twitter_misc":{"Prix":"","Disponibilit\u00e9":"En stock"},"schema":{"@context":"https:\/\/schema.org","@graph":[{"@type":["WebPage","ItemPage"],"@id":"https:\/\/yvesfouquet.com\/fr\/produit\/pismennyj-stol-empire-2\/","url":"https:\/\/yvesfouquet.com\/fr\/produit\/pismennyj-stol-empire-2\/","name":"Bureau en bois \u00e9crivant dans - style Empire sep Yves Fouquet","isPartOf":{"@id":"https:\/\/yvesfouquet.com\/#website"},"datePublished":"2022-04-29T21:17:54+00:00","dateModified":"2022-04-29T21:17:54+00:00","description":"Mobilier design en bois massif dans le style old Fran\u00e7ais. Bureau dans le bureau sous la commande. Design exclusif, accessoires Fran\u00e7ais, d\u00e9cor sculpt\u00e9 et construit \u00e0 la main. Acheter des meubles premium Yves Fouquet en Ukraine","breadcrumb":{"@id":"https:\/\/yvesfouquet.com\/fr\/produit\/pismennyj-stol-empire-2\/#breadcrumb"},"inLanguage":"fr-FR","potentialAction":[{"@type":"ReadAction","target":["https:\/\/yvesfouquet.com\/fr\/produit\/pismennyj-stol-empire-2\/"]}]},{"@type":"BreadcrumbList","@id":"https:\/\/yvesfouquet.com\/fr\/produit\/pismennyj-stol-empire-2\/#breadcrumb","itemListElement":[{"@type":"ListItem","position":1,"name":"\u0413\u043b\u0430\u0432\u043d\u0430\u044f","item":"https:\/\/yvesfouquet.com\/fr\/"},{"@type":"ListItem","position":2,"name":"Collections","item":"https:\/\/yvesfouquet.com\/fr\/collections\/"},{"@type":"ListItem","position":3,"name":"Bureau Empire"}]},{"@type":"WebSite","@id":"https:\/\/yvesfouquet.com\/#website","url":"https:\/\/yvesfouquet.com\/","name":"Yves Fouquet","description":"\u0424\u0440\u0430\u043d\u0446\u0443\u0437\u0441\u043a\u0430\u044f \u043c\u0435\u0431\u0435\u043b\u044c","potentialAction":[{"@type":"SearchAction","target":{"@type":"EntryPoint","urlTemplate":"https:\/\/yvesfouquet.com\/?s={search_term_string}"},"query-input":"required name=search_term_string"}],"inLanguage":"fr-FR"}]},"product_price_currency":"EUR","og_availability":"instock","product_availability":"instock","product_retailer_item_id":"EW1300","product_condition":"new"},"_links":{"self":[{"href":"https:\/\/yvesfouquet.com\/fr\/wp-json\/wp\/v2\/product\/18306"}],"collection":[{"href":"https:\/\/yvesfouquet.com\/fr\/wp-json\/wp\/v2\/product"}],"about":[{"href":"https:\/\/yvesfouquet.com\/fr\/wp-json\/wp\/v2\/types\/product"}],"version-history":[{"count":0,"href":"https:\/\/yvesfouquet.com\/fr\/wp-json\/wp\/v2\/product\/18306\/revisions"}],"wp:featuredmedia":[{"embeddable":true,"href":"https:\/\/yvesfouquet.com\/fr\/wp-json\/wp\/v2\/media\/21005"}],"wp:attachment":[{"href":"https:\/\/yvesfouquet.com\/fr\/wp-json\/wp\/v2\/media?parent=18306"}],"wp:term":[{"taxonomy":"product_cat","embeddable":true,"href":"https:\/\/yvesfouquet.com\/fr\/wp-json\/wp\/v2\/product_cat?post=18306"},{"taxonomy":"product_tag","embeddable":true,"href":"https:\/\/yvesfouquet.com\/fr\/wp-json\/wp\/v2\/product_tag?post=18306"}],"curies":[{"name":"wp","href":"https:\/\/api.w.org\/{rel}","templated":true}]}}