{"id":18309,"date":"2020-10-26T21:10:34","date_gmt":"2022-04-29T21:17:55","guid":{"rendered":"https:\/\/yvesfouquet.com\/product\/table-de-repas-pliante-ludovic-xv-tr622\/"},"modified":"2022-04-30T00:17:55","modified_gmt":"2022-04-29T21:17:55","slug":"stol-obedennyj-raskladnoj-lyudovik-xv-tr622-2","status":"publish","type":"product","link":"https:\/\/yvesfouquet.com\/fr\/produit\/stol-obedennyj-raskladnoj-lyudovik-xv-tr622-2\/","title":{"rendered":"Table de repas pliante Ludovic XV TR622"},"content":{"rendered":"<p>Cr\u00e9\u00e9s \u00e0 partir des meilleurs types de bois naturel, les meubles vintage sont une d\u00e9coration de l\u2019environnement design. Lumineuse et aristocratique a l\u2019air luxueuse table \u00e0 manger pliante de l\u2019\u00e9poque de Louis XV. \u00c9l\u00e9gant et pratique, il s\u2019int\u00e8gre parfaitement dans l\u2019int\u00e9rieur dans le style Fran\u00e7ais. Le travail d\u2019auteur des ma\u00eetres de l\u2019usine de meubles Yves Fouquet deviendra la fiert\u00e9 de votre maison.<\/p>\n<p>Une table en bois pour antiquit\u00e9s compl\u00e9tera harmonieusement l\u2019int\u00e9rieur de la cuisine ou de la salle \u00e0 manger d\u2019une grande maison. Les lignes flexibles des jambes courbes s\u2019\u00e9coulent en vagues lisses dans les courbes du tsarga sculpt\u00e9. L\u2019\u00e9l\u00e9gance \u00e9l\u00e9gante est ajout\u00e9e par de l\u00e9g\u00e8res boucles de sculpture \u00e0 la main. Un point culminant sp\u00e9cial de la table \u00e0 manger est un magnifique comptoir laqu\u00e9 avec un motif de parquet et des bords boucl\u00e9s.<\/p>\n<p>La table \u00e0 manger en bois massif est assembl\u00e9e \u00e0 la main selon les technologies de mobilier traditionnelles des ma\u00eetres Fran\u00e7ais des si\u00e8cles pass\u00e9s. Les pi\u00e8ces sont fix\u00e9es avec des clous en bois et une connexion classique \u00e0 rainure \u00e0 pointes. L\u2019effet lumineux de l\u2019antiquit\u00e9 est cr\u00e9\u00e9 \u00e0 l\u2019aide de techniques de vieillissement sp\u00e9ciales. Une combinaison habile de ces \u00e9l\u00e9ments donne au produit une saveur historique unique.<\/p>\n<p>Des meubles exclusifs de classe premium sont fabriqu\u00e9s sur commande en fonction de la taille du client. Pour que le mod\u00e8le s\u2019adapte parfaitement \u00e0 la situation, vous pouvez choisir vous-m\u00eame la couleur et le design adapt\u00e9s \u00e0 votre int\u00e9rieur.<\/p>\n","protected":false},"excerpt":{"rendered":"<p><strong>Dimensions:<\/strong> L1790 x H770 x P1100 (L2260)<\/p>\n<p><strong>Description:<\/strong> Insert 470mm<\/p>\n","protected":false},"featured_media":21338,"template":"","meta":[],"product_cat":[160],"product_tag":[],"yoast_head":"<!-- This site is optimized with the Yoast SEO Premium plugin v20.7 (Yoast SEO v20.8) - https:\/\/yoast.com\/wordpress\/plugins\/seo\/ -->\n<title>Table \u00e0 manger pliante en bois naturel - Yves Fouquet<\/title>\n<meta name=\"description\" content=\"Meubles pour antiquit\u00e9s dans le style de Louis. Achetez des meubles en bois faits \u00e0 la main d\u2019\u00e9lite sur commande. Design exclusif, raccords Fran\u00e7ais. Usine Yves Fouquet en Ukraine\" \/>\n<meta name=\"robots\" content=\"index, follow, max-snippet:-1, max-image-preview:large, max-video-preview:-1\" \/>\n<link rel=\"canonical\" href=\"https:\/\/yvesfouquet.com\/fr\/produit\/stol-obedennyj-raskladnoj-lyudovik-xv-tr622-2\/\" \/>\n<meta property=\"og:locale\" content=\"fr_FR\" \/>\n<meta property=\"og:type\" content=\"article\" \/>\n<meta property=\"og:title\" content=\"Table de repas pliante Ludovic XV TR622\" \/>\n<meta property=\"og:description\" content=\"Meubles pour antiquit\u00e9s dans le style de Louis. Achetez des meubles en bois faits \u00e0 la main d\u2019\u00e9lite sur commande. Design exclusif, raccords Fran\u00e7ais. Usine Yves Fouquet en Ukraine\" \/>\n<meta property=\"og:url\" content=\"https:\/\/yvesfouquet.com\/fr\/produit\/stol-obedennyj-raskladnoj-lyudovik-xv-tr622-2\/\" \/>\n<meta property=\"og:site_name\" content=\"Yves Fouquet\" \/>\n<meta property=\"article:publisher\" content=\"https:\/\/www.facebook.com\/boutiueyvesfouquet\" \/>\n<meta property=\"og:image\" content=\"https:\/\/yvesfouquet.com\/wp-content\/uploads\/2020\/10\/60-2.png\" \/>\n\t<meta property=\"og:image:width\" content=\"1080\" \/>\n\t<meta property=\"og:image:height\" content=\"1080\" \/>\n\t<meta property=\"og:image:type\" content=\"image\/png\" \/>\n<meta name=\"twitter:card\" content=\"summary_large_image\" \/>\n<meta name=\"twitter:label1\" content=\"Prix\" \/>\n\t<meta name=\"twitter:data1\" content=\"\" \/>\n\t<meta name=\"twitter:label2\" content=\"Disponibilit\u00e9\" \/>\n\t<meta name=\"twitter:data2\" content=\"En stock\" \/>\n<script type=\"application\/ld+json\" class=\"yoast-schema-graph\">{\"@context\":\"https:\/\/schema.org\",\"@graph\":[{\"@type\":[\"WebPage\",\"ItemPage\"],\"@id\":\"https:\/\/yvesfouquet.com\/fr\/produit\/stol-obedennyj-raskladnoj-lyudovik-xv-tr622-2\/\",\"url\":\"https:\/\/yvesfouquet.com\/fr\/produit\/stol-obedennyj-raskladnoj-lyudovik-xv-tr622-2\/\",\"name\":\"Table \u00e0 manger pliante en bois naturel - Yves Fouquet\",\"isPartOf\":{\"@id\":\"https:\/\/yvesfouquet.com\/#website\"},\"datePublished\":\"2022-04-29T21:17:55+00:00\",\"dateModified\":\"2022-04-29T21:17:55+00:00\",\"description\":\"Meubles pour antiquit\u00e9s dans le style de Louis. Achetez des meubles en bois faits \u00e0 la main d\u2019\u00e9lite sur commande. Design exclusif, raccords Fran\u00e7ais. Usine Yves Fouquet en Ukraine\",\"breadcrumb\":{\"@id\":\"https:\/\/yvesfouquet.com\/fr\/produit\/stol-obedennyj-raskladnoj-lyudovik-xv-tr622-2\/#breadcrumb\"},\"inLanguage\":\"fr-FR\",\"potentialAction\":[{\"@type\":\"ReadAction\",\"target\":[\"https:\/\/yvesfouquet.com\/fr\/produit\/stol-obedennyj-raskladnoj-lyudovik-xv-tr622-2\/\"]}]},{\"@type\":\"BreadcrumbList\",\"@id\":\"https:\/\/yvesfouquet.com\/fr\/produit\/stol-obedennyj-raskladnoj-lyudovik-xv-tr622-2\/#breadcrumb\",\"itemListElement\":[{\"@type\":\"ListItem\",\"position\":1,\"name\":\"\u0413\u043b\u0430\u0432\u043d\u0430\u044f\",\"item\":\"https:\/\/yvesfouquet.com\/fr\/\"},{\"@type\":\"ListItem\",\"position\":2,\"name\":\"Collections\",\"item\":\"https:\/\/yvesfouquet.com\/fr\/collections\/\"},{\"@type\":\"ListItem\",\"position\":3,\"name\":\"Table de repas pliante Ludovic XV TR622\"}]},{\"@type\":\"WebSite\",\"@id\":\"https:\/\/yvesfouquet.com\/#website\",\"url\":\"https:\/\/yvesfouquet.com\/\",\"name\":\"Yves Fouquet\",\"description\":\"\u0424\u0440\u0430\u043d\u0446\u0443\u0437\u0441\u043a\u0430\u044f \u043c\u0435\u0431\u0435\u043b\u044c\",\"potentialAction\":[{\"@type\":\"SearchAction\",\"target\":{\"@type\":\"EntryPoint\",\"urlTemplate\":\"https:\/\/yvesfouquet.com\/?s={search_term_string}\"},\"query-input\":\"required name=search_term_string\"}],\"inLanguage\":\"fr-FR\"}]}<\/script>\n<meta property=\"product:price:amount\" content=\"0\" \/>\n<meta property=\"product:price:currency\" content=\"EUR\" \/>\n<meta property=\"og:availability\" content=\"instock\" \/>\n<meta property=\"product:availability\" content=\"instock\" \/>\n<meta property=\"product:retailer_item_id\" content=\"TR622\" \/>\n<meta property=\"product:condition\" content=\"new\" \/>\n<!-- \/ Yoast SEO Premium plugin. -->","yoast_head_json":{"title":"Table \u00e0 manger pliante en bois naturel - Yves Fouquet","description":"Meubles pour antiquit\u00e9s dans le style de Louis. Achetez des meubles en bois faits \u00e0 la main d\u2019\u00e9lite sur commande. Design exclusif, raccords Fran\u00e7ais. Usine Yves Fouquet en Ukraine","robots":{"index":"index","follow":"follow","max-snippet":"max-snippet:-1","max-image-preview":"max-image-preview:large","max-video-preview":"max-video-preview:-1"},"canonical":"https:\/\/yvesfouquet.com\/fr\/produit\/stol-obedennyj-raskladnoj-lyudovik-xv-tr622-2\/","og_locale":"fr_FR","og_type":"article","og_title":"Table de repas pliante Ludovic XV TR622","og_description":"Meubles pour antiquit\u00e9s dans le style de Louis. Achetez des meubles en bois faits \u00e0 la main d\u2019\u00e9lite sur commande. Design exclusif, raccords Fran\u00e7ais. Usine Yves Fouquet en Ukraine","og_url":"https:\/\/yvesfouquet.com\/fr\/produit\/stol-obedennyj-raskladnoj-lyudovik-xv-tr622-2\/","og_site_name":"Yves Fouquet","article_publisher":"https:\/\/www.facebook.com\/boutiueyvesfouquet","og_image":[{"width":1080,"height":1080,"url":"https:\/\/yvesfouquet.com\/wp-content\/uploads\/2020\/10\/60-2.png","type":"image\/png"}],"twitter_card":"summary_large_image","twitter_misc":{"Prix":"","Disponibilit\u00e9":"En stock"},"schema":{"@context":"https:\/\/schema.org","@graph":[{"@type":["WebPage","ItemPage"],"@id":"https:\/\/yvesfouquet.com\/fr\/produit\/stol-obedennyj-raskladnoj-lyudovik-xv-tr622-2\/","url":"https:\/\/yvesfouquet.com\/fr\/produit\/stol-obedennyj-raskladnoj-lyudovik-xv-tr622-2\/","name":"Table \u00e0 manger pliante en bois naturel - Yves Fouquet","isPartOf":{"@id":"https:\/\/yvesfouquet.com\/#website"},"datePublished":"2022-04-29T21:17:55+00:00","dateModified":"2022-04-29T21:17:55+00:00","description":"Meubles pour antiquit\u00e9s dans le style de Louis. Achetez des meubles en bois faits \u00e0 la main d\u2019\u00e9lite sur commande. Design exclusif, raccords Fran\u00e7ais. Usine Yves Fouquet en Ukraine","breadcrumb":{"@id":"https:\/\/yvesfouquet.com\/fr\/produit\/stol-obedennyj-raskladnoj-lyudovik-xv-tr622-2\/#breadcrumb"},"inLanguage":"fr-FR","potentialAction":[{"@type":"ReadAction","target":["https:\/\/yvesfouquet.com\/fr\/produit\/stol-obedennyj-raskladnoj-lyudovik-xv-tr622-2\/"]}]},{"@type":"BreadcrumbList","@id":"https:\/\/yvesfouquet.com\/fr\/produit\/stol-obedennyj-raskladnoj-lyudovik-xv-tr622-2\/#breadcrumb","itemListElement":[{"@type":"ListItem","position":1,"name":"\u0413\u043b\u0430\u0432\u043d\u0430\u044f","item":"https:\/\/yvesfouquet.com\/fr\/"},{"@type":"ListItem","position":2,"name":"Collections","item":"https:\/\/yvesfouquet.com\/fr\/collections\/"},{"@type":"ListItem","position":3,"name":"Table de repas pliante Ludovic XV TR622"}]},{"@type":"WebSite","@id":"https:\/\/yvesfouquet.com\/#website","url":"https:\/\/yvesfouquet.com\/","name":"Yves Fouquet","description":"\u0424\u0440\u0430\u043d\u0446\u0443\u0437\u0441\u043a\u0430\u044f \u043c\u0435\u0431\u0435\u043b\u044c","potentialAction":[{"@type":"SearchAction","target":{"@type":"EntryPoint","urlTemplate":"https:\/\/yvesfouquet.com\/?s={search_term_string}"},"query-input":"required name=search_term_string"}],"inLanguage":"fr-FR"}]},"product_price_currency":"EUR","og_availability":"instock","product_availability":"instock","product_retailer_item_id":"TR622","product_condition":"new"},"_links":{"self":[{"href":"https:\/\/yvesfouquet.com\/fr\/wp-json\/wp\/v2\/product\/18309"}],"collection":[{"href":"https:\/\/yvesfouquet.com\/fr\/wp-json\/wp\/v2\/product"}],"about":[{"href":"https:\/\/yvesfouquet.com\/fr\/wp-json\/wp\/v2\/types\/product"}],"version-history":[{"count":0,"href":"https:\/\/yvesfouquet.com\/fr\/wp-json\/wp\/v2\/product\/18309\/revisions"}],"wp:featuredmedia":[{"embeddable":true,"href":"https:\/\/yvesfouquet.com\/fr\/wp-json\/wp\/v2\/media\/21338"}],"wp:attachment":[{"href":"https:\/\/yvesfouquet.com\/fr\/wp-json\/wp\/v2\/media?parent=18309"}],"wp:term":[{"taxonomy":"product_cat","embeddable":true,"href":"https:\/\/yvesfouquet.com\/fr\/wp-json\/wp\/v2\/product_cat?post=18309"},{"taxonomy":"product_tag","embeddable":true,"href":"https:\/\/yvesfouquet.com\/fr\/wp-json\/wp\/v2\/product_tag?post=18309"}],"curies":[{"name":"wp","href":"https:\/\/api.w.org\/{rel}","templated":true}]}}