{"id":18310,"date":"2020-10-26T21:10:35","date_gmt":"2022-04-29T21:17:55","guid":{"rendered":"https:\/\/yvesfouquet.com\/product\/arches-en-bois\/"},"modified":"2022-04-30T00:17:55","modified_gmt":"2022-04-29T21:17:55","slug":"derevyannye-arki-2","status":"publish","type":"product","link":"https:\/\/yvesfouquet.com\/fr\/produit\/derevyannye-arki-2\/","title":{"rendered":"Arches en bois"},"content":{"rendered":"<p>Un \u00e9l\u00e9ment lumineux du d\u00e9cor sera une arche en bois naturel. Il a fi\u00e8re allure \u00e0 l\u2019int\u00e9rieur, permet non seulement de d\u00e9corer une atmosph\u00e8re \u00e9l\u00e9gante de mani\u00e8re originale, mais aussi de zoner harmonieusement l\u2019espace selon l\u2019id\u00e9e de conception.<\/p>\n<p>L\u2019arche en bois naturel convient aux int\u00e9rieurs classiques et modernes. Il peut \u00eatre plac\u00e9 absolument dans n\u2019importe quelle pi\u00e8ce, divisant visuellement la pi\u00e8ce en zones \u00e0 des fins diff\u00e9rentes. Une arche dans la cuisine s\u00e9parera la zone de cuisson, d\u00e9terminant l\u2019emplacement de la salle \u00e0 manger. Dans la chambre \u00e0 coucher, elle divisera la pi\u00e8ce en un coin salon et un endroit o\u00f9 se trouve le lit.<\/p>\n<p>Des arcs d\u00e9coratifs int\u00e9ressants et originaux sur les murs. Ils peuvent servir de cadre pour un miroir ou une image dans le couloir. Dans le salon, une chemin\u00e9e ou une pi\u00e8ce unique d\u2019int\u00e9rieur design sera favorablement soulign\u00e9e.<\/p>\n<p>Les arches en bois magnifiquement et harmonieusement regardent dans les niches, cr\u00e9ant un sentiment d\u2019atmosph\u00e8re intime et confortable. Dans les portes, ils diviseront discr\u00e8tement l\u2019espace, permettant \u00e0 l\u2019atmosph\u00e8re de conception de s\u2019\u00e9couler en douceur d\u2019une pi\u00e8ce \u00e0 l\u2019autre.<\/p>\n<p>Les arches en bois naturel des ma\u00eetres Yves Fouquet sont fabriqu\u00e9es individuellement sur commande. Un design unique, une sculpture \u00e0 la main fine et des effets de vieillissement artificiel donneront au d\u00e9cor de l\u2019auteur un style lumineux et un charisme unique.<\/p>\n","protected":false},"excerpt":{"rendered":"<p>Taille: sur demande<\/p>\n<p>Mat\u00e9riel: Solid Wild Cherry<\/p>\n<p>Fil: fait \u00e0 la main<\/p>\n","protected":false},"featured_media":16932,"template":"","meta":[],"product_cat":[186],"product_tag":[],"yoast_head":"<!-- This site is optimized with the Yoast SEO Premium plugin v20.7 (Yoast SEO v20.8) - https:\/\/yoast.com\/wordpress\/plugins\/seo\/ -->\n<title>Arches en bois naturel faites \u00e0 la main - Yves Fouquet<\/title>\n<meta name=\"description\" content=\"Arche en bois massif sur commande. D\u00e9cor en bois exclusif dans le style ancien. Meubles design de haute qualit\u00e9 en Ukraine du fabricant. Usine Yves Fouquet\" \/>\n<meta name=\"robots\" content=\"index, follow, max-snippet:-1, max-image-preview:large, max-video-preview:-1\" \/>\n<link rel=\"canonical\" href=\"https:\/\/yvesfouquet.com\/fr\/produit\/derevyannye-arki-2\/\" \/>\n<meta property=\"og:locale\" content=\"fr_FR\" \/>\n<meta property=\"og:type\" content=\"article\" \/>\n<meta property=\"og:title\" content=\"Arches en bois\" \/>\n<meta property=\"og:description\" content=\"Arche en bois massif sur commande. D\u00e9cor en bois exclusif dans le style ancien. Meubles design de haute qualit\u00e9 en Ukraine du fabricant. Usine Yves Fouquet\" \/>\n<meta property=\"og:url\" content=\"https:\/\/yvesfouquet.com\/fr\/produit\/derevyannye-arki-2\/\" \/>\n<meta property=\"og:site_name\" content=\"Yves Fouquet\" \/>\n<meta property=\"article:publisher\" content=\"https:\/\/www.facebook.com\/boutiueyvesfouquet\" \/>\n<meta property=\"og:image\" content=\"https:\/\/yvesfouquet.com\/wp-content\/uploads\/2020\/10\/cm111-1600x950x570-5-scaled-1.jpg\" \/>\n\t<meta property=\"og:image:width\" content=\"2132\" \/>\n\t<meta property=\"og:image:height\" content=\"2560\" \/>\n\t<meta property=\"og:image:type\" content=\"image\/jpeg\" \/>\n<meta name=\"twitter:card\" content=\"summary_large_image\" \/>\n<meta name=\"twitter:label1\" content=\"Prix\" \/>\n\t<meta name=\"twitter:data1\" content=\"\" \/>\n\t<meta name=\"twitter:label2\" content=\"Disponibilit\u00e9\" \/>\n\t<meta name=\"twitter:data2\" content=\"En stock\" \/>\n<script type=\"application\/ld+json\" class=\"yoast-schema-graph\">{\"@context\":\"https:\/\/schema.org\",\"@graph\":[{\"@type\":[\"WebPage\",\"ItemPage\"],\"@id\":\"https:\/\/yvesfouquet.com\/fr\/produit\/derevyannye-arki-2\/\",\"url\":\"https:\/\/yvesfouquet.com\/fr\/produit\/derevyannye-arki-2\/\",\"name\":\"Arches en bois naturel faites \u00e0 la main - Yves Fouquet\",\"isPartOf\":{\"@id\":\"https:\/\/yvesfouquet.com\/#website\"},\"datePublished\":\"2022-04-29T21:17:55+00:00\",\"dateModified\":\"2022-04-29T21:17:55+00:00\",\"description\":\"Arche en bois massif sur commande. D\u00e9cor en bois exclusif dans le style ancien. Meubles design de haute qualit\u00e9 en Ukraine du fabricant. Usine Yves Fouquet\",\"breadcrumb\":{\"@id\":\"https:\/\/yvesfouquet.com\/fr\/produit\/derevyannye-arki-2\/#breadcrumb\"},\"inLanguage\":\"fr-FR\",\"potentialAction\":[{\"@type\":\"ReadAction\",\"target\":[\"https:\/\/yvesfouquet.com\/fr\/produit\/derevyannye-arki-2\/\"]}]},{\"@type\":\"BreadcrumbList\",\"@id\":\"https:\/\/yvesfouquet.com\/fr\/produit\/derevyannye-arki-2\/#breadcrumb\",\"itemListElement\":[{\"@type\":\"ListItem\",\"position\":1,\"name\":\"\u0413\u043b\u0430\u0432\u043d\u0430\u044f\",\"item\":\"https:\/\/yvesfouquet.com\/fr\/\"},{\"@type\":\"ListItem\",\"position\":2,\"name\":\"Collections\",\"item\":\"https:\/\/yvesfouquet.com\/fr\/collections\/\"},{\"@type\":\"ListItem\",\"position\":3,\"name\":\"Arches en bois\"}]},{\"@type\":\"WebSite\",\"@id\":\"https:\/\/yvesfouquet.com\/#website\",\"url\":\"https:\/\/yvesfouquet.com\/\",\"name\":\"Yves Fouquet\",\"description\":\"\u0424\u0440\u0430\u043d\u0446\u0443\u0437\u0441\u043a\u0430\u044f \u043c\u0435\u0431\u0435\u043b\u044c\",\"potentialAction\":[{\"@type\":\"SearchAction\",\"target\":{\"@type\":\"EntryPoint\",\"urlTemplate\":\"https:\/\/yvesfouquet.com\/?s={search_term_string}\"},\"query-input\":\"required name=search_term_string\"}],\"inLanguage\":\"fr-FR\"}]}<\/script>\n<meta property=\"product:price:amount\" content=\"0\" \/>\n<meta property=\"product:price:currency\" content=\"EUR\" \/>\n<meta property=\"og:availability\" content=\"instock\" \/>\n<meta property=\"product:availability\" content=\"instock\" \/>\n<meta property=\"product:condition\" content=\"new\" \/>\n<!-- \/ Yoast SEO Premium plugin. -->","yoast_head_json":{"title":"Arches en bois naturel faites \u00e0 la main - Yves Fouquet","description":"Arche en bois massif sur commande. D\u00e9cor en bois exclusif dans le style ancien. Meubles design de haute qualit\u00e9 en Ukraine du fabricant. Usine Yves Fouquet","robots":{"index":"index","follow":"follow","max-snippet":"max-snippet:-1","max-image-preview":"max-image-preview:large","max-video-preview":"max-video-preview:-1"},"canonical":"https:\/\/yvesfouquet.com\/fr\/produit\/derevyannye-arki-2\/","og_locale":"fr_FR","og_type":"article","og_title":"Arches en bois","og_description":"Arche en bois massif sur commande. D\u00e9cor en bois exclusif dans le style ancien. Meubles design de haute qualit\u00e9 en Ukraine du fabricant. Usine Yves Fouquet","og_url":"https:\/\/yvesfouquet.com\/fr\/produit\/derevyannye-arki-2\/","og_site_name":"Yves Fouquet","article_publisher":"https:\/\/www.facebook.com\/boutiueyvesfouquet","og_image":[{"width":2132,"height":2560,"url":"https:\/\/yvesfouquet.com\/wp-content\/uploads\/2020\/10\/cm111-1600x950x570-5-scaled-1.jpg","type":"image\/jpeg"}],"twitter_card":"summary_large_image","twitter_misc":{"Prix":"","Disponibilit\u00e9":"En stock"},"schema":{"@context":"https:\/\/schema.org","@graph":[{"@type":["WebPage","ItemPage"],"@id":"https:\/\/yvesfouquet.com\/fr\/produit\/derevyannye-arki-2\/","url":"https:\/\/yvesfouquet.com\/fr\/produit\/derevyannye-arki-2\/","name":"Arches en bois naturel faites \u00e0 la main - Yves Fouquet","isPartOf":{"@id":"https:\/\/yvesfouquet.com\/#website"},"datePublished":"2022-04-29T21:17:55+00:00","dateModified":"2022-04-29T21:17:55+00:00","description":"Arche en bois massif sur commande. D\u00e9cor en bois exclusif dans le style ancien. Meubles design de haute qualit\u00e9 en Ukraine du fabricant. Usine Yves Fouquet","breadcrumb":{"@id":"https:\/\/yvesfouquet.com\/fr\/produit\/derevyannye-arki-2\/#breadcrumb"},"inLanguage":"fr-FR","potentialAction":[{"@type":"ReadAction","target":["https:\/\/yvesfouquet.com\/fr\/produit\/derevyannye-arki-2\/"]}]},{"@type":"BreadcrumbList","@id":"https:\/\/yvesfouquet.com\/fr\/produit\/derevyannye-arki-2\/#breadcrumb","itemListElement":[{"@type":"ListItem","position":1,"name":"\u0413\u043b\u0430\u0432\u043d\u0430\u044f","item":"https:\/\/yvesfouquet.com\/fr\/"},{"@type":"ListItem","position":2,"name":"Collections","item":"https:\/\/yvesfouquet.com\/fr\/collections\/"},{"@type":"ListItem","position":3,"name":"Arches en bois"}]},{"@type":"WebSite","@id":"https:\/\/yvesfouquet.com\/#website","url":"https:\/\/yvesfouquet.com\/","name":"Yves Fouquet","description":"\u0424\u0440\u0430\u043d\u0446\u0443\u0437\u0441\u043a\u0430\u044f \u043c\u0435\u0431\u0435\u043b\u044c","potentialAction":[{"@type":"SearchAction","target":{"@type":"EntryPoint","urlTemplate":"https:\/\/yvesfouquet.com\/?s={search_term_string}"},"query-input":"required name=search_term_string"}],"inLanguage":"fr-FR"}]},"product_price_currency":"EUR","og_availability":"instock","product_availability":"instock","product_condition":"new"},"_links":{"self":[{"href":"https:\/\/yvesfouquet.com\/fr\/wp-json\/wp\/v2\/product\/18310"}],"collection":[{"href":"https:\/\/yvesfouquet.com\/fr\/wp-json\/wp\/v2\/product"}],"about":[{"href":"https:\/\/yvesfouquet.com\/fr\/wp-json\/wp\/v2\/types\/product"}],"version-history":[{"count":0,"href":"https:\/\/yvesfouquet.com\/fr\/wp-json\/wp\/v2\/product\/18310\/revisions"}],"wp:featuredmedia":[{"embeddable":true,"href":"https:\/\/yvesfouquet.com\/fr\/wp-json\/wp\/v2\/media\/16932"}],"wp:attachment":[{"href":"https:\/\/yvesfouquet.com\/fr\/wp-json\/wp\/v2\/media?parent=18310"}],"wp:term":[{"taxonomy":"product_cat","embeddable":true,"href":"https:\/\/yvesfouquet.com\/fr\/wp-json\/wp\/v2\/product_cat?post=18310"},{"taxonomy":"product_tag","embeddable":true,"href":"https:\/\/yvesfouquet.com\/fr\/wp-json\/wp\/v2\/product_tag?post=18310"}],"curies":[{"name":"wp","href":"https:\/\/api.w.org\/{rel}","templated":true}]}}