{"id":18312,"date":"2020-10-26T21:07:20","date_gmt":"2022-04-29T21:17:55","guid":{"rendered":"https:\/\/yvesfouquet.com\/product\/meuble-tv-mt173\/"},"modified":"2022-04-30T00:17:55","modified_gmt":"2022-04-29T21:17:55","slug":"tumba-pod-televizor-mt173-2","status":"publish","type":"product","link":"https:\/\/yvesfouquet.com\/fr\/produit\/tumba-pod-televizor-mt173-2\/","title":{"rendered":"Meuble TV MT173"},"content":{"rendered":"<p>Les meubles design de haute qualit\u00e9 en bois naturel deviendront une d\u00e9coration pour l\u2019int\u00e9rieur dans n\u2019importe quel style. Un magnifique meuble TV massif fabriqu\u00e9 \u00e0 la main par les ma\u00eetres de l\u2019usine Yves Fouquet s\u2019int\u00e9grera parfaitement dans un mobilier vintage et moderne. Un mod\u00e8le d\u2019auteur authentique prendra certainement une place digne dans le salon de votre maison.<\/p>\n<p>Le meuble TV en bois est \u00e9quip\u00e9 de quatre tiroirs spacieux. Entre les poign\u00e9es appari\u00e9es de chacun d\u2019eux, les raccords en bronze de Fran\u00e7ais production, il y a des lignes sculpt\u00e9es verticales. Dans la partie centrale de la fa\u00e7ade, il y a une porte en panneaux. S\u2019\u00e9levant jusqu\u2019au comptoir de l\u2019ensemble, les extr\u00e9mit\u00e9s massives ressemblent \u00e0 des colonnes antiques.<\/p>\n<p>Le mod\u00e8le exclusif a l\u2019air \u00e9l\u00e9gant et original. Le design aristocratique, les tons chauds de bois naturel, la fonctionnalit\u00e9 et la praticit\u00e9 plairont aux connaisseurs de meubles vintage haut de gamme.<\/p>\n<p>Le meuble TV est fabriqu\u00e9 sur commande conform\u00e9ment aux dimensions individuelles et aux autres souhaits du client. Pour son assemblage, des technologies de meubles anciennes sont utilis\u00e9es &#8211; clous en bois, queue d\u2019aronde et connexions \u00e0 rainures \u00e0 pointes. La couleur brillante et authentique est cr\u00e9\u00e9e par les effets du vieillissement &#8211; imitation de traces de dames, patine, rayures l\u00e9g\u00e8res, \u00e9raflures.<\/p>\n","protected":false},"excerpt":{"rendered":"<p><strong>Dimensions:<\/strong> L1600 x H640 x P520<\/p>\n<p><strong>Description:<\/strong> 4 tiroirs<\/p>\n","protected":false},"featured_media":16620,"template":"","meta":[],"product_cat":[158,178],"product_tag":[],"yoast_head":"<!-- This site is optimized with the Yoast SEO Premium plugin v20.7 (Yoast SEO v20.8) - https:\/\/yoast.com\/wordpress\/plugins\/seo\/ -->\n<title>Grande armoire en bois sur le tv - Yves Fouquet<\/title>\n<meta name=\"description\" content=\"Meubles en bois design pour antiquit\u00e9s faites \u00e0 la main. Technologies d\u2019assemblage anciennes, effets de vieillissement artificiel, raccords en bronze, sculptures \u00e0 la main. Des meubles exclusifs \u00e0 commander dans l\u2019usine ukrainienne Yves Fouquet\" \/>\n<meta name=\"robots\" content=\"index, follow, max-snippet:-1, max-image-preview:large, max-video-preview:-1\" \/>\n<link rel=\"canonical\" href=\"https:\/\/yvesfouquet.com\/fr\/produit\/tumba-pod-televizor-mt173-2\/\" \/>\n<meta property=\"og:locale\" content=\"fr_FR\" \/>\n<meta property=\"og:type\" content=\"article\" \/>\n<meta property=\"og:title\" content=\"Meuble TV MT173\" \/>\n<meta property=\"og:description\" content=\"Meubles en bois design pour antiquit\u00e9s faites \u00e0 la main. Technologies d\u2019assemblage anciennes, effets de vieillissement artificiel, raccords en bronze, sculptures \u00e0 la main. Des meubles exclusifs \u00e0 commander dans l\u2019usine ukrainienne Yves Fouquet\" \/>\n<meta property=\"og:url\" content=\"https:\/\/yvesfouquet.com\/fr\/produit\/tumba-pod-televizor-mt173-2\/\" \/>\n<meta property=\"og:site_name\" content=\"Yves Fouquet\" \/>\n<meta property=\"article:publisher\" content=\"https:\/\/www.facebook.com\/boutiueyvesfouquet\" \/>\n<meta property=\"og:image\" content=\"https:\/\/yvesfouquet.com\/wp-content\/uploads\/2020\/10\/50-2.png\" \/>\n\t<meta property=\"og:image:width\" content=\"1080\" \/>\n\t<meta property=\"og:image:height\" content=\"1080\" \/>\n\t<meta property=\"og:image:type\" content=\"image\/png\" \/>\n<meta name=\"twitter:card\" content=\"summary_large_image\" \/>\n<meta name=\"twitter:label1\" content=\"Prix\" \/>\n\t<meta name=\"twitter:data1\" content=\"\" \/>\n\t<meta name=\"twitter:label2\" content=\"Disponibilit\u00e9\" \/>\n\t<meta name=\"twitter:data2\" content=\"En stock\" \/>\n<script type=\"application\/ld+json\" class=\"yoast-schema-graph\">{\"@context\":\"https:\/\/schema.org\",\"@graph\":[{\"@type\":[\"WebPage\",\"ItemPage\"],\"@id\":\"https:\/\/yvesfouquet.com\/fr\/produit\/tumba-pod-televizor-mt173-2\/\",\"url\":\"https:\/\/yvesfouquet.com\/fr\/produit\/tumba-pod-televizor-mt173-2\/\",\"name\":\"Grande armoire en bois sur le tv - Yves Fouquet\",\"isPartOf\":{\"@id\":\"https:\/\/yvesfouquet.com\/#website\"},\"datePublished\":\"2022-04-29T21:17:55+00:00\",\"dateModified\":\"2022-04-29T21:17:55+00:00\",\"description\":\"Meubles en bois design pour antiquit\u00e9s faites \u00e0 la main. Technologies d\u2019assemblage anciennes, effets de vieillissement artificiel, raccords en bronze, sculptures \u00e0 la main. Des meubles exclusifs \u00e0 commander dans l\u2019usine ukrainienne Yves Fouquet\",\"breadcrumb\":{\"@id\":\"https:\/\/yvesfouquet.com\/fr\/produit\/tumba-pod-televizor-mt173-2\/#breadcrumb\"},\"inLanguage\":\"fr-FR\",\"potentialAction\":[{\"@type\":\"ReadAction\",\"target\":[\"https:\/\/yvesfouquet.com\/fr\/produit\/tumba-pod-televizor-mt173-2\/\"]}]},{\"@type\":\"BreadcrumbList\",\"@id\":\"https:\/\/yvesfouquet.com\/fr\/produit\/tumba-pod-televizor-mt173-2\/#breadcrumb\",\"itemListElement\":[{\"@type\":\"ListItem\",\"position\":1,\"name\":\"\u0413\u043b\u0430\u0432\u043d\u0430\u044f\",\"item\":\"https:\/\/yvesfouquet.com\/fr\/\"},{\"@type\":\"ListItem\",\"position\":2,\"name\":\"Collections\",\"item\":\"https:\/\/yvesfouquet.com\/fr\/collections\/\"},{\"@type\":\"ListItem\",\"position\":3,\"name\":\"Meuble TV MT173\"}]},{\"@type\":\"WebSite\",\"@id\":\"https:\/\/yvesfouquet.com\/#website\",\"url\":\"https:\/\/yvesfouquet.com\/\",\"name\":\"Yves Fouquet\",\"description\":\"\u0424\u0440\u0430\u043d\u0446\u0443\u0437\u0441\u043a\u0430\u044f \u043c\u0435\u0431\u0435\u043b\u044c\",\"potentialAction\":[{\"@type\":\"SearchAction\",\"target\":{\"@type\":\"EntryPoint\",\"urlTemplate\":\"https:\/\/yvesfouquet.com\/?s={search_term_string}\"},\"query-input\":\"required name=search_term_string\"}],\"inLanguage\":\"fr-FR\"}]}<\/script>\n<meta property=\"product:price:amount\" content=\"0\" \/>\n<meta property=\"product:price:currency\" content=\"EUR\" \/>\n<meta property=\"og:availability\" content=\"instock\" \/>\n<meta property=\"product:availability\" content=\"instock\" \/>\n<meta property=\"product:retailer_item_id\" content=\"MT173\" \/>\n<meta property=\"product:condition\" content=\"new\" \/>\n<!-- \/ Yoast SEO Premium plugin. -->","yoast_head_json":{"title":"Grande armoire en bois sur le tv - Yves Fouquet","description":"Meubles en bois design pour antiquit\u00e9s faites \u00e0 la main. Technologies d\u2019assemblage anciennes, effets de vieillissement artificiel, raccords en bronze, sculptures \u00e0 la main. Des meubles exclusifs \u00e0 commander dans l\u2019usine ukrainienne Yves Fouquet","robots":{"index":"index","follow":"follow","max-snippet":"max-snippet:-1","max-image-preview":"max-image-preview:large","max-video-preview":"max-video-preview:-1"},"canonical":"https:\/\/yvesfouquet.com\/fr\/produit\/tumba-pod-televizor-mt173-2\/","og_locale":"fr_FR","og_type":"article","og_title":"Meuble TV MT173","og_description":"Meubles en bois design pour antiquit\u00e9s faites \u00e0 la main. Technologies d\u2019assemblage anciennes, effets de vieillissement artificiel, raccords en bronze, sculptures \u00e0 la main. Des meubles exclusifs \u00e0 commander dans l\u2019usine ukrainienne Yves Fouquet","og_url":"https:\/\/yvesfouquet.com\/fr\/produit\/tumba-pod-televizor-mt173-2\/","og_site_name":"Yves Fouquet","article_publisher":"https:\/\/www.facebook.com\/boutiueyvesfouquet","og_image":[{"width":1080,"height":1080,"url":"https:\/\/yvesfouquet.com\/wp-content\/uploads\/2020\/10\/50-2.png","type":"image\/png"}],"twitter_card":"summary_large_image","twitter_misc":{"Prix":"","Disponibilit\u00e9":"En stock"},"schema":{"@context":"https:\/\/schema.org","@graph":[{"@type":["WebPage","ItemPage"],"@id":"https:\/\/yvesfouquet.com\/fr\/produit\/tumba-pod-televizor-mt173-2\/","url":"https:\/\/yvesfouquet.com\/fr\/produit\/tumba-pod-televizor-mt173-2\/","name":"Grande armoire en bois sur le tv - Yves Fouquet","isPartOf":{"@id":"https:\/\/yvesfouquet.com\/#website"},"datePublished":"2022-04-29T21:17:55+00:00","dateModified":"2022-04-29T21:17:55+00:00","description":"Meubles en bois design pour antiquit\u00e9s faites \u00e0 la main. Technologies d\u2019assemblage anciennes, effets de vieillissement artificiel, raccords en bronze, sculptures \u00e0 la main. Des meubles exclusifs \u00e0 commander dans l\u2019usine ukrainienne Yves Fouquet","breadcrumb":{"@id":"https:\/\/yvesfouquet.com\/fr\/produit\/tumba-pod-televizor-mt173-2\/#breadcrumb"},"inLanguage":"fr-FR","potentialAction":[{"@type":"ReadAction","target":["https:\/\/yvesfouquet.com\/fr\/produit\/tumba-pod-televizor-mt173-2\/"]}]},{"@type":"BreadcrumbList","@id":"https:\/\/yvesfouquet.com\/fr\/produit\/tumba-pod-televizor-mt173-2\/#breadcrumb","itemListElement":[{"@type":"ListItem","position":1,"name":"\u0413\u043b\u0430\u0432\u043d\u0430\u044f","item":"https:\/\/yvesfouquet.com\/fr\/"},{"@type":"ListItem","position":2,"name":"Collections","item":"https:\/\/yvesfouquet.com\/fr\/collections\/"},{"@type":"ListItem","position":3,"name":"Meuble TV MT173"}]},{"@type":"WebSite","@id":"https:\/\/yvesfouquet.com\/#website","url":"https:\/\/yvesfouquet.com\/","name":"Yves Fouquet","description":"\u0424\u0440\u0430\u043d\u0446\u0443\u0437\u0441\u043a\u0430\u044f \u043c\u0435\u0431\u0435\u043b\u044c","potentialAction":[{"@type":"SearchAction","target":{"@type":"EntryPoint","urlTemplate":"https:\/\/yvesfouquet.com\/?s={search_term_string}"},"query-input":"required name=search_term_string"}],"inLanguage":"fr-FR"}]},"product_price_currency":"EUR","og_availability":"instock","product_availability":"instock","product_retailer_item_id":"MT173","product_condition":"new"},"_links":{"self":[{"href":"https:\/\/yvesfouquet.com\/fr\/wp-json\/wp\/v2\/product\/18312"}],"collection":[{"href":"https:\/\/yvesfouquet.com\/fr\/wp-json\/wp\/v2\/product"}],"about":[{"href":"https:\/\/yvesfouquet.com\/fr\/wp-json\/wp\/v2\/types\/product"}],"version-history":[{"count":0,"href":"https:\/\/yvesfouquet.com\/fr\/wp-json\/wp\/v2\/product\/18312\/revisions"}],"wp:featuredmedia":[{"embeddable":true,"href":"https:\/\/yvesfouquet.com\/fr\/wp-json\/wp\/v2\/media\/16620"}],"wp:attachment":[{"href":"https:\/\/yvesfouquet.com\/fr\/wp-json\/wp\/v2\/media?parent=18312"}],"wp:term":[{"taxonomy":"product_cat","embeddable":true,"href":"https:\/\/yvesfouquet.com\/fr\/wp-json\/wp\/v2\/product_cat?post=18312"},{"taxonomy":"product_tag","embeddable":true,"href":"https:\/\/yvesfouquet.com\/fr\/wp-json\/wp\/v2\/product_tag?post=18312"}],"curies":[{"name":"wp","href":"https:\/\/api.w.org\/{rel}","templated":true}]}}