{"id":18314,"date":"2020-10-26T13:46:35","date_gmt":"2022-04-29T21:17:56","guid":{"rendered":"https:\/\/yvesfouquet.com\/product\/directoire-de-bureau\/"},"modified":"2022-04-30T00:17:56","modified_gmt":"2022-04-29T21:17:56","slug":"pismennyj-stol-directoire-3-2","status":"publish","type":"product","link":"https:\/\/yvesfouquet.com\/fr\/produit\/pismennyj-stol-directoire-3-2\/","title":{"rendered":"Directoire de bureau"},"content":{"rendered":"<p>Un petit bureau dans l\u2019esprit du Directoire a l\u2019air strict, mais \u00e9l\u00e9gant et authentique. Il est parfait pour ceux qui n\u2019ont pas besoin d\u2019\u00e9quiper un grand bureau, mais qui ont besoin d\u2019un bureau pratique et ne prenant pas beaucoup de place. Fabriqu\u00e9 dans le style old Fran\u00e7ais, il s\u2019int\u00e8gre parfaitement dans l\u2019int\u00e9rieur vintage.<\/p>\n<p>Un bureau pour les antiquit\u00e9s est pratique et fonctionnel, id\u00e9al pour travailler avec un ordinateur portable ou une tablette. Debout r\u00e9guli\u00e8rement sur de longs pieds sculpt\u00e9s, il est \u00e9quip\u00e9 d\u2019un tiroir pour la papeterie et de petits accessoires. Le plateau de la table est enti\u00e8rement recouvert de cuir, ce qui offre une commodit\u00e9 au travail.<\/p>\n<p>Souligne le style classique de la table d\u2019\u00e9lite Fran\u00e7ais raccords &#8211; la poign\u00e9e en bronze d\u2019origine sur le tiroir et les doublures aux extr\u00e9mit\u00e9s. Un sens de la couleur historique est habilement cr\u00e9\u00e9 \u00e0 l\u2019aide d\u2019effets de vieillissement appliqu\u00e9s \u00e0 la main. Les rayures l\u00e9g\u00e8res et les \u00e9clats, les \u00e9raflures et les traces de dames semblent r\u00e9alistes.<\/p>\n<p>Des meubles en bois exclusifs sont assembl\u00e9s \u00e0 la main sur commande. Les ma\u00eetres de l\u2019usine Yves Fouquet utilisent des technologies de meubles anciennes, ce qui rend les produits presque impossibles \u00e0 distinguer des antiquit\u00e9s. Pour que les meubles s\u2019int\u00e8grent parfaitement \u00e0 l\u2019int\u00e9rieur, vous pouvez choisir la taille, la couleur, les accessoires et le d\u00e9cor de n\u2019importe quel mod\u00e8le.<\/p>\n","protected":false},"excerpt":{"rendered":"<p><strong>Article:<\/strong> Br136<\/p>\n<p><strong>Dimensions:<\/strong> <span class=\"s1\">L900 x H760 x P500<\/span><\/p>\n<p><strong>Description:<\/strong> 1 tiroir<\/p>\n","protected":false},"featured_media":21001,"template":"","meta":[],"product_cat":[177],"product_tag":[],"yoast_head":"<!-- This site is optimized with the Yoast SEO Premium plugin v20.7 (Yoast SEO v20.8) - https:\/\/yoast.com\/wordpress\/plugins\/seo\/ -->\n<title>Bureau en bois de style Fran\u00e7ais - Yves Fouquet<\/title>\n<meta name=\"description\" content=\"Meubles en bois naturel \u00e0 commander dans le style du r\u00e9pertoire Fran\u00e7ais. Design exclusif, assemblage manuel de haute qualit\u00e9, d\u00e9cor sculpt\u00e9, raccords en bronze. Achetez des meubles haut de gamme pour les antiquit\u00e9s en Ukraine. Produit par Yves Fouquet\" \/>\n<meta name=\"robots\" content=\"index, follow, max-snippet:-1, max-image-preview:large, max-video-preview:-1\" \/>\n<link rel=\"canonical\" href=\"https:\/\/yvesfouquet.com\/fr\/produit\/pismennyj-stol-directoire-3-2\/\" \/>\n<meta property=\"og:locale\" content=\"fr_FR\" \/>\n<meta property=\"og:type\" content=\"article\" \/>\n<meta property=\"og:title\" content=\"Directoire de bureau\" \/>\n<meta property=\"og:description\" content=\"Meubles en bois naturel \u00e0 commander dans le style du r\u00e9pertoire Fran\u00e7ais. Design exclusif, assemblage manuel de haute qualit\u00e9, d\u00e9cor sculpt\u00e9, raccords en bronze. Achetez des meubles haut de gamme pour les antiquit\u00e9s en Ukraine. Produit par Yves Fouquet\" \/>\n<meta property=\"og:url\" content=\"https:\/\/yvesfouquet.com\/fr\/produit\/pismennyj-stol-directoire-3-2\/\" \/>\n<meta property=\"og:site_name\" content=\"Yves Fouquet\" \/>\n<meta property=\"article:publisher\" content=\"https:\/\/www.facebook.com\/boutiueyvesfouquet\" \/>\n<meta property=\"og:image\" content=\"https:\/\/yvesfouquet.com\/wp-content\/uploads\/2020\/10\/skv_7090-\u2014-site-1.png\" \/>\n\t<meta property=\"og:image:width\" content=\"700\" \/>\n\t<meta property=\"og:image:height\" content=\"636\" \/>\n\t<meta property=\"og:image:type\" content=\"image\/png\" \/>\n<meta name=\"twitter:card\" content=\"summary_large_image\" \/>\n<meta name=\"twitter:label1\" content=\"Prix\" \/>\n\t<meta name=\"twitter:data1\" content=\"\" \/>\n\t<meta name=\"twitter:label2\" content=\"Disponibilit\u00e9\" \/>\n\t<meta name=\"twitter:data2\" content=\"En stock\" \/>\n<script type=\"application\/ld+json\" class=\"yoast-schema-graph\">{\"@context\":\"https:\/\/schema.org\",\"@graph\":[{\"@type\":[\"WebPage\",\"ItemPage\"],\"@id\":\"https:\/\/yvesfouquet.com\/fr\/produit\/pismennyj-stol-directoire-3-2\/\",\"url\":\"https:\/\/yvesfouquet.com\/fr\/produit\/pismennyj-stol-directoire-3-2\/\",\"name\":\"Bureau en bois de style Fran\u00e7ais - Yves Fouquet\",\"isPartOf\":{\"@id\":\"https:\/\/yvesfouquet.com\/#website\"},\"datePublished\":\"2022-04-29T21:17:56+00:00\",\"dateModified\":\"2022-04-29T21:17:56+00:00\",\"description\":\"Meubles en bois naturel \u00e0 commander dans le style du r\u00e9pertoire Fran\u00e7ais. Design exclusif, assemblage manuel de haute qualit\u00e9, d\u00e9cor sculpt\u00e9, raccords en bronze. Achetez des meubles haut de gamme pour les antiquit\u00e9s en Ukraine. Produit par Yves Fouquet\",\"breadcrumb\":{\"@id\":\"https:\/\/yvesfouquet.com\/fr\/produit\/pismennyj-stol-directoire-3-2\/#breadcrumb\"},\"inLanguage\":\"fr-FR\",\"potentialAction\":[{\"@type\":\"ReadAction\",\"target\":[\"https:\/\/yvesfouquet.com\/fr\/produit\/pismennyj-stol-directoire-3-2\/\"]}]},{\"@type\":\"BreadcrumbList\",\"@id\":\"https:\/\/yvesfouquet.com\/fr\/produit\/pismennyj-stol-directoire-3-2\/#breadcrumb\",\"itemListElement\":[{\"@type\":\"ListItem\",\"position\":1,\"name\":\"\u0413\u043b\u0430\u0432\u043d\u0430\u044f\",\"item\":\"https:\/\/yvesfouquet.com\/fr\/\"},{\"@type\":\"ListItem\",\"position\":2,\"name\":\"Collections\",\"item\":\"https:\/\/yvesfouquet.com\/fr\/collections\/\"},{\"@type\":\"ListItem\",\"position\":3,\"name\":\"Directoire de bureau\"}]},{\"@type\":\"WebSite\",\"@id\":\"https:\/\/yvesfouquet.com\/#website\",\"url\":\"https:\/\/yvesfouquet.com\/\",\"name\":\"Yves Fouquet\",\"description\":\"\u0424\u0440\u0430\u043d\u0446\u0443\u0437\u0441\u043a\u0430\u044f \u043c\u0435\u0431\u0435\u043b\u044c\",\"potentialAction\":[{\"@type\":\"SearchAction\",\"target\":{\"@type\":\"EntryPoint\",\"urlTemplate\":\"https:\/\/yvesfouquet.com\/?s={search_term_string}\"},\"query-input\":\"required name=search_term_string\"}],\"inLanguage\":\"fr-FR\"}]}<\/script>\n<meta property=\"product:price:amount\" content=\"0\" \/>\n<meta property=\"product:price:currency\" content=\"EUR\" \/>\n<meta property=\"og:availability\" content=\"instock\" \/>\n<meta property=\"product:availability\" content=\"instock\" \/>\n<meta property=\"product:retailer_item_id\" content=\"BR136\" \/>\n<meta property=\"product:condition\" content=\"new\" \/>\n<!-- \/ Yoast SEO Premium plugin. -->","yoast_head_json":{"title":"Bureau en bois de style Fran\u00e7ais - Yves Fouquet","description":"Meubles en bois naturel \u00e0 commander dans le style du r\u00e9pertoire Fran\u00e7ais. Design exclusif, assemblage manuel de haute qualit\u00e9, d\u00e9cor sculpt\u00e9, raccords en bronze. Achetez des meubles haut de gamme pour les antiquit\u00e9s en Ukraine. Produit par Yves Fouquet","robots":{"index":"index","follow":"follow","max-snippet":"max-snippet:-1","max-image-preview":"max-image-preview:large","max-video-preview":"max-video-preview:-1"},"canonical":"https:\/\/yvesfouquet.com\/fr\/produit\/pismennyj-stol-directoire-3-2\/","og_locale":"fr_FR","og_type":"article","og_title":"Directoire de bureau","og_description":"Meubles en bois naturel \u00e0 commander dans le style du r\u00e9pertoire Fran\u00e7ais. Design exclusif, assemblage manuel de haute qualit\u00e9, d\u00e9cor sculpt\u00e9, raccords en bronze. Achetez des meubles haut de gamme pour les antiquit\u00e9s en Ukraine. Produit par Yves Fouquet","og_url":"https:\/\/yvesfouquet.com\/fr\/produit\/pismennyj-stol-directoire-3-2\/","og_site_name":"Yves Fouquet","article_publisher":"https:\/\/www.facebook.com\/boutiueyvesfouquet","og_image":[{"width":700,"height":636,"url":"https:\/\/yvesfouquet.com\/wp-content\/uploads\/2020\/10\/skv_7090-\u2014-site-1.png","type":"image\/png"}],"twitter_card":"summary_large_image","twitter_misc":{"Prix":"","Disponibilit\u00e9":"En stock"},"schema":{"@context":"https:\/\/schema.org","@graph":[{"@type":["WebPage","ItemPage"],"@id":"https:\/\/yvesfouquet.com\/fr\/produit\/pismennyj-stol-directoire-3-2\/","url":"https:\/\/yvesfouquet.com\/fr\/produit\/pismennyj-stol-directoire-3-2\/","name":"Bureau en bois de style Fran\u00e7ais - Yves Fouquet","isPartOf":{"@id":"https:\/\/yvesfouquet.com\/#website"},"datePublished":"2022-04-29T21:17:56+00:00","dateModified":"2022-04-29T21:17:56+00:00","description":"Meubles en bois naturel \u00e0 commander dans le style du r\u00e9pertoire Fran\u00e7ais. Design exclusif, assemblage manuel de haute qualit\u00e9, d\u00e9cor sculpt\u00e9, raccords en bronze. Achetez des meubles haut de gamme pour les antiquit\u00e9s en Ukraine. Produit par Yves Fouquet","breadcrumb":{"@id":"https:\/\/yvesfouquet.com\/fr\/produit\/pismennyj-stol-directoire-3-2\/#breadcrumb"},"inLanguage":"fr-FR","potentialAction":[{"@type":"ReadAction","target":["https:\/\/yvesfouquet.com\/fr\/produit\/pismennyj-stol-directoire-3-2\/"]}]},{"@type":"BreadcrumbList","@id":"https:\/\/yvesfouquet.com\/fr\/produit\/pismennyj-stol-directoire-3-2\/#breadcrumb","itemListElement":[{"@type":"ListItem","position":1,"name":"\u0413\u043b\u0430\u0432\u043d\u0430\u044f","item":"https:\/\/yvesfouquet.com\/fr\/"},{"@type":"ListItem","position":2,"name":"Collections","item":"https:\/\/yvesfouquet.com\/fr\/collections\/"},{"@type":"ListItem","position":3,"name":"Directoire de bureau"}]},{"@type":"WebSite","@id":"https:\/\/yvesfouquet.com\/#website","url":"https:\/\/yvesfouquet.com\/","name":"Yves Fouquet","description":"\u0424\u0440\u0430\u043d\u0446\u0443\u0437\u0441\u043a\u0430\u044f \u043c\u0435\u0431\u0435\u043b\u044c","potentialAction":[{"@type":"SearchAction","target":{"@type":"EntryPoint","urlTemplate":"https:\/\/yvesfouquet.com\/?s={search_term_string}"},"query-input":"required name=search_term_string"}],"inLanguage":"fr-FR"}]},"product_price_currency":"EUR","og_availability":"instock","product_availability":"instock","product_retailer_item_id":"BR136","product_condition":"new"},"_links":{"self":[{"href":"https:\/\/yvesfouquet.com\/fr\/wp-json\/wp\/v2\/product\/18314"}],"collection":[{"href":"https:\/\/yvesfouquet.com\/fr\/wp-json\/wp\/v2\/product"}],"about":[{"href":"https:\/\/yvesfouquet.com\/fr\/wp-json\/wp\/v2\/types\/product"}],"version-history":[{"count":0,"href":"https:\/\/yvesfouquet.com\/fr\/wp-json\/wp\/v2\/product\/18314\/revisions"}],"wp:featuredmedia":[{"embeddable":true,"href":"https:\/\/yvesfouquet.com\/fr\/wp-json\/wp\/v2\/media\/21001"}],"wp:attachment":[{"href":"https:\/\/yvesfouquet.com\/fr\/wp-json\/wp\/v2\/media?parent=18314"}],"wp:term":[{"taxonomy":"product_cat","embeddable":true,"href":"https:\/\/yvesfouquet.com\/fr\/wp-json\/wp\/v2\/product_cat?post=18314"},{"taxonomy":"product_tag","embeddable":true,"href":"https:\/\/yvesfouquet.com\/fr\/wp-json\/wp\/v2\/product_tag?post=18314"}],"curies":[{"name":"wp","href":"https:\/\/api.w.org\/{rel}","templated":true}]}}